{"id":390018,"date":"2022-06-13T00:50:00","date_gmt":"2022-06-13T00:50:00","guid":{"rendered":"https:\/\/obd-diag.fr\/produit\/cable-usb-pour-scanner-vag-kkl-vag-kkl-avec-puce-ftdi-ft232rl-pour-vag-409-1-kkl-cable-dinterface-de-diagnostic-obd2-409-1\/"},"modified":"2025-05-11T14:59:38","modified_gmt":"2025-05-11T14:59:38","slug":"cable-usb-pour-scanner-vag-kkl-vag-kkl-avec-puce-ftdi-ft232rl-pour-vag-409-1-kkl-cable-dinterface-de-diagnostic-obd2-409-1","status":"publish","type":"product","link":"https:\/\/obd-diag.fr\/en\/product\/cable-usb-pour-scanner-vag-kkl-vag-kkl-avec-puce-ftdi-ft232rl-pour-vag-409-1-kkl-cable-dinterface-de-diagnostic-obd2-409-1\/","title":{"rendered":"C\u00e2ble VAG KKL &#8211; Interface de Diagnostic OBD2 avec Puce FTDI FT232RL pour VAG 409.1 KKL, Version 409.1"},"content":{"rendered":"<div class=\"detailmodule_html\">\n<div class=\"detail-desc-decorate-richtext\">\n<h4><img fetchpriority=\"high\" decoding=\"async\" class=\"alignnone size-full wp-image-393215\" src=\"https:\/\/obd-diag.fr\/wp-content\/uploads\/2022\/10\/obd-diag-description-produit.webp\" alt=\"Description du produit OBD diag interface et valise obd\" width=\"1500\" height=\"500\" data-wp-pid=\"393215\" title=\"\" srcset=\"https:\/\/obd-diag.fr\/wp-content\/uploads\/2022\/10\/obd-diag-description-produit.webp 1500w, https:\/\/obd-diag.fr\/wp-content\/uploads\/2022\/10\/obd-diag-description-produit-1000x333.webp 1000w, https:\/\/obd-diag.fr\/wp-content\/uploads\/2022\/10\/obd-diag-description-produit-1024x341.webp 1024w, https:\/\/obd-diag.fr\/wp-content\/uploads\/2022\/10\/obd-diag-description-produit-768x256.webp 768w\" sizes=\"(max-width: 1500px) 100vw, 1500px\" \/><\/h4>\n<p><span style=\"font-size: 26px; font-family: arial, helvetica, sans-serif;\"><strong>Note: If the CD broke when you received the package, please contact us to get a download link for the software.\u00a0<\/strong><\/span><\/p>\n<div id=\"ez-toc-container\" class=\"ez-toc-v2_0_73 counter-hierarchy ez-toc-counter ez-toc-grey ez-toc-container-direction\">\n<div class=\"ez-toc-title-container\">\n<p class=\"ez-toc-title\" style=\"cursor:inherit\">Summary<\/p>\n<span class=\"ez-toc-title-toggle\"><a href=\"#\" class=\"ez-toc-pull-right ez-toc-btn ez-toc-btn-xs ez-toc-btn-default ez-toc-toggle\" aria-label=\"Toggle Table of Contents\"><span class=\"ez-toc-js-icon-con\"><span class=\"\"><span class=\"eztoc-hide\" style=\"display:none;\">Toggle<\/span><span class=\"ez-toc-icon-toggle-span\"><svg style=\"fill: #999;color:#999\" xmlns=\"http:\/\/www.w3.org\/2000\/svg\" class=\"list-377408\" width=\"20px\" height=\"20px\" viewbox=\"0 0 24 24\" fill=\"none\"><path d=\"M6 6H4v2h2V6zm14 0H8v2h12V6zM4 11h2v2H4v-2zm16 0H8v2h12v-2zM4 16h2v2H4v-2zm16 0H8v2h12v-2z\" fill=\"currentColor\"><\/path><\/svg><svg style=\"fill: #999;color:#999\" class=\"arrow-unsorted-368013\" xmlns=\"http:\/\/www.w3.org\/2000\/svg\" width=\"10px\" height=\"10px\" viewbox=\"0 0 24 24\" version=\"1.2\" baseprofile=\"tiny\"><path d=\"M18.2 9.3l-6.2-6.3-6.2 6.3c-.2.2-.3.4-.3.7s.1.5.3.7c.2.2.4.3.7.3h11c.3 0 .5-.1.7-.3.2-.2.3-.5.3-.7s-.1-.5-.3-.7zM5.8 14.7l6.2 6.3 6.2-6.3c.2-.2.3-.5.3-.7s-.1-.5-.3-.7c-.2-.2-.4-.3-.7-.3h-11c-.3 0-.5.1-.7.3-.2.2-.3.5-.3.7s.1.5.3.7z\"\/><\/svg><\/span><\/span><\/span><\/a><\/span><\/div>\n<nav><ul class='ez-toc-list ez-toc-list-level-1' ><li class='ez-toc-page-1 ez-toc-heading-level-2'><a class=\"ez-toc-link ez-toc-heading-1\" href=\"https:\/\/obd-diag.fr\/en\/product\/cable-usb-pour-scanner-vag-kkl-vag-kkl-avec-puce-ftdi-ft232rl-pour-vag-409-1-kkl-cable-dinterface-de-diagnostic-obd2-409-1\/#Description_du_cable_USB_VAG_KKL_FTDI_FT232RL\" title=\"Description of the VAG KKL FTDI FT232RL USB cable:\">Description of the VAG KKL FTDI FT232RL USB cable:<\/a><ul class='ez-toc-list-level-3' ><li class='ez-toc-heading-level-3'><a class=\"ez-toc-link ez-toc-heading-2\" href=\"https:\/\/obd-diag.fr\/en\/product\/cable-usb-pour-scanner-vag-kkl-vag-kkl-avec-puce-ftdi-ft232rl-pour-vag-409-1-kkl-cable-dinterface-de-diagnostic-obd2-409-1\/#Marque_de_vehicules_compatibles_Volkswagen_Audi_Skoda_et_Seat\" title=\"Compatible vehicle brand: Volkswagen, Audi, Skoda and Seat:\">Compatible vehicle brand: Volkswagen, Audi, Skoda and Seat:<\/a><\/li><li class='ez-toc-page-1 ez-toc-heading-level-3'><a class=\"ez-toc-link ez-toc-heading-3\" href=\"https:\/\/obd-diag.fr\/en\/product\/cable-usb-pour-scanner-vag-kkl-vag-kkl-avec-puce-ftdi-ft232rl-pour-vag-409-1-kkl-cable-dinterface-de-diagnostic-obd2-409-1\/#Vehicules_Audi\" title=\"Audi vehicles:\">Audi vehicles:<\/a><ul class='ez-toc-list-level-4' ><li class='ez-toc-heading-level-4'><a class=\"ez-toc-link ez-toc-heading-4\" href=\"https:\/\/obd-diag.fr\/en\/product\/cable-usb-pour-scanner-vag-kkl-vag-kkl-avec-puce-ftdi-ft232rl-pour-vag-409-1-kkl-cable-dinterface-de-diagnostic-obd2-409-1\/#Compatible\" title=\"Compatible:\">Compatible:<\/a><\/li><li class='ez-toc-page-1 ez-toc-heading-level-4'><a class=\"ez-toc-link ez-toc-heading-5\" href=\"https:\/\/obd-diag.fr\/en\/product\/cable-usb-pour-scanner-vag-kkl-vag-kkl-avec-puce-ftdi-ft232rl-pour-vag-409-1-kkl-cable-dinterface-de-diagnostic-obd2-409-1\/#Non_Compatible\" title=\"Not compatible:\">Not compatible:<\/a><\/li><\/ul><\/li><li class='ez-toc-page-1 ez-toc-heading-level-3'><a class=\"ez-toc-link ez-toc-heading-6\" href=\"https:\/\/obd-diag.fr\/en\/product\/cable-usb-pour-scanner-vag-kkl-vag-kkl-avec-puce-ftdi-ft232rl-pour-vag-409-1-kkl-cable-dinterface-de-diagnostic-obd2-409-1\/#Vehicules_Seat\" title=\"Seat vehicles:\">Seat vehicles:<\/a><ul class='ez-toc-list-level-4' ><li class='ez-toc-heading-level-4'><a class=\"ez-toc-link ez-toc-heading-7\" href=\"https:\/\/obd-diag.fr\/en\/product\/cable-usb-pour-scanner-vag-kkl-vag-kkl-avec-puce-ftdi-ft232rl-pour-vag-409-1-kkl-cable-dinterface-de-diagnostic-obd2-409-1\/#Compatible-2\" title=\"Compatible:\">Compatible:<\/a><\/li><li class='ez-toc-page-1 ez-toc-heading-level-4'><a class=\"ez-toc-link ez-toc-heading-8\" href=\"https:\/\/obd-diag.fr\/en\/product\/cable-usb-pour-scanner-vag-kkl-vag-kkl-avec-puce-ftdi-ft232rl-pour-vag-409-1-kkl-cable-dinterface-de-diagnostic-obd2-409-1\/#Non_Compatible-2\" title=\"Not compatible:\">Not compatible:<\/a><\/li><\/ul><\/li><li class='ez-toc-page-1 ez-toc-heading-level-3'><a class=\"ez-toc-link ez-toc-heading-9\" href=\"https:\/\/obd-diag.fr\/en\/product\/cable-usb-pour-scanner-vag-kkl-vag-kkl-avec-puce-ftdi-ft232rl-pour-vag-409-1-kkl-cable-dinterface-de-diagnostic-obd2-409-1\/#Vehicule_Skoda\" title=\"Skoda vehicle:\">Skoda vehicle:<\/a><ul class='ez-toc-list-level-4' ><li class='ez-toc-heading-level-4'><a class=\"ez-toc-link ez-toc-heading-10\" href=\"https:\/\/obd-diag.fr\/en\/product\/cable-usb-pour-scanner-vag-kkl-vag-kkl-avec-puce-ftdi-ft232rl-pour-vag-409-1-kkl-cable-dinterface-de-diagnostic-obd2-409-1\/#Compatible-3\" title=\"Compatible:\">Compatible:<\/a><\/li><li class='ez-toc-page-1 ez-toc-heading-level-4'><a class=\"ez-toc-link ez-toc-heading-11\" href=\"https:\/\/obd-diag.fr\/en\/product\/cable-usb-pour-scanner-vag-kkl-vag-kkl-avec-puce-ftdi-ft232rl-pour-vag-409-1-kkl-cable-dinterface-de-diagnostic-obd2-409-1\/#Non_Compatible-3\" title=\"Not compatible:\">Not compatible:<\/a><\/li><\/ul><\/li><li class='ez-toc-page-1 ez-toc-heading-level-3'><a class=\"ez-toc-link ez-toc-heading-12\" href=\"https:\/\/obd-diag.fr\/en\/product\/cable-usb-pour-scanner-vag-kkl-vag-kkl-avec-puce-ftdi-ft232rl-pour-vag-409-1-kkl-cable-dinterface-de-diagnostic-obd2-409-1\/#Vehicules_VW\" title=\"VW vehicles:\">VW vehicles:<\/a><ul class='ez-toc-list-level-4' ><li class='ez-toc-heading-level-4'><a class=\"ez-toc-link ez-toc-heading-13\" href=\"https:\/\/obd-diag.fr\/en\/product\/cable-usb-pour-scanner-vag-kkl-vag-kkl-avec-puce-ftdi-ft232rl-pour-vag-409-1-kkl-cable-dinterface-de-diagnostic-obd2-409-1\/#Compatible-4\" title=\"Compatible:\">Compatible:<\/a><\/li><li class='ez-toc-page-1 ez-toc-heading-level-4'><a class=\"ez-toc-link ez-toc-heading-14\" href=\"https:\/\/obd-diag.fr\/en\/product\/cable-usb-pour-scanner-vag-kkl-vag-kkl-avec-puce-ftdi-ft232rl-pour-vag-409-1-kkl-cable-dinterface-de-diagnostic-obd2-409-1\/#Non_Compatible-4\" title=\"Not compatible:\">Not compatible:<\/a><ul class='ez-toc-list-level-5' ><li class='ez-toc-heading-level-5'><a class=\"ez-toc-link ez-toc-heading-15\" href=\"https:\/\/obd-diag.fr\/en\/product\/cable-usb-pour-scanner-vag-kkl-vag-kkl-avec-puce-ftdi-ft232rl-pour-vag-409-1-kkl-cable-dinterface-de-diagnostic-obd2-409-1\/#Autres_Caracteristiques\" title=\"Other Features\">Other Features<\/a><ul class='ez-toc-list-level-6' ><li class='ez-toc-heading-level-6'><a class=\"ez-toc-link ez-toc-heading-16\" href=\"https:\/\/obd-diag.fr\/en\/product\/cable-usb-pour-scanner-vag-kkl-vag-kkl-avec-puce-ftdi-ft232rl-pour-vag-409-1-kkl-cable-dinterface-de-diagnostic-obd2-409-1\/#Colis_Comprenant\" title=\"Package Including:\">Package Including:<\/a><\/li><\/ul><\/li><\/ul><\/li><\/ul><\/li><\/ul><\/li><\/ul><\/nav><\/div>\n<h2 class=\"detail-desc-decorate-title\" style=\"font-family: OpenSans; font-size: 20px; font-weight: 900; line-height: 28px; margin-bottom: 12px;\"><span class=\"ez-toc-section\" id=\"Description_du_cable_USB_VAG_KKL_FTDI_FT232RL\"><\/span>Description of the VAG KKL FTDI FT232RL USB cable:<span class=\"ez-toc-section-end\"><\/span><\/h2>\n<ul>\n<li class=\"detail-desc-decorate-content\" style=\"font-family: OpenSans; font-size: 14px; font-weight: 300; line-height: 20px;\"><em>Main function: Vag-Com USB interface cable<\/em><\/li>\n<li class=\"detail-desc-decorate-content\" style=\"font-family: OpenSans; font-size: 14px; font-weight: 300; line-height: 20px;\"><em>OBDII socket: J1962 16 pin male (to car)<\/em><\/li>\n<\/ul>\n<p class=\"detailmodule_text\">Operating software compatibility: Windows 98SE\/ME\/2000\/NT and XP.<\/p>\n<p class=\"detailmodule_text\">Prend en charge le terminal (K) de communication de bus (L) allumage pour r\u00e9veiller l&#8217;unit\u00e9 de commande du moteur du syst\u00e8me informatique de voiture (<a href=\"https:\/\/obd-diag.fr\/en\/product\/renolink-programmateur-ecu-v1-94-v1-87-cable-de-diagnostic-obd2-interface-pour-renault-dacia-codage-de-cle-airbag-reno-link-1-87\/\">ECU<\/a>)<\/p>\n<p class=\"detailmodule_text\">Has 3 different protocols with the same OBD2 connector, including ISO\/KWP, VPW, PMW.<\/p>\n<p class=\"detailmodule_text\">Consult your car&#039;s user manual or check with your local car dealership or mechanic if your car is compatible with this product.<\/p>\n<div class=\"detailmodule_text\">\n<h3 class=\"detail-desc-decorate-title\" style=\"font-family: OpenSans; font-size: 20px; font-weight: 900; line-height: 28px; margin-bottom: 12px;\"><span class=\"ez-toc-section\" id=\"Marque_de_vehicules_compatibles_Volkswagen_Audi_Skoda_et_Seat\"><\/span>Compatible vehicle brand: Volkswagen, Audi, Skoda and Seat:<span class=\"ez-toc-section-end\"><\/span><\/h3>\n<h3><span class=\"ez-toc-section\" id=\"Vehicules_Audi\"><\/span>Audi vehicles:<span class=\"ez-toc-section-end\"><\/span><\/h3>\n<h4><span class=\"ez-toc-section\" id=\"Compatible\"><\/span>Compatible:<span class=\"ez-toc-section-end\"><\/span><\/h4>\n<ul>\n<li>A2<\/li>\n<li>A3<\/li>\n<li>A4 Convertible<\/li>\n<li>A6<\/li>\n<li>AT 8<\/li>\n<li>S2<\/li>\n<li>S3<\/li>\n<li>TT<\/li>\n<\/ul>\n<h4><span class=\"ez-toc-section\" id=\"Non_Compatible\"><\/span>Not compatible:<span class=\"ez-toc-section-end\"><\/span><\/h4>\n<ul>\n<li>80<\/li>\n<li>100<\/li>\n<li>200<\/li>\n<li>A3(8P)<\/li>\n<li>A4(B7)<\/li>\n<li>C6<\/li>\n<li>4F<\/li>\n<li>A8L(D3\/4E)<\/li>\n<li>Q7<\/li>\n<\/ul>\n<h3><span class=\"ez-toc-section\" id=\"Vehicules_Seat\"><\/span>Seat vehicles:<span class=\"ez-toc-section-end\"><\/span><\/h3>\n<h4><span class=\"ez-toc-section\" id=\"Compatible-2\"><\/span>Compatible:<span class=\"ez-toc-section-end\"><\/span><\/h4>\n<ul>\n<li>Alhambra<\/li>\n<li>Altea<\/li>\n<li>Arosa<\/li>\n<li>Cordoba<\/li>\n<li>Ibiza<\/li>\n<li>Inca<\/li>\n<li>Leon MK 1<\/li>\n<li>Leon MK 2<\/li>\n<li>Toledo<\/li>\n<\/ul>\n<h4><span class=\"ez-toc-section\" id=\"Non_Compatible-2\"><\/span>Not compatible:<span class=\"ez-toc-section-end\"><\/span><\/h4>\n<ul>\n<li>Altea (5P)<\/li>\n<li>Leon (1P)<\/li>\n<li>Toledo (5P)<\/li>\n<\/ul>\n<h3><span class=\"ez-toc-section\" id=\"Vehicule_Skoda\"><\/span>Skoda vehicle:<span class=\"ez-toc-section-end\"><\/span><\/h3>\n<h4><span class=\"ez-toc-section\" id=\"Compatible-3\"><\/span>Compatible:<span class=\"ez-toc-section-end\"><\/span><\/h4>\n<ul>\n<li>Fabia<\/li>\n<li>felilia<\/li>\n<li>Octavia MK1<\/li>\n<li>Octavia MK2<\/li>\n<li>stunning<\/li>\n<\/ul>\n<h4><span class=\"ez-toc-section\" id=\"Non_Compatible-3\"><\/span>Not compatible:<span class=\"ez-toc-section-end\"><\/span><\/h4>\n<ul>\n<li>Octavia (1Z)<\/li>\n<\/ul>\n<h3><span class=\"ez-toc-section\" id=\"Vehicules_VW\"><\/span>VW vehicles:<span class=\"ez-toc-section-end\"><\/span><\/h3>\n<h4><span class=\"ez-toc-section\" id=\"Compatible-4\"><\/span>Compatible:<span class=\"ez-toc-section-end\"><\/span><\/h4>\n<ul>\n<li>ladybug<\/li>\n<li>Bora<\/li>\n<li>Caddy<\/li>\n<li>Corrado<\/li>\n<li>Golf MK2<\/li>\n<li>Golf MK3<\/li>\n<li>Golf MK4<\/li>\n<li>Jetta MK3<\/li>\n<li>Jetta MK4<\/li>\n<li>Lupo<\/li>\n<li>Passat MK3<\/li>\n<li>Passat MK4<\/li>\n<li>Polo MK3<\/li>\n<li>Polo MK4<\/li>\n<li>Touran<\/li>\n<li>Tuareg<\/li>\n<li>Transporter T3<\/li>\n<li>Transporter T4<\/li>\n<li>Transport T5.<\/li>\n<\/ul>\n<h4><span class=\"ez-toc-section\" id=\"Non_Compatible-4\"><\/span>Not compatible:<span class=\"ez-toc-section-end\"><\/span><\/h4>\n<ul>\n<li>Caddy (2K)<\/li>\n<li>Golf MK5 (1K)<\/li>\n<li>Golf Plus<\/li>\n<li>Jetta MK5 (1K)<\/li>\n<li>Passat MK5 (B6)<\/li>\n<li>Passat MK6 (B6)<\/li>\n<li>Phaeton<\/li>\n<li>Touran (1T)<\/li>\n<\/ul>\n<h5><span class=\"ez-toc-section\" id=\"Autres_Caracteristiques\"><\/span>Other Features<span class=\"ez-toc-section-end\"><\/span><\/h5>\n<ul>\n<li>Also supports ISO9141 protocol<\/li>\n<li>No need for DC or AC power, just connect it to your car and computer<\/li>\n<li>Works with most Volkswagen and Audi models sold worldwide from 1994 to current year<\/li>\n<li>CVFG-A11 cable can&#039;t work if your car uses protocol bus system like VPW, PWM or CAN-bus<\/li>\n<li>K\/L Diagnostic Interface Cables work on ISO\/KWP (Key Word Protocol) which were released after 1996.<\/li>\n<li>Dimensions: L:154 (CM)<\/li>\n<li>Manufacturer Ref: C44D47A6AF72<\/li>\n<li>Catalog Number: Car Accessories, Cable Fault Code, VAG-COM, OBD2 Cable<\/li>\n<\/ul>\n<h6><span class=\"ez-toc-section\" id=\"Colis_Comprenant\"><\/span>Package Including:<span class=\"ez-toc-section-end\"><\/span><\/h6>\n<ul>\n<li>1pc x COM 409.1 cable<\/li>\n<li>1pc x CD player<\/li>\n<\/ul>\n<\/div>\n<p class=\"product-title-text\"><img decoding=\"async\" src=\"https:\/\/ae01.alicdn.com\/kf\/Hed9db08eac774166840fb25aa4fbc8acH.jpg\" alt=\"\" title=\"\"><img decoding=\"async\" src=\"https:\/\/ae01.alicdn.com\/kf\/H337326392ea04bb2b91e0a5460d49a67C.jpg\" alt=\"\" title=\"\"><img decoding=\"async\" src=\"https:\/\/ae01.alicdn.com\/kf\/H5431d4f26e4644dd945738e6005a4fadW.jpg\" alt=\"\" title=\"\"><\/p>\n<\/div>\n<\/div>\n<div class=\"product-specs-list-container\">\n<ul class=\"product-specs-list util-clearfix\">\n<li class=\"product-prop line-limit-length\"><span class=\"property-title\">Brand name:\u00a0<\/span><span class=\"property-desc line-limit-length\"><a href=\"https:\/\/obd-diag.fr\/en\/home\/\">OBD-Diag<\/a><\/span><\/li>\n<li class=\"product-prop line-limit-length\"><span class=\"property-title\">Origin:\u00a0<\/span><span class=\"property-desc line-limit-length\">CN(Origin)<\/span><\/li>\n<li class=\"product-prop line-limit-length\"><span class=\"property-title\">Certification:\u00a0<\/span><span class=\"property-desc line-limit-length\">THIS<\/span><\/li>\n<li class=\"product-prop line-limit-length\"><span class=\"property-title\">Software update:\u00a0<\/span><span class=\"property-desc line-limit-length\">No<\/span><\/li>\n<li class=\"product-prop line-limit-length\"><span class=\"property-title\">Hardware version:\u00a0<\/span><span class=\"property-desc line-limit-length\">KKL VAG-COM 409.1<\/span><\/li>\n<li class=\"product-prop line-limit-length\"><span class=\"property-title\">Special Features:\u00a0<\/span><span class=\"property-desc line-limit-length\">OBDII<\/span><\/li>\n<li class=\"product-prop line-limit-length\"><span class=\"property-title\">Software version:\u00a0<\/span><span class=\"property-desc line-limit-length\">KKL VAG-COM 409.1<\/span><\/li>\n<li class=\"product-prop line-limit-length\"><span class=\"property-title\">Item Type:\u00a0<\/span><span class=\"property-desc line-limit-length\">Code readers and scanning tools<\/span><\/li>\n<\/ul>\n<\/div>","protected":false},"excerpt":{"rendered":"<p><img decoding=\"async\" class=\"size-medium wp-image-392536 aligncenter\" src=\"https:\/\/obd-diag.fr\/wp-content\/uploads\/2022\/08\/badges-de-confiance-obd-diag.com_-300x83.png\" alt=\"badges-de-confiance-obd-diag.com\" width=\"300\" height=\"83\" data-wp-pid=\"392536\" \/><\/p>\n<p style=\"text-align: center;\"><img decoding=\"async\" class=\"size-full wp-image-392537 aligncenter\" src=\"https:\/\/obd-diag.fr\/wp-content\/uploads\/2022\/08\/visas-icons-paypal.png\" alt=\"visas-icons-paypal\" width=\"200\" height=\"32\" data-wp-pid=\"392537\" \/><\/p>\n<p style=\"text-align: center;\">\u00a0\ud83d\udcbbHelp and installation support included via TeamViewer \ud83d\udc68\ud83c\udffc\u200d\ud83d\udcbb!<\/p>","protected":false},"featured_media":401853,"comment_status":"open","ping_status":"closed","template":"","meta":{"_acf_changed":false},"pwb-brand":[],"product_brand":[],"product_cat":[107,268,267,289,106],"product_tag":[],"class_list":{"0":"post-390018","1":"product","2":"type-product","3":"status-publish","4":"has-post-thumbnail","6":"product_cat-valises-audi","7":"product_cat-seat","8":"product_cat-skoda","9":"product_cat-valise-obd-diagnostic","10":"product_cat-valises-volkswagen","12":"first","13":"instock","14":"taxable","15":"shipping-taxable","16":"purchasable","17":"product-type-simple"},"acf":[],"brands":[],"_links":{"self":[{"href":"https:\/\/obd-diag.fr\/en\/wp-json\/wp\/v2\/product\/390018","targetHints":{"allow":["GET"]}}],"collection":[{"href":"https:\/\/obd-diag.fr\/en\/wp-json\/wp\/v2\/product"}],"about":[{"href":"https:\/\/obd-diag.fr\/en\/wp-json\/wp\/v2\/types\/product"}],"replies":[{"embeddable":true,"href":"https:\/\/obd-diag.fr\/en\/wp-json\/wp\/v2\/comments?post=390018"}],"wp:featuredmedia":[{"embeddable":true,"href":"https:\/\/obd-diag.fr\/en\/wp-json\/wp\/v2\/media\/401853"}],"wp:attachment":[{"href":"https:\/\/obd-diag.fr\/en\/wp-json\/wp\/v2\/media?parent=390018"}],"wp:term":[{"taxonomy":"pwb-brand","embeddable":true,"href":"https:\/\/obd-diag.fr\/en\/wp-json\/wp\/v2\/pwb-brand?post=390018"},{"taxonomy":"product_brand","embeddable":true,"href":"https:\/\/obd-diag.fr\/en\/wp-json\/wp\/v2\/product_brand?post=390018"},{"taxonomy":"product_cat","embeddable":true,"href":"https:\/\/obd-diag.fr\/en\/wp-json\/wp\/v2\/product_cat?post=390018"},{"taxonomy":"product_tag","embeddable":true,"href":"https:\/\/obd-diag.fr\/en\/wp-json\/wp\/v2\/product_tag?post=390018"}],"curies":[{"name":"wp","href":"https:\/\/api.w.org\/{rel}","templated":true}]}}