{"id":392718,"date":"2022-09-15T14:10:00","date_gmt":"2022-09-15T14:10:00","guid":{"rendered":"https:\/\/obd-diag.fr\/produit\/vagedcsuite-v-1-3-9-0-telechargement\/"},"modified":"2025-02-20T17:01:36","modified_gmt":"2025-02-20T17:01:36","slug":"vagedcsuite-v-1-3-9-0-telechargement","status":"publish","type":"product","link":"https:\/\/obd-diag.fr\/en\/product\/vagedcsuite-v-1-3-9-0-telechargement\/","title":{"rendered":"VAGEDCSuite V 1.3.9.0 &#8211; T\u00c9L\u00c9CHARGEMENT"},"content":{"rendered":"<h2>VAGEDC15P Suite is a .NET application for tuning VW\/Audi\/Skoda\/Seat EDC15P ECU firmware.<\/h2>\n<p>The EDC15P is a Bosch development and is used in Pompe Duse (PDxxx) motors from <a href=\"https:\/\/obd-diag.fr\/en\/product\/cable-usb-pour-scanner-vag-kkl-vag-kkl-avec-puce-ftdi-ft232rl-pour-vag-409-1-kkl-cable-dinterface-de-diagnostic-obd2-409-1\/\">VAG<\/a> (Volkswagen Audi Group).<br \/>\nTo be able to change parameters (called maps) in the ECU, certain tools are required.<br \/>\nEDC15P Suite gives the user the possibility to modify the most important maps inside the engine management system.<br \/>\nVersion 1.3.9.0 for free download (see attached document tab)<br \/>\n<strong>File size :<\/strong> 60 MB<\/p>","protected":false},"excerpt":{"rendered":"<p><img decoding=\"async\" class=\"size-medium wp-image-392536 aligncenter\" src=\"https:\/\/obd-diag.fr\/wp-content\/uploads\/2022\/08\/badges-de-confiance-obd-diag.com_-300x83.png\" alt=\"badges-de-confiance-obd-diag.com\" width=\"300\" height=\"83\" data-wp-pid=\"392536\" \/><\/p>\n<p style=\"text-align: center;\"><img decoding=\"async\" class=\"size-full wp-image-392537 aligncenter\" src=\"https:\/\/obd-diag.fr\/wp-content\/uploads\/2022\/08\/visas-icons-paypal.png\" alt=\"visas-icons-paypal\" width=\"200\" height=\"32\" data-wp-pid=\"392537\" \/><\/p>\n<p style=\"text-align: center;\">\ud83d\udcbb Aide et assistance \u00e0 l&#8217;installation incluses via Ultraviewer\ud83d\udc68\ud83c\udffc\u200d\ud83d\udcbb! <strong><del>Au lieu de 39.99\u20ac<\/del><\/strong><\/p>\n<details class=\"product-summary-details\">\n<summary>VAGEDCSuite V 1.3.9.0 &#8211; Description et fonctionnalit\u00e9s<\/summary>\n<p><strong>VAGEDCSuite V 1.3.9.0<\/strong> est un logiciel con\u00e7u pour les v\u00e9hicules du groupe VAG \u00e9quip\u00e9s des moteurs EDC15P. Il permet d&#8217;ajuster et de modifier les param\u00e8tres de gestion moteur (cartes) dans les calculateurs \u00e9lectroniques (ECU), utilis\u00e9s sur les v\u00e9hicules Volkswagen, Audi, Seat, et Skoda. Il est particuli\u00e8rement adapt\u00e9 aux moteurs Pompe Duse (PD).<\/p>\n<h3>Fonctionnalit\u00e9s principales :<\/h3>\n<ul>\n<li><strong>Modification des cartes moteur :<\/strong> Ajustement des param\u00e8tres de gestion moteur pour optimiser les performances, telles que l&#8217;injection de carburant, la pression de suralimentation et la cartographie de l&#8217;air.<\/li>\n<li><strong>Support pour les ECU EDC15P :<\/strong> Con\u00e7u sp\u00e9cifiquement pour les calculateurs EDC15P de Bosch, communs dans les moteurs diesel VAG.<\/li>\n<li><strong>R\u00e9glages avanc\u00e9s :<\/strong> Permet de personnaliser et de reprogrammer les param\u00e8tres li\u00e9s \u00e0 la consommation de carburant, \u00e0 la puissance, et au couple moteur.<\/li>\n<li><strong>Interface conviviale :<\/strong> Facile \u00e0 utiliser, m\u00eame pour les utilisateurs d\u00e9butants, gr\u00e2ce \u00e0 une interface intuitive et un manuel d&#8217;utilisation inclus.<\/li>\n<\/ul>\n<h3>Compatibility:<\/h3>\n<ul>\n<li><strong>Syst\u00e8mes d&#8217;exploitation :<\/strong> Compatible avec Windows (versions multiples).<\/li>\n<li><strong>V\u00e9hicules pris en charge :<\/strong> Fonctionne avec les v\u00e9hicules \u00e9quip\u00e9s de moteurs EDC15P (Volkswagen, Audi, Seat, Skoda).<\/li>\n<li><strong>File size :<\/strong> Environ 60 Mo.<\/li>\n<\/ul>\n<p>THE <strong>VAGEDCSuite V 1.3.9.0<\/strong> est un outil puissant pour les passionn\u00e9s d&#8217;automobile et les professionnels de la reprogrammation, offrant des possibilit\u00e9s \u00e9tendues de personnalisation des performances moteur.<\/p>\n<\/details>","protected":false},"featured_media":392983,"comment_status":"open","ping_status":"closed","template":"","meta":{"_acf_changed":false},"pwb-brand":[],"product_brand":[],"product_cat":[290],"product_tag":[],"class_list":{"0":"post-392718","1":"product","2":"type-product","3":"status-publish","4":"has-post-thumbnail","6":"product_cat-logiciels-obd","8":"first","9":"instock","10":"taxable","11":"shipping-taxable","12":"purchasable","13":"product-type-simple"},"acf":[],"brands":[],"_links":{"self":[{"href":"https:\/\/obd-diag.fr\/en\/wp-json\/wp\/v2\/product\/392718","targetHints":{"allow":["GET"]}}],"collection":[{"href":"https:\/\/obd-diag.fr\/en\/wp-json\/wp\/v2\/product"}],"about":[{"href":"https:\/\/obd-diag.fr\/en\/wp-json\/wp\/v2\/types\/product"}],"replies":[{"embeddable":true,"href":"https:\/\/obd-diag.fr\/en\/wp-json\/wp\/v2\/comments?post=392718"}],"wp:featuredmedia":[{"embeddable":true,"href":"https:\/\/obd-diag.fr\/en\/wp-json\/wp\/v2\/media\/392983"}],"wp:attachment":[{"href":"https:\/\/obd-diag.fr\/en\/wp-json\/wp\/v2\/media?parent=392718"}],"wp:term":[{"taxonomy":"pwb-brand","embeddable":true,"href":"https:\/\/obd-diag.fr\/en\/wp-json\/wp\/v2\/pwb-brand?post=392718"},{"taxonomy":"product_brand","embeddable":true,"href":"https:\/\/obd-diag.fr\/en\/wp-json\/wp\/v2\/product_brand?post=392718"},{"taxonomy":"product_cat","embeddable":true,"href":"https:\/\/obd-diag.fr\/en\/wp-json\/wp\/v2\/product_cat?post=392718"},{"taxonomy":"product_tag","embeddable":true,"href":"https:\/\/obd-diag.fr\/en\/wp-json\/wp\/v2\/product_tag?post=392718"}],"curies":[{"name":"wp","href":"https:\/\/api.w.org\/{rel}","templated":true}]}}