{"id":392722,"date":"2022-09-15T14:10:00","date_gmt":"2022-09-15T14:10:00","guid":{"rendered":"https:\/\/obd-diag.fr\/produit\/pack-renault-keygen\/"},"modified":"2024-09-22T18:27:33","modified_gmt":"2024-09-22T18:27:33","slug":"pack-renault-keygen","status":"publish","type":"product","link":"https:\/\/obd-diag.fr\/en\/product\/pack-renault-keygen\/","title":{"rendered":"Pack Renault KEYGEN  &#8211; T\u00c9L\u00c9CHARGEMENT"},"content":{"rendered":"<h2>License generators for Can Clip Software<\/h2>","protected":false},"excerpt":{"rendered":"<p><img decoding=\"async\" class=\"size-medium wp-image-392536 aligncenter\" src=\"https:\/\/obd-diag.fr\/wp-content\/uploads\/2022\/08\/badges-de-confiance-obd-diag.com_-300x83.png\" alt=\"badges-de-confiance-obd-diag.com\" width=\"300\" height=\"83\" data-wp-pid=\"392536\" \/><\/p>\n<p style=\"text-align: center;\"><img decoding=\"async\" class=\"size-full wp-image-392537 aligncenter\" src=\"https:\/\/obd-diag.fr\/wp-content\/uploads\/2022\/08\/visas-icons-paypal.png\" alt=\"visas-icons-paypal\" width=\"200\" height=\"32\" data-wp-pid=\"392537\" \/><\/p>\n<p style=\"text-align: center;\">\ud83d\udcbb Aide et assistance \u00e0 l&#8217;installation incluses via Ultraviewer\ud83d\udc68\ud83c\udffc\u200d\ud83d\udcbb! <strong><del>Au lieu de 39.99\u20ac<\/del><\/strong><\/p>\n<details class=\"product-summary-details\">\n<summary>Pack Renault KEYGEN &#8211; Description et fonctionnalit\u00e9s<\/summary>\n<p><strong>Renault KEYGEN pack<\/strong> est un ensemble d&#8217;outils con\u00e7u pour g\u00e9n\u00e9rer les cl\u00e9s de licence n\u00e9cessaires pour les logiciels Renault, en particulier pour les syst\u00e8mes de diagnostic comme Renault CAN Clip et Renolink. Il permet de g\u00e9rer efficacement l&#8217;activation des logiciels et des fonctionnalit\u00e9s de diagnostic et de reprogrammation des v\u00e9hicules Renault et Dacia.<\/p>\n<h3>Fonctionnalit\u00e9s principales :<\/h3>\n<ul>\n<li><strong>G\u00e9n\u00e9ration de cl\u00e9s :<\/strong> Permet de g\u00e9n\u00e9rer les cl\u00e9s d&#8217;activation pour plusieurs logiciels de diagnostic Renault, incluant Renault CAN Clip et Renolink, afin de d\u00e9bloquer des fonctionnalit\u00e9s avanc\u00e9es de diagnostic.<\/li>\n<li><strong>Support de logiciels vari\u00e9s :<\/strong> Compatible avec des logiciels tels que CAN Clip, Renolink, et d&#8217;autres outils de programmation ECU pour Renault.<\/li>\n<li><strong>Compatibilit\u00e9 multi-syst\u00e8mes :<\/strong> Fonctionne avec une large gamme de syst\u00e8mes d&#8217;exploitation (Windows XP, 7, 8, 10) et prend en charge les versions 32 et 64 bits.<\/li>\n<\/ul>\n<h3>Sp\u00e9cifications techniques :<\/h3>\n<ul>\n<li><strong>Syst\u00e8mes support\u00e9s :<\/strong> Renault, Dacia, avec compatibilit\u00e9 pour divers mod\u00e8les et versions de v\u00e9hicules.<\/li>\n<li><strong>File size :<\/strong> Variable selon les logiciels inclus.<\/li>\n<li><strong>T\u00e9l\u00e9chargement :<\/strong> Disponible en t\u00e9l\u00e9chargement imm\u00e9diat, avec des instructions d&#8217;installation incluses pour faciliter l&#8217;activation.<\/li>\n<\/ul>\n<p>THE <strong>Renault KEYGEN pack<\/strong> est id\u00e9al pour les ateliers et techniciens cherchant \u00e0 activer rapidement des logiciels de diagnostic Renault. Il facilite l&#8217;acc\u00e8s aux fonctions avanc\u00e9es sans complications.<\/p>\n<\/details>","protected":false},"featured_media":393006,"comment_status":"open","ping_status":"closed","template":"","meta":{"_acf_changed":false},"pwb-brand":[],"product_brand":[],"product_cat":[290],"product_tag":[],"class_list":{"0":"post-392722","1":"product","2":"type-product","3":"status-publish","4":"has-post-thumbnail","6":"product_cat-logiciels-obd","8":"first","9":"instock","10":"taxable","11":"shipping-taxable","12":"purchasable","13":"product-type-simple"},"acf":[],"brands":[],"_links":{"self":[{"href":"https:\/\/obd-diag.fr\/en\/wp-json\/wp\/v2\/product\/392722","targetHints":{"allow":["GET"]}}],"collection":[{"href":"https:\/\/obd-diag.fr\/en\/wp-json\/wp\/v2\/product"}],"about":[{"href":"https:\/\/obd-diag.fr\/en\/wp-json\/wp\/v2\/types\/product"}],"replies":[{"embeddable":true,"href":"https:\/\/obd-diag.fr\/en\/wp-json\/wp\/v2\/comments?post=392722"}],"wp:featuredmedia":[{"embeddable":true,"href":"https:\/\/obd-diag.fr\/en\/wp-json\/wp\/v2\/media\/393006"}],"wp:attachment":[{"href":"https:\/\/obd-diag.fr\/en\/wp-json\/wp\/v2\/media?parent=392722"}],"wp:term":[{"taxonomy":"pwb-brand","embeddable":true,"href":"https:\/\/obd-diag.fr\/en\/wp-json\/wp\/v2\/pwb-brand?post=392722"},{"taxonomy":"product_brand","embeddable":true,"href":"https:\/\/obd-diag.fr\/en\/wp-json\/wp\/v2\/product_brand?post=392722"},{"taxonomy":"product_cat","embeddable":true,"href":"https:\/\/obd-diag.fr\/en\/wp-json\/wp\/v2\/product_cat?post=392722"},{"taxonomy":"product_tag","embeddable":true,"href":"https:\/\/obd-diag.fr\/en\/wp-json\/wp\/v2\/product_tag?post=392722"}],"curies":[{"name":"wp","href":"https:\/\/api.w.org\/{rel}","templated":true}]}}