{"id":392726,"date":"2022-09-15T14:10:00","date_gmt":"2022-09-15T14:10:00","guid":{"rendered":"https:\/\/obd-diag.fr\/produit\/renault-pin-extractor-immo-repair-telechargement\/"},"modified":"2024-09-22T18:33:51","modified_gmt":"2024-09-22T18:33:51","slug":"renault-pin-extractor-immo-repair-telechargement","status":"publish","type":"product","link":"https:\/\/obd-diag.fr\/en\/product\/renault-pin-extractor-immo-repair-telechargement\/","title":{"rendered":"RENAULT PIN EXTRACTOR \/ IMMO REPAIR &#8211; T\u00c9L\u00c9CHARGEMENT"},"content":{"rendered":"<h2>Pin Extractor and Immo Repair software for download<\/h2>\n<p>Free product<\/p>","protected":false},"excerpt":{"rendered":"<p><img decoding=\"async\" class=\"size-medium wp-image-392536 aligncenter\" src=\"https:\/\/obd-diag.fr\/wp-content\/uploads\/2022\/08\/badges-de-confiance-obd-diag.com_-300x83.png\" alt=\"badges-de-confiance-obd-diag.com\" width=\"300\" height=\"83\" data-wp-pid=\"392536\" \/><\/p>\n<p style=\"text-align: center;\"><img decoding=\"async\" class=\"size-full wp-image-392537 aligncenter\" src=\"https:\/\/obd-diag.fr\/wp-content\/uploads\/2022\/08\/visas-icons-paypal.png\" alt=\"visas-icons-paypal\" width=\"200\" height=\"32\" data-wp-pid=\"392537\" \/><\/p>\n<p style=\"text-align: center;\">\ud83d\udcbb Aide et assistance \u00e0 l&#8217;installation incluses via Ultraviewer\ud83d\udc68\ud83c\udffc\u200d\ud83d\udcbb! <strong><del>Au lieu de 39.99\u20ac<\/del><\/strong><\/p>\n<details class=\"product-summary-details\">\n<summary>Renault PIN Extractor \/ IMMO REPAIR &#8211; Description et fonctionnalit\u00e9s<\/summary>\n<p><strong>Renault PIN Extractor \/ IMMO REPAIR<\/strong> est un logiciel sp\u00e9cialis\u00e9 pour l&#8217;extraction de codes PIN et la r\u00e9paration des syst\u00e8mes d&#8217;immobilisation sur les v\u00e9hicules Renault et Dacia. Ce programme est utilis\u00e9 par les professionnels pour recalculer les codes et programmer des cl\u00e9s ou cartes, permettant ainsi la reprogrammation des modules de commande et la r\u00e9paration des unit\u00e9s ECU.<\/p>\n<h3>Fonctionnalit\u00e9s principales :<\/h3>\n<ul>\n<li><strong>Extraction de codes PIN :<\/strong> Calcule les codes PIN pour les mod\u00e8les Renault et Dacia, permettant la reprogrammation des cl\u00e9s et des unit\u00e9s de commande via l&#8217;interface Renault CAN Clip.<\/li>\n<li><strong>R\u00e9initialisation d&#8217;ECU :<\/strong> Permet la r\u00e9paration des syst\u00e8mes d&#8217;immobilisation apr\u00e8s d\u00e9faillance ou perte de cl\u00e9, en supprimant les erreurs li\u00e9es \u00e0 l&#8217;ECU.<\/li>\n<li><strong>Programmation de cl\u00e9s :<\/strong> Supporte la reprogrammation des cl\u00e9s et des cartes pour divers mod\u00e8les Renault, y compris Clio, M\u00e9gane, et Trafic.<\/li>\n<li><strong>Compatibility:<\/strong> Fonctionne avec les logiciels Renault Can Clip et Renault Reprog pour une gestion compl\u00e8te des diagnostics et des r\u00e9parations.<\/li>\n<\/ul>\n<h3>Compatibility:<\/h3>\n<ul>\n<li><strong>Syst\u00e8mes d&#8217;exploitation :<\/strong> Windows 7, 8, 10 (32 et 64 bits).<\/li>\n<li><strong>Mat\u00e9riel requis :<\/strong> Interface Renault CAN Clip et 2 Go de RAM minimum.<\/li>\n<li><strong>File size :<\/strong> Variable selon les versions.<\/li>\n<\/ul>\n<p>THE <strong>Renault PIN Extractor \/ IMMO REPAIR<\/strong> est un outil indispensable pour les ateliers sp\u00e9cialis\u00e9s dans les v\u00e9hicules Renault et Dacia, facilitant la reprogrammation et la r\u00e9paration des syst\u00e8mes d&#8217;immobilisation pour un service rapide et efficace.<\/p>\n<\/details>","protected":false},"featured_media":393007,"comment_status":"open","ping_status":"closed","template":"","meta":{"_acf_changed":false},"pwb-brand":[],"product_brand":[],"product_cat":[290],"product_tag":[],"class_list":{"0":"post-392726","1":"product","2":"type-product","3":"status-publish","4":"has-post-thumbnail","6":"product_cat-logiciels-obd","8":"first","9":"instock","10":"taxable","11":"shipping-taxable","12":"purchasable","13":"product-type-simple"},"acf":[],"brands":[],"_links":{"self":[{"href":"https:\/\/obd-diag.fr\/en\/wp-json\/wp\/v2\/product\/392726","targetHints":{"allow":["GET"]}}],"collection":[{"href":"https:\/\/obd-diag.fr\/en\/wp-json\/wp\/v2\/product"}],"about":[{"href":"https:\/\/obd-diag.fr\/en\/wp-json\/wp\/v2\/types\/product"}],"replies":[{"embeddable":true,"href":"https:\/\/obd-diag.fr\/en\/wp-json\/wp\/v2\/comments?post=392726"}],"wp:featuredmedia":[{"embeddable":true,"href":"https:\/\/obd-diag.fr\/en\/wp-json\/wp\/v2\/media\/393007"}],"wp:attachment":[{"href":"https:\/\/obd-diag.fr\/en\/wp-json\/wp\/v2\/media?parent=392726"}],"wp:term":[{"taxonomy":"pwb-brand","embeddable":true,"href":"https:\/\/obd-diag.fr\/en\/wp-json\/wp\/v2\/pwb-brand?post=392726"},{"taxonomy":"product_brand","embeddable":true,"href":"https:\/\/obd-diag.fr\/en\/wp-json\/wp\/v2\/product_brand?post=392726"},{"taxonomy":"product_cat","embeddable":true,"href":"https:\/\/obd-diag.fr\/en\/wp-json\/wp\/v2\/product_cat?post=392726"},{"taxonomy":"product_tag","embeddable":true,"href":"https:\/\/obd-diag.fr\/en\/wp-json\/wp\/v2\/product_tag?post=392726"}],"curies":[{"name":"wp","href":"https:\/\/api.w.org\/{rel}","templated":true}]}}