{"id":392732,"date":"2022-09-15T14:10:00","date_gmt":"2022-09-15T14:10:00","guid":{"rendered":"https:\/\/obd-diag.fr\/produit\/pack-firmware-ds150e-snooper\/"},"modified":"2024-09-22T18:43:13","modified_gmt":"2024-09-22T18:43:13","slug":"pack-firmware-ds150e-snooper","status":"publish","type":"product","link":"https:\/\/obd-diag.fr\/en\/product\/pack-firmware-ds150e-snooper\/","title":{"rendered":"Pack firmware Ds150e\/Snooper &#8211; T\u00e9l\u00e9chargement"},"content":{"rendered":"<h2>Delphi\/Wow Firmware Pack<\/h2>\n<p><strong>17 Firmwares in total<\/strong><br \/>\n<em>If you don&#039;t yet have the<a href=\"https:\/\/obd-diag.fr\/en\/product\/valise-de-diag-obd-multimarque-delphi-ds-150e-voitures-et-camions-bluetooth-usb\/\">OBD interface: Delphi DS150E we sell it here<\/a><\/em><\/p>","protected":false},"excerpt":{"rendered":"<p><img decoding=\"async\" class=\"size-medium wp-image-392536 aligncenter\" src=\"https:\/\/obd-diag.fr\/wp-content\/uploads\/2022\/08\/badges-de-confiance-obd-diag.com_-300x83.png\" alt=\"badges-de-confiance-obd-diag.com\" width=\"300\" height=\"83\" data-wp-pid=\"392536\" \/><\/p>\n<p style=\"text-align: center;\"><img decoding=\"async\" class=\"size-full wp-image-392537 aligncenter\" src=\"https:\/\/obd-diag.fr\/wp-content\/uploads\/2022\/08\/visas-icons-paypal.png\" alt=\"visas-icons-paypal\" width=\"200\" height=\"32\" data-wp-pid=\"392537\" \/><\/p>\n<p style=\"text-align: center;\">\ud83d\udcbb Aide et assistance \u00e0 l&#8217;installation incluses via Ultraviewer\ud83d\udc68\ud83c\udffc\u200d\ud83d\udcbb! <strong><del>Au lieu de 39.99\u20ac<\/del><\/strong><\/p>\n<details class=\"product-summary-details\">\n<summary>Pack firmware DS150e\/Snooper &#8211; Description et fonctionnalit\u00e9s<\/summary>\n<p>THE <strong>Pack firmware DS150e\/Snooper<\/strong> est un ensemble de firmwares destin\u00e9s aux interfaces de diagnostic multimarque Delphi DS150e et Wurth Snooper. Il permet la mise \u00e0 jour et l&#8217;optimisation des performances des interfaces, assurant une compatibilit\u00e9 avec les derni\u00e8res versions de logiciels de diagnostic comme Delphi, Autocom, et WOW.<\/p>\n<h3>Fonctionnalit\u00e9s principales :<\/h3>\n<ul>\n<li><strong>Mise \u00e0 jour des firmwares :<\/strong> Contient plusieurs versions de firmware (FW1130 \u00e0 FW3201) pour am\u00e9liorer la compatibilit\u00e9 avec les syst\u00e8mes de diagnostic r\u00e9cents.<\/li>\n<li><strong>Compatibilit\u00e9 multimarque :<\/strong> Prend en charge les interfaces utilis\u00e9es sur les v\u00e9hicules europ\u00e9ens, am\u00e9ricains et asiatiques, couvrant une large gamme de marques.<\/li>\n<li><strong>Installation simplifi\u00e9e :<\/strong> Les firmwares peuvent \u00eatre install\u00e9s directement via USB, sans besoin de reflasher l&#8217;interface \u00e0 chaque fois.<\/li>\n<li><strong>Optimisation de la connexion :<\/strong> Garantit une meilleure stabilit\u00e9 et rapidit\u00e9 lors de l&#8217;utilisation des outils de diagnostic avec Delphi, WOW, ou Autocom.<\/li>\n<\/ul>\n<h3>Compatibility:<\/h3>\n<ul>\n<li><strong>Interfaces prises en charge :<\/strong> DS150e, Snooper+ et autres interfaces VCI compatibles.<\/li>\n<li><strong>Syst\u00e8mes d&#8217;exploitation :<\/strong> Compatible avec Windows XP, 7, 8, 10 (32 et 64 bits).<\/li>\n<li><strong>File size :<\/strong> Environ 4,8 Go pour l&#8217;ensemble des firmwares.<\/li>\n<\/ul>\n<p>THE <strong>Pack firmware DS150e\/Snooper<\/strong> est indispensable pour les garages multimarques cherchant \u00e0 maintenir \u00e0 jour leurs interfaces de diagnostic et \u00e0 garantir une compatibilit\u00e9 maximale avec les v\u00e9hicules modernes.<\/p>\n<\/details>","protected":false},"featured_media":392992,"comment_status":"open","ping_status":"closed","template":"","meta":{"_acf_changed":false},"pwb-brand":[],"product_brand":[],"product_cat":[343,290],"product_tag":[],"class_list":{"0":"post-392732","1":"product","2":"type-product","3":"status-publish","4":"has-post-thumbnail","6":"product_cat-delphi-ds150e","7":"product_cat-logiciels-obd","9":"first","10":"instock","11":"taxable","12":"shipping-taxable","13":"purchasable","14":"product-type-simple"},"acf":[],"brands":[],"_links":{"self":[{"href":"https:\/\/obd-diag.fr\/en\/wp-json\/wp\/v2\/product\/392732","targetHints":{"allow":["GET"]}}],"collection":[{"href":"https:\/\/obd-diag.fr\/en\/wp-json\/wp\/v2\/product"}],"about":[{"href":"https:\/\/obd-diag.fr\/en\/wp-json\/wp\/v2\/types\/product"}],"replies":[{"embeddable":true,"href":"https:\/\/obd-diag.fr\/en\/wp-json\/wp\/v2\/comments?post=392732"}],"wp:featuredmedia":[{"embeddable":true,"href":"https:\/\/obd-diag.fr\/en\/wp-json\/wp\/v2\/media\/392992"}],"wp:attachment":[{"href":"https:\/\/obd-diag.fr\/en\/wp-json\/wp\/v2\/media?parent=392732"}],"wp:term":[{"taxonomy":"pwb-brand","embeddable":true,"href":"https:\/\/obd-diag.fr\/en\/wp-json\/wp\/v2\/pwb-brand?post=392732"},{"taxonomy":"product_brand","embeddable":true,"href":"https:\/\/obd-diag.fr\/en\/wp-json\/wp\/v2\/product_brand?post=392732"},{"taxonomy":"product_cat","embeddable":true,"href":"https:\/\/obd-diag.fr\/en\/wp-json\/wp\/v2\/product_cat?post=392732"},{"taxonomy":"product_tag","embeddable":true,"href":"https:\/\/obd-diag.fr\/en\/wp-json\/wp\/v2\/product_tag?post=392732"}],"curies":[{"name":"wp","href":"https:\/\/api.w.org\/{rel}","templated":true}]}}