{"id":392742,"date":"2022-09-15T14:10:00","date_gmt":"2022-09-15T14:10:00","guid":{"rendered":"https:\/\/obd-diag.fr\/produit\/xentry-xdos-version-2021-6-4-telechargement\/"},"modified":"2024-09-22T18:05:56","modified_gmt":"2024-09-22T18:05:56","slug":"xentry-xdos-version-2021-6-4-telechargement","status":"publish","type":"product","link":"https:\/\/obd-diag.fr\/en\/product\/xentry-xdos-version-2021-6-4-telechargement\/","title":{"rendered":"XENTRY XDOS VERSION 2021.6.4 \u2013 DOWNLOAD"},"content":{"rendered":"<h2>XENTRY Software Version 2021.6.4 (Diagnosis Assistance System)<\/h2>\n<p>Compatible <strong>Windows 8\/10\/11<\/strong><br \/>\nCompatible with <a href=\"https:\/\/obd-diag.fr\/en\/product\/mb-star-c4-sd-connect-compact-c4-outil-de-diagnostic-de-voiture-puce-complete-logiciel-2022-06-mb-star-multiplexeur-avec-wifi\/\">MB STAR C4\/C5\/C6 suitcases<\/a><br \/>\nInstallation tutorial available<br \/>\nKeygen for activation and Full Fix patch included<\/p>\n<p><strong>File size :<\/strong> 22GB<\/p>","protected":false},"excerpt":{"rendered":"<p><img decoding=\"async\" class=\"size-medium wp-image-392536 aligncenter\" src=\"https:\/\/obd-diag.fr\/wp-content\/uploads\/2022\/08\/badges-de-confiance-obd-diag.com_-300x83.png\" alt=\"badges-de-confiance-obd-diag.com\" width=\"300\" height=\"83\" data-wp-pid=\"392536\" \/><\/p>\n<p style=\"text-align: center;\"><img decoding=\"async\" class=\"size-full wp-image-392537 aligncenter\" src=\"https:\/\/obd-diag.fr\/wp-content\/uploads\/2022\/08\/visas-icons-paypal.png\" alt=\"visas-icons-paypal\" width=\"200\" height=\"32\" data-wp-pid=\"392537\" \/><\/p>\n<p style=\"text-align: center;\">\ud83d\udcbb Aide et assistance \u00e0 l&#8217;installation incluses via Ultraviewer\ud83d\udc68\ud83c\udffc\u200d\ud83d\udcbb! <strong><del>Au lieu de 39.99\u20ac<\/del><\/strong><\/p>\n<details class=\"product-summary-details\">\n<summary>XENTRY XDOS VERSION 2021.6.4 &#8211; Description et fonctionnalit\u00e9s<\/summary>\n<p><strong>XENTRY XDOS 2021.6.4<\/strong> est le logiciel officiel de diagnostic Mercedes-Benz utilis\u00e9 pour analyser, reprogrammer et effectuer des tests de diagnostic sur les v\u00e9hicules Mercedes. Il comprend toutes les fonctions n\u00e9cessaires pour diagnostiquer les syst\u00e8mes \u00e9lectroniques, y compris la reprogrammation des unit\u00e9s de contr\u00f4le et les tests guid\u00e9s des composants.<\/p>\n<h3>Fonctionnalit\u00e9s principales :<\/h3>\n<ul>\n<li><strong>Diagnostic complet :<\/strong> Lecture et effacement des codes d&#8217;erreur, diagnostic des syst\u00e8mes de freinage, d&#8217;injection, de transmission, etc.<\/li>\n<li><strong>Reprogrammation des ECU :<\/strong> Reprogrammation et configuration des unit\u00e9s de commande, id\u00e9al pour les mises \u00e0 jour des logiciels des syst\u00e8mes embarqu\u00e9s.<\/li>\n<li><strong>Mode d\u00e9veloppeur :<\/strong> Permet des tests et des configurations avanc\u00e9es pour les ing\u00e9nieurs dans les syst\u00e8mes \u00e9lectroniques Mercedes.<\/li>\n<li><strong>Compatibility:<\/strong> Fonctionne avec les valises MB STAR C4, C5, et C6.<\/li>\n<\/ul>\n<h3>Compatibility:<\/h3>\n<ul>\n<li><strong>Syst\u00e8mes d&#8217;exploitation :<\/strong> Compatible avec Windows 8, 10 et 11.<\/li>\n<li><strong>File size :<\/strong> 22 Go.<\/li>\n<\/ul>\n<p>THE <strong>XENTRY XDOS 2021.6.4<\/strong> est un outil indispensable pour les garages et les ing\u00e9nieurs travaillant sur les v\u00e9hicules Mercedes-Benz, offrant des fonctionnalit\u00e9s avanc\u00e9es de diagnostic et de reprogrammation.<\/p>\n<\/details>","protected":false},"featured_media":393013,"comment_status":"open","ping_status":"closed","template":"","meta":{"_acf_changed":false},"pwb-brand":[],"product_brand":[],"product_cat":[290,266],"product_tag":[],"class_list":{"0":"post-392742","1":"product","2":"type-product","3":"status-publish","4":"has-post-thumbnail","6":"product_cat-logiciels-obd","7":"product_cat-mercedes-benz","9":"first","10":"instock","11":"taxable","12":"shipping-taxable","13":"purchasable","14":"product-type-simple"},"acf":[],"brands":[],"_links":{"self":[{"href":"https:\/\/obd-diag.fr\/en\/wp-json\/wp\/v2\/product\/392742","targetHints":{"allow":["GET"]}}],"collection":[{"href":"https:\/\/obd-diag.fr\/en\/wp-json\/wp\/v2\/product"}],"about":[{"href":"https:\/\/obd-diag.fr\/en\/wp-json\/wp\/v2\/types\/product"}],"replies":[{"embeddable":true,"href":"https:\/\/obd-diag.fr\/en\/wp-json\/wp\/v2\/comments?post=392742"}],"wp:featuredmedia":[{"embeddable":true,"href":"https:\/\/obd-diag.fr\/en\/wp-json\/wp\/v2\/media\/393013"}],"wp:attachment":[{"href":"https:\/\/obd-diag.fr\/en\/wp-json\/wp\/v2\/media?parent=392742"}],"wp:term":[{"taxonomy":"pwb-brand","embeddable":true,"href":"https:\/\/obd-diag.fr\/en\/wp-json\/wp\/v2\/pwb-brand?post=392742"},{"taxonomy":"product_brand","embeddable":true,"href":"https:\/\/obd-diag.fr\/en\/wp-json\/wp\/v2\/product_brand?post=392742"},{"taxonomy":"product_cat","embeddable":true,"href":"https:\/\/obd-diag.fr\/en\/wp-json\/wp\/v2\/product_cat?post=392742"},{"taxonomy":"product_tag","embeddable":true,"href":"https:\/\/obd-diag.fr\/en\/wp-json\/wp\/v2\/product_tag?post=392742"}],"curies":[{"name":"wp","href":"https:\/\/api.w.org\/{rel}","templated":true}]}}