{"id":392752,"date":"2022-09-15T14:10:00","date_gmt":"2022-09-15T14:10:00","guid":{"rendered":"https:\/\/obd-diag.fr\/produit\/rta-revue-technique-automobile-telechargement\/"},"modified":"2024-09-22T18:26:41","modified_gmt":"2024-09-22T18:26:41","slug":"rta-revue-technique-automobile-telechargement","status":"publish","type":"product","link":"https:\/\/obd-diag.fr\/en\/product\/rta-revue-technique-automobile-telechargement\/","title":{"rendered":"RTA (automobile technical review) \u2013 DOWNLOAD"},"content":{"rendered":"<p>RTA: Automotive technical review (Maintenance, overhaul, mechanical repair, bodywork, etc.)<br \/>\nIncludes 36 vehicles from the vag group (Audi, Vw, Seat, Skoda)<br \/>\nFile size 4gb<br \/>\nDocument format: PDF<br \/>\nFree download (see attached documents)<\/p>","protected":false},"excerpt":{"rendered":"<p><img decoding=\"async\" class=\"size-medium wp-image-392536 aligncenter\" src=\"https:\/\/obd-diag.fr\/wp-content\/uploads\/2022\/08\/badges-de-confiance-obd-diag.com_-300x83.png\" alt=\"badges-de-confiance-obd-diag.com\" width=\"300\" height=\"83\" data-wp-pid=\"392536\" \/><\/p>\n<p style=\"text-align: center;\"><img decoding=\"async\" class=\"size-full wp-image-392537 aligncenter\" src=\"https:\/\/obd-diag.fr\/wp-content\/uploads\/2022\/08\/visas-icons-paypal.png\" alt=\"visas-icons-paypal\" width=\"200\" height=\"32\" data-wp-pid=\"392537\" \/><\/p>\n<p style=\"text-align: center;\">\ud83d\udcbb Aide et assistance \u00e0 l&#8217;installation incluses via Ultraviewer\ud83d\udc68\ud83c\udffc\u200d\ud83d\udcbb! <strong><del>Au lieu de 39.99\u20ac<\/del><\/strong><\/p>\n<details class=\"product-summary-details\">\n<summary>RTA &#8211; Revue Technique Automobile (Entretien, r\u00e9vision, r\u00e9paration)<\/summary>\n<p><strong>RTA (Revue Technique Automobile)<\/strong> est un ensemble complet de guides techniques d\u00e9di\u00e9s \u00e0 l&#8217;entretien, la r\u00e9vision et la r\u00e9paration des v\u00e9hicules, avec un focus particulier sur les v\u00e9hicules du groupe VAG (Audi, Volkswagen, Seat, Skoda). Ces documents offrent des informations d\u00e9taill\u00e9es sur les aspects m\u00e9caniques, \u00e9lectroniques et de carrosserie.<\/p>\n<h3>Fonctionnalit\u00e9s principales :<\/h3>\n<ul>\n<li><strong>Contenu :<\/strong> Comprend des proc\u00e9dures d\u00e9taill\u00e9es pour l&#8217;entretien r\u00e9gulier, les r\u00e9parations m\u00e9caniques, la carrosserie, ainsi que les r\u00e9glages des syst\u00e8mes \u00e9lectroniques embarqu\u00e9s.<\/li>\n<li><strong>V\u00e9hicules couverts :<\/strong> 36 mod\u00e8les du groupe VAG, incluant Audi, Volkswagen, Seat, et Skoda. Les guides couvrent les mod\u00e8les populaires comme la VW Golf, Audi A3, Skoda Octavia, Seat Leon, et bien d&#8217;autres.<\/li>\n<li><strong>Informations pratiques :<\/strong> Sch\u00e9mas de c\u00e2blage, diagrammes de courroies de distribution, couple de serrage, m\u00e9thodes de d\u00e9montage, et recommandations de maintenance bas\u00e9es sur les sp\u00e9cifications constructeur.<\/li>\n<li><strong>Document format:<\/strong> Tous les fichiers sont au format PDF, facilement consultables sur tout appareil.<\/li>\n<\/ul>\n<h3>Sp\u00e9cifications techniques :<\/h3>\n<ul>\n<li><strong>File size :<\/strong> Environ 4 Go pour l&#8217;ensemble des documents techniques.<\/li>\n<li><strong>T\u00e9l\u00e9chargement :<\/strong> T\u00e9l\u00e9chargement gratuit disponible (voir documents joints).<\/li>\n<li><strong>Format :<\/strong> PDF, compatible avec la majorit\u00e9 des logiciels de lecture de documents.<\/li>\n<\/ul>\n<p>THE <strong>RTA<\/strong> est un outil indispensable pour les m\u00e9caniciens professionnels et les amateurs, fournissant des informations fiables et pr\u00e9cises pour la maintenance et la r\u00e9paration des v\u00e9hicules du groupe VAG. C\u2019est une ressource essentielle pour garantir un entretien de qualit\u00e9.<\/p>\n<\/details>","protected":false},"featured_media":393135,"comment_status":"open","ping_status":"closed","template":"","meta":{"_acf_changed":false},"pwb-brand":[],"product_brand":[],"product_cat":[290],"product_tag":[],"class_list":{"0":"post-392752","1":"product","2":"type-product","3":"status-publish","4":"has-post-thumbnail","6":"product_cat-logiciels-obd","8":"first","9":"instock","10":"taxable","11":"shipping-taxable","12":"purchasable","13":"product-type-simple"},"acf":[],"brands":[],"_links":{"self":[{"href":"https:\/\/obd-diag.fr\/en\/wp-json\/wp\/v2\/product\/392752","targetHints":{"allow":["GET"]}}],"collection":[{"href":"https:\/\/obd-diag.fr\/en\/wp-json\/wp\/v2\/product"}],"about":[{"href":"https:\/\/obd-diag.fr\/en\/wp-json\/wp\/v2\/types\/product"}],"replies":[{"embeddable":true,"href":"https:\/\/obd-diag.fr\/en\/wp-json\/wp\/v2\/comments?post=392752"}],"wp:featuredmedia":[{"embeddable":true,"href":"https:\/\/obd-diag.fr\/en\/wp-json\/wp\/v2\/media\/393135"}],"wp:attachment":[{"href":"https:\/\/obd-diag.fr\/en\/wp-json\/wp\/v2\/media?parent=392752"}],"wp:term":[{"taxonomy":"pwb-brand","embeddable":true,"href":"https:\/\/obd-diag.fr\/en\/wp-json\/wp\/v2\/pwb-brand?post=392752"},{"taxonomy":"product_brand","embeddable":true,"href":"https:\/\/obd-diag.fr\/en\/wp-json\/wp\/v2\/product_brand?post=392752"},{"taxonomy":"product_cat","embeddable":true,"href":"https:\/\/obd-diag.fr\/en\/wp-json\/wp\/v2\/product_cat?post=392752"},{"taxonomy":"product_tag","embeddable":true,"href":"https:\/\/obd-diag.fr\/en\/wp-json\/wp\/v2\/product_tag?post=392752"}],"curies":[{"name":"wp","href":"https:\/\/api.w.org\/{rel}","templated":true}]}}