{"id":392758,"date":"2022-09-15T14:10:00","date_gmt":"2022-09-15T14:10:00","guid":{"rendered":"https:\/\/obd-diag.fr\/produit\/multidiag-2018\/"},"modified":"2024-09-22T18:35:10","modified_gmt":"2024-09-22T18:35:10","slug":"multidiag-2018","status":"publish","type":"product","link":"https:\/\/obd-diag.fr\/en\/product\/multidiag-2018\/","title":{"rendered":"MULTIDIAG 2018"},"content":{"rendered":"<h2>Multidiag V 2018.3 software (Multi-brand diagnostics)<\/h2>\n<p>Compatible with the suitcase <a href=\"https:\/\/obd-diag.fr\/en\/product\/meilleur-mini-vci-obd2-cable-de-diagnostic-automobile-connecteur-dinterface-pour-toyota-tis-techstream-mini-vci-j2534-ftdi-ft232rl\/\">J2534<\/a><br \/>\nMultilingual including <strong>French<\/strong><br \/>\nCompatible <strong>Windows 7 32 BIT<\/strong><\/p>","protected":false},"excerpt":{"rendered":"<p><img decoding=\"async\" class=\"size-medium wp-image-392536 aligncenter\" src=\"https:\/\/obd-diag.fr\/wp-content\/uploads\/2022\/08\/badges-de-confiance-obd-diag.com_-300x83.png\" alt=\"badges-de-confiance-obd-diag.com\" width=\"300\" height=\"83\" data-wp-pid=\"392536\" \/><\/p>\n<p style=\"text-align: center;\"><img decoding=\"async\" class=\"size-full wp-image-392537 aligncenter\" src=\"https:\/\/obd-diag.fr\/wp-content\/uploads\/2022\/08\/visas-icons-paypal.png\" alt=\"visas-icons-paypal\" width=\"200\" height=\"32\" data-wp-pid=\"392537\" \/><\/p>\n<p style=\"text-align: center;\">\ud83d\udcbb Aide et assistance \u00e0 l&#8217;installation incluses via Ultraviewer\ud83d\udc68\ud83c\udffc\u200d\ud83d\udcbb! <strong><del>Au lieu de 39.99\u20ac<\/del><\/strong><\/p>\n<details class=\"product-summary-details\">\n<summary>Multidiag 2018 &#8211; Diagnostic Multimarque<\/summary>\n<p><strong>Multidiag 2018<\/strong> est un outil de diagnostic multimarque con\u00e7u pour offrir une couverture compl\u00e8te des v\u00e9hicules l\u00e9gers, utilitaires, camions, et bus. Utilis\u00e9 par les professionnels de l&#8217;automobile, ce logiciel permet d\u2019acc\u00e9der aux syst\u00e8mes \u00e9lectroniques embarqu\u00e9s et de r\u00e9aliser des diagnostics avanc\u00e9s, des tests d&#8217;actionneurs, ainsi que des reprogrammations.<\/p>\n<h3>Fonctionnalit\u00e9s principales :<\/h3>\n<ul>\n<li><strong>Diagnostic complet :<\/strong> Lecture et effacement des codes d&#8217;erreur pour les syst\u00e8mes moteur, ABS, airbags, transmission, et plus.<\/li>\n<li><strong>Reprogrammation ECU :<\/strong> Permet la reprogrammation des unit\u00e9s de commande pour les mises \u00e0 jour et r\u00e9parations.<\/li>\n<li><strong>Tests d\u2019actionneurs :<\/strong> Effectue des tests fonctionnels sur divers composants \u00e9lectroniques (injecteurs, valves \u00e9lectroniques, etc.).<\/li>\n<li><strong>Couverture multimarque :<\/strong> Compatible avec une large gamme de marques europ\u00e9ennes, am\u00e9ricaines, et asiatiques.<\/li>\n<li><strong>Support de protocoles vari\u00e9s :<\/strong> Prend en charge les protocoles tels que CAN, K-Line, et SAE J2534.<\/li>\n<\/ul>\n<h3>Compatibility:<\/h3>\n<ul>\n<li><strong>Syst\u00e8mes d&#8217;exploitation :<\/strong> Fonctionne sur Windows XP, 7, 8, et 10 (32 et 64 bits).<\/li>\n<li><strong>Langues disponibles :<\/strong> Anglais, fran\u00e7ais, espagnol, allemand, italien, et plus encore.<\/li>\n<li><strong>Interfaces requises :<\/strong> Interface compatible J2534.<\/li>\n<\/ul>\n<p>THE <strong>Multidiag 2018<\/strong> est un outil polyvalent et puissant pour les techniciens automobiles, permettant une gestion simplifi\u00e9e des diagnostics et des r\u00e9parations sur une multitude de marques de v\u00e9hicules. Il est id\u00e9al pour les garages multimarques et les centres de service qui ont besoin d&#8217;une solution de diagnostic compl\u00e8te.<\/p>\n<\/details>","protected":false},"featured_media":392993,"comment_status":"open","ping_status":"closed","template":"","meta":{"_acf_changed":false},"pwb-brand":[],"product_brand":[],"product_cat":[290],"product_tag":[],"class_list":{"0":"post-392758","1":"product","2":"type-product","3":"status-publish","4":"has-post-thumbnail","6":"product_cat-logiciels-obd","8":"first","9":"instock","10":"taxable","11":"shipping-taxable","12":"purchasable","13":"product-type-simple"},"acf":[],"brands":[],"_links":{"self":[{"href":"https:\/\/obd-diag.fr\/en\/wp-json\/wp\/v2\/product\/392758","targetHints":{"allow":["GET"]}}],"collection":[{"href":"https:\/\/obd-diag.fr\/en\/wp-json\/wp\/v2\/product"}],"about":[{"href":"https:\/\/obd-diag.fr\/en\/wp-json\/wp\/v2\/types\/product"}],"replies":[{"embeddable":true,"href":"https:\/\/obd-diag.fr\/en\/wp-json\/wp\/v2\/comments?post=392758"}],"wp:featuredmedia":[{"embeddable":true,"href":"https:\/\/obd-diag.fr\/en\/wp-json\/wp\/v2\/media\/392993"}],"wp:attachment":[{"href":"https:\/\/obd-diag.fr\/en\/wp-json\/wp\/v2\/media?parent=392758"}],"wp:term":[{"taxonomy":"pwb-brand","embeddable":true,"href":"https:\/\/obd-diag.fr\/en\/wp-json\/wp\/v2\/pwb-brand?post=392758"},{"taxonomy":"product_brand","embeddable":true,"href":"https:\/\/obd-diag.fr\/en\/wp-json\/wp\/v2\/product_brand?post=392758"},{"taxonomy":"product_cat","embeddable":true,"href":"https:\/\/obd-diag.fr\/en\/wp-json\/wp\/v2\/product_cat?post=392758"},{"taxonomy":"product_tag","embeddable":true,"href":"https:\/\/obd-diag.fr\/en\/wp-json\/wp\/v2\/product_tag?post=392758"}],"curies":[{"name":"wp","href":"https:\/\/api.w.org\/{rel}","templated":true}]}}