{"id":392760,"date":"2022-09-15T14:10:00","date_gmt":"2022-09-15T14:10:00","guid":{"rendered":"https:\/\/obd-diag.fr\/produit\/rta-revue-technique-automobile-peugeot-telechargement\/"},"modified":"2024-09-22T18:38:12","modified_gmt":"2024-09-22T18:38:12","slug":"rta-revue-technique-automobile-peugeot-telechargement","status":"publish","type":"product","link":"https:\/\/obd-diag.fr\/en\/product\/rta-revue-technique-automobile-peugeot-telechargement\/","title":{"rendered":"RTA (automobile technical review) Peugeot \u2013 DOWNLOAD"},"content":{"rendered":"<h2>RTA (Automotive technical review for maintenance, overhaul, mechanical repair, bodywork, etc.)<\/h2>\n<p>Includes more than twenty vehicle models from the Citro\u00ebn brand<br \/>\n<strong>File size 3.86 GB<\/strong><br \/>\n<strong>Document format:<\/strong> PDF<\/p>","protected":false},"excerpt":{"rendered":"<p><img decoding=\"async\" class=\"size-medium wp-image-392536 aligncenter\" src=\"https:\/\/obd-diag.fr\/wp-content\/uploads\/2022\/08\/badges-de-confiance-obd-diag.com_-300x83.png\" alt=\"badges-de-confiance-obd-diag.com\" width=\"300\" height=\"83\" data-wp-pid=\"392536\" \/><\/p>\n<p style=\"text-align: center;\"><img decoding=\"async\" class=\"size-full wp-image-392537 aligncenter\" src=\"https:\/\/obd-diag.fr\/wp-content\/uploads\/2022\/08\/visas-icons-paypal.png\" alt=\"visas-icons-paypal\" width=\"200\" height=\"32\" data-wp-pid=\"392537\" \/><\/p>\n<p style=\"text-align: center;\">\ud83d\udcbb Aide et assistance \u00e0 l&#8217;installation incluses via Ultraviewer\ud83d\udc68\ud83c\udffc\u200d\ud83d\udcbb! <strong><del>Au lieu de 39.99\u20ac<\/del><\/strong><\/p>\n<details class=\"product-summary-details\">\n<summary>RTA Peugeot &#8211; Entretien, R\u00e9paration, Diagnostic<\/summary>\n<p><strong>RTA Peugeot<\/strong> est un ensemble de manuels techniques d\u00e9di\u00e9s aux mod\u00e8les Peugeot, offrant des informations compl\u00e8tes pour l&#8217;entretien, la r\u00e9paration, et le diagnostic de votre v\u00e9hicule. Chaque revue est con\u00e7ue pour permettre aux m\u00e9caniciens professionnels et aux particuliers d&#8217;effectuer des r\u00e9parations pr\u00e9cises et \u00e9conomiques.<\/p>\n<h3>Fonctionnalit\u00e9s principales :<\/h3>\n<ul>\n<li><strong>Entretien et r\u00e9vision :<\/strong> Conseils d\u00e9taill\u00e9s sur les proc\u00e9dures de maintenance pour les syst\u00e8mes moteur, transmission, suspension, et autres.<\/li>\n<li><strong>R\u00e9paration m\u00e9canique :<\/strong> Sch\u00e9mas et instructions pas \u00e0 pas pour des r\u00e9parations complexes comme le remplacement de courroies, disques de frein, et autres composants essentiels.<\/li>\n<li><strong>Carrosserie et \u00e9lectricit\u00e9 :<\/strong> Explications pour les r\u00e9parations de carrosserie et les sch\u00e9mas \u00e9lectriques pour le diagnostic des pannes \u00e9lectroniques.<\/li>\n<li><strong>Guide de diagnostic :<\/strong> Acc\u00e8s aux proc\u00e9dures de d\u00e9tection des pannes et aux codes OBD pour un diagnostic pr\u00e9cis des syst\u00e8mes \u00e9lectroniques embarqu\u00e9s.<\/li>\n<\/ul>\n<h3>Compatibility:<\/h3>\n<ul>\n<li><strong>V\u00e9hicules Peugeot couverts :<\/strong> Une large gamme de mod\u00e8les Peugeot, notamment la 206, 307, 308, 407, 3008, et bien d&#8217;autres.<\/li>\n<li><strong>Document format:<\/strong> Disponible en PDF, pour une consultation pratique sur tout appareil.<\/li>\n<li><strong>T\u00e9l\u00e9chargement :<\/strong> Fichier de taille variable selon le mod\u00e8le, disponible en t\u00e9l\u00e9chargement gratuit ou payant selon les plateformes.<\/li>\n<\/ul>\n<p>There <strong>RTA Peugeot<\/strong> est indispensable pour les propri\u00e9taires et m\u00e9caniciens cherchant \u00e0 entretenir et r\u00e9parer leur v\u00e9hicule de mani\u00e8re autonome tout en suivant les recommandations des constructeurs.<\/p>\n<\/details>","protected":false},"featured_media":393134,"comment_status":"open","ping_status":"closed","template":"","meta":{"_acf_changed":false},"pwb-brand":[],"product_brand":[],"product_cat":[105,290],"product_tag":[],"class_list":{"0":"post-392760","1":"product","2":"type-product","3":"status-publish","4":"has-post-thumbnail","6":"product_cat-valises-obd-peugeot-citroen","7":"product_cat-logiciels-obd","9":"first","10":"instock","11":"taxable","12":"shipping-taxable","13":"purchasable","14":"product-type-simple"},"acf":[],"brands":[],"_links":{"self":[{"href":"https:\/\/obd-diag.fr\/en\/wp-json\/wp\/v2\/product\/392760","targetHints":{"allow":["GET"]}}],"collection":[{"href":"https:\/\/obd-diag.fr\/en\/wp-json\/wp\/v2\/product"}],"about":[{"href":"https:\/\/obd-diag.fr\/en\/wp-json\/wp\/v2\/types\/product"}],"replies":[{"embeddable":true,"href":"https:\/\/obd-diag.fr\/en\/wp-json\/wp\/v2\/comments?post=392760"}],"wp:featuredmedia":[{"embeddable":true,"href":"https:\/\/obd-diag.fr\/en\/wp-json\/wp\/v2\/media\/393134"}],"wp:attachment":[{"href":"https:\/\/obd-diag.fr\/en\/wp-json\/wp\/v2\/media?parent=392760"}],"wp:term":[{"taxonomy":"pwb-brand","embeddable":true,"href":"https:\/\/obd-diag.fr\/en\/wp-json\/wp\/v2\/pwb-brand?post=392760"},{"taxonomy":"product_brand","embeddable":true,"href":"https:\/\/obd-diag.fr\/en\/wp-json\/wp\/v2\/product_brand?post=392760"},{"taxonomy":"product_cat","embeddable":true,"href":"https:\/\/obd-diag.fr\/en\/wp-json\/wp\/v2\/product_cat?post=392760"},{"taxonomy":"product_tag","embeddable":true,"href":"https:\/\/obd-diag.fr\/en\/wp-json\/wp\/v2\/product_tag?post=392760"}],"curies":[{"name":"wp","href":"https:\/\/api.w.org\/{rel}","templated":true}]}}