{"id":392770,"date":"2022-09-15T14:11:00","date_gmt":"2022-09-15T14:11:00","guid":{"rendered":"https:\/\/obd-diag.fr\/produit\/viiplus-loader-mise-a-jour\/"},"modified":"2025-02-20T16:44:39","modified_gmt":"2025-02-20T16:44:39","slug":"viiplus-loader-mise-a-jour","status":"publish","type":"product","link":"https:\/\/obd-diag.fr\/en\/product\/viiplus-loader-mise-a-jour\/","title":{"rendered":"VIIPLUS LOADER (updated)"},"content":{"rendered":"<h2>VIIPLUS Loader software (latest version 08.022.05)<\/h2>\n<p>Compatible <strong><a href=\"https:\/\/obd-diag.fr\/en\/product\/codage-vcds-vagcom\/\">VCDS<\/a> 22.3.1<\/strong><br \/>\nWorks only on generic cable <a href=\"https:\/\/obd-diag.fr\/en\/product\/testeurs-vcds-hex-v2-interface-usb-vagcom-2022-obd2-pour-vw-audi-skoda-seat-vag-22-3-de-21-9-a-1996-vag22-3-atmega162-2017\/\">HEX-V2<\/a> (blue LEDs)<br \/>\n<span style=\"text-decoration: underline;\">Remote installation included<\/span><\/p>","protected":false},"excerpt":{"rendered":"<p><img decoding=\"async\" class=\"size-medium wp-image-392536 aligncenter\" src=\"https:\/\/obd-diag.fr\/wp-content\/uploads\/2022\/08\/badges-de-confiance-obd-diag.com_-300x83.png\" alt=\"badges-de-confiance-obd-diag.com\" width=\"300\" height=\"83\" data-wp-pid=\"392536\" \/><\/p>\n<p style=\"text-align: center;\"><img decoding=\"async\" class=\"size-full wp-image-392537 aligncenter\" src=\"https:\/\/obd-diag.fr\/wp-content\/uploads\/2022\/08\/visas-icons-paypal.png\" alt=\"visas-icons-paypal\" width=\"200\" height=\"32\" data-wp-pid=\"392537\" \/><\/p>\n<p style=\"text-align: center;\">\ud83d\udcbb Aide et assistance \u00e0 l&#8217;installation incluses via Ultraviewer\ud83d\udc68\ud83c\udffc\u200d\ud83d\udcbb! <strong><del>Au lieu de 39.99\u20ac<\/del><\/strong><\/p>\n<details class=\"product-summary-details\">\n<summary>VIIPlus Loader &#8211; Description et fonctionnalit\u00e9s<\/summary>\n<p><strong>VIIPlus Loader<\/strong> est un logiciel essentiel pour utiliser le syst\u00e8me de diagnostic VCDS avec les c\u00e2bles HEX-V2. Il permet d&#8217;activer et de g\u00e9rer les diagnostics des v\u00e9hicules du groupe VAG (Volkswagen, Audi, Skoda, Seat) avec des fonctionnalit\u00e9s avanc\u00e9es de codage, d&#8217;adaptation, et de programmation des modules \u00e9lectroniques.<\/p>\n<h3>Fonctionnalit\u00e9s principales :<\/h3>\n<ul>\n<li><strong>Activation de VCDS :<\/strong> Lance et met \u00e0 jour le logiciel VCDS tout en assurant la compatibilit\u00e9 avec le c\u00e2ble HEX-V2 pour une exp\u00e9rience de diagnostic compl\u00e8te.<\/li>\n<li><strong>Mises \u00e0 jour de firmware :<\/strong> Met automatiquement \u00e0 jour le firmware du c\u00e2ble de diagnostic lors de la premi\u00e8re connexion pour garantir une compatibilit\u00e9 maximale avec le v\u00e9hicule.<\/li>\n<li><strong>Diagnostic avanc\u00e9 :<\/strong> Permet d&#8217;acc\u00e9der aux options avanc\u00e9es de codage et d&#8217;adaptation des syst\u00e8mes \u00e9lectroniques des v\u00e9hicules.<\/li>\n<li><strong>Support multilingue :<\/strong> Le loader prend en charge plusieurs langues pour une utilisation internationale simplifi\u00e9e.<\/li>\n<\/ul>\n<h3>Compatibility:<\/h3>\n<ul>\n<li><strong>Syst\u00e8mes d&#8217;exploitation :<\/strong> Compatible avec Windows 7, 8, 10 et 11.<\/li>\n<li><strong>V\u00e9hicules pris en charge :<\/strong> Fonctionne avec tous les mod\u00e8les de v\u00e9hicules du groupe VAG, y compris Volkswagen, Audi, Skoda, et Seat.<\/li>\n<li><strong>Mat\u00e9riel n\u00e9cessaire :<\/strong> N\u00e9cessite un c\u00e2ble HEX-V2 pour une connexion et une compatibilit\u00e9 optimales.<\/li>\n<\/ul>\n<p>THE <strong>VIIPlus Loader<\/strong> est un outil indispensable pour tous les ateliers et professionnels travaillant sur les v\u00e9hicules VAG, offrant un acc\u00e8s aux diagnostics avanc\u00e9s et aux fonctions de codage des modules \u00e9lectroniques.<\/p>\n<\/details>","protected":false},"featured_media":393034,"comment_status":"open","ping_status":"closed","template":"","meta":{"_acf_changed":false},"pwb-brand":[],"product_brand":[],"product_cat":[290,668],"product_tag":[],"class_list":{"0":"post-392770","1":"product","2":"type-product","3":"status-publish","4":"has-post-thumbnail","6":"product_cat-logiciels-obd","7":"product_cat-vag","9":"first","10":"instock","11":"taxable","12":"shipping-taxable","13":"purchasable","14":"product-type-simple"},"acf":[],"brands":[],"_links":{"self":[{"href":"https:\/\/obd-diag.fr\/en\/wp-json\/wp\/v2\/product\/392770","targetHints":{"allow":["GET"]}}],"collection":[{"href":"https:\/\/obd-diag.fr\/en\/wp-json\/wp\/v2\/product"}],"about":[{"href":"https:\/\/obd-diag.fr\/en\/wp-json\/wp\/v2\/types\/product"}],"replies":[{"embeddable":true,"href":"https:\/\/obd-diag.fr\/en\/wp-json\/wp\/v2\/comments?post=392770"}],"wp:featuredmedia":[{"embeddable":true,"href":"https:\/\/obd-diag.fr\/en\/wp-json\/wp\/v2\/media\/393034"}],"wp:attachment":[{"href":"https:\/\/obd-diag.fr\/en\/wp-json\/wp\/v2\/media?parent=392770"}],"wp:term":[{"taxonomy":"pwb-brand","embeddable":true,"href":"https:\/\/obd-diag.fr\/en\/wp-json\/wp\/v2\/pwb-brand?post=392770"},{"taxonomy":"product_brand","embeddable":true,"href":"https:\/\/obd-diag.fr\/en\/wp-json\/wp\/v2\/product_brand?post=392770"},{"taxonomy":"product_cat","embeddable":true,"href":"https:\/\/obd-diag.fr\/en\/wp-json\/wp\/v2\/product_cat?post=392770"},{"taxonomy":"product_tag","embeddable":true,"href":"https:\/\/obd-diag.fr\/en\/wp-json\/wp\/v2\/product_tag?post=392770"}],"curies":[{"name":"wp","href":"https:\/\/api.w.org\/{rel}","templated":true}]}}