{"id":392774,"date":"2022-09-15T14:11:00","date_gmt":"2022-09-15T14:11:00","guid":{"rendered":"https:\/\/obd-diag.fr\/produit\/dialogys-v-4-90-telechargement\/"},"modified":"2024-09-22T16:30:42","modified_gmt":"2024-09-22T16:30:42","slug":"dialogys-v-4-90-telechargement","status":"publish","type":"product","link":"https:\/\/obd-diag.fr\/en\/product\/dialogys-v-4-90-telechargement\/","title":{"rendered":"DIALOGYS V 4.90 &#8211; T\u00c9L\u00c9CHARGEMENT"},"content":{"rendered":"<h2>Dialogys software (Parts and repair catalog for Renault group vehicles)<\/h2>\n<p>Compatible with Windows 7\/8\/10\/11<\/p>\n<p>Multilingual including French<\/p>\n<p><strong>File size :<\/strong> 12 GB<\/p>\n<p><span style=\"text-decoration: underline;\">Remote installation included<\/span><\/p>","protected":false},"excerpt":{"rendered":"<p><img decoding=\"async\" class=\"size-medium wp-image-392536 aligncenter\" src=\"https:\/\/obd-diag.fr\/wp-content\/uploads\/2022\/08\/badges-de-confiance-obd-diag.com_-300x83.png\" alt=\"badges-de-confiance-obd-diag.com\" width=\"300\" height=\"83\" data-wp-pid=\"392536\" \/><\/p>\n<p style=\"text-align: center;\"><img decoding=\"async\" class=\"size-full wp-image-392537 aligncenter\" src=\"https:\/\/obd-diag.fr\/wp-content\/uploads\/2022\/08\/visas-icons-paypal.png\" alt=\"visas-icons-paypal\" width=\"200\" height=\"32\" data-wp-pid=\"392537\" \/><\/p>\n<p style=\"text-align: center;\">\ud83d\udcbb Aide et assistance \u00e0 l&#8217;installation incluses via Ultraviewer\ud83d\udc68\ud83c\udffc\u200d\ud83d\udcbb! <strong><del>Au lieu de 39.99\u20ac<\/del><\/strong><\/p>\n<details class=\"product-summary-details\">\n<summary><strong>Renault Dialogys V 4.90 &#8211; Documentation Technique et Catalogue de Pi\u00e8ces<\/strong><\/summary>\n<p>THE <strong>Dialogys V 4.90<\/strong> est un logiciel de documentation complet pour les v\u00e9hicules Renault et Dacia. Il comprend des manuels de r\u00e9paration, des sch\u00e9mas d\u00e9taill\u00e9s, des catalogues de pi\u00e8ces et des instructions de maintenance. Utilis\u00e9 par les concessionnaires et les ateliers professionnels, Dialogys est essentiel pour des r\u00e9parations pr\u00e9cises et efficaces.<\/p>\n<h3>Caract\u00e9ristiques principales :<\/h3>\n<ul>\n<li><strong>Documentation compl\u00e8te :<\/strong> Contient des manuels de r\u00e9paration, des proc\u00e9dures de maintenance et des sch\u00e9mas pour les v\u00e9hicules Renault et Dacia.<\/li>\n<li><strong>Catalogue de pi\u00e8ces :<\/strong> Offre un acc\u00e8s rapide aux r\u00e9f\u00e9rences des pi\u00e8ces d\u00e9tach\u00e9es pour faciliter les r\u00e9parations et la commande de pi\u00e8ces.<\/li>\n<li><strong>Multilingual:<\/strong> Disponible en plusieurs langues, dont le fran\u00e7ais, l&#8217;anglais et l&#8217;espagnol.<\/li>\n<li><strong>Mises \u00e0 jour :<\/strong> La version 4.90 couvre les derniers v\u00e9hicules jusqu&#8217;\u00e0 2018.<\/li>\n<\/ul>\n<h3>Compatibility:<\/h3>\n<ul>\n<li>Supporte les mod\u00e8les Renault et Dacia jusqu&#8217;en 2018.<\/li>\n<li>Fonctionne sur Windows XP, 7, 8, 10 (32 et 64 bits).<\/li>\n<\/ul>\n<h3>Contenu du pack :<\/h3>\n<ul>\n<li>1x Logiciel Renault Dialogys V 4.90<\/li>\n<li>1x Manuel d&#8217;installation et support utilisateur<\/li>\n<\/ul>\n<h3>Fonctionnalit\u00e9s suppl\u00e9mentaires :<\/h3>\n<ul>\n<li>Acc\u00e8s aux temps de main-d&#8217;\u0153uvre standard et instructions pour la r\u00e9paration de carrosserie et m\u00e9canique.<\/li>\n<\/ul>\n<h3>Compatibilit\u00e9 des syst\u00e8mes :<\/h3>\n<p>Fonctionne sur Windows XP, 7, 8, et 10. Requiert 12 Go d&#8217;espace disque pour une installation compl\u00e8te.<\/p>\n<\/details>","protected":false},"featured_media":393130,"comment_status":"open","ping_status":"closed","template":"","meta":{"_acf_changed":false},"pwb-brand":[],"product_brand":[],"product_cat":[290],"product_tag":[],"class_list":{"0":"post-392774","1":"product","2":"type-product","3":"status-publish","4":"has-post-thumbnail","6":"product_cat-logiciels-obd","8":"first","9":"instock","10":"taxable","11":"shipping-taxable","12":"purchasable","13":"product-type-simple"},"acf":[],"brands":[],"_links":{"self":[{"href":"https:\/\/obd-diag.fr\/en\/wp-json\/wp\/v2\/product\/392774","targetHints":{"allow":["GET"]}}],"collection":[{"href":"https:\/\/obd-diag.fr\/en\/wp-json\/wp\/v2\/product"}],"about":[{"href":"https:\/\/obd-diag.fr\/en\/wp-json\/wp\/v2\/types\/product"}],"replies":[{"embeddable":true,"href":"https:\/\/obd-diag.fr\/en\/wp-json\/wp\/v2\/comments?post=392774"}],"wp:featuredmedia":[{"embeddable":true,"href":"https:\/\/obd-diag.fr\/en\/wp-json\/wp\/v2\/media\/393130"}],"wp:attachment":[{"href":"https:\/\/obd-diag.fr\/en\/wp-json\/wp\/v2\/media?parent=392774"}],"wp:term":[{"taxonomy":"pwb-brand","embeddable":true,"href":"https:\/\/obd-diag.fr\/en\/wp-json\/wp\/v2\/pwb-brand?post=392774"},{"taxonomy":"product_brand","embeddable":true,"href":"https:\/\/obd-diag.fr\/en\/wp-json\/wp\/v2\/product_brand?post=392774"},{"taxonomy":"product_cat","embeddable":true,"href":"https:\/\/obd-diag.fr\/en\/wp-json\/wp\/v2\/product_cat?post=392774"},{"taxonomy":"product_tag","embeddable":true,"href":"https:\/\/obd-diag.fr\/en\/wp-json\/wp\/v2\/product_tag?post=392774"}],"curies":[{"name":"wp","href":"https:\/\/api.w.org\/{rel}","templated":true}]}}