{"id":392780,"date":"2022-09-15T14:11:00","date_gmt":"2022-09-15T14:11:00","guid":{"rendered":"https:\/\/obd-diag.fr\/produit\/bmw-inpa-v-5-0-6-telechargement\/"},"modified":"2025-06-10T12:45:13","modified_gmt":"2025-06-10T12:45:13","slug":"bmw-inpa-v-5-0-6-telechargement","status":"publish","type":"product","link":"https:\/\/obd-diag.fr\/en\/product\/bmw-inpa-v-5-0-6-telechargement\/","title":{"rendered":"BMW INPA V 5.0.6 &#8211; (T\u00c9L\u00c9CHARGEMENT) + EDIABAS + CODING + NCS-EXPERT"},"content":{"rendered":"<div id=\"ez-toc-container\" class=\"ez-toc-v2_0_73 counter-hierarchy ez-toc-counter ez-toc-grey ez-toc-container-direction\">\n<div class=\"ez-toc-title-container\">\n<p class=\"ez-toc-title\" style=\"cursor:inherit\">Summary<\/p>\n<span class=\"ez-toc-title-toggle\"><a href=\"#\" class=\"ez-toc-pull-right ez-toc-btn ez-toc-btn-xs ez-toc-btn-default ez-toc-toggle\" aria-label=\"Toggle Table of Contents\"><span class=\"ez-toc-js-icon-con\"><span class=\"\"><span class=\"eztoc-hide\" style=\"display:none;\">Toggle<\/span><span class=\"ez-toc-icon-toggle-span\"><svg style=\"fill: #999;color:#999\" xmlns=\"http:\/\/www.w3.org\/2000\/svg\" class=\"list-377408\" width=\"20px\" height=\"20px\" viewbox=\"0 0 24 24\" fill=\"none\"><path d=\"M6 6H4v2h2V6zm14 0H8v2h12V6zM4 11h2v2H4v-2zm16 0H8v2h12v-2zM4 16h2v2H4v-2zm16 0H8v2h12v-2z\" fill=\"currentColor\"><\/path><\/svg><svg style=\"fill: #999;color:#999\" class=\"arrow-unsorted-368013\" xmlns=\"http:\/\/www.w3.org\/2000\/svg\" width=\"10px\" height=\"10px\" viewbox=\"0 0 24 24\" version=\"1.2\" baseprofile=\"tiny\"><path d=\"M18.2 9.3l-6.2-6.3-6.2 6.3c-.2.2-.3.4-.3.7s.1.5.3.7c.2.2.4.3.7.3h11c.3 0 .5-.1.7-.3.2-.2.3-.5.3-.7s-.1-.5-.3-.7zM5.8 14.7l6.2 6.3 6.2-6.3c.2-.2.3-.5.3-.7s-.1-.5-.3-.7c-.2-.2-.4-.3-.7-.3h-11c-.3 0-.5.1-.7.3-.2.2-.3.5-.3.7s.1.5.3.7z\"\/><\/svg><\/span><\/span><\/span><\/a><\/span><\/div>\n<nav><ul class='ez-toc-list ez-toc-list-level-1' ><ul class='ez-toc-list-level-2' ><li class='ez-toc-heading-level-2'><a class=\"ez-toc-link ez-toc-heading-1\" href=\"https:\/\/obd-diag.fr\/en\/product\/bmw-inpa-v-5-0-6-telechargement\/#Logiciels_INPA_NCS-EXPERT_WINKFP_V_506\" title=\"Software INPA, NCS-EXPERT, WINKFP V 5.0.6\">Software INPA, NCS-EXPERT, WINKFP V 5.0.6<\/a><\/li><\/ul><\/li><li class='ez-toc-page-1 ez-toc-heading-level-1'><a class=\"ez-toc-link ez-toc-heading-2\" href=\"https:\/\/obd-diag.fr\/en\/product\/bmw-inpa-v-5-0-6-telechargement\/#Description_complete_du_logiciel_INPA\" title=\"Complete description of the INPA software\">Complete description of the INPA software<\/a><ul class='ez-toc-list-level-2' ><li class='ez-toc-heading-level-2'><a class=\"ez-toc-link ez-toc-heading-3\" href=\"https:\/\/obd-diag.fr\/en\/product\/bmw-inpa-v-5-0-6-telechargement\/#Introduction\" title=\"Introduction\">Introduction<\/a><\/li><li class='ez-toc-page-1 ez-toc-heading-level-2'><a class=\"ez-toc-link ez-toc-heading-4\" href=\"https:\/\/obd-diag.fr\/en\/product\/bmw-inpa-v-5-0-6-telechargement\/#Fonctionnalites_du_logiciel_INPA\" title=\"INPA software features\">INPA software features<\/a><\/li><li class='ez-toc-page-1 ez-toc-heading-level-2'><a class=\"ez-toc-link ez-toc-heading-5\" href=\"https:\/\/obd-diag.fr\/en\/product\/bmw-inpa-v-5-0-6-telechargement\/#Vehicules_pris_en_charge_par_le_logiciel_INPA\" title=\"Vehicles supported by INPA software\">Vehicles supported by INPA software<\/a><ul class='ez-toc-list-level-3' ><li class='ez-toc-heading-level-3'><a class=\"ez-toc-link ez-toc-heading-6\" href=\"https:\/\/obd-diag.fr\/en\/product\/bmw-inpa-v-5-0-6-telechargement\/#Liste_des_fonctionnalites_prise_en_charge_par_INPA\" title=\"Liste des fonctionnalit\u00e9s prise en charge par INPA :\">Liste des fonctionnalit\u00e9s prise en charge par INPA :<\/a><\/li><\/ul><\/li><\/ul><\/li><\/ul><\/nav><\/div>\n<h2><span class=\"ez-toc-section\" id=\"Logiciels_INPA_NCS-EXPERT_WINKFP_V_506\"><\/span><strong>Software INPA, NCS-EXPERT, WINKFP V 5.0.6<\/strong><span class=\"ez-toc-section-end\"><\/span><\/h2>\n<p><strong>Language :<\/strong> English<br \/>\nCompatible with Windows XP\/7\/8\/10\/11<br \/>\n<strong>File size :<\/strong> 165 MB<br \/>\nOptional remote installation<\/p>\n<p>&nbsp;<\/p>\n<h1><span class=\"ez-toc-section\" id=\"Description_complete_du_logiciel_INPA\"><\/span>Complete description of the INPA software<span class=\"ez-toc-section-end\"><\/span><\/h1>\n<h2><span class=\"ez-toc-section\" id=\"Introduction\"><\/span>Introduction<span class=\"ez-toc-section-end\"><\/span><\/h2>\n<p><a href=\"https:\/\/obd-diag.fr\/en\/product\/ediabas-cable-de-diagnostic-obdii-pour-bmw-in-pa-interface-usb-avec-puce-ft232rl-e46-k-can-k-in-pa\/\">INPA<\/a> is a <a href=\"https:\/\/obd-diag.fr\/en\/product\/pack-logiciels-vcds-telechargement\/\">logiciel de diagnostic automobile<\/a> destin\u00e9 aux v\u00e9hicules BMW. Il permet de lire les codes d&#8217;erreur stock\u00e9s dans les diff\u00e9rents modules du v\u00e9hicule, d&#8217;effectuer des tests de diagnostic, de r\u00e9gler les param\u00e8tres de certains composants et de programmer certaines fonctions.<\/p>\n<h2><span class=\"ez-toc-section\" id=\"Fonctionnalites_du_logiciel_INPA\"><\/span>INPA software features<span class=\"ez-toc-section-end\"><\/span><\/h2>\n<p><a href=\"https:\/\/obd-diag.fr\/en\/product\/ediabas-cable-de-diagnostic-obdii-pour-bmw-in-pa-interface-usb-avec-puce-ft232rl-e46-k-can-k-in-pa\/\">INPA<\/a> est principalement utilis\u00e9 pour le diagnostic de panne des voitures BMW. Il permet de lire les codes d&#8217;erreur stock\u00e9s dans les diff\u00e9rents modules du v\u00e9hicule, tels que le module moteur, le module de transmission, le module de freinage, le module de climatisation, etc. <a href=\"https:\/\/obd-diag.fr\/en\/product\/ediabas-cable-de-diagnostic-obdii-pour-bmw-in-pa-interface-usb-avec-puce-ft232rl-e46-k-can-k-in-pa\/\">INPA<\/a> fournit \u00e9galement des informations sur les param\u00e8tres du v\u00e9hicule, tels que la temp\u00e9rature du liquide de refroidissement, la tension de la batterie, la vitesse du moteur, etc.<\/p>\n<p>The software is also capable of performing diagnostic tests for different vehicle components. For example, it can activate fuel injectors, EGR valves, fuel pumps, solenoid valves, relays, fans, etc. to check their proper functioning.<\/p>\n<p><a href=\"https:\/\/obd-diag.fr\/en\/product\/ediabas-cable-de-diagnostic-obdii-pour-bmw-in-pa-interface-usb-avec-puce-ft232rl-e46-k-can-k-in-pa\/\">INPA<\/a> permet \u00e9galement la programmation de certaines fonctions du v\u00e9hicule, telles que la reprogrammation du module de commande du moteur ou la programmation de cl\u00e9s suppl\u00e9mentaires.<\/p>\n<h2><span class=\"ez-toc-section\" id=\"Vehicules_pris_en_charge_par_le_logiciel_INPA\"><\/span>Vehicles supported by INPA software<span class=\"ez-toc-section-end\"><\/span><\/h2>\n<p><a href=\"https:\/\/obd-diag.fr\/en\/product\/ediabas-cable-de-diagnostic-obdii-pour-bmw-in-pa-interface-usb-avec-puce-ft232rl-e46-k-can-k-in-pa\/\">INPA<\/a> est principalement destin\u00e9 aux voitures BMW, notamment les mod\u00e8les des s\u00e9ries E36, E38, E39, E46, E53, E83 et E85. Le logiciel prend en charge diff\u00e9rents types de moteurs, tels que les moteurs \u00e0 essence et diesel, les moteurs \u00e0 quatre et six cylindres, ainsi que les moteurs V8 et V12.<\/p>\n<p><a href=\"https:\/\/obd-diag.fr\/en\/product\/ediabas-cable-de-diagnostic-obdii-pour-bmw-in-pa-interface-usb-avec-puce-ft232rl-e46-k-can-k-in-pa\/\">INPA<\/a> peut \u00e9galement \u00eatre utilis\u00e9 pour diagnostiquer certains mod\u00e8les de motos BMW \u00e9quip\u00e9es d&#8217;un syst\u00e8me de gestion \u00e9lectronique du moteur.<\/p>\n<p>Il convient de noter que <a href=\"https:\/\/obd-diag.fr\/en\/product\/ediabas-cable-de-diagnostic-obdii-pour-bmw-in-pa-interface-usb-avec-puce-ft232rl-e46-k-can-k-in-pa\/\">INPA<\/a> est un logiciel avanc\u00e9 destin\u00e9 aux professionnels de l&#8217;automobile et n\u00e9cessite une formation pour une utilisation appropri\u00e9e.<\/p>\n<h3><span class=\"ez-toc-section\" id=\"Liste_des_fonctionnalites_prise_en_charge_par_INPA\"><\/span>Liste des fonctionnalit\u00e9s prise en charge par INPA :<span class=\"ez-toc-section-end\"><\/span><\/h3>\n<ul>\n<li><strong>Prise en charge compl\u00e8te des cas d\u2019utilisation :<\/strong> Inclut l&#8217;ing\u00e9nierie, le test, la production et les services apr\u00e8s-vente.<\/li>\n<li><strong>Sp\u00e9cification des donn\u00e9es de diagnostic :<\/strong> Pour les unit\u00e9s de commande \u00e9lectronique (<a href=\"https:\/\/obd-diag.fr\/en\/product\/renolink-programmateur-ecu-v1-94-v1-87-cable-de-diagnostic-obd2-interface-pour-renault-dacia-codage-de-cle-airbag-reno-link-1-87\/\">ECU<\/a>).<\/li>\n<li><strong>Gestion des erreurs :<\/strong> Lecture et effacement de la m\u00e9moire d\u2019erreur.<\/li>\n<li><strong>Gestion des donn\u00e9es FLASH :<\/strong> Permet le t\u00e9l\u00e9chargement et le chargement de donn\u00e9es FLASH.<\/li>\n<li><strong>Mesure et analyse :<\/strong> Lecture de la valeur de mesure.<\/li>\n<li><strong>Contr\u00f4le des entr\u00e9es\/sorties :<\/strong> Pour tester et ajuster les signaux.<\/li>\n<li><strong>\u00c9talonnage des variables :<\/strong> Permet l&#8217;\u00e9talonnage de variables simples de l&#8217;unit\u00e9 de commande.<\/li>\n<li><strong>Codage des variables <a href=\"https:\/\/obd-diag.fr\/en\/product\/renolink-programmateur-ecu-v1-94-v1-87-cable-de-diagnostic-obd2-interface-pour-renault-dacia-codage-de-cle-airbag-reno-link-1-87\/\">ECU<\/a> :<\/strong> Pour personnaliser les fonctionnalit\u00e9s du v\u00e9hicule.<\/li>\n<li><strong>Emulation du mode de bus CAN :<\/strong> Simule le r\u00e9seau CAN (Controller Area Network).<\/li>\n<li><strong>Solutions int\u00e9gr\u00e9es :<\/strong> Adapt\u00e9es aux environnements embarqu\u00e9s et non embarqu\u00e9s.<\/li>\n<li><strong>Configuration simplifi\u00e9e :<\/strong> Interface graphique et donn\u00e9es de communication facilement configurables sans n\u00e9cessiter de programmation.<\/li>\n<li><strong>Support des protocoles sp\u00e9cifiques au client :<\/strong> Assure une compatibilit\u00e9 \u00e9tendue.<\/li>\n<li><strong>Durabilit\u00e9 et conformit\u00e9 :<\/strong> Support \u00e0 long terme gr\u00e2ce \u00e0 l\u2019adoption des normes ASAM.<\/li>\n<li><strong>Multilinguisme :<\/strong> Disponible en anglais et en allemand.<\/li>\n<\/ul>\n<p>Voici un aper\u00e7u en vid\u00e9o :<\/p>\n<p><iframe title=\"YouTube video player\" src=\"https:\/\/www.youtube.com\/embed\/bwHODtipIsg?si=cM3fDvPRKUwGDEVj\" width=\"560\" height=\"315\" frameborder=\"0\" allowfullscreen=\"allowfullscreen\"><\/iframe><\/p>\n<p style=\"font-weight: 400;\"><b><strong>V\u00e9hicules compatibles :<\/strong><\/b><\/p>\n<p style=\"font-weight: 400;\">Mod\u00e8les de la s\u00e9rie F<\/p>\n<p><strong>S\u00e9rie F (mod\u00e8les vari\u00e9s)<\/strong><\/p>\n<ul>\n<li>Inclut sp\u00e9cifiquement les mod\u00e8les de la s\u00e9rie F sans d\u00e9tail sur les mod\u00e8les individuels.<\/li>\n<\/ul>\n<p><strong>S\u00e9rie 5 et 6<\/strong><\/p>\n<ul>\n<li>E60 (incluant E61, E63, E64) : Correspond aux mod\u00e8les 5er (S\u00e9rie 5) et 6er (S\u00e9rie 6).<\/li>\n<\/ul>\n<p><strong>S\u00e9rie X5 et X6<\/strong><\/p>\n<ul>\n<li>E70 (incluant E71, E72) : D\u00e9signe les mod\u00e8les X5 et X6.<\/li>\n<\/ul>\n<p><strong>S\u00e9rie X3<\/strong><\/p>\n<ul>\n<li>E83 : Repr\u00e9sente le mod\u00e8le X3.<\/li>\n<\/ul>\n<p><strong>S\u00e9rie Z4 (premi\u00e8re g\u00e9n\u00e9ration)<\/strong><\/p>\n<ul>\n<li>E85 (incluant E86) : Correspond au mod\u00e8le Z4.<\/li>\n<\/ul>\n<p><strong>S\u00e9rie 3<\/strong><\/p>\n<ul>\n<li>E90 (incluant E91, E92, E93) : D\u00e9signe les mod\u00e8les 3er (S\u00e9rie 3).<\/li>\n<\/ul>\n<p><strong>Mini Cooper<\/strong><\/p>\n<ul>\n<li>R56 (incluant R55, R57) : Repr\u00e9sente les variantes de la Mini Cooper.<\/li>\n<li>R50 (incluant R52, R53) : Autres variantes de la Mini Cooper.<\/li>\n<\/ul>\n<p><strong>Rolls Royce<\/strong><\/p>\n<ul>\n<li>RR1 (incluant RR2, RR3) : Mod\u00e8les sp\u00e9cifiques de Rolls Royce.<\/li>\n<li>RR4 : Un autre mod\u00e8le de Rolls Royce.<\/li>\n<\/ul>\n<p><strong>S\u00e9rie Z4 (seconde g\u00e9n\u00e9ration)<\/strong><\/p>\n<ul>\n<li>E89 : Repr\u00e9sente le mod\u00e8le Z4 de la seconde g\u00e9n\u00e9ration.<\/li>\n<\/ul>\n<p><strong>S\u00e9rie 7<\/strong><\/p>\n<ul>\n<li>E65 (incluant E66, E67) : Correspond aux mod\u00e8les 7er (S\u00e9rie 7).<\/li>\n<\/ul>","protected":false},"excerpt":{"rendered":"<p><img decoding=\"async\" class=\"size-medium wp-image-392536 aligncenter\" src=\"https:\/\/obd-diag.fr\/wp-content\/uploads\/2022\/08\/badges-de-confiance-obd-diag.com_-300x83.png\" alt=\"badges-de-confiance-obd-diag.com\" width=\"300\" height=\"83\" data-wp-pid=\"392536\" \/><\/p>\n<p style=\"text-align: center;\"><img decoding=\"async\" class=\"size-full wp-image-392537 aligncenter\" src=\"https:\/\/obd-diag.fr\/wp-content\/uploads\/2022\/08\/visas-icons-paypal.png\" alt=\"visas-icons-paypal\" width=\"200\" height=\"32\" data-wp-pid=\"392537\" \/><\/p>\n<p style=\"text-align: center;\">\ud83d\udcbb Aide et assistance \u00e0 l&#8217;installation incluses via Ultraviewer\ud83d\udc68\ud83c\udffc\u200d\ud83d\udcbb! <strong><del>Au lieu de 39.99\u20ac<\/del><\/strong><\/p>\n<details class=\"product-summary-details\">\n<summary><strong>INPA V5.0.6 &#8211; Outil de Diagnostic pour BMW<\/strong><\/summary>\n<p>THE <strong>INPA V5.0.6<\/strong> est un logiciel de diagnostic complet utilis\u00e9 pour diagnostiquer les v\u00e9hicules BMW. Il fait partie des outils d&#8217;origine BMW utilis\u00e9s par les techniciens professionnels pour acc\u00e9der aux syst\u00e8mes \u00e9lectroniques des v\u00e9hicules et r\u00e9aliser des diagnostics approfondis. Ce logiciel permet l&#8217;acc\u00e8s \u00e0 de nombreux modules ECU (moteur, transmission, ABS, airbags, etc.), tout en offrant des fonctionnalit\u00e9s de lecture et de suppression des codes d&#8217;erreur, ainsi que des tests de syst\u00e8mes en temps r\u00e9el.<\/p>\n<h3>Caract\u00e9ristiques principales :<\/h3>\n<ul>\n<li><strong>Diagnostic complet des syst\u00e8mes :<\/strong> Acc\u00e9dez aux modules ECU pour des diagnostics d\u00e9taill\u00e9s sur les syst\u00e8mes moteur, transmission, ABS, airbags, et bien plus.<\/li>\n<li><strong>Lecture et suppression des codes d&#8217;erreur :<\/strong> Identifiez rapidement les probl\u00e8mes potentiels en lisant les codes d&#8217;erreur, et supprimez-les apr\u00e8s r\u00e9paration.<\/li>\n<li><strong>Donn\u00e9es en temps r\u00e9el :<\/strong> Surveillez les donn\u00e9es des capteurs du moteur, telles que la temp\u00e9rature, la pression, le d\u00e9bit d&#8217;air, et bien plus encore.<\/li>\n<li><strong>Tests d&#8217;actionneurs :<\/strong> Permet d&#8217;activer et de tester individuellement des composants comme les ventilateurs, pompes \u00e0 carburant, et autres actionneurs pour un diagnostic pr\u00e9cis.<\/li>\n<li><strong>Supporte les protocoles K-Line et D-CAN :<\/strong> Fonctionne avec des v\u00e9hicules plus anciens ainsi que des mod\u00e8les r\u00e9cents dot\u00e9s du protocole D-CAN.<\/li>\n<\/ul>\n<h3>Compatibility:<\/h3>\n<ul>\n<li>Compatible avec la plupart des v\u00e9hicules BMW, y compris les s\u00e9ries E et F.<\/li>\n<li>Fonctionne sur Windows XP, 7, 8, et 10 (32 et 64 bits).<\/li>\n<\/ul>\n<h3>Contenu du pack :<\/h3>\n<ul>\n<li>1x Logiciel INPA V5.0.6<\/li>\n<li>1x Manuel d&#8217;installation d\u00e9taill\u00e9<\/li>\n<\/ul>\n<h3>Fonctionnalit\u00e9s suppl\u00e9mentaires :<\/h3>\n<ul>\n<li>Capacit\u00e9 de calibrer certains capteurs et de programmer des modules sp\u00e9cifiques.<\/li>\n<li>Disponible en plusieurs langues, y compris le fran\u00e7ais, l&#8217;anglais et l&#8217;allemand.<\/li>\n<\/ul>\n<h3>Compatibilit\u00e9 des syst\u00e8mes :<\/h3>\n<p>Fonctionne sur Windows XP, 7, 8, et 10, n\u00e9cessitant un minimum de 2 Go de RAM et 1 Go d&#8217;espace disque.<\/p>\n<\/details>","protected":false},"featured_media":393025,"comment_status":"open","ping_status":"closed","template":"","meta":{"_acf_changed":false},"pwb-brand":[],"product_brand":[],"product_cat":[108,290],"product_tag":[],"class_list":{"0":"post-392780","1":"product","2":"type-product","3":"status-publish","4":"has-post-thumbnail","6":"product_cat-valises-bmw","7":"product_cat-logiciels-obd","9":"first","10":"instock","11":"taxable","12":"shipping-taxable","13":"purchasable","14":"product-type-simple"},"acf":[],"brands":[],"_links":{"self":[{"href":"https:\/\/obd-diag.fr\/en\/wp-json\/wp\/v2\/product\/392780","targetHints":{"allow":["GET"]}}],"collection":[{"href":"https:\/\/obd-diag.fr\/en\/wp-json\/wp\/v2\/product"}],"about":[{"href":"https:\/\/obd-diag.fr\/en\/wp-json\/wp\/v2\/types\/product"}],"replies":[{"embeddable":true,"href":"https:\/\/obd-diag.fr\/en\/wp-json\/wp\/v2\/comments?post=392780"}],"wp:featuredmedia":[{"embeddable":true,"href":"https:\/\/obd-diag.fr\/en\/wp-json\/wp\/v2\/media\/393025"}],"wp:attachment":[{"href":"https:\/\/obd-diag.fr\/en\/wp-json\/wp\/v2\/media?parent=392780"}],"wp:term":[{"taxonomy":"pwb-brand","embeddable":true,"href":"https:\/\/obd-diag.fr\/en\/wp-json\/wp\/v2\/pwb-brand?post=392780"},{"taxonomy":"product_brand","embeddable":true,"href":"https:\/\/obd-diag.fr\/en\/wp-json\/wp\/v2\/product_brand?post=392780"},{"taxonomy":"product_cat","embeddable":true,"href":"https:\/\/obd-diag.fr\/en\/wp-json\/wp\/v2\/product_cat?post=392780"},{"taxonomy":"product_tag","embeddable":true,"href":"https:\/\/obd-diag.fr\/en\/wp-json\/wp\/v2\/product_tag?post=392780"}],"curies":[{"name":"wp","href":"https:\/\/api.w.org\/{rel}","templated":true}]}}