{"id":392786,"date":"2022-09-15T14:11:00","date_gmt":"2022-09-15T14:11:00","guid":{"rendered":"https:\/\/obd-diag.fr\/produit\/logiciel-delphi-autocom-2020-telechargement\/"},"modified":"2025-02-20T17:06:55","modified_gmt":"2025-02-20T17:06:55","slug":"logiciel-delphi-autocom-2020-telechargement","status":"publish","type":"product","link":"https:\/\/obd-diag.fr\/en\/product\/logiciel-delphi-autocom-2020-telechargement\/","title":{"rendered":"Logiciel Delphi + Autocom 2020 &#8211; T\u00c9L\u00c9CHARGEMENT"},"content":{"rendered":"<p><em>If you don&#039;t yet have the<a href=\"https:\/\/obd-diag.fr\/en\/product\/valise-de-diag-obd-multimarque-delphi-ds-150e-voitures-et-camions-bluetooth-usb\/\">OBD interface: Delphi DS150E we sell it here<\/a><\/em><\/p>\n<div id=\"ez-toc-container\" class=\"ez-toc-v2_0_73 counter-hierarchy ez-toc-counter ez-toc-grey ez-toc-container-direction\">\n<div class=\"ez-toc-title-container\">\n<p class=\"ez-toc-title\" style=\"cursor:inherit\">Summary<\/p>\n<span class=\"ez-toc-title-toggle\"><a href=\"#\" class=\"ez-toc-pull-right ez-toc-btn ez-toc-btn-xs ez-toc-btn-default ez-toc-toggle\" aria-label=\"Toggle Table of Contents\"><span class=\"ez-toc-js-icon-con\"><span class=\"\"><span class=\"eztoc-hide\" style=\"display:none;\">Toggle<\/span><span class=\"ez-toc-icon-toggle-span\"><svg style=\"fill: #999;color:#999\" xmlns=\"http:\/\/www.w3.org\/2000\/svg\" class=\"list-377408\" width=\"20px\" height=\"20px\" viewbox=\"0 0 24 24\" fill=\"none\"><path d=\"M6 6H4v2h2V6zm14 0H8v2h12V6zM4 11h2v2H4v-2zm16 0H8v2h12v-2zM4 16h2v2H4v-2zm16 0H8v2h12v-2z\" fill=\"currentColor\"><\/path><\/svg><svg style=\"fill: #999;color:#999\" class=\"arrow-unsorted-368013\" xmlns=\"http:\/\/www.w3.org\/2000\/svg\" width=\"10px\" height=\"10px\" viewbox=\"0 0 24 24\" version=\"1.2\" baseprofile=\"tiny\"><path d=\"M18.2 9.3l-6.2-6.3-6.2 6.3c-.2.2-.3.4-.3.7s.1.5.3.7c.2.2.4.3.7.3h11c.3 0 .5-.1.7-.3.2-.2.3-.5.3-.7s-.1-.5-.3-.7zM5.8 14.7l6.2 6.3 6.2-6.3c.2-.2.3-.5.3-.7s-.1-.5-.3-.7c-.2-.2-.4-.3-.7-.3h-11c-.3 0-.5.1-.7.3-.2.2-.3.5-.3.7s.1.5.3.7z\"\/><\/svg><\/span><\/span><\/span><\/a><\/span><\/div>\n<nav><ul class='ez-toc-list ez-toc-list-level-1' ><ul class='ez-toc-list-level-2' ><li class='ez-toc-heading-level-2'><a class=\"ez-toc-link ez-toc-heading-1\" href=\"https:\/\/obd-diag.fr\/en\/product\/logiciel-delphi-autocom-2020-telechargement\/#Logiciel_DELPHI_AUTOCOM_2020\" title=\"DELPHI + AUTOCOM 2020 software\">DELPHI + AUTOCOM 2020 software<\/a><\/li><\/ul><\/li><li class='ez-toc-page-1 ez-toc-heading-level-1'><a class=\"ez-toc-link ez-toc-heading-2\" href=\"https:\/\/obd-diag.fr\/en\/product\/logiciel-delphi-autocom-2020-telechargement\/#Description_complete_dAutocom\" title=\"Full description of Autocom\">Full description of Autocom<\/a><ul class='ez-toc-list-level-2' ><li class='ez-toc-heading-level-2'><a class=\"ez-toc-link ez-toc-heading-3\" href=\"https:\/\/obd-diag.fr\/en\/product\/logiciel-delphi-autocom-2020-telechargement\/#Introduction\" title=\"Introduction\">Introduction<\/a><\/li><li class='ez-toc-page-1 ez-toc-heading-level-2'><a class=\"ez-toc-link ez-toc-heading-4\" href=\"https:\/\/obd-diag.fr\/en\/product\/logiciel-delphi-autocom-2020-telechargement\/#Fonctionnalites_du_logiciel\" title=\"Software Features\">Software Features<\/a><ul class='ez-toc-list-level-3' ><li class='ez-toc-heading-level-3'><a class=\"ez-toc-link ez-toc-heading-5\" href=\"https:\/\/obd-diag.fr\/en\/product\/logiciel-delphi-autocom-2020-telechargement\/#Diagnostic\" title=\"Diagnostic\">Diagnostic<\/a><\/li><li class='ez-toc-page-1 ez-toc-heading-level-3'><a class=\"ez-toc-link ez-toc-heading-6\" href=\"https:\/\/obd-diag.fr\/en\/product\/logiciel-delphi-autocom-2020-telechargement\/#Reparation\" title=\"Repair\">Repair<\/a><\/li><li class='ez-toc-page-1 ez-toc-heading-level-3'><a class=\"ez-toc-link ez-toc-heading-7\" href=\"https:\/\/obd-diag.fr\/en\/product\/logiciel-delphi-autocom-2020-telechargement\/#Maintenance\" title=\"Maintenance\">Maintenance<\/a><\/li><li class='ez-toc-page-1 ez-toc-heading-level-3'><a class=\"ez-toc-link ez-toc-heading-8\" href=\"https:\/\/obd-diag.fr\/en\/product\/logiciel-delphi-autocom-2020-telechargement\/#Autres_fonctionnalites\" title=\"Other features\">Other features<\/a><\/li><\/ul><\/li><li class='ez-toc-page-1 ez-toc-heading-level-2'><a class=\"ez-toc-link ez-toc-heading-9\" href=\"https:\/\/obd-diag.fr\/en\/product\/logiciel-delphi-autocom-2020-telechargement\/#Vehicules_pris_en_charge\" title=\"Supported vehicles\">Supported vehicles<\/a><\/li><\/ul><\/li><li class='ez-toc-page-1 ez-toc-heading-level-1'><a class=\"ez-toc-link ez-toc-heading-10\" href=\"https:\/\/obd-diag.fr\/en\/product\/logiciel-delphi-autocom-2020-telechargement\/#Description_du_logiciel_de_diagnostic_Delphi\" title=\"Description of Delphi diagnostic software\">Description of Delphi diagnostic software<\/a><ul class='ez-toc-list-level-2' ><li class='ez-toc-heading-level-2'><a class=\"ez-toc-link ez-toc-heading-11\" href=\"https:\/\/obd-diag.fr\/en\/product\/logiciel-delphi-autocom-2020-telechargement\/#Introduction-2\" title=\"Introduction\">Introduction<\/a><\/li><li class='ez-toc-page-1 ez-toc-heading-level-2'><a class=\"ez-toc-link ez-toc-heading-12\" href=\"https:\/\/obd-diag.fr\/en\/product\/logiciel-delphi-autocom-2020-telechargement\/#Fonctionnalites_du_logiciel-2\" title=\"Software Features\">Software Features<\/a><\/li><li class='ez-toc-page-1 ez-toc-heading-level-2'><a class=\"ez-toc-link ez-toc-heading-13\" href=\"https:\/\/obd-diag.fr\/en\/product\/logiciel-delphi-autocom-2020-telechargement\/#Vehicules_pris_en_charge-2\" title=\"Supported vehicles\">Supported vehicles<\/a><\/li><\/ul><\/li><\/ul><\/nav><\/div>\n<h2><span class=\"ez-toc-section\" id=\"Logiciel_DELPHI_AUTOCOM_2020\"><\/span>DELPHI + AUTOCOM 2020 software<span class=\"ez-toc-section-end\"><\/span><\/h2>\n<p>License generator included<br \/>\n<strong>File size :<\/strong> 4GB<br \/>\n<strong>Version :<\/strong> 2020.23<br \/>\nMultilingual including French<br \/>\n<strong>Remote installation included<\/strong><\/p>\n<h1><span class=\"ez-toc-section\" id=\"Description_complete_dAutocom\"><\/span>Full description of Autocom<span class=\"ez-toc-section-end\"><\/span><\/h1>\n<h2><span class=\"ez-toc-section\" id=\"Introduction\"><\/span>Introduction<span class=\"ez-toc-section-end\"><\/span><\/h2>\n<p><a href=\"https:\/\/obd-diag.fr\/en\/product\/valise-de-diag-obd-multimarque-delphi-ds-150e-voitures-et-camions-bluetooth-usb\/\">Autocom<\/a> is a <a href=\"https:\/\/obd-diag.fr\/en\/product\/pack-logiciels-vcds-telechargement\/\">logiciel de diagnostic automobile<\/a> professionnel utilis\u00e9 pour diagnostiquer et r\u00e9soudre les probl\u00e8mes de v\u00e9hicules. Le logiciel est d\u00e9velopp\u00e9 par <a href=\"https:\/\/obd-diag.fr\/en\/product\/valise-de-diag-obd-multimarque-delphi-ds-150e-voitures-et-camions-bluetooth-usb\/\">Autocom<\/a> Diagnostics, une entreprise su\u00e9doise qui fournit des solutions de diagnostic automobile depuis plus de 30 ans. <a href=\"https:\/\/obd-diag.fr\/en\/product\/valise-de-diag-obd-multimarque-delphi-ds-150e-voitures-et-camions-bluetooth-usb\/\">Autocom<\/a> est utilis\u00e9 par des garages, des ateliers de r\u00e9paration et des concessionnaires automobiles pour diagnostiquer les probl\u00e8mes de v\u00e9hicules, effectuer des r\u00e9parations et maintenir les v\u00e9hicules en bon \u00e9tat de fonctionnement.<\/p>\n<h2><span class=\"ez-toc-section\" id=\"Fonctionnalites_du_logiciel\"><\/span>Software Features<span class=\"ez-toc-section-end\"><\/span><\/h2>\n<p><a href=\"https:\/\/obd-diag.fr\/en\/product\/valise-de-diag-obd-multimarque-delphi-ds-150e-voitures-et-camions-bluetooth-usb\/\">Autocom<\/a> propose une gamme de fonctionnalit\u00e9s pour diagnostiquer les v\u00e9hicules. Voici quelques-unes des fonctionnalit\u00e9s cl\u00e9s :<\/p>\n<h3><span class=\"ez-toc-section\" id=\"Diagnostic\"><\/span>Diagnostic<span class=\"ez-toc-section-end\"><\/span><\/h3>\n<p>The software <a href=\"https:\/\/obd-diag.fr\/en\/product\/valise-de-diag-obd-multimarque-delphi-ds-150e-voitures-et-camions-bluetooth-usb\/\">Autocom<\/a> permet de diagnostiquer les pannes des v\u00e9hicules en utilisant une vari\u00e9t\u00e9 de m\u00e9thodes, telles que la lecture des codes d&#8217;erreur, l&#8217;analyse des donn\u00e9es en temps r\u00e9el, la v\u00e9rification des composants et des syst\u00e8mes \u00e9lectroniques, et la lecture des donn\u00e9es de l&#8217;ECU (Electronic Control Unit).<\/p>\n<h3><span class=\"ez-toc-section\" id=\"Reparation\"><\/span>Repair<span class=\"ez-toc-section-end\"><\/span><\/h3>\n<p>Une fois le probl\u00e8me identifi\u00e9, <a href=\"https:\/\/obd-diag.fr\/en\/product\/valise-de-diag-obd-multimarque-delphi-ds-150e-voitures-et-camions-bluetooth-usb\/\">Autocom<\/a> fournit des instructions d\u00e9taill\u00e9es pour la r\u00e9paration du v\u00e9hicule. Les instructions incluent des <a href=\"https:\/\/obd-diag.fr\/en\/product\/renault-schema-cablages\/\">sch\u00e9mas de c\u00e2blage<\/a>, des sch\u00e9mas de circuits, des images de composants et des descriptions de proc\u00e9dures de r\u00e9paration.<\/p>\n<h3><span class=\"ez-toc-section\" id=\"Maintenance\"><\/span>Maintenance<span class=\"ez-toc-section-end\"><\/span><\/h3>\n<p><a href=\"https:\/\/obd-diag.fr\/en\/product\/valise-de-diag-obd-multimarque-delphi-ds-150e-voitures-et-camions-bluetooth-usb\/\">Autocom<\/a> permet \u00e9galement de suivre l&#8217;historique de maintenance du v\u00e9hicule et de planifier les futurs travaux de maintenance. Le logiciel offre \u00e9galement des rappels de maintenance en fonction du kilom\u00e9trage et des heures de fonctionnement.<\/p>\n<h3><span class=\"ez-toc-section\" id=\"Autres_fonctionnalites\"><\/span>Other features<span class=\"ez-toc-section-end\"><\/span><\/h3>\n<p><a href=\"https:\/\/obd-diag.fr\/en\/product\/valise-de-diag-obd-multimarque-delphi-ds-150e-voitures-et-camions-bluetooth-usb\/\">Autocom<\/a> comprend \u00e9galement des fonctionnalit\u00e9s telles que la configuration de l&#8217;ECU, la programmation de cl\u00e9, la r\u00e9initialisation des codes de service, la lecture des donn\u00e9es de capteurs, la calibration des syst\u00e8mes \u00e9lectroniques, et bien plus encore.<\/p>\n<h2><span class=\"ez-toc-section\" id=\"Vehicules_pris_en_charge\"><\/span>Supported vehicles<span class=\"ez-toc-section-end\"><\/span><\/h2>\n<p><a href=\"https:\/\/obd-diag.fr\/en\/product\/outil-de-diagnostic-multidiag-pro-tcs-obd2-top-2020-23-2018-r0-2017-r3-2016-r0-avec-keygen-pour-voitures-multiples-camions-avec-cable\/\">Autocom<\/a> supports a wide range of vehicles, including cars, trucks, buses, motorcycles and construction equipment. The software supports the most popular models from car manufacturers such as BMW, Ford, Volkswagen, Audi, Peugeot, Renault, Mercedes-Benz and many more.<\/p>\n<p><a href=\"https:\/\/obd-diag.fr\/en\/product\/valise-de-diag-obd-multimarque-delphi-ds-150e-voitures-et-camions-bluetooth-usb\/\">Autocom<\/a> est compatible avec les syst\u00e8mes \u00e9lectroniques les plus r\u00e9cents tels que CAN, K-line, J1850 et ISO9141, ainsi que les protocoles les plus anciens tels que PWM et VPW.<\/p>\n<p>En r\u00e9sum\u00e9, <a href=\"https:\/\/obd-diag.fr\/en\/product\/valise-de-diag-obd-multimarque-delphi-ds-150e-voitures-et-camions-bluetooth-usb\/\">Autocom<\/a> is a <a href=\"https:\/\/obd-diag.fr\/en\/product\/pack-logiciels-vcds-telechargement\/\">logiciel de diagnostic automobile<\/a> complet et polyvalent qui permet de diagnostiquer les pannes de v\u00e9hicules, de fournir des instructions de r\u00e9paration, de suivre l&#8217;historique de maintenance et de planifier les travaux de maintenance \u00e0 venir. Le logiciel prend en charge un large \u00e9ventail de v\u00e9hicules et de protocoles \u00e9lectroniques, ce qui en fait une solution de diagnostic automobile efficace pour les garages, les ateliers de r\u00e9paration et les concessionnaires automobiles.<\/p>\n<h1><span class=\"ez-toc-section\" id=\"Description_du_logiciel_de_diagnostic_Delphi\"><\/span>Description of Delphi diagnostic software<span class=\"ez-toc-section-end\"><\/span><\/h1>\n<h2><span class=\"ez-toc-section\" id=\"Introduction-2\"><\/span>Introduction<span class=\"ez-toc-section-end\"><\/span><\/h2>\n<p>Le logiciel de <a href=\"https:\/\/obd-diag.fr\/en\/product\/valise-de-diag-obd-multimarque-delphi-ds-150e-voitures-et-camions-bluetooth-usb\/\">diagnostic Delphi<\/a> is a <a href=\"https:\/\/obd-diag.fr\/en\/product\/launch-outil-de-diagnostic-automobile-creader-vii-plus-scanner-existent-transmission-de-moteur-abs-srs-airbag\/\">automotive diagnostic tool<\/a> utilis\u00e9 par les professionnels pour diagnostiquer et r\u00e9parer les probl\u00e8mes des v\u00e9hicules. Il permet aux m\u00e9caniciens de communiquer avec les diff\u00e9rents syst\u00e8mes du v\u00e9hicule, de lire et effacer les codes d&#8217;erreur, et de r\u00e9aliser des tests de performance.<\/p>\n<h2><span class=\"ez-toc-section\" id=\"Fonctionnalites_du_logiciel-2\"><\/span>Software Features<span class=\"ez-toc-section-end\"><\/span><\/h2>\n<p>Le logiciel de <a href=\"https:\/\/obd-diag.fr\/en\/product\/valise-de-diag-obd-multimarque-delphi-ds-150e-voitures-et-camions-bluetooth-usb\/\">diagnostic Delphi<\/a> dispose de nombreuses fonctionnalit\u00e9s pour aider les professionnels \u00e0 diagnostiquer et r\u00e9parer les v\u00e9hicules. Voici quelques-unes des principales fonctionnalit\u00e9s :<\/p>\n<ul>\n<li>Lecture et effacement des codes d&#8217;erreur : Le logiciel <a href=\"https:\/\/obd-diag.fr\/en\/product\/valise-de-diag-obd-multimarque-delphi-ds-150e-voitures-et-camions-bluetooth-usb\/\">Delphi<\/a> permet de lire et effacer les codes d&#8217;erreur des diff\u00e9rents syst\u00e8mes du v\u00e9hicule, tels que le moteur, la transmission, les freins, etc.<\/li>\n<li>Real-time monitoring: Mechanics can monitor various vehicle parameters in real time, such as speed, engine speed, coolant temperature, etc.<\/li>\n<li>Performance tests: The software <a href=\"https:\/\/obd-diag.fr\/en\/product\/outil-de-diagnostic-multidiag-pro-tcs-obd2-top-2020-23-2018-r0-2017-r3-2016-r0-avec-keygen-pour-voitures-multiples-camions-avec-cable\/\">Delphi<\/a> allows performance tests to be carried out to verify the proper functioning of the various vehicle systems, such as brakes, power steering, etc.<\/li>\n<li>Programmation de cl\u00e9s : Le logiciel <a href=\"https:\/\/obd-diag.fr\/en\/product\/valise-de-diag-obd-multimarque-delphi-ds-150e-voitures-et-camions-bluetooth-usb\/\">Delphi<\/a> permet \u00e9galement de programmer des cl\u00e9s pour les v\u00e9hicules \u00e9quip\u00e9s de syst\u00e8mes d&#8217;immobilisation.<\/li>\n<\/ul>\n<h2><span class=\"ez-toc-section\" id=\"Vehicules_pris_en_charge-2\"><\/span>Supported vehicles<span class=\"ez-toc-section-end\"><\/span><\/h2>\n<p>THE <a href=\"https:\/\/obd-diag.fr\/en\/product\/pack-logiciels-vcds-telechargement\/\">logiciel de diagnostic<\/a> <a href=\"https:\/\/obd-diag.fr\/en\/product\/valise-de-diagnositc-multimarque-delphi-ds-150e-voitures-et-camions-bluetooth-usb\/\">Delphi<\/a> supports a wide range of vehicles, including passenger cars, vans, light trucks and utility vehicles. It also supports vehicles with different systems, such as gasoline injection systems, diesel injection systems, ABS systems, air conditioning systems, etc.<\/p>\n<p>Le logiciel est r\u00e9guli\u00e8rement mis \u00e0 jour pour prendre en charge les nouveaux mod\u00e8les de v\u00e9hicules et les nouveaux syst\u00e8mes. Les professionnels peuvent \u00e9galement acc\u00e9der \u00e0 une base de donn\u00e9es en ligne pour obtenir des informations techniques d\u00e9taill\u00e9es sur les v\u00e9hicules pris en charge par le logiciel <a href=\"https:\/\/obd-diag.fr\/en\/product\/valise-de-diag-obd-multimarque-delphi-ds-150e-voitures-et-camions-bluetooth-usb\/\">Delphi<\/a>.<\/p>","protected":false},"excerpt":{"rendered":"<p><img decoding=\"async\" class=\"size-medium wp-image-392536 aligncenter\" src=\"https:\/\/obd-diag.fr\/wp-content\/uploads\/2022\/08\/badges-de-confiance-obd-diag.com_-300x83.png\" alt=\"badges-de-confiance-obd-diag.com\" width=\"300\" height=\"83\" data-wp-pid=\"392536\" \/><\/p>\n<p style=\"text-align: center;\"><img decoding=\"async\" class=\"size-full wp-image-392537 aligncenter\" src=\"https:\/\/obd-diag.fr\/wp-content\/uploads\/2022\/08\/visas-icons-paypal.png\" alt=\"visas-icons-paypal\" width=\"200\" height=\"32\" data-wp-pid=\"392537\" \/><\/p>\n<p style=\"text-align: center;\">\ud83d\udcbb Aide et assistance \u00e0 l&#8217;installation incluses via Ultraviewer\ud83d\udc68\ud83c\udffc\u200d\ud83d\udcbb! <strong><del>Au lieu de 39.99\u20ac<\/del><\/strong><\/p>\n<details class=\"product-summary-details\">\n<summary><strong>Delphi + Autocom &#8211; Logiciel de diagnostic multimarque pour v\u00e9hicules l\u00e9gers et poids lourds<\/strong><\/summary>\n<p>THE <strong>Logiciel Delphi + Autocom<\/strong> est une solution de diagnostic puissante et multimarque pour les v\u00e9hicules l\u00e9gers, utilitaires, camions, et bus. Utilis\u00e9 par les professionnels de l&#8217;automobile, ce logiciel permet de diagnostiquer, programmer et effectuer des tests de performance sur une large gamme de syst\u00e8mes embarqu\u00e9s.<\/p>\n<h3>Caract\u00e9ristiques principales :<\/h3>\n<ul>\n<li><strong>Lecture et effacement des codes d&#8217;erreur :<\/strong> Acc\u00e9dez \u00e0 des diagnostics complets pour le moteur, la transmission, les freins ABS, les airbags, et plus encore. Possibilit\u00e9 de r\u00e9initialiser les voyants de service et autres param\u00e8tres.<\/li>\n<li><strong>Analyse en temps r\u00e9el :<\/strong> Surveillance en direct des param\u00e8tres du v\u00e9hicule (vitesse, temp\u00e9rature, r\u00e9gime moteur) avec des graphiques et enregistrements pour analyse ult\u00e9rieure.<\/li>\n<li><strong>Flight Recorder :<\/strong> Enregistrez les donn\u00e9es en temps r\u00e9el pendant la conduite pour diagnostiquer les pannes intermittentes.<\/li>\n<li><strong>Gestion de la batterie :<\/strong> Surveillance de la tension de la batterie du v\u00e9hicule pour assurer un diagnostic pr\u00e9cis et \u00e9viter les probl\u00e8mes de tension.<\/li>\n<li><strong>Fonctions avanc\u00e9es :<\/strong> Prise en charge du codage de cl\u00e9s, de la r\u00e9g\u00e9n\u00e9ration des filtres \u00e0 particules (DPF), et du codage SCN pour les v\u00e9hicules n\u00e9cessitant des programmations sp\u00e9cifiques.<\/li>\n<\/ul>\n<h3>Compatibility:<\/h3>\n<ul>\n<li><strong>Delphi:<\/strong> Compatibilit\u00e9 avec plus de 47 marques de voitures et 37 marques de camions.<\/li>\n<li><strong>Autocom:<\/strong> Compatible avec les voitures particuli\u00e8res, les v\u00e9hicules utilitaires l\u00e9gers, et une large gamme de camions et bus. Les syst\u00e8mes de gestion du moteur (essence et diesel), les syst\u00e8mes ABS, airbag, climatisation et plus encore sont pris en charge.<\/li>\n<li>Compatible avec des interfaces OBD standard et des c\u00e2bles sp\u00e9cifiques pour les v\u00e9hicules sans connecteurs OBD 16 broches.<\/li>\n<\/ul>\n<h3>Contenu du pack :<\/h3>\n<ul>\n<li>1x Logiciel Delphi\/Autocom (CARS ou TRUCKS)<\/li>\n<li>1x C\u00e2ble de diagnostic OBD (en option)<\/li>\n<\/ul>\n<h3>Fonctionnalit\u00e9s suppl\u00e9mentaires :<\/h3>\n<ul>\n<li>Prise en charge du num\u00e9ro VIN pour la d\u00e9tection automatique du mod\u00e8le et de l&#8217;ann\u00e9e du v\u00e9hicule.<\/li>\n<\/ul>\n<\/details>","protected":false},"featured_media":392998,"comment_status":"open","ping_status":"closed","template":"","meta":{"_acf_changed":false},"pwb-brand":[],"product_brand":[],"product_cat":[343,290],"product_tag":[],"class_list":{"0":"post-392786","1":"product","2":"type-product","3":"status-publish","4":"has-post-thumbnail","6":"product_cat-delphi-ds150e","7":"product_cat-logiciels-obd","9":"first","10":"instock","11":"taxable","12":"shipping-taxable","13":"purchasable","14":"product-type-simple"},"acf":[],"brands":[],"_links":{"self":[{"href":"https:\/\/obd-diag.fr\/en\/wp-json\/wp\/v2\/product\/392786","targetHints":{"allow":["GET"]}}],"collection":[{"href":"https:\/\/obd-diag.fr\/en\/wp-json\/wp\/v2\/product"}],"about":[{"href":"https:\/\/obd-diag.fr\/en\/wp-json\/wp\/v2\/types\/product"}],"replies":[{"embeddable":true,"href":"https:\/\/obd-diag.fr\/en\/wp-json\/wp\/v2\/comments?post=392786"}],"wp:featuredmedia":[{"embeddable":true,"href":"https:\/\/obd-diag.fr\/en\/wp-json\/wp\/v2\/media\/392998"}],"wp:attachment":[{"href":"https:\/\/obd-diag.fr\/en\/wp-json\/wp\/v2\/media?parent=392786"}],"wp:term":[{"taxonomy":"pwb-brand","embeddable":true,"href":"https:\/\/obd-diag.fr\/en\/wp-json\/wp\/v2\/pwb-brand?post=392786"},{"taxonomy":"product_brand","embeddable":true,"href":"https:\/\/obd-diag.fr\/en\/wp-json\/wp\/v2\/product_brand?post=392786"},{"taxonomy":"product_cat","embeddable":true,"href":"https:\/\/obd-diag.fr\/en\/wp-json\/wp\/v2\/product_cat?post=392786"},{"taxonomy":"product_tag","embeddable":true,"href":"https:\/\/obd-diag.fr\/en\/wp-json\/wp\/v2\/product_tag?post=392786"}],"curies":[{"name":"wp","href":"https:\/\/api.w.org\/{rel}","templated":true}]}}