{"id":392794,"date":"2022-09-15T14:11:00","date_gmt":"2022-09-15T14:11:00","guid":{"rendered":"https:\/\/obd-diag.fr\/produit\/diagbox-7-57-vm-telechargement\/"},"modified":"2025-02-20T16:46:14","modified_gmt":"2025-02-20T16:46:14","slug":"diagbox-7-57-vm-telechargement","status":"publish","type":"product","link":"https:\/\/obd-diag.fr\/en\/product\/diagbox-7-57-vm-telechargement\/","title":{"rendered":"DiagBox 7.57 (VM) &#8211; T\u00c9L\u00c9CHARGEMENT"},"content":{"rendered":"<p><em>This software requires the<a href=\"https:\/\/obd-diag.fr\/en\/product\/lexia-3-diagbox-v9-125-puce-complete-de-diagnostic-pour-citroen-et-peugeot-outil-de-diagnostic-bord-dore-921815c-psa-xs-evolution-7-83-pp2000\/\">OBD interface: Lexia 3 to work with diagbox<\/a><\/em><\/p>\n<div id=\"ez-toc-container\" class=\"ez-toc-v2_0_73 counter-hierarchy ez-toc-counter ez-toc-grey ez-toc-container-direction\">\n<div class=\"ez-toc-title-container\">\n<p class=\"ez-toc-title\" style=\"cursor:inherit\">Summary<\/p>\n<span class=\"ez-toc-title-toggle\"><a href=\"#\" class=\"ez-toc-pull-right ez-toc-btn ez-toc-btn-xs ez-toc-btn-default ez-toc-toggle\" aria-label=\"Toggle Table of Contents\"><span class=\"ez-toc-js-icon-con\"><span class=\"\"><span class=\"eztoc-hide\" style=\"display:none;\">Toggle<\/span><span class=\"ez-toc-icon-toggle-span\"><svg style=\"fill: #999;color:#999\" xmlns=\"http:\/\/www.w3.org\/2000\/svg\" class=\"list-377408\" width=\"20px\" height=\"20px\" viewbox=\"0 0 24 24\" fill=\"none\"><path d=\"M6 6H4v2h2V6zm14 0H8v2h12V6zM4 11h2v2H4v-2zm16 0H8v2h12v-2zM4 16h2v2H4v-2zm16 0H8v2h12v-2z\" fill=\"currentColor\"><\/path><\/svg><svg style=\"fill: #999;color:#999\" class=\"arrow-unsorted-368013\" xmlns=\"http:\/\/www.w3.org\/2000\/svg\" width=\"10px\" height=\"10px\" viewbox=\"0 0 24 24\" version=\"1.2\" baseprofile=\"tiny\"><path d=\"M18.2 9.3l-6.2-6.3-6.2 6.3c-.2.2-.3.4-.3.7s.1.5.3.7c.2.2.4.3.7.3h11c.3 0 .5-.1.7-.3.2-.2.3-.5.3-.7s-.1-.5-.3-.7zM5.8 14.7l6.2 6.3 6.2-6.3c.2-.2.3-.5.3-.7s-.1-.5-.3-.7c-.2-.2-.4-.3-.7-.3h-11c-.3 0-.5.1-.7.3-.2.2-.3.5-.3.7s.1.5.3.7z\"\/><\/svg><\/span><\/span><\/span><\/a><\/span><\/div>\n<nav><ul class='ez-toc-list ez-toc-list-level-1' ><ul class='ez-toc-list-level-2' ><li class='ez-toc-heading-level-2'><a class=\"ez-toc-link ez-toc-heading-1\" href=\"https:\/\/obd-diag.fr\/en\/product\/diagbox-7-57-vm-telechargement\/#Logiciel_DiagBox_version_757_en_telechargement\" title=\"DiagBox software version 7.57 for download.\">DiagBox software version 7.57 for download.<\/a><\/li><\/ul><\/li><li class='ez-toc-page-1 ez-toc-heading-level-1'><a class=\"ez-toc-link ez-toc-heading-2\" href=\"https:\/\/obd-diag.fr\/en\/product\/diagbox-7-57-vm-telechargement\/#Diagbox_PSA_un_logiciel_de_diagnostic_OBD_pour_les_vehicules_Peugeot_et_Citroen\" title=\"Diagbox PSA: OBD diagnostic software for Peugeot and Citro\u00ebn vehicles\">Diagbox PSA: OBD diagnostic software for Peugeot and Citro\u00ebn vehicles<\/a><ul class='ez-toc-list-level-2' ><li class='ez-toc-heading-level-2'><a class=\"ez-toc-link ez-toc-heading-3\" href=\"https:\/\/obd-diag.fr\/en\/product\/diagbox-7-57-vm-telechargement\/#Introduction\" title=\"Introduction\">Introduction<\/a><\/li><li class='ez-toc-page-1 ez-toc-heading-level-2'><a class=\"ez-toc-link ez-toc-heading-4\" href=\"https:\/\/obd-diag.fr\/en\/product\/diagbox-7-57-vm-telechargement\/#Les_fonctionnalites_du_logiciel\" title=\"Software features\">Software features<\/a><\/li><li class='ez-toc-page-1 ez-toc-heading-level-2'><a class=\"ez-toc-link ez-toc-heading-5\" href=\"https:\/\/obd-diag.fr\/en\/product\/diagbox-7-57-vm-telechargement\/#Les_vehicules_pris_en_charge\" title=\"Supported vehicles\">Supported vehicles<\/a><\/li><\/ul><\/li><\/ul><\/nav><\/div>\n<h2><span class=\"ez-toc-section\" id=\"Logiciel_DiagBox_version_757_en_telechargement\"><\/span>DiagBox software version 7.57 for download.<span class=\"ez-toc-section-end\"><\/span><\/h2>\n<p>Runs under virtual machine (configured and ready to use)<br \/>\nCompatibility <strong>W 8\/10\/11<\/strong><br \/>\n<strong>File size :<\/strong> 3.51 GB<br \/>\n<span style=\"text-decoration: underline;\">License activated.<\/span><\/p>\n<h1><span class=\"ez-toc-section\" id=\"Diagbox_PSA_un_logiciel_de_diagnostic_OBD_pour_les_vehicules_Peugeot_et_Citroen\"><\/span>Diagbox PSA: OBD diagnostic software for Peugeot and Citro\u00ebn vehicles<span class=\"ez-toc-section-end\"><\/span><\/h1>\n<h2><span class=\"ez-toc-section\" id=\"Introduction\"><\/span>Introduction<span class=\"ez-toc-section-end\"><\/span><\/h2>\n<p><a href=\"https:\/\/obd-diag.fr\/en\/product\/diagbox-v-8-55-vm\/\">Diagbox<\/a> PSA est un <a href=\"https:\/\/obd-diag.fr\/en\/product\/pack-logiciels-vcds-telechargement\/\">logiciel de diagnostic<\/a> OBD pour les v\u00e9hicules Peugeot et Citro\u00ebn. Ce logiciel permet aux m\u00e9caniciens et aux propri\u00e9taires de v\u00e9hicules de d\u00e9tecter et de diagnostiquer les probl\u00e8mes de leur voiture \u00e0 l&#8217;aide de l&#8217;interface de diagnostic OBD.<\/p>\n<h2><span class=\"ez-toc-section\" id=\"Les_fonctionnalites_du_logiciel\"><\/span>Software features<span class=\"ez-toc-section-end\"><\/span><\/h2>\n<p><a href=\"https:\/\/obd-diag.fr\/en\/product\/diagbox-v-8-55-vm\/\">Diagbox<\/a> PSA offre une large gamme de fonctionnalit\u00e9s pour diagnostiquer et r\u00e9parer les v\u00e9hicules Peugeot et Citro\u00ebn. Voici quelques-unes des fonctionnalit\u00e9s cl\u00e9s de <a href=\"https:\/\/obd-diag.fr\/en\/product\/diagbox-v-8-55-vm\/\">Diagbox<\/a> PSA :<\/p>\n<ul>\n<li>Lecture et effacement des codes d&#8217;erreur : <a href=\"https:\/\/obd-diag.fr\/en\/product\/diagbox-v-8-55-vm\/\">Diagbox<\/a> PSA permet de lire et d&#8217;effacer les codes d&#8217;erreur stock\u00e9s dans le syst\u00e8me de gestion du moteur (<a href=\"https:\/\/obd-diag.fr\/en\/product\/renolink-programmateur-ecu-v1-94-v1-87-cable-de-diagnostic-obd2-interface-pour-renault-dacia-codage-de-cle-airbag-reno-link-1-87\/\">ECU<\/a>) du v\u00e9hicule. Cela permet de d\u00e9tecter les probl\u00e8mes potentiels du v\u00e9hicule et de les r\u00e9soudre rapidement.<\/li>\n<li>Surveillance en temps r\u00e9el des param\u00e8tres du v\u00e9hicule : <a href=\"https:\/\/obd-diag.fr\/en\/product\/diagbox-v-8-55-vm\/\">Diagbox<\/a> PSA peut surveiller en temps r\u00e9el les diff\u00e9rents param\u00e8tres du v\u00e9hicule, tels que la temp\u00e9rature du moteur, la vitesse de rotation, la consommation de carburant, etc. Cela permet de d\u00e9tecter les probl\u00e8mes potentiels avant qu&#8217;ils ne deviennent critiques.<\/li>\n<li>Programmation de cl\u00e9s : <a href=\"https:\/\/obd-diag.fr\/en\/product\/diagbox-v-8-55-vm\/\">Diagbox<\/a> PSA permet \u00e9galement de programmer les cl\u00e9s pour les v\u00e9hicules Peugeot et Citro\u00ebn, ce qui est particuli\u00e8rement utile en cas de perte ou de vol de cl\u00e9s.<\/li>\n<li>R\u00e9initialisation des indicateurs de maintenance : <a href=\"https:\/\/obd-diag.fr\/en\/product\/diagbox-v-8-55-vm\/\">Diagbox<\/a> PSA permet de r\u00e9initialiser les indicateurs de maintenance pour les v\u00e9hicules Peugeot et Citro\u00ebn, tels que les intervalles de vidange d&#8217;huile, les intervalles de changement de pneus, etc.<\/li>\n<li>Configuration de certaines fonctions de la voiture : <a href=\"https:\/\/obd-diag.fr\/en\/product\/diagbox-v-8-55-vm\/\">Diagbox<\/a> PSA permet de configurer certaines fonctions de la voiture, comme le verrouillage centralis\u00e9, la lumi\u00e8re de jour, la distance de freinage, etc.<\/li>\n<\/ul>\n<h2><span class=\"ez-toc-section\" id=\"Les_vehicules_pris_en_charge\"><\/span>Supported vehicles<span class=\"ez-toc-section-end\"><\/span><\/h2>\n<p><a href=\"https:\/\/obd-diag.fr\/en\/product\/lexia-3-pp2000-diagbox-puce-complete-or-921815c-v9-68-v7-83-pour-citroen-peugeot-scanner-automobile-prise-obd2\/\">Diagbox PSA<\/a> is a <a href=\"https:\/\/obd-diag.fr\/en\/product\/pack-logiciels-vcds-telechargement\/\">logiciel de diagnostic<\/a> OBD d\u00e9di\u00e9 aux v\u00e9hicules Peugeot et Citro\u00ebn. Il prend en charge une large gamme de mod\u00e8les Peugeot et Citro\u00ebn, y compris les voitures, les camionnettes et les v\u00e9hicules utilitaires l\u00e9gers. Voici quelques-uns des mod\u00e8les pris en charge par <a href=\"https:\/\/obd-diag.fr\/en\/product\/diagbox-v-8-55-vm\/\">Diagbox<\/a> PSA :<\/p>\n<ul>\n<li>Peugeot: 106, 107, 206, 207, 208, 306, 307, 308, 406, 407, 508, 607, 806, 807, 1007, 2008, 3008, 4007, 5008, Expert, Boxer, etc.<\/li>\n<li>Citro\u00ebn: C1, C2, C3, C4, C5, C6, C8, DS3, DS4, DS5, Berlingo, Jumpy, Jumper, etc.<\/li>\n<\/ul>\n<p><a href=\"https:\/\/obd-diag.fr\/en\/product\/diagbox-v-8-55-vm\/\">Diagbox<\/a> PSA est \u00e9galement r\u00e9guli\u00e8rement mis \u00e0 jour pour prendre en charge de nouveaux mod\u00e8les et fonctionnalit\u00e9s.<\/p>\n<p>In conclusion, <a href=\"https:\/\/obd-diag.fr\/en\/product\/lexia-3-diagbox-v9-125-puce-complete-de-diagnostic-pour-citroen-et-peugeot-outil-de-diagnostic-bord-dore-921815c-psa-xs-evolution-7-83-pp2000\/\">Diagbox PSA<\/a> is a <a href=\"https:\/\/obd-diag.fr\/en\/product\/pack-logiciels-vcds-telechargement\/\">logiciel de diagnostic<\/a> OBD puissant et polyvalent pour les v\u00e9hicules Citro\u00ean et Peugeot.<\/p>","protected":false},"excerpt":{"rendered":"<p><img decoding=\"async\" class=\"size-medium wp-image-392536 aligncenter\" src=\"https:\/\/obd-diag.fr\/wp-content\/uploads\/2022\/08\/badges-de-confiance-obd-diag.com_-300x83.png\" alt=\"badges-de-confiance-obd-diag.com\" width=\"300\" height=\"83\" data-wp-pid=\"392536\" \/><\/p>\n<p style=\"text-align: center;\"><img decoding=\"async\" class=\"size-full wp-image-392537 aligncenter\" src=\"https:\/\/obd-diag.fr\/wp-content\/uploads\/2022\/08\/visas-icons-paypal.png\" alt=\"visas-icons-paypal\" width=\"200\" height=\"32\" data-wp-pid=\"392537\" \/><\/p>\n<p style=\"text-align: center;\">\ud83d\udcbb Aide et assistance \u00e0 l&#8217;installation incluses via Ultraviewer\ud83d\udc68\ud83c\udffc\u200d\ud83d\udcbb! <strong><del>Au lieu de 39.99\u20ac<\/del><\/strong><\/p>\n<details class=\"product-summary-details\">\n<summary>DiagBox 7.57 (VM) &#8211; Description et fonctionnalit\u00e9s<\/summary>\n<p><strong>DiagBox 7.57<\/strong> est un logiciel de diagnostic OBD d\u00e9di\u00e9 aux v\u00e9hicules Peugeot et Citro\u00ebn. Il permet aux professionnels et aux particuliers de diagnostiquer et de r\u00e9soudre les probl\u00e8mes \u00e9lectroniques sur une large gamme de v\u00e9hicules de ces marques.<\/p>\n<h3>Fonctionnalit\u00e9s principales :<\/h3>\n<ul>\n<li><strong>Diagnostic complet :<\/strong> Lecture et effacement des codes d&#8217;erreur du calculateur moteur (ECU) pour identifier et r\u00e9soudre les pannes.<\/li>\n<li><strong>Surveillance en temps r\u00e9el :<\/strong> Suivi des param\u00e8tres du v\u00e9hicule, tels que la temp\u00e9rature moteur, la consommation de carburant, etc., pour anticiper les probl\u00e8mes avant qu&#8217;ils ne deviennent critiques.<\/li>\n<li><strong>Programmation des cl\u00e9s :<\/strong> Permet de reprogrammer les cl\u00e9s en cas de perte ou de vol.<\/li>\n<li><strong>R\u00e9initialisation des indicateurs :<\/strong> R\u00e9initialisation des alertes de maintenance comme les intervalles de vidange d&#8217;huile ou de changement de pneus.<\/li>\n<li><strong>Configuration des fonctions :<\/strong> Ajustement des param\u00e8tres du v\u00e9hicule, tels que le verrouillage centralis\u00e9, la distance de freinage, ou les feux de jour.<\/li>\n<\/ul>\n<h3>Compatibility:<\/h3>\n<ul>\n<li><strong>V\u00e9hicules Peugeot pris en charge :<\/strong> 106, 206, 207, 208, 307, 308, 406, 508, Expert, Boxer, et plus encore.<\/li>\n<li><strong>V\u00e9hicules Citro\u00ebn pris en charge :<\/strong> C3, C4, C5, DS3, DS4, Berlingo, Jumpy, et autres mod\u00e8les.<\/li>\n<li><strong>Syst\u00e8mes d&#8217;exploitation compatibles :<\/strong> Fonctionne sous Windows 8, 10, et 11 en machine virtuelle (VM).<\/li>\n<li><strong>File size :<\/strong> 3,51 Go.<\/li>\n<\/ul>\n<p>The software <strong>DiagBox 7.57<\/strong> est id\u00e9al pour les ateliers de r\u00e9paration et les passionn\u00e9s d&#8217;automobile, offrant un diagnostic complet et une gestion des pannes pour les v\u00e9hicules Peugeot et Citro\u00ebn.<\/p>\n<\/details>","protected":false},"featured_media":393052,"comment_status":"open","ping_status":"closed","template":"","meta":{"_acf_changed":false},"pwb-brand":[],"product_brand":[],"product_cat":[105,290],"product_tag":[],"class_list":{"0":"post-392794","1":"product","2":"type-product","3":"status-publish","4":"has-post-thumbnail","6":"product_cat-valises-obd-peugeot-citroen","7":"product_cat-logiciels-obd","9":"first","10":"instock","11":"taxable","12":"shipping-taxable","13":"purchasable","14":"product-type-simple"},"acf":[],"brands":[],"_links":{"self":[{"href":"https:\/\/obd-diag.fr\/en\/wp-json\/wp\/v2\/product\/392794","targetHints":{"allow":["GET"]}}],"collection":[{"href":"https:\/\/obd-diag.fr\/en\/wp-json\/wp\/v2\/product"}],"about":[{"href":"https:\/\/obd-diag.fr\/en\/wp-json\/wp\/v2\/types\/product"}],"replies":[{"embeddable":true,"href":"https:\/\/obd-diag.fr\/en\/wp-json\/wp\/v2\/comments?post=392794"}],"wp:featuredmedia":[{"embeddable":true,"href":"https:\/\/obd-diag.fr\/en\/wp-json\/wp\/v2\/media\/393052"}],"wp:attachment":[{"href":"https:\/\/obd-diag.fr\/en\/wp-json\/wp\/v2\/media?parent=392794"}],"wp:term":[{"taxonomy":"pwb-brand","embeddable":true,"href":"https:\/\/obd-diag.fr\/en\/wp-json\/wp\/v2\/pwb-brand?post=392794"},{"taxonomy":"product_brand","embeddable":true,"href":"https:\/\/obd-diag.fr\/en\/wp-json\/wp\/v2\/product_brand?post=392794"},{"taxonomy":"product_cat","embeddable":true,"href":"https:\/\/obd-diag.fr\/en\/wp-json\/wp\/v2\/product_cat?post=392794"},{"taxonomy":"product_tag","embeddable":true,"href":"https:\/\/obd-diag.fr\/en\/wp-json\/wp\/v2\/product_tag?post=392794"}],"curies":[{"name":"wp","href":"https:\/\/api.w.org\/{rel}","templated":true}]}}