{"id":392798,"date":"2022-09-15T14:11:00","date_gmt":"2022-09-15T14:11:00","guid":{"rendered":"https:\/\/obd-diag.fr\/produit\/logiciel-can-clip-v206-telechargement\/"},"modified":"2025-02-20T16:46:41","modified_gmt":"2025-02-20T16:46:41","slug":"logiciel-can-clip-v206-telechargement","status":"publish","type":"product","link":"https:\/\/obd-diag.fr\/en\/product\/logiciel-can-clip-v206-telechargement\/","title":{"rendered":"Logiciel Can Clip V206 &#8211; T\u00c9L\u00c9CHARGEMENT"},"content":{"rendered":"<p>Si vous n&#8217;avez pas la sonde <a href=\"https:\/\/obd-diag.fr\/en\/product\/can-clip-v216-v212-v211-v207-pour-renault-obd2-diagnostic-canclip-v205-reprog-v191-extracteur-de-broches-v2-derniere-mise-a-jour-2029\/\">CAN CLIP<\/a> <a href=\"https:\/\/obd-diag.fr\/en\/product\/can-clip-v215-pour-renault-outil-de-diagnostic-pour-voiture-prise-obd2-an2131qc-an2136sc-diagys-complets-avec-extracteur-de-broches-et-reprog-v191\/\">we sell it here<\/a><\/p>\n<div id=\"ez-toc-container\" class=\"ez-toc-v2_0_73 counter-hierarchy ez-toc-counter ez-toc-grey ez-toc-container-direction\">\n<div class=\"ez-toc-title-container\">\n<p class=\"ez-toc-title\" style=\"cursor:inherit\">Summary<\/p>\n<span class=\"ez-toc-title-toggle\"><a href=\"#\" class=\"ez-toc-pull-right ez-toc-btn ez-toc-btn-xs ez-toc-btn-default ez-toc-toggle\" aria-label=\"Toggle Table of Contents\"><span class=\"ez-toc-js-icon-con\"><span class=\"\"><span class=\"eztoc-hide\" style=\"display:none;\">Toggle<\/span><span class=\"ez-toc-icon-toggle-span\"><svg style=\"fill: #999;color:#999\" xmlns=\"http:\/\/www.w3.org\/2000\/svg\" class=\"list-377408\" width=\"20px\" height=\"20px\" viewbox=\"0 0 24 24\" fill=\"none\"><path d=\"M6 6H4v2h2V6zm14 0H8v2h12V6zM4 11h2v2H4v-2zm16 0H8v2h12v-2zM4 16h2v2H4v-2zm16 0H8v2h12v-2z\" fill=\"currentColor\"><\/path><\/svg><svg style=\"fill: #999;color:#999\" class=\"arrow-unsorted-368013\" xmlns=\"http:\/\/www.w3.org\/2000\/svg\" width=\"10px\" height=\"10px\" viewbox=\"0 0 24 24\" version=\"1.2\" baseprofile=\"tiny\"><path d=\"M18.2 9.3l-6.2-6.3-6.2 6.3c-.2.2-.3.4-.3.7s.1.5.3.7c.2.2.4.3.7.3h11c.3 0 .5-.1.7-.3.2-.2.3-.5.3-.7s-.1-.5-.3-.7zM5.8 14.7l6.2 6.3 6.2-6.3c.2-.2.3-.5.3-.7s-.1-.5-.3-.7c-.2-.2-.4-.3-.7-.3h-11c-.3 0-.5.1-.7.3-.2.2-.3.5-.3.7s.1.5.3.7z\"\/><\/svg><\/span><\/span><\/span><\/a><\/span><\/div>\n<nav><ul class='ez-toc-list ez-toc-list-level-1' ><ul class='ez-toc-list-level-2' ><li class='ez-toc-heading-level-2'><a class=\"ez-toc-link ez-toc-heading-1\" href=\"https:\/\/obd-diag.fr\/en\/product\/logiciel-can-clip-v206-telechargement\/#Logiciel_Can_Clip_V206_en_telechargement\" title=\"Can Clip V206 software for download\">Can Clip V206 software for download<\/a><\/li><\/ul><\/li><li class='ez-toc-page-1 ez-toc-heading-level-1'><a class=\"ez-toc-link ez-toc-heading-2\" href=\"https:\/\/obd-diag.fr\/en\/product\/logiciel-can-clip-v206-telechargement\/#Can_Clip_un_logiciel_de_diagnostic_OBD_pour_les_vehicules_Renault\" title=\"Can Clip: OBD diagnostic software for Renault vehicles\">Can Clip: OBD diagnostic software for Renault vehicles<\/a><ul class='ez-toc-list-level-2' ><li class='ez-toc-heading-level-2'><a class=\"ez-toc-link ez-toc-heading-3\" href=\"https:\/\/obd-diag.fr\/en\/product\/logiciel-can-clip-v206-telechargement\/#Introduction\" title=\"Introduction\">Introduction<\/a><\/li><li class='ez-toc-page-1 ez-toc-heading-level-2'><a class=\"ez-toc-link ez-toc-heading-4\" href=\"https:\/\/obd-diag.fr\/en\/product\/logiciel-can-clip-v206-telechargement\/#Les_fonctionnalites_du_logiciel\" title=\"Software features\">Software features<\/a><\/li><li class='ez-toc-page-1 ez-toc-heading-level-2'><a class=\"ez-toc-link ez-toc-heading-5\" href=\"https:\/\/obd-diag.fr\/en\/product\/logiciel-can-clip-v206-telechargement\/#Les_vehicules_pris_en_charge\" title=\"Supported vehicles\">Supported vehicles<\/a><\/li><\/ul><\/li><\/ul><\/nav><\/div>\n<h2><span class=\"ez-toc-section\" id=\"Logiciel_Can_Clip_V206_en_telechargement\"><\/span>Can Clip V206 software for download<span class=\"ez-toc-section-end\"><\/span><\/h2>\n<p>Compatible <strong>Windows 7 (32-bit)<\/strong><br \/>\n<span style=\"text-decoration: underline;\">Remote installation included<\/span><\/p>\n<h1><span class=\"ez-toc-section\" id=\"Can_Clip_un_logiciel_de_diagnostic_OBD_pour_les_vehicules_Renault\"><\/span>Can Clip: OBD diagnostic software for Renault vehicles<span class=\"ez-toc-section-end\"><\/span><\/h1>\n<h2><span class=\"ez-toc-section\" id=\"Introduction\"><\/span>Introduction<span class=\"ez-toc-section-end\"><\/span><\/h2>\n<p><a href=\"https:\/\/obd-diag.fr\/en\/product\/can-clip-v216-v212-v211-v207-pour-renault-obd2-diagnostic-canclip-v205-reprog-v191-extracteur-de-broches-v2-derniere-mise-a-jour-2029\/\">Can Clip<\/a> is a <a href=\"https:\/\/obd-diag.fr\/en\/product\/pack-logiciels-vcds-telechargement\/\">logiciel de diagnostic<\/a> OBD sp\u00e9cialement con\u00e7u pour les v\u00e9hicules Renault. Ce logiciel permet aux m\u00e9caniciens et aux propri\u00e9taires de v\u00e9hicules de d\u00e9tecter et de diagnostiquer les probl\u00e8mes de leur voiture \u00e0 l&#8217;aide de l&#8217;interface de diagnostic OBD.<\/p>\n<h2><span class=\"ez-toc-section\" id=\"Les_fonctionnalites_du_logiciel\"><\/span>Software features<span class=\"ez-toc-section-end\"><\/span><\/h2>\n<p><a href=\"https:\/\/obd-diag.fr\/en\/product\/can-clip-v216-v212-v211-v207-pour-renault-obd2-diagnostic-canclip-v205-reprog-v191-extracteur-de-broches-v2-derniere-mise-a-jour-2029\/\">Can Clip<\/a> offre une large gamme de fonctionnalit\u00e9s pour diagnostiquer et r\u00e9parer les v\u00e9hicules Renault. Voici quelques-unes des fonctionnalit\u00e9s cl\u00e9s de <a href=\"https:\/\/obd-diag.fr\/en\/product\/can-clip-v216-v212-v211-v207-pour-renault-obd2-diagnostic-canclip-v205-reprog-v191-extracteur-de-broches-v2-derniere-mise-a-jour-2029\/\">Can Clip<\/a> :<\/p>\n<ul>\n<li>Lecture et effacement des codes d&#8217;erreur : <a href=\"https:\/\/obd-diag.fr\/en\/product\/can-clip-v216-v212-v211-v207-pour-renault-obd2-diagnostic-canclip-v205-reprog-v191-extracteur-de-broches-v2-derniere-mise-a-jour-2029\/\">Can Clip<\/a> permet de lire et d&#8217;effacer les codes d&#8217;erreur stock\u00e9s dans le syst\u00e8me de gestion du moteur (<a href=\"https:\/\/obd-diag.fr\/en\/product\/renolink-programmateur-ecu-v1-94-v1-87-cable-de-diagnostic-obd2-interface-pour-renault-dacia-codage-de-cle-airbag-reno-link-1-87\/\">ECU<\/a>) du v\u00e9hicule. Cela permet de d\u00e9tecter les probl\u00e8mes potentiels du v\u00e9hicule et de les r\u00e9soudre rapidement.<\/li>\n<li>Surveillance en temps r\u00e9el des param\u00e8tres du v\u00e9hicule : <a href=\"https:\/\/obd-diag.fr\/en\/product\/can-clip-v216-v212-v211-v207-pour-renault-obd2-diagnostic-canclip-v205-reprog-v191-extracteur-de-broches-v2-derniere-mise-a-jour-2029\/\">Can Clip<\/a> peut surveiller en temps r\u00e9el les diff\u00e9rents param\u00e8tres du v\u00e9hicule, tels que la temp\u00e9rature du moteur, la vitesse de rotation, la consommation de carburant, etc. Cela permet de d\u00e9tecter les probl\u00e8mes potentiels avant qu&#8217;ils ne deviennent critiques.<\/li>\n<li>Programmation de cl\u00e9s : <a href=\"https:\/\/obd-diag.fr\/en\/product\/can-clip-v216-v212-v211-v207-pour-renault-obd2-diagnostic-canclip-v205-reprog-v191-extracteur-de-broches-v2-derniere-mise-a-jour-2029\/\">Can Clip<\/a> permet \u00e9galement de programmer les cl\u00e9s pour les v\u00e9hicules Renault, ce qui est particuli\u00e8rement utile en cas de perte ou de vol de cl\u00e9s.<\/li>\n<li>R\u00e9initialisation des indicateurs de maintenance : <a href=\"https:\/\/obd-diag.fr\/en\/product\/can-clip-v216-v212-v211-v207-pour-renault-obd2-diagnostic-canclip-v205-reprog-v191-extracteur-de-broches-v2-derniere-mise-a-jour-2029\/\">Can Clip<\/a> permet de r\u00e9initialiser les indicateurs de maintenance pour les v\u00e9hicules Renault, tels que les intervalles de vidange d&#8217;huile, les intervalles de changement de pneus, etc.<\/li>\n<\/ul>\n<h2><span class=\"ez-toc-section\" id=\"Les_vehicules_pris_en_charge\"><\/span>Supported vehicles<span class=\"ez-toc-section-end\"><\/span><\/h2>\n<p><a href=\"https:\/\/obd-diag.fr\/en\/product\/can-clip-v216-v212-v211-v207-pour-renault-obd2-diagnostic-canclip-v205-reprog-v191-extracteur-de-broches-v2-derniere-mise-a-jour-2029\/\">Can Clip<\/a> is a <a href=\"https:\/\/obd-diag.fr\/en\/product\/pack-logiciels-vcds-telechargement\/\">logiciel de diagnostic<\/a> OBD d\u00e9di\u00e9 aux v\u00e9hicules Renault. Il prend en charge une large gamme de mod\u00e8les Renault, y compris les voitures, les camionnettes et les v\u00e9hicules utilitaires l\u00e9gers. Voici quelques-uns des mod\u00e8les pris en charge par <a href=\"https:\/\/obd-diag.fr\/en\/product\/can-clip-v216-v212-v211-v207-pour-renault-obd2-diagnostic-canclip-v205-reprog-v191-extracteur-de-broches-v2-derniere-mise-a-jour-2029\/\">Can Clip<\/a> :<\/p>\n<ul>\n<li>Clio<\/li>\n<li>Megane<\/li>\n<li>Scenic<\/li>\n<li>Lake<\/li>\n<li>Kangoo<\/li>\n<li>Twingo<\/li>\n<li>Space<\/li>\n<li>Traffic<\/li>\n<li>Master<\/li>\n<li>And other more recent Renault models.<\/li>\n<\/ul>\n<p><a href=\"https:\/\/obd-diag.fr\/en\/product\/can-clip-v215-pour-renault-outil-de-diagnostic-pour-voiture-prise-obd2-an2131qc-an2136sc-diagys-complets-avec-extracteur-de-broches-et-reprog-v191\/\">Can Clip<\/a> is also regularly updated to support new models and features.<\/p>\n<p>In conclusion, <a href=\"https:\/\/obd-diag.fr\/en\/product\/can-clip-v216-v212-v211-v207-pour-renault-obd2-diagnostic-canclip-v205-reprog-v191-extracteur-de-broches-v2-derniere-mise-a-jour-2029\/\">Can Clip<\/a> is a <a href=\"https:\/\/obd-diag.fr\/en\/product\/pack-logiciels-vcds-telechargement\/\">logiciel de diagnostic<\/a> OBD puissant et polyvalent pour les v\u00e9hicules Renault. Il offre une large gamme de fonctionnalit\u00e9s pour diagnostiquer et r\u00e9parer les probl\u00e8mes des v\u00e9hicules Renault et prend en charge une grande vari\u00e9t\u00e9 de mod\u00e8les de v\u00e9hicules Renault. Si vous \u00eates propri\u00e9taire d&#8217;un v\u00e9hicule Renault ou un m\u00e9canicien, <a href=\"https:\/\/obd-diag.fr\/en\/product\/can-clip-v216-v212-v211-v207-pour-renault-obd2-diagnostic-canclip-v205-reprog-v191-extracteur-de-broches-v2-derniere-mise-a-jour-2029\/\">Can Clip<\/a> est un outil de diagnostic essentiel pour votre atelier de r\u00e9paration automobile.<\/p>\n<p>You can find the best CANCLIP suitcase <a href=\"https:\/\/obd-diag.fr\/en\/product\/can-clip-v215-pour-renault-outil-de-diagnostic-pour-voiture-prise-obd2-an2131qc-an2136sc-diagys-complets-avec-extracteur-de-broches-et-reprog-v191\/\">here<\/a> sur notre <a href=\"https:\/\/obd-diag.fr\/en\/shop\/\">shop<\/a><\/p>","protected":false},"excerpt":{"rendered":"<p><img decoding=\"async\" class=\"size-medium wp-image-392536 aligncenter\" src=\"https:\/\/obd-diag.fr\/wp-content\/uploads\/2022\/08\/badges-de-confiance-obd-diag.com_-300x83.png\" alt=\"badges-de-confiance-obd-diag.com\" width=\"300\" height=\"83\" data-wp-pid=\"392536\" \/><\/p>\n<p style=\"text-align: center;\"><img decoding=\"async\" class=\"size-full wp-image-392537 aligncenter\" src=\"https:\/\/obd-diag.fr\/wp-content\/uploads\/2022\/08\/visas-icons-paypal.png\" alt=\"visas-icons-paypal\" width=\"200\" height=\"32\" data-wp-pid=\"392537\" \/><\/p>\n<p style=\"text-align: center;\">\ud83d\udcbb Aide et assistance \u00e0 l&#8217;installation incluses via Ultraviewer\ud83d\udc68\ud83c\udffc\u200d\ud83d\udcbb! <strong><del>Au lieu de 39.99\u20ac<\/del><\/strong><\/p>\n<details class=\"product-summary-details\">\n<summary>Logiciel Can Clip V206 &#8211; Description et fonctionnalit\u00e9s<\/summary>\n<p><strong>Can Clip V206<\/strong> est un logiciel de diagnostic OBD d\u00e9di\u00e9 aux v\u00e9hicules Renault. Il permet aux professionnels et aux particuliers de d\u00e9tecter, diagnostiquer et r\u00e9soudre des probl\u00e8mes sur une large gamme de v\u00e9hicules Renault, couvrant aussi bien les mod\u00e8les r\u00e9cents que les plus anciens.<\/p>\n<h3>Fonctionnalit\u00e9s principales :<\/h3>\n<ul>\n<li><strong>Diagnostic complet des syst\u00e8mes \u00e9lectroniques :<\/strong> Permet de lire et d&#8217;effacer les codes d&#8217;erreur des ECU, d&#8217;effectuer des tests sur les airbags, syst\u00e8mes antipollution, et bien plus.<\/li>\n<li><strong>Tests automatiques :<\/strong> Test de tous les calculateurs, avec diagnostic automatique des ordinateurs embarqu\u00e9s.<\/li>\n<li><strong>Acc\u00e8s aux bases de donn\u00e9es techniques :<\/strong> Acc\u00e8s \u00e0 la documentation technique pour faciliter les r\u00e9parations et la maintenance.<\/li>\n<li><strong>Mesures physiques et multimeter :<\/strong> R\u00e9alisation de tests physiques avec un multim\u00e8tre int\u00e9gr\u00e9.<\/li>\n<\/ul>\n<h3>Compatibility:<\/h3>\n<ul>\n<li><strong>V\u00e9hicules Renault pris en charge :<\/strong> Megane, Twingo, Kangoo, Master, Espace, Trafic, ainsi que d&#8217;autres mod\u00e8les r\u00e9cents et plus anciens.<\/li>\n<li><strong>Syst\u00e8mes d&#8217;exploitation :<\/strong> Compatible avec Windows 7 (32 bits).<\/li>\n<li><strong>File size :<\/strong> Le fichier d&#8217;installation fait environ 3,51 Go.<\/li>\n<\/ul>\n<p>The software <strong>Can Clip V206<\/strong> est un outil indispensable pour les ateliers Renault et les passionn\u00e9s de diagnostic automobile, offrant une solution compl\u00e8te pour la gestion des pannes \u00e9lectroniques et des syst\u00e8mes embarqu\u00e9s.<\/p>\n<\/details>","protected":false},"featured_media":393003,"comment_status":"open","ping_status":"closed","template":"","meta":{"_acf_changed":false},"pwb-brand":[],"product_brand":[],"product_cat":[290],"product_tag":[],"class_list":{"0":"post-392798","1":"product","2":"type-product","3":"status-publish","4":"has-post-thumbnail","6":"product_cat-logiciels-obd","8":"first","9":"instock","10":"taxable","11":"shipping-taxable","12":"purchasable","13":"product-type-simple"},"acf":[],"brands":[],"_links":{"self":[{"href":"https:\/\/obd-diag.fr\/en\/wp-json\/wp\/v2\/product\/392798","targetHints":{"allow":["GET"]}}],"collection":[{"href":"https:\/\/obd-diag.fr\/en\/wp-json\/wp\/v2\/product"}],"about":[{"href":"https:\/\/obd-diag.fr\/en\/wp-json\/wp\/v2\/types\/product"}],"replies":[{"embeddable":true,"href":"https:\/\/obd-diag.fr\/en\/wp-json\/wp\/v2\/comments?post=392798"}],"wp:featuredmedia":[{"embeddable":true,"href":"https:\/\/obd-diag.fr\/en\/wp-json\/wp\/v2\/media\/393003"}],"wp:attachment":[{"href":"https:\/\/obd-diag.fr\/en\/wp-json\/wp\/v2\/media?parent=392798"}],"wp:term":[{"taxonomy":"pwb-brand","embeddable":true,"href":"https:\/\/obd-diag.fr\/en\/wp-json\/wp\/v2\/pwb-brand?post=392798"},{"taxonomy":"product_brand","embeddable":true,"href":"https:\/\/obd-diag.fr\/en\/wp-json\/wp\/v2\/product_brand?post=392798"},{"taxonomy":"product_cat","embeddable":true,"href":"https:\/\/obd-diag.fr\/en\/wp-json\/wp\/v2\/product_cat?post=392798"},{"taxonomy":"product_tag","embeddable":true,"href":"https:\/\/obd-diag.fr\/en\/wp-json\/wp\/v2\/product_tag?post=392798"}],"curies":[{"name":"wp","href":"https:\/\/api.w.org\/{rel}","templated":true}]}}