{"id":392800,"date":"2022-09-15T14:11:00","date_gmt":"2022-09-15T14:11:00","guid":{"rendered":"https:\/\/obd-diag.fr\/produit\/pack-logiciels-vcds-telechargement\/"},"modified":"2025-02-20T16:47:10","modified_gmt":"2025-02-20T16:47:10","slug":"pack-logiciels-vcds-telechargement","status":"publish","type":"product","link":"https:\/\/obd-diag.fr\/en\/product\/pack-logiciels-vcds-telechargement\/","title":{"rendered":"Pack de Logiciels VCDS &#8211; T\u00c9L\u00c9CHARGEMENT"},"content":{"rendered":"<div id=\"ez-toc-container\" class=\"ez-toc-v2_0_73 counter-hierarchy ez-toc-counter ez-toc-grey ez-toc-container-direction\">\n<div class=\"ez-toc-title-container\">\n<p class=\"ez-toc-title\" style=\"cursor:inherit\">Summary<\/p>\n<span class=\"ez-toc-title-toggle\"><a href=\"#\" class=\"ez-toc-pull-right ez-toc-btn ez-toc-btn-xs ez-toc-btn-default ez-toc-toggle\" aria-label=\"Toggle Table of Contents\"><span class=\"ez-toc-js-icon-con\"><span class=\"\"><span class=\"eztoc-hide\" style=\"display:none;\">Toggle<\/span><span class=\"ez-toc-icon-toggle-span\"><svg style=\"fill: #999;color:#999\" xmlns=\"http:\/\/www.w3.org\/2000\/svg\" class=\"list-377408\" width=\"20px\" height=\"20px\" viewbox=\"0 0 24 24\" fill=\"none\"><path d=\"M6 6H4v2h2V6zm14 0H8v2h12V6zM4 11h2v2H4v-2zm16 0H8v2h12v-2zM4 16h2v2H4v-2zm16 0H8v2h12v-2z\" fill=\"currentColor\"><\/path><\/svg><svg style=\"fill: #999;color:#999\" class=\"arrow-unsorted-368013\" xmlns=\"http:\/\/www.w3.org\/2000\/svg\" width=\"10px\" height=\"10px\" viewbox=\"0 0 24 24\" version=\"1.2\" baseprofile=\"tiny\"><path d=\"M18.2 9.3l-6.2-6.3-6.2 6.3c-.2.2-.3.4-.3.7s.1.5.3.7c.2.2.4.3.7.3h11c.3 0 .5-.1.7-.3.2-.2.3-.5.3-.7s-.1-.5-.3-.7zM5.8 14.7l6.2 6.3 6.2-6.3c.2-.2.3-.5.3-.7s-.1-.5-.3-.7c-.2-.2-.4-.3-.7-.3h-11c-.3 0-.5.1-.7.3-.2.2-.3.5-.3.7s.1.5.3.7z\"\/><\/svg><\/span><\/span><\/span><\/a><\/span><\/div>\n<nav><ul class='ez-toc-list ez-toc-list-level-1' ><ul class='ez-toc-list-level-2' ><li class='ez-toc-heading-level-2'><a class=\"ez-toc-link ez-toc-heading-1\" href=\"https:\/\/obd-diag.fr\/en\/product\/pack-logiciels-vcds-telechargement\/#Telechargement_pack_vcds\" title=\"Download vcds pack\">Download vcds pack<\/a><\/li><\/ul><\/li><li class='ez-toc-page-1 ez-toc-heading-level-1'><a class=\"ez-toc-link ez-toc-heading-2\" href=\"https:\/\/obd-diag.fr\/en\/product\/pack-logiciels-vcds-telechargement\/#VCDS_un_logiciel_de_diagnostic_OBD_pour_les_vehicules_Volkswagen_Audi_Seat_et_Skoda\" title=\"VCDS: OBD diagnostic software for Volkswagen, Audi, Seat and Skoda vehicles\">VCDS: OBD diagnostic software for Volkswagen, Audi, Seat and Skoda vehicles<\/a><ul class='ez-toc-list-level-2' ><li class='ez-toc-heading-level-2'><a class=\"ez-toc-link ez-toc-heading-3\" href=\"https:\/\/obd-diag.fr\/en\/product\/pack-logiciels-vcds-telechargement\/#Introduction\" title=\"Introduction\">Introduction<\/a><\/li><li class='ez-toc-page-1 ez-toc-heading-level-2'><a class=\"ez-toc-link ez-toc-heading-4\" href=\"https:\/\/obd-diag.fr\/en\/product\/pack-logiciels-vcds-telechargement\/#Les_fonctionnalites_du_logiciel\" title=\"Software features\">Software features<\/a><\/li><li class='ez-toc-page-1 ez-toc-heading-level-2'><a class=\"ez-toc-link ez-toc-heading-5\" href=\"https:\/\/obd-diag.fr\/en\/product\/pack-logiciels-vcds-telechargement\/#Les_vehicules_pris_en_charge\" title=\"Supported vehicles\">Supported vehicles<\/a><\/li><\/ul><\/li><\/ul><\/nav><\/div>\n<h2><span class=\"ez-toc-section\" id=\"Telechargement_pack_vcds\"><\/span>Download vcds pack<span class=\"ez-toc-section-end\"><\/span><\/h2>\n<p><strong>7 versions with installation manual.<\/strong><br \/>\n<span style=\"text-decoration: underline;\">19.6.1\/19.6.2\/20.4.1\/20.4.2\/21.3.0\/21.9.0\/22.3.1<\/span><br \/>\nTutos et manuels <a href=\"https:\/\/obd-diag.fr\/en\/product\/codage-vcds-vagcom\/\">VCDS<\/a><br \/>\nLoaders included<br \/>\n<strong>File size :<\/strong> 500 MB<\/p>\n<p>&nbsp;<\/p>\n<h1><span class=\"ez-toc-section\" id=\"VCDS_un_logiciel_de_diagnostic_OBD_pour_les_vehicules_Volkswagen_Audi_Seat_et_Skoda\"><\/span>VCDS: OBD diagnostic software for Volkswagen, Audi, Seat and Skoda vehicles<span class=\"ez-toc-section-end\"><\/span><\/h1>\n<h2><span class=\"ez-toc-section\" id=\"Introduction\"><\/span>Introduction<span class=\"ez-toc-section-end\"><\/span><\/h2>\n<p><a href=\"https:\/\/obd-diag.fr\/en\/product\/codage-vcds-vagcom\/\">VCDS<\/a> is a <a href=\"https:\/\/obd-diag.fr\/en\/product\/installation-logiciel-diagnostic\/\">logiciel de diagnostic<\/a> OBD pour les v\u00e9hicules Volkswagen, Audi, Seat et Skoda. Ce logiciel permet aux m\u00e9caniciens et aux propri\u00e9taires de v\u00e9hicules de d\u00e9tecter et de diagnostiquer les probl\u00e8mes de leur voiture \u00e0 l&#8217;aide de l&#8217;interface de diagnostic OBD.<\/p>\n<h2><span class=\"ez-toc-section\" id=\"Les_fonctionnalites_du_logiciel\"><\/span>Software features<span class=\"ez-toc-section-end\"><\/span><\/h2>\n<p><a href=\"https:\/\/obd-diag.fr\/en\/product\/codage-vcds-vagcom\/\">VCDS<\/a> offre une large gamme de fonctionnalit\u00e9s pour diagnostiquer et r\u00e9parer les v\u00e9hicules Volkswagen, Audi, Seat et Skoda. Voici quelques-unes des fonctionnalit\u00e9s cl\u00e9s de <a href=\"https:\/\/obd-diag.fr\/en\/product\/codage-vcds-vagcom\/\">VCDS<\/a> :<\/p>\n<ul>\n<li>Lecture et effacement des codes d&#8217;erreur : <a href=\"https:\/\/obd-diag.fr\/en\/product\/codage-vcds-vagcom\/\">VCDS<\/a> permet de lire et d&#8217;effacer les codes d&#8217;erreur stock\u00e9s dans le syst\u00e8me de gestion du moteur (<a href=\"https:\/\/obd-diag.fr\/en\/product\/renolink-programmateur-ecu-v1-94-v1-87-cable-de-diagnostic-obd2-interface-pour-renault-dacia-codage-de-cle-airbag-reno-link-1-87\/\">ECU<\/a>) du v\u00e9hicule. Cela permet de d\u00e9tecter les probl\u00e8mes potentiels du v\u00e9hicule et de les r\u00e9soudre rapidement.<\/li>\n<li>Surveillance en temps r\u00e9el des param\u00e8tres du v\u00e9hicule : <a href=\"https:\/\/obd-diag.fr\/en\/product\/codage-vcds-vagcom\/\">VCDS<\/a> peut surveiller en temps r\u00e9el les diff\u00e9rents param\u00e8tres du v\u00e9hicule, tels que la temp\u00e9rature du moteur, la vitesse de rotation, la consommation de carburant, etc. Cela permet de d\u00e9tecter les probl\u00e8mes potentiels avant qu&#8217;ils ne deviennent critiques.<\/li>\n<li>Programmation de cl\u00e9s : <a href=\"https:\/\/obd-diag.fr\/en\/product\/codage-vcds-vagcom\/\">VCDS<\/a> permet \u00e9galement de programmer les cl\u00e9s pour les v\u00e9hicules Volkswagen, Audi, Seat et Skoda, ce qui est particuli\u00e8rement utile en cas de perte ou de vol de cl\u00e9s.<\/li>\n<li>Configuration de certaines fonctions de la voiture : <a href=\"https:\/\/obd-diag.fr\/en\/product\/codage-vcds-vagcom\/\">VCDS<\/a> permet de configurer certaines fonctions de la voiture, comme le verrouillage centralis\u00e9, la lumi\u00e8re de jour, la distance de freinage, etc.<\/li>\n<\/ul>\n<h2><span class=\"ez-toc-section\" id=\"Les_vehicules_pris_en_charge\"><\/span>Supported vehicles<span class=\"ez-toc-section-end\"><\/span><\/h2>\n<p><a href=\"https:\/\/obd-diag.fr\/en\/product\/codage-vcds-vagcom\/\">VCDS<\/a> is a <a href=\"https:\/\/obd-diag.fr\/en\/product\/installation-logiciel-diagnostic\/\">logiciel de diagnostic<\/a> OBD d\u00e9di\u00e9 aux v\u00e9hicules Volkswagen, Audi, Seat et Skoda. Il prend en charge une large gamme de mod\u00e8les de ces marques, y compris les voitures, les camionnettes et les v\u00e9hicules utilitaires l\u00e9gers. Voici quelques-uns des mod\u00e8les pris en charge par <a href=\"https:\/\/obd-diag.fr\/en\/product\/codage-vcds-vagcom\/\">VCDS<\/a> :<\/p>\n<ul>\n<li>Volkswagen: Golf, Passat, Polo, Tiguan, Touran, Transporter, etc.<\/li>\n<li>Audi: A3, A4, A5, A6, A7, A8, Q3, Q5, Q7, etc.<\/li>\n<li>Seat: Alhambra, Altea, Ibiza, Leon, Toledo, etc.<\/li>\n<li>Skoda: Fabia, Octavia, Rapid, Superb, Yeti, etc.<\/li>\n<\/ul>\n<p><a href=\"https:\/\/obd-diag.fr\/en\/product\/codage-vcds-vagcom\/\">VCDS<\/a> is also regularly updated to support new models and features.<\/p>\n<p>In conclusion, <a href=\"https:\/\/obd-diag.fr\/en\/product\/codage-vcds-vagcom\/\">VCDS<\/a> is a <a href=\"https:\/\/obd-diag.fr\/en\/product\/installation-logiciel-diagnostic\/\">logiciel de diagnostic<\/a> OBD puissant et polyvalent pour les v\u00e9hicules Volkswagen, Audi, Seat et Skoda.<\/p>\n<p>The obd suitcase used for this software is the <a href=\"https:\/\/obd-diag.fr\/en\/product\/scanner-hex-can-v2-pour-vw-audi-skoda-seat-voitures-de-2022-a-21-9-vag22-3-atmega162-vag-com-22-3-vagcom-1996-2017\/\">HEX V2 cable<\/a><\/p>","protected":false},"excerpt":{"rendered":"<p><img decoding=\"async\" class=\"size-medium wp-image-392536 aligncenter\" src=\"https:\/\/obd-diag.fr\/wp-content\/uploads\/2022\/08\/badges-de-confiance-obd-diag.com_-300x83.png\" alt=\"badges-de-confiance-obd-diag.com\" width=\"300\" height=\"83\" data-wp-pid=\"392536\" \/><\/p>\n<p style=\"text-align: center;\"><img decoding=\"async\" class=\"size-full wp-image-392537 aligncenter\" src=\"https:\/\/obd-diag.fr\/wp-content\/uploads\/2022\/08\/visas-icons-paypal.png\" alt=\"visas-icons-paypal\" width=\"200\" height=\"32\" data-wp-pid=\"392537\" \/><\/p>\n<p style=\"text-align: center;\">\ud83d\udcbb Aide et assistance \u00e0 l&#8217;installation incluses via Ultraviewer\ud83d\udc68\ud83c\udffc\u200d\ud83d\udcbb! <strong><del>Au lieu de 39.99\u20ac<\/del><\/strong><\/p>\n<details class=\"product-summary-details\">\n<summary>Pack de Logiciels VCDS &#8211; Description et fonctionnalit\u00e9s<\/summary>\n<p>THE <strong>Pack de Logiciels VCDS<\/strong> est con\u00e7u pour les v\u00e9hicules du groupe VAG, notamment Volkswagen, Audi, Seat, et Skoda. Ce pack permet d&#8217;acc\u00e9der \u00e0 un large \u00e9ventail de fonctionnalit\u00e9s de diagnostic et de r\u00e9paration via le syst\u00e8me OBD2.<\/p>\n<h3>Fonctionnalit\u00e9s principales :<\/h3>\n<ul>\n<li><strong>Lecture et effacement des codes d&#8217;erreur :<\/strong> Identifie les codes de panne stock\u00e9s dans le calculateur moteur (ECU), permettant de d\u00e9tecter et r\u00e9soudre rapidement les probl\u00e8mes \u00e9lectroniques.<\/li>\n<li><strong>Codage et adaptation :<\/strong> Permet de modifier certains param\u00e8tres des v\u00e9hicules, comme l&#8217;activation d&#8217;options cach\u00e9es (fen\u00eatres automatiques, verrouillage centralis\u00e9, etc.).<\/li>\n<li><strong>Tests des composants :<\/strong> Teste les divers syst\u00e8mes du v\u00e9hicule comme les airbags, l&#8217;ABS, et l&#8217;ESP.<\/li>\n<li><strong>Regular updates:<\/strong> Supporte les nouveaux mod\u00e8les et syst\u00e8mes gr\u00e2ce \u00e0 des mises \u00e0 jour fr\u00e9quentes.<\/li>\n<\/ul>\n<h3>Compatibility:<\/h3>\n<ul>\n<li><strong>V\u00e9hicules support\u00e9s :<\/strong> Volkswagen (Golf, Passat, Tiguan), Audi (A3, A4, Q5), Seat (Ibiza, Leon), Skoda (Fabia, Octavia, Superb).<\/li>\n<li><strong>Syst\u00e8mes d&#8217;exploitation :<\/strong> Compatible avec Windows XP, Vista, 7, 8, 10.<\/li>\n<li><strong>Mat\u00e9riel requis :<\/strong> C\u00e2ble HEX V2 n\u00e9cessaire pour les connexions.<\/li>\n<li><strong>File size :<\/strong> Environ 554 Mo.<\/li>\n<\/ul>\n<p>THE <strong>Pack VCDS<\/strong> est un outil puissant et indispensable pour les garages et passionn\u00e9s de v\u00e9hicules du groupe VAG, permettant des diagnostics pr\u00e9cis et des reprogrammations avanc\u00e9es.<\/p>\n<\/details>","protected":false},"featured_media":393036,"comment_status":"open","ping_status":"closed","template":"","meta":{"_acf_changed":false},"pwb-brand":[],"product_brand":[],"product_cat":[290,668],"product_tag":[],"class_list":{"0":"post-392800","1":"product","2":"type-product","3":"status-publish","4":"has-post-thumbnail","6":"product_cat-logiciels-obd","7":"product_cat-vag","9":"first","10":"instock","11":"taxable","12":"shipping-taxable","13":"purchasable","14":"product-type-simple"},"acf":[],"brands":[],"_links":{"self":[{"href":"https:\/\/obd-diag.fr\/en\/wp-json\/wp\/v2\/product\/392800","targetHints":{"allow":["GET"]}}],"collection":[{"href":"https:\/\/obd-diag.fr\/en\/wp-json\/wp\/v2\/product"}],"about":[{"href":"https:\/\/obd-diag.fr\/en\/wp-json\/wp\/v2\/types\/product"}],"replies":[{"embeddable":true,"href":"https:\/\/obd-diag.fr\/en\/wp-json\/wp\/v2\/comments?post=392800"}],"wp:featuredmedia":[{"embeddable":true,"href":"https:\/\/obd-diag.fr\/en\/wp-json\/wp\/v2\/media\/393036"}],"wp:attachment":[{"href":"https:\/\/obd-diag.fr\/en\/wp-json\/wp\/v2\/media?parent=392800"}],"wp:term":[{"taxonomy":"pwb-brand","embeddable":true,"href":"https:\/\/obd-diag.fr\/en\/wp-json\/wp\/v2\/pwb-brand?post=392800"},{"taxonomy":"product_brand","embeddable":true,"href":"https:\/\/obd-diag.fr\/en\/wp-json\/wp\/v2\/product_brand?post=392800"},{"taxonomy":"product_cat","embeddable":true,"href":"https:\/\/obd-diag.fr\/en\/wp-json\/wp\/v2\/product_cat?post=392800"},{"taxonomy":"product_tag","embeddable":true,"href":"https:\/\/obd-diag.fr\/en\/wp-json\/wp\/v2\/product_tag?post=392800"}],"curies":[{"name":"wp","href":"https:\/\/api.w.org\/{rel}","templated":true}]}}