{"id":392804,"date":"2022-09-15T14:11:00","date_gmt":"2022-09-15T14:11:00","guid":{"rendered":"https:\/\/obd-diag.fr\/produit\/logiciel-haynes-pro-2018-telechargement\/"},"modified":"2024-09-22T18:00:50","modified_gmt":"2024-09-22T18:00:50","slug":"logiciel-haynes-pro-2018-telechargement","status":"publish","type":"product","link":"https:\/\/obd-diag.fr\/en\/product\/logiciel-haynes-pro-2018-telechargement\/","title":{"rendered":"Logiciel Haynes pro 2018 &#8211; T\u00c9L\u00c9CHARGEMENT"},"content":{"rendered":"<h2>Haynes pro 2018 software (Stakis) for download.<\/h2>\n<p>Works under pre-installed and configured virtual machine!<br \/>\nMultilingual including French<br \/>\nCompatible <strong>Windows 8\/10\/11 64-bit<\/strong><br \/>\n<span style=\"text-decoration: underline;\">Remote installation included<\/span><\/p>","protected":false},"excerpt":{"rendered":"<p><img decoding=\"async\" class=\"size-medium wp-image-392536 aligncenter\" src=\"https:\/\/obd-diag.fr\/wp-content\/uploads\/2022\/08\/badges-de-confiance-obd-diag.com_-300x83.png\" alt=\"badges-de-confiance-obd-diag.com\" width=\"300\" height=\"83\" data-wp-pid=\"392536\" \/><\/p>\n<p style=\"text-align: center;\"><img decoding=\"async\" class=\"size-full wp-image-392537 aligncenter\" src=\"https:\/\/obd-diag.fr\/wp-content\/uploads\/2022\/08\/visas-icons-paypal.png\" alt=\"visas-icons-paypal\" width=\"200\" height=\"32\" data-wp-pid=\"392537\" \/><\/p>\n<p style=\"text-align: center;\">\ud83d\udcbb Aide et assistance \u00e0 l&#8217;installation incluses via Ultraviewer\ud83d\udc68\ud83c\udffc\u200d\ud83d\udcbb! <strong><del>Au lieu de 39.99\u20ac<\/del><\/strong><\/p>\n<details class=\"product-summary-details\">\n<summary>Logiciel Haynes Pro 2018 &#8211; Description et fonctionnalit\u00e9s<\/summary>\n<p>THE <strong>Logiciel Haynes Pro 2018<\/strong> est une base de donn\u00e9es technique d\u00e9di\u00e9e aux professionnels de la r\u00e9paration automobile. Il offre des informations pr\u00e9cises et d\u00e9taill\u00e9es sur l&#8217;entretien, les r\u00e9parations et les diagnostics pour une large gamme de v\u00e9hicules l\u00e9gers, utilitaires et poids lourds.<\/p>\n<h3>Fonctionnalit\u00e9s principales :<\/h3>\n<ul>\n<li><strong>Manuels de r\u00e9paration :<\/strong> Comprend des proc\u00e9dures d&#8217;entretien et de r\u00e9paration standardis\u00e9es pour les syst\u00e8mes moteur, transmission, freins, \u00e9lectronique et plus encore.<\/li>\n<li><strong>Sch\u00e9mas \u00e9lectriques :<\/strong> Offre des diagrammes d\u00e9taill\u00e9s pour une localisation pr\u00e9cise des pannes \u00e9lectriques et \u00e9lectroniques.<\/li>\n<li><strong>Maintenance et r\u00e9visions :<\/strong> Propose les programmes de r\u00e9vision officiels des constructeurs, avec des bar\u00e8mes de temps pour l&#8217;entretien et les r\u00e9parations.<\/li>\n<li><strong>Outils d&#8217;estimation :<\/strong> Donn\u00e9es sur les liquides, lubrifiants, couples de serrage, pneumatiques et g\u00e9om\u00e9trie des v\u00e9hicules.<\/li>\n<\/ul>\n<h3>Compatibility:<\/h3>\n<ul>\n<li><strong>Syst\u00e8mes d&#8217;exploitation :<\/strong> Compatible avec Windows 8, 10 et 11.<\/li>\n<li><strong>Facility :<\/strong> Pr\u00e9install\u00e9 sous machine virtuelle (VirtualBox) pour une installation rapide.<\/li>\n<li><strong>File size :<\/strong> Environ 11 Go.<\/li>\n<\/ul>\n<p>THE <strong>Haynes Pro 2018<\/strong> est un outil essentiel pour les garages et les techniciens cherchant \u00e0 am\u00e9liorer l&#8217;efficacit\u00e9 de leurs r\u00e9parations gr\u00e2ce \u00e0 des donn\u00e9es techniques fiables et \u00e0 jour couvrant une large gamme de v\u00e9hicules de 1984 \u00e0 2017.<\/p>\n<\/details>","protected":false},"featured_media":393032,"comment_status":"open","ping_status":"closed","template":"","meta":{"_acf_changed":false},"pwb-brand":[],"product_brand":[],"product_cat":[290],"product_tag":[],"class_list":{"0":"post-392804","1":"product","2":"type-product","3":"status-publish","4":"has-post-thumbnail","6":"product_cat-logiciels-obd","8":"first","9":"instock","10":"taxable","11":"shipping-taxable","12":"purchasable","13":"product-type-simple"},"acf":[],"brands":[],"_links":{"self":[{"href":"https:\/\/obd-diag.fr\/en\/wp-json\/wp\/v2\/product\/392804","targetHints":{"allow":["GET"]}}],"collection":[{"href":"https:\/\/obd-diag.fr\/en\/wp-json\/wp\/v2\/product"}],"about":[{"href":"https:\/\/obd-diag.fr\/en\/wp-json\/wp\/v2\/types\/product"}],"replies":[{"embeddable":true,"href":"https:\/\/obd-diag.fr\/en\/wp-json\/wp\/v2\/comments?post=392804"}],"wp:featuredmedia":[{"embeddable":true,"href":"https:\/\/obd-diag.fr\/en\/wp-json\/wp\/v2\/media\/393032"}],"wp:attachment":[{"href":"https:\/\/obd-diag.fr\/en\/wp-json\/wp\/v2\/media?parent=392804"}],"wp:term":[{"taxonomy":"pwb-brand","embeddable":true,"href":"https:\/\/obd-diag.fr\/en\/wp-json\/wp\/v2\/pwb-brand?post=392804"},{"taxonomy":"product_brand","embeddable":true,"href":"https:\/\/obd-diag.fr\/en\/wp-json\/wp\/v2\/product_brand?post=392804"},{"taxonomy":"product_cat","embeddable":true,"href":"https:\/\/obd-diag.fr\/en\/wp-json\/wp\/v2\/product_cat?post=392804"},{"taxonomy":"product_tag","embeddable":true,"href":"https:\/\/obd-diag.fr\/en\/wp-json\/wp\/v2\/product_tag?post=392804"}],"curies":[{"name":"wp","href":"https:\/\/api.w.org\/{rel}","templated":true}]}}