{"id":392812,"date":"2022-09-15T14:11:00","date_gmt":"2022-09-15T14:11:00","guid":{"rendered":"https:\/\/obd-diag.fr\/produit\/winols-2-24-telechargement\/"},"modified":"2024-09-22T16:47:03","modified_gmt":"2024-09-22T16:47:03","slug":"winols-2-24-telechargement","status":"publish","type":"product","link":"https:\/\/obd-diag.fr\/en\/product\/winols-2-24-telechargement\/","title":{"rendered":"Winols 2.24 &#8211; T\u00c9L\u00c9CHARGEMENT"},"content":{"rendered":"<h2>Winols software for download<\/h2>\n<p>Version 2.24<br \/>\nWindows XP\/7 compatible<br \/>\n<strong>File size :<\/strong> 4GB<\/p>","protected":false},"excerpt":{"rendered":"<p><img decoding=\"async\" class=\"size-medium wp-image-392536 aligncenter\" src=\"https:\/\/obd-diag.fr\/wp-content\/uploads\/2022\/08\/badges-de-confiance-obd-diag.com_-300x83.png\" alt=\"badges-de-confiance-obd-diag.com\" width=\"300\" height=\"83\" data-wp-pid=\"392536\" \/><\/p>\n<p style=\"text-align: center;\"><img decoding=\"async\" class=\"size-full wp-image-392537 aligncenter\" src=\"https:\/\/obd-diag.fr\/wp-content\/uploads\/2022\/08\/visas-icons-paypal.png\" alt=\"visas-icons-paypal\" width=\"200\" height=\"32\" data-wp-pid=\"392537\" \/><\/p>\n<p style=\"text-align: center;\">\ud83d\udcbb Aide et assistance \u00e0 l&#8217;installation incluses via Ultraviewer\ud83d\udc68\ud83c\udffc\u200d\ud83d\udcbb! <strong><del>Au lieu de 39.99\u20ac<\/del><\/strong><\/p>\n<details class=\"product-summary-details\">\n<summary><strong>WinOLS 2.24 &#8211; Logiciel de Remapping et Tuning ECU<\/strong><\/summary>\n<p>THE <strong>WinOLS 2.24<\/strong> est un logiciel de tuning et de reprogrammation d&#8217;ECU (Unit\u00e9 de contr\u00f4le moteur), con\u00e7u pour modifier les cartes et les donn\u00e9es de performance d&#8217;un v\u00e9hicule. Ce logiciel permet d&#8217;\u00e9diter les fichiers m\u00e9moire de l&#8217;ECU afin d&#8217;optimiser les param\u00e8tres moteur, y compris la gestion de l&#8217;injection de carburant, du turbo, et d&#8217;autres syst\u00e8mes critiques.<\/p>\n<h3>Caract\u00e9ristiques principales :<\/h3>\n<ul>\n<li><strong>Recherche de cartes automatique :<\/strong> Identifie automatiquement les cartes de gestion moteur dans les fichiers ECU, facilitant leur modification.<\/li>\n<li><strong>Affichage graphique en 2D et 3D :<\/strong> Les cartes peuvent \u00eatre affich\u00e9es sous forme de tableaux ou de graphiques en 2D et 3D pour une meilleure visualisation des donn\u00e9es.<\/li>\n<li><strong>Correction de checksum int\u00e9gr\u00e9e :<\/strong> Assure que les modifications effectu\u00e9es sont coh\u00e9rentes et compatibles avec l&#8217;ECU, en \u00e9vitant les erreurs critiques apr\u00e8s l\u2019\u00e9criture du fichier.<\/li>\n<li><strong>Sauvegarde des versions :<\/strong> Le logiciel permet de stocker jusqu&#8217;\u00e0 200 versions d&#8217;un m\u00eame fichier ECU, facilitant le suivi et l\u2019analyse des modifications.<\/li>\n<li><strong>Langues disponibles :<\/strong> Interface utilisateur disponible en anglais et allemand, permettant de basculer facilement entre les deux langues.<\/li>\n<\/ul>\n<h3>Compatibility:<\/h3>\n<ul>\n<li>Supporte la plupart des v\u00e9hicules europ\u00e9ens, asiatiques et am\u00e9ricains \u00e9quip\u00e9s d\u2019ECU Bosch, Siemens, Delphi, et autres.<\/li>\n<li>Fonctionne sous Windows XP, 7, 8, et 10 (32 et 64 bits).<\/li>\n<\/ul>\n<h3>Contenu du pack :<\/h3>\n<ul>\n<li>1x Logiciel WinOLS 2.24<\/li>\n<li>1x Manuel d&#8217;installation<\/li>\n<\/ul>\n<h3>Fonctionnalit\u00e9s suppl\u00e9mentaires :<\/h3>\n<ul>\n<li>Permet de marquer et nommer des cartes sp\u00e9cifiques, et de les sauvegarder pour une utilisation ult\u00e9rieure dans d\u2019autres projets.<\/li>\n<li>Gestion des fichiers de projet, avec la possibilit\u00e9 de trier et filtrer les modifications effectu\u00e9es pour une organisation optimale.<\/li>\n<\/ul>\n<h3>Compatibilit\u00e9 des syst\u00e8mes :<\/h3>\n<p>Compatible avec Windows XP, 7, 8 et 10. Requiert au minimum 2 Go de RAM et 1 Go d\u2019espace disque pour l\u2019installation compl\u00e8te.<\/p>\n<\/details>","protected":false},"featured_media":392986,"comment_status":"open","ping_status":"closed","template":"","meta":{"_acf_changed":false},"pwb-brand":[],"product_brand":[],"product_cat":[290],"product_tag":[],"class_list":{"0":"post-392812","1":"product","2":"type-product","3":"status-publish","4":"has-post-thumbnail","6":"product_cat-logiciels-obd","8":"first","9":"instock","10":"taxable","11":"shipping-taxable","12":"purchasable","13":"product-type-simple"},"acf":[],"brands":[],"_links":{"self":[{"href":"https:\/\/obd-diag.fr\/en\/wp-json\/wp\/v2\/product\/392812","targetHints":{"allow":["GET"]}}],"collection":[{"href":"https:\/\/obd-diag.fr\/en\/wp-json\/wp\/v2\/product"}],"about":[{"href":"https:\/\/obd-diag.fr\/en\/wp-json\/wp\/v2\/types\/product"}],"replies":[{"embeddable":true,"href":"https:\/\/obd-diag.fr\/en\/wp-json\/wp\/v2\/comments?post=392812"}],"wp:featuredmedia":[{"embeddable":true,"href":"https:\/\/obd-diag.fr\/en\/wp-json\/wp\/v2\/media\/392986"}],"wp:attachment":[{"href":"https:\/\/obd-diag.fr\/en\/wp-json\/wp\/v2\/media?parent=392812"}],"wp:term":[{"taxonomy":"pwb-brand","embeddable":true,"href":"https:\/\/obd-diag.fr\/en\/wp-json\/wp\/v2\/pwb-brand?post=392812"},{"taxonomy":"product_brand","embeddable":true,"href":"https:\/\/obd-diag.fr\/en\/wp-json\/wp\/v2\/product_brand?post=392812"},{"taxonomy":"product_cat","embeddable":true,"href":"https:\/\/obd-diag.fr\/en\/wp-json\/wp\/v2\/product_cat?post=392812"},{"taxonomy":"product_tag","embeddable":true,"href":"https:\/\/obd-diag.fr\/en\/wp-json\/wp\/v2\/product_tag?post=392812"}],"curies":[{"name":"wp","href":"https:\/\/api.w.org\/{rel}","templated":true}]}}