{"id":392814,"date":"2022-09-15T14:11:00","date_gmt":"2022-09-15T14:11:00","guid":{"rendered":"https:\/\/obd-diag.fr\/produit\/xentry-longkey\/"},"modified":"2024-09-22T16:49:04","modified_gmt":"2024-09-22T16:49:04","slug":"xentry-longkey","status":"publish","type":"product","link":"https:\/\/obd-diag.fr\/en\/product\/xentry-longkey\/","title":{"rendered":"Xentry Longkey &#8211; T\u00c9L\u00c9CHARGEMENT"},"content":{"rendered":"<h2>Longkey for Xentry software<\/h2>\n<p><strong>File size :<\/strong> 7.7 MB<br \/>\nRemote installation included<\/p>","protected":false},"excerpt":{"rendered":"<p><img decoding=\"async\" class=\"size-medium wp-image-392536 aligncenter\" src=\"https:\/\/obd-diag.fr\/wp-content\/uploads\/2022\/08\/badges-de-confiance-obd-diag.com_-300x83.png\" alt=\"badges-de-confiance-obd-diag.com\" width=\"300\" height=\"83\" data-wp-pid=\"392536\" \/><\/p>\n<p style=\"text-align: center;\"><img decoding=\"async\" class=\"size-full wp-image-392537 aligncenter\" src=\"https:\/\/obd-diag.fr\/wp-content\/uploads\/2022\/08\/visas-icons-paypal.png\" alt=\"visas-icons-paypal\" width=\"200\" height=\"32\" data-wp-pid=\"392537\" \/><\/p>\n<p style=\"text-align: center;\">\ud83d\udcbb Aide et assistance \u00e0 l&#8217;installation incluses via Ultraviewer\ud83d\udc68\ud83c\udffc\u200d\ud83d\udcbb! <strong><del>Au lieu de 39.99\u20ac<\/del><\/strong><\/p>\n<details class=\"product-summary-details\">\n<summary><strong>Xentry Longkey &#8211; G\u00e9n\u00e9rateur de Cl\u00e9s pour Xentry Mercedes-Benz<\/strong><\/summary>\n<p>THE <strong>Xentry Longkey<\/strong> est un g\u00e9n\u00e9rateur de cl\u00e9s avanc\u00e9 destin\u00e9 \u00e0 activer les logiciels de diagnostic **Xentry** utilis\u00e9s pour les v\u00e9hicules Mercedes-Benz. Ce logiciel est essentiel pour obtenir des licences de longue dur\u00e9e et d\u00e9bloquer les fonctionnalit\u00e9s avanc\u00e9es des syst\u00e8mes de diagnostic Xentry, notamment pour la programmation, le codage et les tests de modules ECU.<\/p>\n<h3>Caract\u00e9ristiques principales :<\/h3>\n<ul>\n<li><strong>Activation compl\u00e8te de Xentry :<\/strong> G\u00e9n\u00e8re des cl\u00e9s de licence longue dur\u00e9e (longkeys) pour d\u00e9bloquer Xentry sur les outils de diagnostic Mercedes-Benz.<\/li>\n<li><strong>Compatibilit\u00e9 large :<\/strong> Compatible avec les derni\u00e8res versions de Xentry (y compris XDOS) et prend en charge les syst\u00e8mes DoIP (Diagnostic over Internet Protocol).<\/li>\n<li><strong>Facilit\u00e9 d\u2019utilisation :<\/strong> La g\u00e9n\u00e9ration des cl\u00e9s se fait via une interface simple et rapide. Aucune connexion Internet n&#8217;est n\u00e9cessaire apr\u00e8s l&#8217;installation initiale.<\/li>\n<li><strong>Support pour les d\u00e9veloppeurs :<\/strong> Permet l&#8217;acc\u00e8s au mode d\u00e9veloppeur, utilis\u00e9 pour les fonctions de codage et de diagnostic avanc\u00e9es.<\/li>\n<\/ul>\n<h3>Compatibility:<\/h3>\n<ul>\n<li>Compatible avec les versions Xentry de 2020 \u00e0 2022.<\/li>\n<li>Fonctionne sous Windows XP, 7, 8, et 10 (32 et 64 bits).<\/li>\n<\/ul>\n<h3>Contenu du pack :<\/h3>\n<ul>\n<li>1x G\u00e9n\u00e9rateur de cl\u00e9 Longkey<\/li>\n<li>1x Guide d\u2019installation<\/li>\n<\/ul>\n<h3>Fonctionnalit\u00e9s suppl\u00e9mentaires :<\/h3>\n<ul>\n<li>Permet des mises \u00e0 jour r\u00e9guli\u00e8res pour garantir que les versions les plus r\u00e9centes de Xentry soient compatibles.<\/li>\n<\/ul>\n<h3>Compatibilit\u00e9 des syst\u00e8mes :<\/h3>\n<p>Requiert un minimum de 4 Go de RAM et 10 Go d&#8217;espace disque. Compatible avec les derni\u00e8res versions de Xentry et les syst\u00e8mes d\u2019exploitation Windows.<\/p>\n<\/details>","protected":false},"featured_media":393017,"comment_status":"open","ping_status":"closed","template":"","meta":{"_acf_changed":false},"pwb-brand":[],"product_brand":[],"product_cat":[290,266],"product_tag":[],"class_list":{"0":"post-392814","1":"product","2":"type-product","3":"status-publish","4":"has-post-thumbnail","6":"product_cat-logiciels-obd","7":"product_cat-mercedes-benz","9":"first","10":"instock","11":"taxable","12":"shipping-taxable","13":"purchasable","14":"product-type-simple"},"acf":[],"brands":[],"_links":{"self":[{"href":"https:\/\/obd-diag.fr\/en\/wp-json\/wp\/v2\/product\/392814","targetHints":{"allow":["GET"]}}],"collection":[{"href":"https:\/\/obd-diag.fr\/en\/wp-json\/wp\/v2\/product"}],"about":[{"href":"https:\/\/obd-diag.fr\/en\/wp-json\/wp\/v2\/types\/product"}],"replies":[{"embeddable":true,"href":"https:\/\/obd-diag.fr\/en\/wp-json\/wp\/v2\/comments?post=392814"}],"wp:featuredmedia":[{"embeddable":true,"href":"https:\/\/obd-diag.fr\/en\/wp-json\/wp\/v2\/media\/393017"}],"wp:attachment":[{"href":"https:\/\/obd-diag.fr\/en\/wp-json\/wp\/v2\/media?parent=392814"}],"wp:term":[{"taxonomy":"pwb-brand","embeddable":true,"href":"https:\/\/obd-diag.fr\/en\/wp-json\/wp\/v2\/pwb-brand?post=392814"},{"taxonomy":"product_brand","embeddable":true,"href":"https:\/\/obd-diag.fr\/en\/wp-json\/wp\/v2\/product_brand?post=392814"},{"taxonomy":"product_cat","embeddable":true,"href":"https:\/\/obd-diag.fr\/en\/wp-json\/wp\/v2\/product_cat?post=392814"},{"taxonomy":"product_tag","embeddable":true,"href":"https:\/\/obd-diag.fr\/en\/wp-json\/wp\/v2\/product_tag?post=392814"}],"curies":[{"name":"wp","href":"https:\/\/api.w.org\/{rel}","templated":true}]}}