{"id":392816,"date":"2022-09-15T14:11:00","date_gmt":"2022-09-15T14:11:00","guid":{"rendered":"https:\/\/obd-diag.fr\/produit\/winols-4-51-vmware-telechargement\/"},"modified":"2024-09-22T16:51:04","modified_gmt":"2024-09-22T16:51:04","slug":"winols-4-51-vmware-telechargement","status":"publish","type":"product","link":"https:\/\/obd-diag.fr\/en\/product\/winols-4-51-vmware-telechargement\/","title":{"rendered":"Winols 4.51 Vmware &#8211; T\u00c9L\u00c9CHARGEMENT"},"content":{"rendered":"<h2>Winols software<\/h2>\n<p>Version 4.51<br \/>\nCompatible <strong>Windows 8\/10\/11<\/strong><br \/>\n<strong>Language :<\/strong> French<br \/>\nPre-made virtual machine!<br \/>\n<strong>File size :<\/strong> 8 GB<br \/>\nRemote installation included<\/p>","protected":false},"excerpt":{"rendered":"<p><img decoding=\"async\" class=\"size-medium wp-image-392536 aligncenter\" src=\"https:\/\/obd-diag.fr\/wp-content\/uploads\/2022\/08\/badges-de-confiance-obd-diag.com_-300x83.png\" alt=\"badges-de-confiance-obd-diag.com\" width=\"300\" height=\"83\" data-wp-pid=\"392536\" \/><\/p>\n<p style=\"text-align: center;\"><img decoding=\"async\" class=\"size-full wp-image-392537 aligncenter\" src=\"https:\/\/obd-diag.fr\/wp-content\/uploads\/2022\/08\/visas-icons-paypal.png\" alt=\"visas-icons-paypal\" width=\"200\" height=\"32\" data-wp-pid=\"392537\" \/><\/p>\n<p style=\"text-align: center;\">\ud83d\udcbb Aide et assistance \u00e0 l&#8217;installation incluses via Ultraviewer\ud83d\udc68\ud83c\udffc\u200d\ud83d\udcbb! <strong><del>Au lieu de 39.99\u20ac<\/del><\/strong><\/p>\n<details class=\"product-summary-details\">\n<summary><strong>WinOLS 4.51 &#8211; Logiciel de Tuning ECU sur VMware<\/strong><\/summary>\n<p>THE <strong>WinOLS 4.51<\/strong> est une solution puissante pour la modification des cartes ECU, utilis\u00e9 principalement dans le domaine du tuning moteur. Pr\u00e9-install\u00e9 sur une machine virtuelle VMware, il permet de modifier les param\u00e8tres des unit\u00e9s de contr\u00f4le moteur pour optimiser les performances des v\u00e9hicules. Cette version est livr\u00e9e avec des plugins avanc\u00e9s et des fonctions de correction des checksums, garantissant une utilisation fluide et s\u00e9curis\u00e9e.<\/p>\n<h3>Caract\u00e9ristiques principales :<\/h3>\n<ul>\n<li><strong>Modifications avanc\u00e9es des ECU :<\/strong> Permet de modifier des param\u00e8tres tels que les cartes de carburant, les cartes d&#8217;allumage, et autres r\u00e9glages pour am\u00e9liorer la performance des moteurs.<\/li>\n<li><strong>Support des checksums :<\/strong> Corrige automatiquement les checksums pour garantir l&#8217;int\u00e9grit\u00e9 des fichiers modifi\u00e9s, compatible avec une large gamme d&#8217;ECU, y compris Bosch et Siemens.<\/li>\n<li><strong>Plugins inclus :<\/strong> Plus de 66 plugins disponibles, incluant OLS521 Damos et OLS1006 pour l&#8217;importation de fichiers sp\u00e9cifiques comme ODX et FRF.<\/li>\n<li><strong>Fonctions de comparaison puissantes :<\/strong> Recherchez et comparez diff\u00e9rents fichiers ECU pour trouver les meilleures configurations adapt\u00e9es \u00e0 votre v\u00e9hicule.<\/li>\n<\/ul>\n<h3>Compatibility:<\/h3>\n<ul>\n<li>Fonctionne avec VMware Workstation Pro sur Windows 7, 8, et 10.<\/li>\n<li>Supporte plusieurs langues : anglais, fran\u00e7ais, allemand, italien, polonais et russe.<\/li>\n<\/ul>\n<h3>Contenu du pack :<\/h3>\n<ul>\n<li>1x Logiciel WinOLS 4.51 install\u00e9 sur VMware<\/li>\n<li>1x Guide vid\u00e9o d&#8217;installation et manuel en PDF<\/li>\n<\/ul>\n<h3>Fonctionnalit\u00e9s suppl\u00e9mentaires :<\/h3>\n<ul>\n<li>Importation et exportation des fichiers Damos et OLS, possibilit\u00e9 d&#8217;utiliser les fichiers de tuning.<\/li>\n<li>R\u00e9initialisation automatique du runtime WinOLS apr\u00e8s 38 d\u00e9marrages de la machine virtuelle.<\/li>\n<\/ul>\n<h3>Configuration requise :<\/h3>\n<p>Requiert un PC avec au moins 4 Go de RAM, 10 Go d&#8217;espace disque, et la virtualisation activ\u00e9e dans le BIOS.<\/p>\n<\/details>","protected":false},"featured_media":392985,"comment_status":"open","ping_status":"closed","template":"","meta":{"_acf_changed":false},"pwb-brand":[],"product_brand":[],"product_cat":[290],"product_tag":[],"class_list":{"0":"post-392816","1":"product","2":"type-product","3":"status-publish","4":"has-post-thumbnail","6":"product_cat-logiciels-obd","8":"first","9":"instock","10":"taxable","11":"shipping-taxable","12":"purchasable","13":"product-type-simple"},"acf":[],"brands":[],"_links":{"self":[{"href":"https:\/\/obd-diag.fr\/en\/wp-json\/wp\/v2\/product\/392816","targetHints":{"allow":["GET"]}}],"collection":[{"href":"https:\/\/obd-diag.fr\/en\/wp-json\/wp\/v2\/product"}],"about":[{"href":"https:\/\/obd-diag.fr\/en\/wp-json\/wp\/v2\/types\/product"}],"replies":[{"embeddable":true,"href":"https:\/\/obd-diag.fr\/en\/wp-json\/wp\/v2\/comments?post=392816"}],"wp:featuredmedia":[{"embeddable":true,"href":"https:\/\/obd-diag.fr\/en\/wp-json\/wp\/v2\/media\/392985"}],"wp:attachment":[{"href":"https:\/\/obd-diag.fr\/en\/wp-json\/wp\/v2\/media?parent=392816"}],"wp:term":[{"taxonomy":"pwb-brand","embeddable":true,"href":"https:\/\/obd-diag.fr\/en\/wp-json\/wp\/v2\/pwb-brand?post=392816"},{"taxonomy":"product_brand","embeddable":true,"href":"https:\/\/obd-diag.fr\/en\/wp-json\/wp\/v2\/product_brand?post=392816"},{"taxonomy":"product_cat","embeddable":true,"href":"https:\/\/obd-diag.fr\/en\/wp-json\/wp\/v2\/product_cat?post=392816"},{"taxonomy":"product_tag","embeddable":true,"href":"https:\/\/obd-diag.fr\/en\/wp-json\/wp\/v2\/product_tag?post=392816"}],"curies":[{"name":"wp","href":"https:\/\/api.w.org\/{rel}","templated":true}]}}