{"id":392822,"date":"2022-09-15T14:11:00","date_gmt":"2022-09-15T14:11:00","guid":{"rendered":"https:\/\/obd-diag.fr\/produit\/xentry-passthru-version-03-2022-telechargement\/"},"modified":"2025-02-20T17:08:51","modified_gmt":"2025-02-20T17:08:51","slug":"xentry-passthru-version-03-2022-telechargement","status":"publish","type":"product","link":"https:\/\/obd-diag.fr\/en\/product\/xentry-passthru-version-03-2022-telechargement\/","title":{"rendered":"XENTRY PassThru VERSION 03.2022 &#8211; T\u00c9L\u00c9CHARGEMENT"},"content":{"rendered":"<div id=\"ez-toc-container\" class=\"ez-toc-v2_0_73 counter-hierarchy ez-toc-counter ez-toc-grey ez-toc-container-direction\">\n<div class=\"ez-toc-title-container\">\n<p class=\"ez-toc-title\" style=\"cursor:inherit\">Summary<\/p>\n<span class=\"ez-toc-title-toggle\"><a href=\"#\" class=\"ez-toc-pull-right ez-toc-btn ez-toc-btn-xs ez-toc-btn-default ez-toc-toggle\" aria-label=\"Toggle Table of Contents\"><span class=\"ez-toc-js-icon-con\"><span class=\"\"><span class=\"eztoc-hide\" style=\"display:none;\">Toggle<\/span><span class=\"ez-toc-icon-toggle-span\"><svg style=\"fill: #999;color:#999\" xmlns=\"http:\/\/www.w3.org\/2000\/svg\" class=\"list-377408\" width=\"20px\" height=\"20px\" viewbox=\"0 0 24 24\" fill=\"none\"><path d=\"M6 6H4v2h2V6zm14 0H8v2h12V6zM4 11h2v2H4v-2zm16 0H8v2h12v-2zM4 16h2v2H4v-2zm16 0H8v2h12v-2z\" fill=\"currentColor\"><\/path><\/svg><svg style=\"fill: #999;color:#999\" class=\"arrow-unsorted-368013\" xmlns=\"http:\/\/www.w3.org\/2000\/svg\" width=\"10px\" height=\"10px\" viewbox=\"0 0 24 24\" version=\"1.2\" baseprofile=\"tiny\"><path d=\"M18.2 9.3l-6.2-6.3-6.2 6.3c-.2.2-.3.4-.3.7s.1.5.3.7c.2.2.4.3.7.3h11c.3 0 .5-.1.7-.3.2-.2.3-.5.3-.7s-.1-.5-.3-.7zM5.8 14.7l6.2 6.3 6.2-6.3c.2-.2.3-.5.3-.7s-.1-.5-.3-.7c-.2-.2-.4-.3-.7-.3h-11c-.3 0-.5.1-.7.3-.2.2-.3.5-.3.7s.1.5.3.7z\"\/><\/svg><\/span><\/span><\/span><\/a><\/span><\/div>\n<nav><ul class='ez-toc-list ez-toc-list-level-1' ><li class='ez-toc-page-1 ez-toc-heading-level-2'><a class=\"ez-toc-link ez-toc-heading-1\" href=\"https:\/\/obd-diag.fr\/en\/product\/xentry-passthru-version-03-2022-telechargement\/#Logiciel_XENTRY_PassThru\" title=\"XENTRY PassThru Software\">XENTRY PassThru Software<\/a><ul class='ez-toc-list-level-3' ><li class='ez-toc-heading-level-3'><a class=\"ez-toc-link ez-toc-heading-2\" href=\"https:\/\/obd-diag.fr\/en\/product\/xentry-passthru-version-03-2022-telechargement\/#Adaptateurs_compatibles_normes_J2534\" title=\"Compatible adapters (J2534 standards):\">Compatible adapters (J2534 standards):<\/a><\/li><\/ul><\/li><\/ul><\/nav><\/div>\n<h2><span class=\"ez-toc-section\" id=\"Logiciel_XENTRY_PassThru\"><\/span>XENTRY PassThru Software<span class=\"ez-toc-section-end\"><\/span><\/h2>\n<p>Multilingual including French<\/p>\n<h3><span class=\"ez-toc-section\" id=\"Adaptateurs_compatibles_normes_J2534\"><\/span>Compatible adapters (J2534 standards):<span class=\"ez-toc-section-end\"><\/span><\/h3>\n<ul>\n<li>Tactrix <a href=\"https:\/\/obd-diag.fr\/en\/product\/keeptrix-outil-de-reglage-automatique-de-la-puce-ecuopenport-2-0puce-complete-j2534connecteur-obd2mercedes-benzopen-port-20\/\">OpenPort<\/a> 2.0<\/li>\n<li>STIC <a href=\"https:\/\/obd-diag.fr\/en\/product\/meilleur-outil-de-diagnostic-de-voiture-svci-6154a-meilleur-lecteur-dorigine-meilleur-que-oki-5054a-6154a-pour-vag-prise-en-charge-uds-doip-can-protocole-fd-jusquen-2022\/\">SVCI<\/a><\/li>\n<li>KTS560<\/li>\n<li><a href=\"https:\/\/obd-diag.fr\/en\/product\/meilleur-oki-5054a-v6-2-0-compatible-bluetooth-amb2300-5054-puce-complete-soutien-uds-6154-wifi-v7-1-1-automatique-obd2-outil-de-diagnostic-6154a\/\">VAS 5054<\/a><\/li>\n<li>Mongoose pro2<\/li>\n<li>Toyota <a href=\"https:\/\/obd-diag.fr\/en\/product\/meilleur-mini-vci-obd2-cable-de-diagnostic-automobile-connecteur-dinterface-pour-toyota-tis-techstream-mini-vci-j2534-ftdi-ft232rl\/\">Mini VCI<\/a><\/li>\n<li>Scanmatik Por2<\/li>\n<li>Cardaq Plus 2 or 3<\/li>\n<li>Rotunda Ford VCM 2<\/li>\n<li>VXDIAG VCX Nano and SE Benz<\/li>\n<li>Actia<\/li>\n<li>\u00a0Etc\u2026<\/li>\n<\/ul>","protected":false},"excerpt":{"rendered":"<p><img decoding=\"async\" class=\"size-medium wp-image-392536 aligncenter\" src=\"https:\/\/obd-diag.fr\/wp-content\/uploads\/2022\/08\/badges-de-confiance-obd-diag.com_-300x83.png\" alt=\"badges-de-confiance-obd-diag.com\" width=\"300\" height=\"83\" data-wp-pid=\"392536\" \/><\/p>\n<p style=\"text-align: center;\"><img decoding=\"async\" class=\"size-full wp-image-392537 aligncenter\" src=\"https:\/\/obd-diag.fr\/wp-content\/uploads\/2022\/08\/visas-icons-paypal.png\" alt=\"visas-icons-paypal\" width=\"200\" height=\"32\" data-wp-pid=\"392537\" \/><\/p>\n<p style=\"text-align: center;\">\ud83d\udcbb Aide et assistance \u00e0 l&#8217;installation incluses via Ultraviewer\ud83d\udc68\ud83c\udffc\u200d\ud83d\udcbb! <strong><del>Au lieu de 39.99\u20ac<\/del><\/strong><\/p>\n<details class=\"product-summary-details\">\n<summary>Xentry PassThru VERSION 03.2022 &#8211; Description et fonctionnalit\u00e9s<\/summary>\n<p><strong>Xentry PassThru 03.2022<\/strong> est un logiciel de diagnostic utilis\u00e9 pour les v\u00e9hicules Mercedes-Benz. Il permet d&#8217;ex\u00e9cuter des diagnostics avanc\u00e9s, du codage, ainsi que des mises \u00e0 jour des modules de contr\u00f4le des v\u00e9hicules \u00e0 l&#8217;aide de dispositifs J2534, tels que VAS5054, Autel, ou Scanmatic 2 Pro.<\/p>\n<p><strong>Compatibility:<\/strong> Le logiciel fonctionne avec Windows 10 64 bits, n\u00e9cessitant un processeur Intel Core i3 ou sup\u00e9rieur, 4 Go de RAM, et 80 Go d&#8217;espace disque. Il est con\u00e7u pour les ateliers ind\u00e9pendants souhaitant r\u00e9aliser des tests, codages, et mises \u00e0 jour sans avoir besoin du kit SDConnect de Mercedes.<\/p>\n<p><strong>Fonctionnalit\u00e9s cl\u00e9s :<\/strong><\/p>\n<ul>\n<li>Tests rapides et actions de contr\u00f4le.<\/li>\n<li>Affichage des valeurs r\u00e9elles et cibles.<\/li>\n<li>Guide de d\u00e9pannage assist\u00e9 pour une r\u00e9paration efficace.<\/li>\n<li>Programmation des modules de contr\u00f4le via &#8220;XENTRY Flash&#8221;.<\/li>\n<li>Acc\u00e8s aux bases de donn\u00e9es XENTRY TIPS et WIS\/ASRA pour des informations de r\u00e9paration.<\/li>\n<\/ul>\n<p><strong>Limites :<\/strong> Certaines marques comme Bharat Benz et Fuso ne sont pas support\u00e9es par Xentry PassThru.<\/p>\n<\/details>","protected":false},"featured_media":393012,"comment_status":"open","ping_status":"closed","template":"","meta":{"_acf_changed":false},"pwb-brand":[],"product_brand":[],"product_cat":[290,266],"product_tag":[],"class_list":{"0":"post-392822","1":"product","2":"type-product","3":"status-publish","4":"has-post-thumbnail","6":"product_cat-logiciels-obd","7":"product_cat-mercedes-benz","9":"first","10":"instock","11":"taxable","12":"shipping-taxable","13":"purchasable","14":"product-type-simple"},"acf":[],"brands":[],"_links":{"self":[{"href":"https:\/\/obd-diag.fr\/en\/wp-json\/wp\/v2\/product\/392822","targetHints":{"allow":["GET"]}}],"collection":[{"href":"https:\/\/obd-diag.fr\/en\/wp-json\/wp\/v2\/product"}],"about":[{"href":"https:\/\/obd-diag.fr\/en\/wp-json\/wp\/v2\/types\/product"}],"replies":[{"embeddable":true,"href":"https:\/\/obd-diag.fr\/en\/wp-json\/wp\/v2\/comments?post=392822"}],"wp:featuredmedia":[{"embeddable":true,"href":"https:\/\/obd-diag.fr\/en\/wp-json\/wp\/v2\/media\/393012"}],"wp:attachment":[{"href":"https:\/\/obd-diag.fr\/en\/wp-json\/wp\/v2\/media?parent=392822"}],"wp:term":[{"taxonomy":"pwb-brand","embeddable":true,"href":"https:\/\/obd-diag.fr\/en\/wp-json\/wp\/v2\/pwb-brand?post=392822"},{"taxonomy":"product_brand","embeddable":true,"href":"https:\/\/obd-diag.fr\/en\/wp-json\/wp\/v2\/product_brand?post=392822"},{"taxonomy":"product_cat","embeddable":true,"href":"https:\/\/obd-diag.fr\/en\/wp-json\/wp\/v2\/product_cat?post=392822"},{"taxonomy":"product_tag","embeddable":true,"href":"https:\/\/obd-diag.fr\/en\/wp-json\/wp\/v2\/product_tag?post=392822"}],"curies":[{"name":"wp","href":"https:\/\/api.w.org\/{rel}","templated":true}]}}