{"id":392824,"date":"2022-09-15T14:11:00","date_gmt":"2022-09-15T14:11:00","guid":{"rendered":"https:\/\/obd-diag.fr\/produit\/vediamo-5-1-1-dts-monaco\/"},"modified":"2024-09-22T17:46:56","modified_gmt":"2024-09-22T17:46:56","slug":"vediamo-5-1-1-dts-monaco","status":"publish","type":"product","link":"https:\/\/obd-diag.fr\/en\/product\/vediamo-5-1-1-dts-monaco\/","title":{"rendered":"Vediamo 5.1.1 + DTS Monaco &#8211; T\u00c9L\u00c9CHARGEMENT"},"content":{"rendered":"<h2>Vediamo software version 5.1.1 + user manual (English)<\/h2>\n<p><strong>DTS Monaco version 8.14.016 + DTS Projects<\/strong><br \/>\n<span style=\"text-decoration: underline;\">Remote installation included<\/span><br \/>\nCompatible <strong>Windows 7\/8\/10\/11<\/strong><br \/>\n<strong>File size :<\/strong> 1.6 GB<\/p>","protected":false},"excerpt":{"rendered":"<p><img decoding=\"async\" class=\"size-medium wp-image-392536 aligncenter\" src=\"https:\/\/obd-diag.fr\/wp-content\/uploads\/2022\/08\/badges-de-confiance-obd-diag.com_-300x83.png\" alt=\"badges-de-confiance-obd-diag.com\" width=\"300\" height=\"83\" data-wp-pid=\"392536\" \/><\/p>\n<p style=\"text-align: center;\"><img decoding=\"async\" class=\"size-full wp-image-392537 aligncenter\" src=\"https:\/\/obd-diag.fr\/wp-content\/uploads\/2022\/08\/visas-icons-paypal.png\" alt=\"visas-icons-paypal\" width=\"200\" height=\"32\" data-wp-pid=\"392537\" \/><\/p>\n<p style=\"text-align: center;\">\ud83d\udcbb Aide et assistance \u00e0 l&#8217;installation incluses via Ultraviewer\ud83d\udc68\ud83c\udffc\u200d\ud83d\udcbb! <strong><del>Au lieu de 39.99\u20ac<\/del><\/strong><\/p>\n<details class=\"product-summary-details\">\n<summary>Vediamo 5.1.1 + DTS Monaco &#8211; Description et fonctionnalit\u00e9s<\/summary>\n<p><strong>Vediamo 5.1.1<\/strong> And <strong>DTS Monaco<\/strong> sont des outils de diagnostic et de codage avanc\u00e9s utilis\u00e9s principalement pour les v\u00e9hicules Mercedes-Benz. Ils permettent d\u2019effectuer des diagnostics \u00e9lectroniques complets, de la programmation des unit\u00e9s de contr\u00f4le (ECU), ainsi que du codage variant pour de nombreux syst\u00e8mes \u00e9lectroniques.<\/p>\n<h3>Caract\u00e9ristiques principales :<\/h3>\n<ul>\n<li><strong>Vediamo 5.1.1 :<\/strong> Logiciel d&#8217;ing\u00e9nierie con\u00e7u pour le diagnostic avanc\u00e9, il supporte les protocoles tels que K-line, CAN, MBISO, UDS, et KW2000. Utilis\u00e9 principalement pour coder, programmer et configurer les ECU de Mercedes-Benz.<\/li>\n<li><strong>DTS Monaco :<\/strong> Version 8.14.016, cet outil est couramment utilis\u00e9 pour le d\u00e9veloppement et les tests au sein de Daimler. Il supporte une interface graphique de codage et offre des capacit\u00e9s avanc\u00e9es pour la gestion des diagnostics, la surveillance de blocs de donn\u00e9es et le codage des variantes.<\/li>\n<\/ul>\n<h3>Compatibility:<\/h3>\n<ul>\n<li><strong>Syst\u00e8mes d\u2019exploitation :<\/strong> Compatible avec Windows 7, 8, 10 et 11.<\/li>\n<li><strong>Mat\u00e9riel support\u00e9 :<\/strong> Fonctionne avec des dispositifs tels que SDconnect C4, et les interfaces ODX. N\u00e9cessite une installation \u00e0 distance pour une configuration optimale.<\/li>\n<li><strong>File size :<\/strong> 1,6 Go pour une installation compl\u00e8te des deux logiciels.<\/li>\n<\/ul>\n<h3>Fonctionnalit\u00e9s avanc\u00e9es :<\/h3>\n<ul>\n<li>Diagnostic des ECU via les protocoles K-line et CAN.<\/li>\n<li>Programmation hors ligne, sans n\u00e9cessit\u00e9 d&#8217;un acc\u00e8s en ligne SCN.<\/li>\n<li>Codage des variantes pour modifier et personnaliser les param\u00e8tres des v\u00e9hicules.<\/li>\n<li>Prise en charge compl\u00e8te de la base de donn\u00e9es CAESAR\/DIOGENES utilis\u00e9e par Mercedes-Benz.<\/li>\n<\/ul>\n<p><strong>Vediamo et DTS Monaco<\/strong> sont des outils incontournables pour les ing\u00e9nieurs et les techniciens souhaitant r\u00e9aliser des tests complexes et des ajustements sur les v\u00e9hicules Mercedes, couvrant une large gamme de fonctions \u00e9lectroniques et de syst\u00e8mes de contr\u00f4le moteur.<\/p>\n<\/details>","protected":false},"featured_media":393019,"comment_status":"open","ping_status":"closed","template":"","meta":{"_acf_changed":false},"pwb-brand":[],"product_brand":[],"product_cat":[290],"product_tag":[],"class_list":{"0":"post-392824","1":"product","2":"type-product","3":"status-publish","4":"has-post-thumbnail","6":"product_cat-logiciels-obd","8":"first","9":"instock","10":"taxable","11":"shipping-taxable","12":"purchasable","13":"product-type-simple"},"acf":[],"brands":[],"_links":{"self":[{"href":"https:\/\/obd-diag.fr\/en\/wp-json\/wp\/v2\/product\/392824","targetHints":{"allow":["GET"]}}],"collection":[{"href":"https:\/\/obd-diag.fr\/en\/wp-json\/wp\/v2\/product"}],"about":[{"href":"https:\/\/obd-diag.fr\/en\/wp-json\/wp\/v2\/types\/product"}],"replies":[{"embeddable":true,"href":"https:\/\/obd-diag.fr\/en\/wp-json\/wp\/v2\/comments?post=392824"}],"wp:featuredmedia":[{"embeddable":true,"href":"https:\/\/obd-diag.fr\/en\/wp-json\/wp\/v2\/media\/393019"}],"wp:attachment":[{"href":"https:\/\/obd-diag.fr\/en\/wp-json\/wp\/v2\/media?parent=392824"}],"wp:term":[{"taxonomy":"pwb-brand","embeddable":true,"href":"https:\/\/obd-diag.fr\/en\/wp-json\/wp\/v2\/pwb-brand?post=392824"},{"taxonomy":"product_brand","embeddable":true,"href":"https:\/\/obd-diag.fr\/en\/wp-json\/wp\/v2\/product_brand?post=392824"},{"taxonomy":"product_cat","embeddable":true,"href":"https:\/\/obd-diag.fr\/en\/wp-json\/wp\/v2\/product_cat?post=392824"},{"taxonomy":"product_tag","embeddable":true,"href":"https:\/\/obd-diag.fr\/en\/wp-json\/wp\/v2\/product_tag?post=392824"}],"curies":[{"name":"wp","href":"https:\/\/api.w.org\/{rel}","templated":true}]}}