{"id":392828,"date":"2022-09-15T14:11:00","date_gmt":"2022-09-15T14:11:00","guid":{"rendered":"https:\/\/obd-diag.fr\/produit\/piwis-3-vm\/"},"modified":"2025-02-20T16:49:54","modified_gmt":"2025-02-20T16:49:54","slug":"piwis-3-vm","status":"publish","type":"product","link":"https:\/\/obd-diag.fr\/en\/product\/piwis-3-vm\/","title":{"rendered":"PIWIS 3 (VM) &#8211; T\u00c9L\u00c9CHARGEMENT"},"content":{"rendered":"<div id=\"ez-toc-container\" class=\"ez-toc-v2_0_73 counter-hierarchy ez-toc-counter ez-toc-grey ez-toc-container-direction\">\n<div class=\"ez-toc-title-container\">\n<p class=\"ez-toc-title\" style=\"cursor:inherit\">Summary<\/p>\n<span class=\"ez-toc-title-toggle\"><a href=\"#\" class=\"ez-toc-pull-right ez-toc-btn ez-toc-btn-xs ez-toc-btn-default ez-toc-toggle\" aria-label=\"Toggle Table of Contents\"><span class=\"ez-toc-js-icon-con\"><span class=\"\"><span class=\"eztoc-hide\" style=\"display:none;\">Toggle<\/span><span class=\"ez-toc-icon-toggle-span\"><svg style=\"fill: #999;color:#999\" xmlns=\"http:\/\/www.w3.org\/2000\/svg\" class=\"list-377408\" width=\"20px\" height=\"20px\" viewbox=\"0 0 24 24\" fill=\"none\"><path d=\"M6 6H4v2h2V6zm14 0H8v2h12V6zM4 11h2v2H4v-2zm16 0H8v2h12v-2zM4 16h2v2H4v-2zm16 0H8v2h12v-2z\" fill=\"currentColor\"><\/path><\/svg><svg style=\"fill: #999;color:#999\" class=\"arrow-unsorted-368013\" xmlns=\"http:\/\/www.w3.org\/2000\/svg\" width=\"10px\" height=\"10px\" viewbox=\"0 0 24 24\" version=\"1.2\" baseprofile=\"tiny\"><path d=\"M18.2 9.3l-6.2-6.3-6.2 6.3c-.2.2-.3.4-.3.7s.1.5.3.7c.2.2.4.3.7.3h11c.3 0 .5-.1.7-.3.2-.2.3-.5.3-.7s-.1-.5-.3-.7zM5.8 14.7l6.2 6.3 6.2-6.3c.2-.2.3-.5.3-.7s-.1-.5-.3-.7c-.2-.2-.4-.3-.7-.3h-11c-.3 0-.5.1-.7.3-.2.2-.3.5-.3.7s.1.5.3.7z\"\/><\/svg><\/span><\/span><\/span><\/a><\/span><\/div>\n<nav><ul class='ez-toc-list ez-toc-list-level-1' ><ul class='ez-toc-list-level-2' ><li class='ez-toc-heading-level-2'><a class=\"ez-toc-link ez-toc-heading-1\" href=\"https:\/\/obd-diag.fr\/en\/product\/piwis-3-vm\/#Logiciel_Porsche_PIWIS_3_V3840_VMWare\" title=\"Porsche PIWIS 3 V38.40 VMWare software\">Porsche PIWIS 3 V38.40 VMWare software<\/a><\/li><\/ul><\/li><li class='ez-toc-page-1 ez-toc-heading-level-1'><a class=\"ez-toc-link ez-toc-heading-2\" href=\"https:\/\/obd-diag.fr\/en\/product\/piwis-3-vm\/#Description_du_logiciel_de_diagnostic_PIWIS\" title=\"Description of PIWIS diagnostic software\">Description of PIWIS diagnostic software<\/a><ul class='ez-toc-list-level-2' ><li class='ez-toc-heading-level-2'><a class=\"ez-toc-link ez-toc-heading-3\" href=\"https:\/\/obd-diag.fr\/en\/product\/piwis-3-vm\/#Introduction\" title=\"Introduction\">Introduction<\/a><\/li><li class='ez-toc-page-1 ez-toc-heading-level-2'><a class=\"ez-toc-link ez-toc-heading-4\" href=\"https:\/\/obd-diag.fr\/en\/product\/piwis-3-vm\/#Fonctionnalites_du_logiciel\" title=\"Software Features\">Software Features<\/a><\/li><li class='ez-toc-page-1 ez-toc-heading-level-2'><a class=\"ez-toc-link ez-toc-heading-5\" href=\"https:\/\/obd-diag.fr\/en\/product\/piwis-3-vm\/#Vehicules_pris_en_charge\" title=\"Supported vehicles\">Supported vehicles<\/a><\/li><\/ul><\/li><\/ul><\/nav><\/div>\n<h2><span class=\"ez-toc-section\" id=\"Logiciel_Porsche_PIWIS_3_V3840_VMWare\"><\/span>Porsche PIWIS 3 V38.40 VMWare software<span class=\"ez-toc-section-end\"><\/span><\/h2>\n<p><a href=\"https:\/\/obd-diag.fr\/en\/home\/\">OBD-DIAG<\/a>.FR vous propose cette configuration sous machine virtuelle<br \/>\nEverything is pre-installed and configured<br \/>\nCompatible <strong>Windows 8\/10\/11<\/strong><br \/>\n<span style=\"text-decoration: underline;\"><strong>(8 GB of RAM minimum recommended)<\/strong><\/span><br \/>\nDisque <a href=\"https:\/\/obd-diag.fr\/en\/product\/outil-de-diagnostic-complet-super-mb-star-c6-doip-mb-vci-prise-en-charge-wifi-lilbus-ssd-c6-multiplexeur-wifi-pour-voitures-benz-camions-obd2-2023-06\/\">ssd<\/a> conseill\u00e9 &amp; PC avec une r\u00e9solution de 1920*1080 obligatoire + \u00e9cran tactile conseill\u00e9 !<br \/>\nCompatible for <a href=\"https:\/\/obd-diag.fr\/en\/product\/meilleur-oki-5054a-v6-2-0-compatible-bluetooth-amb2300-5054-puce-complete-soutien-uds-6154-wifi-v7-1-1-automatique-obd2-outil-de-diagnostic-6154a\/\">VAS 6154<\/a><br \/>\n<span style=\"text-decoration: underline;\">Remote installation included<\/span><\/p>\n<h1><span class=\"ez-toc-section\" id=\"Description_du_logiciel_de_diagnostic_PIWIS\"><\/span>Description of PIWIS diagnostic software<span class=\"ez-toc-section-end\"><\/span><\/h1>\n<h2><span class=\"ez-toc-section\" id=\"Introduction\"><\/span>Introduction<span class=\"ez-toc-section-end\"><\/span><\/h2>\n<p>THE <a href=\"https:\/\/obd-diag.fr\/en\/product\/pack-logiciels-vcds-telechargement\/\">logiciel de diagnostic<\/a> PIWIS est un <a href=\"https:\/\/obd-diag.fr\/en\/product\/launch-outil-de-diagnostic-automobile-creader-vii-plus-scanner-existent-transmission-de-moteur-abs-srs-airbag\/\">automotive diagnostic tool<\/a> utilis\u00e9 par les professionnels pour diagnostiquer et r\u00e9parer les probl\u00e8mes des v\u00e9hicules Porsche. Il permet aux m\u00e9caniciens de communiquer avec les diff\u00e9rents syst\u00e8mes du v\u00e9hicule, de lire et effacer les codes d&#8217;erreur, et de r\u00e9aliser des tests de performance sp\u00e9cifiques aux v\u00e9hicules Porsche.<\/p>\n<h2><span class=\"ez-toc-section\" id=\"Fonctionnalites_du_logiciel\"><\/span>Software Features<span class=\"ez-toc-section-end\"><\/span><\/h2>\n<p>THE <a href=\"https:\/\/obd-diag.fr\/en\/product\/pack-logiciels-vcds-telechargement\/\">logiciel de diagnostic<\/a> PIWIS dispose de nombreuses fonctionnalit\u00e9s sp\u00e9cifiques aux v\u00e9hicules Porsche pour aider les professionnels \u00e0 diagnostiquer et r\u00e9parer les v\u00e9hicules de la marque. Voici quelques-unes des principales fonctionnalit\u00e9s :<\/p>\n<ul>\n<li>Advanced diagnostics: PIWIS software helps diagnose various systems of Porsche vehicles, such as engine, transmission, brakes, suspension, airbag, etc. Mechanics can access detailed information about system components and error codes.<\/li>\n<li>Programming: PIWIS software also allows vehicle control modules to be programmed to perform specific tasks, such as programming keys and activating special functions.<\/li>\n<li>Adjustments and adaptations: The PIWIS software allows the various vehicle systems to be adjusted and adapted to optimize performance and resolve problems. For example, mechanics can adjust tire pressure, shift times, ride height, etc.<\/li>\n<li>Maintenance: PIWIS software helps perform common maintenance tasks, such as resetting oil change intervals, checking brake pads, etc.<\/li>\n<\/ul>\n<h2><span class=\"ez-toc-section\" id=\"Vehicules_pris_en_charge\"><\/span>Supported vehicles<span class=\"ez-toc-section-end\"><\/span><\/h2>\n<p>THE <a href=\"https:\/\/obd-diag.fr\/en\/product\/pack-logiciels-vcds-telechargement\/\">logiciel de diagnostic<\/a> PIWIS prend en charge tous les v\u00e9hicules Porsche modernes, y compris les mod\u00e8les 911, Boxster, Cayman, Panamera, Macan et Cayenne. Il prend en charge les diff\u00e9rents syst\u00e8mes de ces v\u00e9hicules, tels que les syst\u00e8mes d&#8217;injection d&#8217;essence, les syst\u00e8mes d&#8217;injection diesel, les syst\u00e8mes de refroidissement, les syst\u00e8mes de suspension, les syst\u00e8mes de transmission, les syst\u00e8mes de freinage, les syst\u00e8mes de climatisation, etc.<\/p>\n<p>The software is regularly updated to support new Porsche vehicle models and new systems. Professionals can also access an online database for detailed technical information on vehicles supported by PIWIS software.<\/p>","protected":false},"excerpt":{"rendered":"<p><img decoding=\"async\" class=\"size-medium wp-image-392536 aligncenter\" src=\"https:\/\/obd-diag.fr\/wp-content\/uploads\/2022\/08\/badges-de-confiance-obd-diag.com_-300x83.png\" alt=\"badges-de-confiance-obd-diag.com\" width=\"300\" height=\"83\" data-wp-pid=\"392536\" \/><\/p>\n<p style=\"text-align: center;\"><img decoding=\"async\" class=\"size-full wp-image-392537 aligncenter\" src=\"https:\/\/obd-diag.fr\/wp-content\/uploads\/2022\/08\/visas-icons-paypal.png\" alt=\"visas-icons-paypal\" width=\"200\" height=\"32\" data-wp-pid=\"392537\" \/><\/p>\n<p style=\"text-align: center;\">\ud83d\udcbb Aide et assistance \u00e0 l&#8217;installation incluses via Ultraviewer\ud83d\udc68\ud83c\udffc\u200d\ud83d\udcbb! <strong><del>Au lieu de 39.99\u20ac<\/del><\/strong><\/p>\n<details class=\"product-summary-details\">\n<summary>PIWIS 3 (VM) &#8211; Description et fonctionnalit\u00e9s<\/summary>\n<p><strong>PIWIS 3<\/strong> est le dernier logiciel de diagnostic de Porsche, con\u00e7u pour prendre en charge les v\u00e9hicules modernes, y compris les mod\u00e8les 911, Boxster, Cayman, Panamera, Macan et Cayenne. Il couvre une gamme compl\u00e8te de syst\u00e8mes, notamment les syst\u00e8mes d&#8217;injection, de refroidissement, de suspension, de transmission, de freinage et de climatisation.<\/p>\n<h3>Fonctionnalit\u00e9s principales :<\/h3>\n<ul>\n<li><strong>Diagnostic complet des syst\u00e8mes :<\/strong> Inclut la lecture des codes d&#8217;erreur, la surveillance en temps r\u00e9el et les tests des composants.<\/li>\n<li><strong>Mode ing\u00e9nieur :<\/strong> Disponible pour acc\u00e9der \u00e0 des fonctionnalit\u00e9s avanc\u00e9es et effectuer des programmations sur les v\u00e9hicules Porsche.<\/li>\n<li><strong>Wide Compatibility:<\/strong> Prise en charge des v\u00e9hicules Porsche r\u00e9cents, y compris les derniers mod\u00e8les comme le Taycan.<\/li>\n<li><strong>Regular updates:<\/strong> Le logiciel est mis \u00e0 jour pour inclure de nouveaux mod\u00e8les et syst\u00e8mes de v\u00e9hicules.<\/li>\n<\/ul>\n<h3>Compatibility:<\/h3>\n<ul>\n<li><strong>Mat\u00e9riel pris en charge :<\/strong> Fonctionne avec les interfaces VAS 6154 et autres dispositifs compatibles avec Porsche.<\/li>\n<li><strong>Syst\u00e8mes d&#8217;exploitation :<\/strong> Compatible avec Windows 10 en machine virtuelle (VM) avec 8 Go de RAM minimum recommand\u00e9s.<\/li>\n<li><strong>File size :<\/strong> 50 Go pour une installation compl\u00e8te via VMware.<\/li>\n<\/ul>\n<p>The software <strong>PIWIS 3<\/strong> est un outil essentiel pour les ateliers de r\u00e9paration Porsche, offrant des fonctionnalit\u00e9s de diagnostic avanc\u00e9es et une prise en charge compl\u00e8te des derniers mod\u00e8les de v\u00e9hicules Porsche.<\/p>\n<\/details>","protected":false},"featured_media":393011,"comment_status":"open","ping_status":"closed","template":"","meta":{"_acf_changed":false},"pwb-brand":[],"product_brand":[],"product_cat":[290],"product_tag":[],"class_list":{"0":"post-392828","1":"product","2":"type-product","3":"status-publish","4":"has-post-thumbnail","6":"product_cat-logiciels-obd","8":"first","9":"instock","10":"sale","11":"taxable","12":"shipping-taxable","13":"purchasable","14":"product-type-variable"},"acf":[],"brands":[],"_links":{"self":[{"href":"https:\/\/obd-diag.fr\/en\/wp-json\/wp\/v2\/product\/392828","targetHints":{"allow":["GET"]}}],"collection":[{"href":"https:\/\/obd-diag.fr\/en\/wp-json\/wp\/v2\/product"}],"about":[{"href":"https:\/\/obd-diag.fr\/en\/wp-json\/wp\/v2\/types\/product"}],"replies":[{"embeddable":true,"href":"https:\/\/obd-diag.fr\/en\/wp-json\/wp\/v2\/comments?post=392828"}],"wp:featuredmedia":[{"embeddable":true,"href":"https:\/\/obd-diag.fr\/en\/wp-json\/wp\/v2\/media\/393011"}],"wp:attachment":[{"href":"https:\/\/obd-diag.fr\/en\/wp-json\/wp\/v2\/media?parent=392828"}],"wp:term":[{"taxonomy":"pwb-brand","embeddable":true,"href":"https:\/\/obd-diag.fr\/en\/wp-json\/wp\/v2\/pwb-brand?post=392828"},{"taxonomy":"product_brand","embeddable":true,"href":"https:\/\/obd-diag.fr\/en\/wp-json\/wp\/v2\/product_brand?post=392828"},{"taxonomy":"product_cat","embeddable":true,"href":"https:\/\/obd-diag.fr\/en\/wp-json\/wp\/v2\/product_cat?post=392828"},{"taxonomy":"product_tag","embeddable":true,"href":"https:\/\/obd-diag.fr\/en\/wp-json\/wp\/v2\/product_tag?post=392828"}],"curies":[{"name":"wp","href":"https:\/\/api.w.org\/{rel}","templated":true}]}}