{"id":392830,"date":"2022-09-15T14:12:00","date_gmt":"2022-09-15T14:12:00","guid":{"rendered":"https:\/\/obd-diag.fr\/produit\/davinci-1-0-26-dpf-egr-dtc-telechargement\/"},"modified":"2025-02-20T17:13:50","modified_gmt":"2025-02-20T17:13:50","slug":"davinci-1-0-26-dpf-egr-dtc-telechargement","status":"publish","type":"product","link":"https:\/\/obd-diag.fr\/en\/product\/davinci-1-0-26-dpf-egr-dtc-telechargement\/","title":{"rendered":"DaVinci 1.0.26 DPF EGR DTC &#8211; T\u00c9L\u00c9CHARGEMENT"},"content":{"rendered":"<h2><strong>DaVinci Software 1.0.26<\/strong><\/h2>\n<p>Fonctionne avec Autotuner, <a href=\"https:\/\/obd-diag.fr\/en\/product\/kit-kess-v5-017-ktag-v7-020-4-led-outil-de-diagnostic-de-voiture-outil-de-diagnostic-de-voiture-reglage-de-gestionnaire-obd2-kess-2-80-ktag-5-017-ktag-2-25\/\">Kess<\/a>, <a href=\"https:\/\/obd-diag.fr\/en\/product\/kit-kess-v5-017-ktag-v7-020-4-led-outil-de-diagnostic-de-voiture-outil-de-diagnostic-de-voiture-reglage-de-gestionnaire-obd2-kess-2-80-ktag-5-017-ktag-2-25\/\">Ktag<\/a>, <a href=\"https:\/\/obd-diag.fr\/en\/product\/pack-logiciel-mpps\/\">MPPS<\/a>, etc&#8230;<br \/>\n<strong>Language:<\/strong> English<br \/>\nFile size: 30 MB<br \/>\nCompatible <strong>Windows 7\/8\/1\/11<\/strong><\/p>","protected":false},"excerpt":{"rendered":"<p><img decoding=\"async\" class=\"size-medium wp-image-392536 aligncenter\" src=\"https:\/\/obd-diag.fr\/wp-content\/uploads\/2022\/08\/badges-de-confiance-obd-diag.com_-300x83.png\" alt=\"badges-de-confiance-obd-diag.com\" width=\"300\" height=\"83\" data-wp-pid=\"392536\" \/><\/p>\n<p style=\"text-align: center;\"><img decoding=\"async\" class=\"size-full wp-image-392537 aligncenter\" src=\"https:\/\/obd-diag.fr\/wp-content\/uploads\/2022\/08\/visas-icons-paypal.png\" alt=\"visas-icons-paypal\" width=\"200\" height=\"32\" data-wp-pid=\"392537\" \/><\/p>\n<p style=\"text-align: center;\">\ud83d\udcbb Aide et assistance \u00e0 l&#8217;installation incluses via Ultraviewer\ud83d\udc68\ud83c\udffc\u200d\ud83d\udcbb! <strong><del>Au lieu de 39.99\u20ac<\/del><\/strong><\/p>\n<details class=\"product-summary-details\">\n<summary><strong>DaVinci 1.0.26 &#8211; Outil de Suppression DPF, EGR, AdBlue et DTC<\/strong><\/summary>\n<p>THE <strong>DaVinci 1.0.26<\/strong> est un logiciel de suppression de syst\u00e8mes antipollution con\u00e7u pour les professionnels du tuning ECU. Il permet de retirer les composants DPF, EGR, AdBlue, TVA, et d&#8217;autres syst\u00e8mes de gestion antipollution pour am\u00e9liorer les performances moteur ou diagnostiquer les d\u00e9faillances \u00e9lectroniques.<\/p>\n<h3>Caract\u00e9ristiques principales :<\/h3>\n<ul>\n<li><strong>Suppression DPF, EGR, AdBlue :<\/strong> Supprime les filtres \u00e0 particules (DPF), vannes EGR et syst\u00e8mes AdBlue de l&#8217;ECU, facilitant l&#8217;optimisation des performances moteur.<\/li>\n<li><strong>Suppression des erreurs DTC :<\/strong> Efface les codes d&#8217;erreur (DTC) stock\u00e9s dans l&#8217;ECU pour une gestion simplifi\u00e9e des diagnostics \u00e9lectroniques.<\/li>\n<li><strong>Wide Compatibility:<\/strong> Supporte les v\u00e9hicules \u00e9quip\u00e9s d&#8217;ECU Bosch, Siemens, Delphi, et autres marques populaires.<\/li>\n<li><strong>Automatisation des processus :<\/strong> Les solutions sont automatiquement appliqu\u00e9es en fonction du fichier ECU, rendant le processus de modification plus rapide et efficace.<\/li>\n<li><strong>Fonctionnement hors ligne :<\/strong> Fonctionne sans connexion Internet, vous permettant d&#8217;effectuer des modifications localement.<\/li>\n<\/ul>\n<h3>Compatibility:<\/h3>\n<ul>\n<li>Supporte une large gamme de v\u00e9hicules, y compris Audi, Volkswagen, BMW, Mercedes-Benz, Fiat, Peugeot, et bien plus.<\/li>\n<li>Fonctionne sur Windows 7, 8, 10 (32 et 64 bits).<\/li>\n<\/ul>\n<h3>Contenu du pack :<\/h3>\n<ul>\n<li>1x Logiciel DaVinci 1.0.26<\/li>\n<li>1x Manuel d&#8217;installation<\/li>\n<\/ul>\n<h3>Fonctionnalit\u00e9s suppl\u00e9mentaires :<\/h3>\n<ul>\n<li>Suppression des capteurs Lambda et MAF (d\u00e9bitm\u00e8tre), arr\u00eat\/d\u00e9marrage automatique et contr\u00f4le des volets d&#8217;admission.<\/li>\n<li>Acc\u00e8s \u00e0 des mises \u00e0 jour r\u00e9guli\u00e8res avec correction des solutions pour les v\u00e9hicules BMW, Peugeot, et Volkswagen.<\/li>\n<\/ul>\n<h3>Compatibilit\u00e9 des syst\u00e8mes :<\/h3>\n<p>Compatible avec Windows 7, 8, et 10. Requiert un minimum de 2 Go de RAM et 500 Mo d&#8217;espace disque pour l&#8217;installation.<\/p>\n<\/details>","protected":false},"featured_media":392989,"comment_status":"open","ping_status":"closed","template":"","meta":{"_acf_changed":false},"pwb-brand":[],"product_brand":[],"product_cat":[290],"product_tag":[],"class_list":{"0":"post-392830","1":"product","2":"type-product","3":"status-publish","4":"has-post-thumbnail","6":"product_cat-logiciels-obd","8":"first","9":"instock","10":"taxable","11":"shipping-taxable","12":"purchasable","13":"product-type-simple"},"acf":[],"brands":[],"_links":{"self":[{"href":"https:\/\/obd-diag.fr\/en\/wp-json\/wp\/v2\/product\/392830","targetHints":{"allow":["GET"]}}],"collection":[{"href":"https:\/\/obd-diag.fr\/en\/wp-json\/wp\/v2\/product"}],"about":[{"href":"https:\/\/obd-diag.fr\/en\/wp-json\/wp\/v2\/types\/product"}],"replies":[{"embeddable":true,"href":"https:\/\/obd-diag.fr\/en\/wp-json\/wp\/v2\/comments?post=392830"}],"wp:featuredmedia":[{"embeddable":true,"href":"https:\/\/obd-diag.fr\/en\/wp-json\/wp\/v2\/media\/392989"}],"wp:attachment":[{"href":"https:\/\/obd-diag.fr\/en\/wp-json\/wp\/v2\/media?parent=392830"}],"wp:term":[{"taxonomy":"pwb-brand","embeddable":true,"href":"https:\/\/obd-diag.fr\/en\/wp-json\/wp\/v2\/pwb-brand?post=392830"},{"taxonomy":"product_brand","embeddable":true,"href":"https:\/\/obd-diag.fr\/en\/wp-json\/wp\/v2\/product_brand?post=392830"},{"taxonomy":"product_cat","embeddable":true,"href":"https:\/\/obd-diag.fr\/en\/wp-json\/wp\/v2\/product_cat?post=392830"},{"taxonomy":"product_tag","embeddable":true,"href":"https:\/\/obd-diag.fr\/en\/wp-json\/wp\/v2\/product_tag?post=392830"}],"curies":[{"name":"wp","href":"https:\/\/api.w.org\/{rel}","templated":true}]}}