{"id":392832,"date":"2022-09-15T14:12:00","date_gmt":"2022-09-15T14:12:00","guid":{"rendered":"https:\/\/obd-diag.fr\/produit\/renault-reprog-v1-91full-telechargement\/"},"modified":"2025-02-20T17:14:18","modified_gmt":"2025-02-20T17:14:18","slug":"renault-reprog-v1-91full-telechargement","status":"publish","type":"product","link":"https:\/\/obd-diag.fr\/en\/product\/renault-reprog-v1-91full-telechargement\/","title":{"rendered":"RENAULT REPROG V1.91 FULL &#8211; T\u00c9L\u00c9CHARGEMENT"},"content":{"rendered":"<h2>Renault reprog software version 1.91 FULL version<\/h2>\n<p>Requires Can Clip software as well as the Renault suitcase<br \/>\nFile size: 4.2 GB<\/p>","protected":false},"excerpt":{"rendered":"<p><img decoding=\"async\" class=\"size-medium wp-image-392536 aligncenter\" src=\"https:\/\/obd-diag.fr\/wp-content\/uploads\/2022\/08\/badges-de-confiance-obd-diag.com_-300x83.png\" alt=\"badges-de-confiance-obd-diag.com\" width=\"300\" height=\"83\" data-wp-pid=\"392536\" \/><\/p>\n<p style=\"text-align: center;\"><img decoding=\"async\" class=\"size-full wp-image-392537 aligncenter\" src=\"https:\/\/obd-diag.fr\/wp-content\/uploads\/2022\/08\/visas-icons-paypal.png\" alt=\"visas-icons-paypal\" width=\"200\" height=\"32\" data-wp-pid=\"392537\" \/><\/p>\n<p style=\"text-align: center;\">\ud83d\udcbb Aide et assistance \u00e0 l&#8217;installation incluses via Ultraviewer\ud83d\udc68\ud83c\udffc\u200d\ud83d\udcbb! <strong><del>Au lieu de 39.99\u20ac<\/del><\/strong><\/p>\n<details class=\"product-summary-details\">\n<summary><strong>Renault Reprog V191 &#8211; Logiciel de Reprogrammation pour Renault et Dacia<\/strong><\/summary>\n<p>THE <strong>Renault Reprog V191<\/strong> est une base de donn\u00e9es compl\u00e8te de firmwares et fichiers de configuration pour les calculateurs (ECU) des v\u00e9hicules Renault et Dacia. Il permet de r\u00e9aliser des op\u00e9rations de reprogrammation, de mise \u00e0 jour et de configuration des modules \u00e9lectroniques de ces v\u00e9hicules \u00e0 l&#8217;aide de l&#8217;outil de diagnostic Renault CAN Clip.<\/p>\n<h3>Caract\u00e9ristiques principales :<\/h3>\n<ul>\n<li><strong>Base de donn\u00e9es compl\u00e8te :<\/strong> Contient les fichiers de firmware et de configuration pour les ECU des v\u00e9hicules Renault et Dacia jusqu&#8217;\u00e0 2020.<\/li>\n<li><strong>Mises \u00e0 jour des calculateurs :<\/strong> Permet de mettre \u00e0 jour les unit\u00e9s de commande \u00e9lectronique (ECU) des v\u00e9hicules Renault et Dacia.<\/li>\n<li><strong>Configuration des modules :<\/strong> Utilisez le logiciel pour configurer divers modules comme l&#8217;injection, les syst\u00e8mes ABS, l&#8217;airbag et plus encore.<\/li>\n<li><strong>Multilingual:<\/strong> Interface disponible en plusieurs langues, dont le fran\u00e7ais, l&#8217;anglais, l&#8217;espagnol, le russe, et plus.<\/li>\n<\/ul>\n<h3>Compatibility:<\/h3>\n<ul>\n<li>Supporte les v\u00e9hicules Renault et Dacia produits jusqu&#8217;\u00e0 2020.<\/li>\n<li>Fonctionne avec les syst\u00e8mes d&#8217;exploitation Windows 7, 8.1 et 10 (32 et 64 bits).<\/li>\n<\/ul>\n<h3>Contenu du pack :<\/h3>\n<ul>\n<li>1x Logiciel Renault Reprog V191<\/li>\n<li>1x Manuel d&#8217;installation et guide utilisateur en PDF<\/li>\n<\/ul>\n<h3>Fonctionnalit\u00e9s suppl\u00e9mentaires :<\/h3>\n<ul>\n<li>Inclut des outils pour la reprogrammation hors ligne et la configuration des cl\u00e9s et cartes des v\u00e9hicules.<\/li>\n<li>Acc\u00e8s \u00e0 des outils comme le Pin Extractor pour Renault et Dacia.<\/li>\n<\/ul>\n<h3>Compatibilit\u00e9 des syst\u00e8mes :<\/h3>\n<p>Fonctionne sur Windows 7, 8, et 10 avec un minimum de 4 Go de RAM et 4 Go d&#8217;espace disque.<\/p>\n<\/details>","protected":false},"featured_media":393009,"comment_status":"open","ping_status":"closed","template":"","meta":{"_acf_changed":false},"pwb-brand":[],"product_brand":[],"product_cat":[290],"product_tag":[],"class_list":{"0":"post-392832","1":"product","2":"type-product","3":"status-publish","4":"has-post-thumbnail","6":"product_cat-logiciels-obd","8":"first","9":"instock","10":"taxable","11":"shipping-taxable","12":"purchasable","13":"product-type-simple"},"acf":[],"brands":[],"_links":{"self":[{"href":"https:\/\/obd-diag.fr\/en\/wp-json\/wp\/v2\/product\/392832","targetHints":{"allow":["GET"]}}],"collection":[{"href":"https:\/\/obd-diag.fr\/en\/wp-json\/wp\/v2\/product"}],"about":[{"href":"https:\/\/obd-diag.fr\/en\/wp-json\/wp\/v2\/types\/product"}],"replies":[{"embeddable":true,"href":"https:\/\/obd-diag.fr\/en\/wp-json\/wp\/v2\/comments?post=392832"}],"wp:featuredmedia":[{"embeddable":true,"href":"https:\/\/obd-diag.fr\/en\/wp-json\/wp\/v2\/media\/393009"}],"wp:attachment":[{"href":"https:\/\/obd-diag.fr\/en\/wp-json\/wp\/v2\/media?parent=392832"}],"wp:term":[{"taxonomy":"pwb-brand","embeddable":true,"href":"https:\/\/obd-diag.fr\/en\/wp-json\/wp\/v2\/pwb-brand?post=392832"},{"taxonomy":"product_brand","embeddable":true,"href":"https:\/\/obd-diag.fr\/en\/wp-json\/wp\/v2\/product_brand?post=392832"},{"taxonomy":"product_cat","embeddable":true,"href":"https:\/\/obd-diag.fr\/en\/wp-json\/wp\/v2\/product_cat?post=392832"},{"taxonomy":"product_tag","embeddable":true,"href":"https:\/\/obd-diag.fr\/en\/wp-json\/wp\/v2\/product_tag?post=392832"}],"curies":[{"name":"wp","href":"https:\/\/api.w.org\/{rel}","templated":true}]}}