{"id":392834,"date":"2022-09-15T14:12:00","date_gmt":"2022-09-15T14:12:00","guid":{"rendered":"https:\/\/obd-diag.fr\/produit\/petka-8-3-telechargement\/"},"modified":"2024-09-22T16:24:47","modified_gmt":"2024-09-22T16:24:47","slug":"petka-8-3-telechargement","status":"publish","type":"product","link":"https:\/\/obd-diag.fr\/en\/product\/petka-8-3-telechargement\/","title":{"rendered":"PETKA 8.3 &#8211; T\u00c9L\u00c9CHARGEMENT"},"content":{"rendered":"<h2>PETKA 8.3 software (online catalog of spare parts for Audi, Seat, Skoda, Volkswagen and Porsche vehicles)<\/h2>\n<p>Super simple installation<br \/>\nFile size: 12 GB<br \/>\nCompatible <strong>Windows 8\/10\/11<\/strong><\/p>","protected":false},"excerpt":{"rendered":"<p><img decoding=\"async\" class=\"size-medium wp-image-392536 aligncenter\" src=\"https:\/\/obd-diag.fr\/wp-content\/uploads\/2022\/08\/badges-de-confiance-obd-diag.com_-300x83.png\" alt=\"badges-de-confiance-obd-diag.com\" width=\"300\" height=\"83\" data-wp-pid=\"392536\" \/><\/p>\n<p style=\"text-align: center;\"><img decoding=\"async\" class=\"size-full wp-image-392537 aligncenter\" src=\"https:\/\/obd-diag.fr\/wp-content\/uploads\/2022\/08\/visas-icons-paypal.png\" alt=\"visas-icons-paypal\" width=\"200\" height=\"32\" data-wp-pid=\"392537\" \/><\/p>\n<p style=\"text-align: center;\">\ud83d\udcbb Aide et assistance \u00e0 l&#8217;installation incluses via Ultraviewer\ud83d\udc68\ud83c\udffc\u200d\ud83d\udcbb! <strong><del>Au lieu de 39.99\u20ac<\/del><\/strong><\/p>\n<details class=\"product-summary-details\">\n<summary><strong>Petka 8.3 &#8211; Logiciel de Recherche de Pi\u00e8ces pour Audi, Porsche, VW, Skoda, Seat<\/strong><\/summary>\n<p>THE <strong>Petka 8.3<\/strong> est un logiciel de r\u00e9f\u00e9rence complet utilis\u00e9 pour la recherche de pi\u00e8ces d\u00e9tach\u00e9es des v\u00e9hicules du groupe VAG, notamment Audi, Porsche, Volkswagen, Skoda, et Seat. Ce logiciel permet d&#8217;acc\u00e9der aux informations les plus r\u00e9centes concernant les pi\u00e8ces de rechange pour de nombreux mod\u00e8les de v\u00e9hicules, jusqu&#8217;aux versions de 2023.<\/p>\n<h3>Caract\u00e9ristiques principales :<\/h3>\n<ul>\n<li><strong>Recherche avanc\u00e9e de pi\u00e8ces :<\/strong> Permet de trouver des pi\u00e8ces pour le moteur, la bo\u00eete de vitesses, les syst\u00e8mes de freinage, la suspension, et d&#8217;autres syst\u00e8mes critiques. Le logiciel couvre les derni\u00e8res versions de v\u00e9hicules jusqu&#8217;en 2023.<\/li>\n<li><strong>Multilingual:<\/strong> Disponible en 23 langues, dont le fran\u00e7ais, l&#8217;anglais, l&#8217;espagnol, l&#8217;allemand, le russe, et bien plus, facilitant son utilisation par les techniciens du monde entier.<\/li>\n<li><strong>Mises \u00e0 jour int\u00e9gr\u00e9es :<\/strong> Le logiciel int\u00e8gre un syst\u00e8me de mise \u00e0 jour en ligne pour les informations sur les pi\u00e8ces et les prix, garantissant que vous travaillez toujours avec les donn\u00e9es les plus actuelles.<\/li>\n<li><strong>Wide Compatibility:<\/strong> Supporte les v\u00e9hicules produits par Audi, VW, Porsche, Seat, et Skoda, couvrant une large gamme de mod\u00e8les, y compris ceux des ann\u00e9es 2022 et 2023.<\/li>\n<\/ul>\n<h3>Compatibility:<\/h3>\n<ul>\n<li>Fonctionne sur Windows 7, 8, 10 et 11 (32 et 64 bits).<\/li>\n<li>N\u00e9cessite un minimum de 8 Go de RAM et 50 Go d&#8217;espace disque disponible pour une installation compl\u00e8te.<\/li>\n<\/ul>\n<h3>Contenu du pack :<\/h3>\n<ul>\n<li>1x Logiciel Petka 8.3 (version compl\u00e8te)<\/li>\n<li>1x Manuel d&#8217;installation et support pour configuration \u00e0 distance<\/li>\n<\/ul>\n<h3>Fonctionnalit\u00e9s suppl\u00e9mentaires :<\/h3>\n<ul>\n<li>Cr\u00e9ateur de VIN int\u00e9gr\u00e9 pour une identification rapide et pr\u00e9cise des v\u00e9hicules.<\/li>\n<li>Visualisation en 3D des pi\u00e8ces de rechange pour une meilleure compr\u00e9hension des composants.<\/li>\n<li>Possibilit\u00e9 de changer de march\u00e9 r\u00e9gional (Europe, USA, etc.) et d&#8217;ajuster les prix en cons\u00e9quence.<\/li>\n<\/ul>\n<h3>Compatibilit\u00e9 des syst\u00e8mes :<\/h3>\n<p>Compatible avec Windows 7, 8, 10 et 11. N\u00e9cessite au moins 8 Go de RAM et 50 Go d&#8217;espace disque.<\/p>\n<\/details>","protected":false},"featured_media":393029,"comment_status":"open","ping_status":"closed","template":"","meta":{"_acf_changed":false},"pwb-brand":[],"product_brand":[],"product_cat":[290],"product_tag":[],"class_list":{"0":"post-392834","1":"product","2":"type-product","3":"status-publish","4":"has-post-thumbnail","6":"product_cat-logiciels-obd","8":"first","9":"instock","10":"taxable","11":"shipping-taxable","12":"purchasable","13":"product-type-simple"},"acf":[],"brands":[],"_links":{"self":[{"href":"https:\/\/obd-diag.fr\/en\/wp-json\/wp\/v2\/product\/392834","targetHints":{"allow":["GET"]}}],"collection":[{"href":"https:\/\/obd-diag.fr\/en\/wp-json\/wp\/v2\/product"}],"about":[{"href":"https:\/\/obd-diag.fr\/en\/wp-json\/wp\/v2\/types\/product"}],"replies":[{"embeddable":true,"href":"https:\/\/obd-diag.fr\/en\/wp-json\/wp\/v2\/comments?post=392834"}],"wp:featuredmedia":[{"embeddable":true,"href":"https:\/\/obd-diag.fr\/en\/wp-json\/wp\/v2\/media\/393029"}],"wp:attachment":[{"href":"https:\/\/obd-diag.fr\/en\/wp-json\/wp\/v2\/media?parent=392834"}],"wp:term":[{"taxonomy":"pwb-brand","embeddable":true,"href":"https:\/\/obd-diag.fr\/en\/wp-json\/wp\/v2\/pwb-brand?post=392834"},{"taxonomy":"product_brand","embeddable":true,"href":"https:\/\/obd-diag.fr\/en\/wp-json\/wp\/v2\/product_brand?post=392834"},{"taxonomy":"product_cat","embeddable":true,"href":"https:\/\/obd-diag.fr\/en\/wp-json\/wp\/v2\/product_cat?post=392834"},{"taxonomy":"product_tag","embeddable":true,"href":"https:\/\/obd-diag.fr\/en\/wp-json\/wp\/v2\/product_tag?post=392834"}],"curies":[{"name":"wp","href":"https:\/\/api.w.org\/{rel}","templated":true}]}}