{"id":392836,"date":"2022-09-15T14:12:00","date_gmt":"2022-09-15T14:12:00","guid":{"rendered":"https:\/\/obd-diag.fr\/produit\/davinci-1-0-28-dpf-egr-dtc-telechargement\/"},"modified":"2025-02-20T17:15:21","modified_gmt":"2025-02-20T17:15:21","slug":"davinci-1-0-28-dpf-egr-dtc-telechargement","status":"publish","type":"product","link":"https:\/\/obd-diag.fr\/en\/product\/davinci-1-0-28-dpf-egr-dtc-telechargement\/","title":{"rendered":"DaVinci 1.0.28 DPF EGR DTC + 1.0.26 OFFERT &#8211; T\u00c9L\u00c9CHARGEMENT"},"content":{"rendered":"<h2><strong>DaVinci Software 1.0.28<\/strong><\/h2>\n<p>Fonctionne avec Autotuner, <a href=\"https:\/\/obd-diag.fr\/en\/product\/kit-kess-v5-017-ktag-v7-020-4-led-outil-de-diagnostic-de-voiture-outil-de-diagnostic-de-voiture-reglage-de-gestionnaire-obd2-kess-2-80-ktag-5-017-ktag-2-25\/\">Kess<\/a>, <a href=\"https:\/\/obd-diag.fr\/en\/product\/kit-kess-v5-017-ktag-v7-020-4-led-outil-de-diagnostic-de-voiture-outil-de-diagnostic-de-voiture-reglage-de-gestionnaire-obd2-kess-2-80-ktag-5-017-ktag-2-25\/\">Ktag<\/a>, <a href=\"https:\/\/obd-diag.fr\/en\/product\/pack-logiciel-mpps\/\">MPPS<\/a>, etc&#8230;<br \/>\nEnglish language<br \/>\n<strong>File size:<\/strong> 7 MB<br \/>\nCompatible <strong>Windows 7\/8\/10\/11<\/strong><\/p>","protected":false},"excerpt":{"rendered":"<p><img decoding=\"async\" class=\"size-medium wp-image-392536 aligncenter\" src=\"https:\/\/obd-diag.fr\/wp-content\/uploads\/2022\/08\/badges-de-confiance-obd-diag.com_-300x83.png\" alt=\"badges-de-confiance-obd-diag.com\" width=\"300\" height=\"83\" data-wp-pid=\"392536\" \/><\/p>\n<p style=\"text-align: center;\"><img decoding=\"async\" class=\"size-full wp-image-392537 aligncenter\" src=\"https:\/\/obd-diag.fr\/wp-content\/uploads\/2022\/08\/visas-icons-paypal.png\" alt=\"visas-icons-paypal\" width=\"200\" height=\"32\" data-wp-pid=\"392537\" \/><\/p>\n<p style=\"text-align: center;\">\ud83d\udcbb Aide et assistance \u00e0 l&#8217;installation incluses via Ultraviewer\ud83d\udc68\ud83c\udffc\u200d\ud83d\udcbb! <strong><del>Au lieu de 39.99\u20ac<\/del><\/strong><\/p>\n<details class=\"product-summary-details\">\n<summary><strong>DaVinci 1.0.28 &#8211; Outil de Suppression DPF, EGR, AdBlue, DTC, et FLAPS<\/strong><\/summary>\n<p>THE <strong>DaVinci 1.0.28<\/strong> est un logiciel avanc\u00e9 con\u00e7u pour simplifier la suppression des syst\u00e8mes antipollution des v\u00e9hicules, notamment le DPF, l&#8217;EGR, AdBlue, et les codes d&#8217;erreur DTC. Il est principalement utilis\u00e9 dans le domaine du tuning et de la reprogrammation ECU pour optimiser les performances des v\u00e9hicules.<\/p>\n<h3>Caract\u00e9ristiques principales :<\/h3>\n<ul>\n<li><strong>Suppression DPF, EGR, AdBlue :<\/strong> Permet de d\u00e9sactiver facilement les filtres \u00e0 particules, les vannes EGR et les syst\u00e8mes AdBlue sur une large gamme de v\u00e9hicules europ\u00e9ens et asiatiques.<\/li>\n<li><strong>Correction des codes d&#8217;erreur DTC :<\/strong> Efface les erreurs DTC li\u00e9es \u00e0 ces syst\u00e8mes antipollution pour assurer une gestion plus fluide des diagnostics.<\/li>\n<li><strong>Solutions pour de nouveaux v\u00e9hicules :<\/strong> Ajout de nouvelles solutions pour des mod\u00e8les r\u00e9cents comme le **Fiat EDC17C69** et le **VW Delphi DCM6.2v**.<\/li>\n<li><strong>Wide Compatibility:<\/strong> Compatible avec les outils de reprogrammation ECU tels que KT200 et PCMTuner, ce logiciel est capable de travailler avec des ECU Bosch, Siemens, et Delphi, entre autres.<\/li>\n<li><strong>Fonctionnement hors ligne :<\/strong> Aucune connexion Internet requise pour les op\u00e9rations, rendant le logiciel utilisable dans divers environnements de travail.<\/li>\n<\/ul>\n<h3>Compatibility:<\/h3>\n<ul>\n<li>Prend en charge les v\u00e9hicules de marques populaires comme **BMW**, **Volkswagen**, **Mercedes-Benz**, **Fiat**, et bien d&#8217;autres.<\/li>\n<li>Fonctionne sur Windows 7, 8, 10, et 11 (32 et 64 bits).<\/li>\n<\/ul>\n<h3>Contenu du pack :<\/h3>\n<ul>\n<li>1x Logiciel DaVinci 1.0.28<\/li>\n<li>1x Manuel d&#8217;installation avec instructions \u00e9tape par \u00e9tape<\/li>\n<\/ul>\n<h3>Fonctionnalit\u00e9s suppl\u00e9mentaires :<\/h3>\n<ul>\n<li>Suppression automatique de DPF, EGR, FLAPS, TVA, et AdBlue pour de nombreux v\u00e9hicules et mod\u00e8les ECU.<\/li>\n<li>Outils suppl\u00e9mentaires pour la gestion des capteurs Lambda\/O2 et la configuration des modules de readiness.<\/li>\n<\/ul>\n<h3>Compatibilit\u00e9 des syst\u00e8mes :<\/h3>\n<p>Compatible avec Windows XP, 7, 8 et 10, n\u00e9cessitant un minimum de 4 Go de RAM et 500 Mo d&#8217;espace disque.<\/p>\n<\/details>","protected":false},"featured_media":392990,"comment_status":"open","ping_status":"closed","template":"","meta":{"_acf_changed":false},"pwb-brand":[],"product_brand":[],"product_cat":[290],"product_tag":[],"class_list":{"0":"post-392836","1":"product","2":"type-product","3":"status-publish","4":"has-post-thumbnail","6":"product_cat-logiciels-obd","8":"first","9":"instock","10":"taxable","11":"shipping-taxable","12":"purchasable","13":"product-type-simple"},"acf":[],"brands":[],"_links":{"self":[{"href":"https:\/\/obd-diag.fr\/en\/wp-json\/wp\/v2\/product\/392836","targetHints":{"allow":["GET"]}}],"collection":[{"href":"https:\/\/obd-diag.fr\/en\/wp-json\/wp\/v2\/product"}],"about":[{"href":"https:\/\/obd-diag.fr\/en\/wp-json\/wp\/v2\/types\/product"}],"replies":[{"embeddable":true,"href":"https:\/\/obd-diag.fr\/en\/wp-json\/wp\/v2\/comments?post=392836"}],"wp:featuredmedia":[{"embeddable":true,"href":"https:\/\/obd-diag.fr\/en\/wp-json\/wp\/v2\/media\/392990"}],"wp:attachment":[{"href":"https:\/\/obd-diag.fr\/en\/wp-json\/wp\/v2\/media?parent=392836"}],"wp:term":[{"taxonomy":"pwb-brand","embeddable":true,"href":"https:\/\/obd-diag.fr\/en\/wp-json\/wp\/v2\/pwb-brand?post=392836"},{"taxonomy":"product_brand","embeddable":true,"href":"https:\/\/obd-diag.fr\/en\/wp-json\/wp\/v2\/product_brand?post=392836"},{"taxonomy":"product_cat","embeddable":true,"href":"https:\/\/obd-diag.fr\/en\/wp-json\/wp\/v2\/product_cat?post=392836"},{"taxonomy":"product_tag","embeddable":true,"href":"https:\/\/obd-diag.fr\/en\/wp-json\/wp\/v2\/product_tag?post=392836"}],"curies":[{"name":"wp","href":"https:\/\/api.w.org\/{rel}","templated":true}]}}