{"id":392852,"date":"2022-09-15T14:12:00","date_gmt":"2022-09-15T14:12:00","guid":{"rendered":"https:\/\/obd-diag.fr\/produit\/pack-logiciel-mpps\/"},"modified":"2025-02-20T17:16:56","modified_gmt":"2025-02-20T17:16:56","slug":"pack-logiciel-mpps","status":"publish","type":"product","link":"https:\/\/obd-diag.fr\/en\/product\/pack-logiciel-mpps\/","title":{"rendered":"Pack logiciel MPPS &#8211; T\u00c9L\u00c9CHARGEMENT"},"content":{"rendered":"<p>Pack logiciels <a href=\"https:\/\/obd-diag.fr\/en\/product\/meilleur-outil-de-reglage-de-puce-ecu-v22-mpps-v22-2-3-5-outil-principal-tricore-multiboot-avec-cable-tricore-de-derivation-meilleur-que-mpps-v18\/\">MPPS<\/a> en t\u00e9l\u00e9chargement<br \/>\n<strong>Included in the pack:<\/strong><\/p>\n<ul>\n<li>Version 16 compatible with Windows XP\/7 32 bits<\/li>\n<li>Version 18 compatible with Windows 7\/8\/10\/11<\/li>\n<li>Version 21 compatible with windows 7\/8\/10\/11<\/li>\n<\/ul>\n<p><em><strong>File size 50.9<\/strong><\/em><\/p>","protected":false},"excerpt":{"rendered":"<p><img decoding=\"async\" class=\"size-medium wp-image-392536 aligncenter\" src=\"https:\/\/obd-diag.fr\/wp-content\/uploads\/2022\/08\/badges-de-confiance-obd-diag.com_-300x83.png\" alt=\"badges-de-confiance-obd-diag.com\" width=\"300\" height=\"83\" data-wp-pid=\"392536\" \/><\/p>\n<p style=\"text-align: center;\"><img decoding=\"async\" class=\"size-full wp-image-392537 aligncenter\" src=\"https:\/\/obd-diag.fr\/wp-content\/uploads\/2022\/08\/visas-icons-paypal.png\" alt=\"visas-icons-paypal\" width=\"200\" height=\"32\" data-wp-pid=\"392537\" \/><\/p>\n<p style=\"text-align: center;\">\ud83d\udcbb Aide et assistance \u00e0 l&#8217;installation incluses via Ultraviewer\ud83d\udc68\ud83c\udffc\u200d\ud83d\udcbb! <strong><del>Au lieu de 39.99\u20ac<\/del><\/strong><\/p>\n<details class=\"product-summary-details\">\n<summary><strong>MPPS &#8211; Outil de Programmation et Diagnostic ECU<\/strong><\/summary>\n<p>THE <strong>MPPS<\/strong> est un outil puissant de programmation ECU (unit\u00e9 de commande \u00e9lectronique) con\u00e7u pour lire et \u00e9crire les donn\u00e9es ECU via le port OBD. Utilis\u00e9 pour le tuning automobile, il permet \u00e9galement la correction automatique des checksums, ainsi que des fonctions avanc\u00e9es de r\u00e9cup\u00e9ration des ECU dans des cas o\u00f9 d&#8217;autres outils \u00e9choueraient.<\/p>\n<h3>Caract\u00e9ristiques principales :<\/h3>\n<ul>\n<li><strong>Lecture et \u00e9criture ECU :<\/strong> Le logiciel prend en charge la lecture et l\u2019\u00e9criture compl\u00e8tes ou partielles de l\u2019ECU. Il est compatible avec plusieurs types d\u2019ECU, y compris Bosch, Siemens, Delphi, et bien d&#8217;autres.<\/li>\n<li><strong>Support du protocole Tricore Boot :<\/strong> Pour les ECU Tricore, le logiciel permet le mode Boot avec d\u00e9tection automatique du type d\u2019ECU et du processeur, sans besoin de s\u00e9lection manuelle.<\/li>\n<li><strong>Fonctions de r\u00e9cup\u00e9ration avanc\u00e9es :<\/strong> MPPS offre des capacit\u00e9s de r\u00e9cup\u00e9ration dans des situations o\u00f9 d\u2019autres outils \u00e9chouent, m\u00eame lorsque l\u2019ECU ne r\u00e9pond plus.<\/li>\n<li><strong>Correction de checksum automatique :<\/strong> Lors de la reprogrammation de l\u2019ECU, le logiciel v\u00e9rifie et corrige automatiquement les checksums pour assurer l&#8217;int\u00e9grit\u00e9 des donn\u00e9es \u00e9crites.<\/li>\n<li><strong>Bypass temporaire de l&#8217;immobiliseur :<\/strong> Cette fonction permet de flasher les ECU sur banc, y compris les syst\u00e8mes ME7.<\/li>\n<\/ul>\n<h3>Compatibility:<\/h3>\n<ul>\n<li>Supporte une large gamme de v\u00e9hicules, y compris **Audi**, **Volkswagen**, **Renault**, **Opel**, et **Ford**.<\/li>\n<li>Compatible avec les protocoles K-Line et CAN pour diff\u00e9rents syst\u00e8mes ECU.<\/li>\n<li>Fonctionne sous Windows XP, 7, 8, et 10 (32 et 64 bits).<\/li>\n<\/ul>\n<h3>Contenu du pack :<\/h3>\n<ul>\n<li>1x Logiciel MPPS (avec support pour plusieurs versions : V16, V18, V21, et V22)<\/li>\n<li>1x Manuel d&#8217;installation<\/li>\n<\/ul>\n<h3>Fonctionnalit\u00e9s suppl\u00e9mentaires :<\/h3>\n<ul>\n<li>\u00c9criture des modifications uniquement, permettant des temps de programmation plus rapides.<\/li>\n<li>Support pour l&#8217;EEPROM sur certains types d&#8217;ECU.<\/li>\n<\/ul>\n<h3>Compatibilit\u00e9 des syst\u00e8mes :<\/h3>\n<p>Compatible avec Windows XP, 7, 8, et 10. N\u00e9cessite un minimum de 4 Go de RAM pour un fonctionnement optimal.<\/p>\n<\/details>","protected":false},"featured_media":392984,"comment_status":"open","ping_status":"closed","template":"","meta":{"_acf_changed":false},"pwb-brand":[],"product_brand":[],"product_cat":[290],"product_tag":[],"class_list":{"0":"post-392852","1":"product","2":"type-product","3":"status-publish","4":"has-post-thumbnail","6":"product_cat-logiciels-obd","8":"first","9":"instock","10":"taxable","11":"shipping-taxable","12":"purchasable","13":"product-type-simple"},"acf":[],"brands":[],"_links":{"self":[{"href":"https:\/\/obd-diag.fr\/en\/wp-json\/wp\/v2\/product\/392852","targetHints":{"allow":["GET"]}}],"collection":[{"href":"https:\/\/obd-diag.fr\/en\/wp-json\/wp\/v2\/product"}],"about":[{"href":"https:\/\/obd-diag.fr\/en\/wp-json\/wp\/v2\/types\/product"}],"replies":[{"embeddable":true,"href":"https:\/\/obd-diag.fr\/en\/wp-json\/wp\/v2\/comments?post=392852"}],"wp:featuredmedia":[{"embeddable":true,"href":"https:\/\/obd-diag.fr\/en\/wp-json\/wp\/v2\/media\/392984"}],"wp:attachment":[{"href":"https:\/\/obd-diag.fr\/en\/wp-json\/wp\/v2\/media?parent=392852"}],"wp:term":[{"taxonomy":"pwb-brand","embeddable":true,"href":"https:\/\/obd-diag.fr\/en\/wp-json\/wp\/v2\/pwb-brand?post=392852"},{"taxonomy":"product_brand","embeddable":true,"href":"https:\/\/obd-diag.fr\/en\/wp-json\/wp\/v2\/product_brand?post=392852"},{"taxonomy":"product_cat","embeddable":true,"href":"https:\/\/obd-diag.fr\/en\/wp-json\/wp\/v2\/product_cat?post=392852"},{"taxonomy":"product_tag","embeddable":true,"href":"https:\/\/obd-diag.fr\/en\/wp-json\/wp\/v2\/product_tag?post=392852"}],"curies":[{"name":"wp","href":"https:\/\/api.w.org\/{rel}","templated":true}]}}