{"id":392854,"date":"2022-09-15T14:12:00","date_gmt":"2022-09-15T14:12:00","guid":{"rendered":"https:\/\/obd-diag.fr\/produit\/dialogys-v-4-90-vmware-telechargement\/"},"modified":"2024-09-22T16:11:53","modified_gmt":"2024-09-22T16:11:53","slug":"dialogys-v-4-90-vmware-telechargement","status":"publish","type":"product","link":"https:\/\/obd-diag.fr\/en\/product\/dialogys-v-4-90-vmware-telechargement\/","title":{"rendered":"DIALOGYS V 4.90 VMware &#8211; T\u00c9L\u00c9CHARGEMENT"},"content":{"rendered":"<p><strong>Dialogys software version 4.90<\/strong> (Parts and repair catalog for Renault group vehicles)<br \/>\n<strong>Pre-installed software (Virtual machine)<\/strong><br \/>\nCompatible <strong>Windows 8\/10\/11<\/strong><br \/>\nFor better fluidity, it is recommended to have at least 8 GB of RAM on your PC.<br \/>\n<strong>Multilingual including French<\/strong><br \/>\n<strong>File size :<\/strong> 16 GB<br \/>\n<span style=\"text-decoration: underline;\">Remote installation included<\/span><\/p>","protected":false},"excerpt":{"rendered":"<p><img decoding=\"async\" class=\"size-medium wp-image-392536 aligncenter\" src=\"https:\/\/obd-diag.fr\/wp-content\/uploads\/2022\/08\/badges-de-confiance-obd-diag.com_-300x83.png\" alt=\"badges-de-confiance-obd-diag.com\" width=\"300\" height=\"83\" data-wp-pid=\"392536\" \/><\/p>\n<p style=\"text-align: center;\"><img decoding=\"async\" class=\"size-full wp-image-392537 aligncenter\" src=\"https:\/\/obd-diag.fr\/wp-content\/uploads\/2022\/08\/visas-icons-paypal.png\" alt=\"visas-icons-paypal\" width=\"200\" height=\"32\" data-wp-pid=\"392537\" \/><\/p>\n<p style=\"text-align: center;\">\ud83d\udcbb Aide et assistance \u00e0 l&#8217;installation incluses via Ultraviewer\ud83d\udc68\ud83c\udffc\u200d\ud83d\udcbb! <strong><del>Au lieu de 39.99\u20ac<\/del><\/strong><\/p>\n<details class=\"product-summary-details\">\n<summary><strong>Renault Dialogys 4.90 &#8211; Logiciel de Documentation Technique et Catalogue de Pi\u00e8ces<\/strong><\/summary>\n<p>THE <strong>Renault Dialogys 4.90<\/strong> est un logiciel de documentation \u00e9lectronique utilis\u00e9 pour la maintenance et la r\u00e9paration des v\u00e9hicules Renault et Dacia. Il comprend des manuels de r\u00e9paration, des bulletins techniques, ainsi que des catalogues de pi\u00e8ces d\u00e9tach\u00e9es, couvrant une large gamme de v\u00e9hicules. C\u2019est un outil incontournable pour les professionnels travaillant sur des v\u00e9hicules de la marque Renault et Dacia.<\/p>\n<h3>Caract\u00e9ristiques principales :<\/h3>\n<ul>\n<li><strong>Documentation compl\u00e8te :<\/strong> Fournit des manuels de r\u00e9paration, des sch\u00e9mas d\u00e9taill\u00e9s, des bulletins techniques et des m\u00e9thodes de d\u00e9pannage pour tous les v\u00e9hicules Renault et Dacia.<\/li>\n<li><strong>Catalogue de pi\u00e8ces :<\/strong> Offre un acc\u00e8s complet aux catalogues de pi\u00e8ces d\u00e9tach\u00e9es, avec les num\u00e9ros de r\u00e9f\u00e9rence et les vues \u00e9clat\u00e9es pour faciliter l&#8217;identification et la commande de pi\u00e8ces.<\/li>\n<li><strong>Versions multilingues :<\/strong> Disponible en plusieurs langues, dont le fran\u00e7ais, l&#8217;anglais et d&#8217;autres, rendant le logiciel accessible \u00e0 un large public.<\/li>\n<li><strong>Regular updates:<\/strong> La version 4.90, mise \u00e0 jour fin 2019, comprend les derni\u00e8res donn\u00e9es techniques jusqu&#8217;\u00e0 cette ann\u00e9e, avec un support pour les nouveaux mod\u00e8les Renault et Dacia.<\/li>\n<\/ul>\n<h3>Compatibility:<\/h3>\n<ul>\n<li>Compatible avec les v\u00e9hicules Renault et Dacia, couvrant tous les mod\u00e8les jusqu&#8217;en 2019.<\/li>\n<li>Fonctionne sous Windows 7, 8, 10 (32 et 64 bits).<\/li>\n<\/ul>\n<h3>Contenu du pack :<\/h3>\n<ul>\n<li>1x Logiciel Renault Dialogys 4.90<\/li>\n<li>1x Manuel d&#8217;installation d\u00e9taill\u00e9<\/li>\n<\/ul>\n<h3>Fonctionnalit\u00e9s suppl\u00e9mentaires :<\/h3>\n<ul>\n<li>Acc\u00e8s aux informations sur les temps de travail standard et les proc\u00e9dures de service.<\/li>\n<li>Documentation compl\u00e8te pour les r\u00e9parations m\u00e9caniques, carrosserie, et syst\u00e8mes \u00e9lectriques.<\/li>\n<\/ul>\n<h3>Compatibilit\u00e9 des syst\u00e8mes :<\/h3>\n<p>Fonctionne sur Windows XP, 7, 8 et 10. N\u00e9cessite un minimum de 12 Go d&#8217;espace disque pour l&#8217;installation compl\u00e8te.<\/p>\n<\/details>","protected":false},"featured_media":393130,"comment_status":"open","ping_status":"closed","template":"","meta":{"_acf_changed":false},"pwb-brand":[],"product_brand":[],"product_cat":[290],"product_tag":[],"class_list":{"0":"post-392854","1":"product","2":"type-product","3":"status-publish","4":"has-post-thumbnail","6":"product_cat-logiciels-obd","8":"first","9":"instock","10":"taxable","11":"shipping-taxable","12":"purchasable","13":"product-type-simple"},"acf":[],"brands":[],"_links":{"self":[{"href":"https:\/\/obd-diag.fr\/en\/wp-json\/wp\/v2\/product\/392854","targetHints":{"allow":["GET"]}}],"collection":[{"href":"https:\/\/obd-diag.fr\/en\/wp-json\/wp\/v2\/product"}],"about":[{"href":"https:\/\/obd-diag.fr\/en\/wp-json\/wp\/v2\/types\/product"}],"replies":[{"embeddable":true,"href":"https:\/\/obd-diag.fr\/en\/wp-json\/wp\/v2\/comments?post=392854"}],"wp:featuredmedia":[{"embeddable":true,"href":"https:\/\/obd-diag.fr\/en\/wp-json\/wp\/v2\/media\/393130"}],"wp:attachment":[{"href":"https:\/\/obd-diag.fr\/en\/wp-json\/wp\/v2\/media?parent=392854"}],"wp:term":[{"taxonomy":"pwb-brand","embeddable":true,"href":"https:\/\/obd-diag.fr\/en\/wp-json\/wp\/v2\/pwb-brand?post=392854"},{"taxonomy":"product_brand","embeddable":true,"href":"https:\/\/obd-diag.fr\/en\/wp-json\/wp\/v2\/product_brand?post=392854"},{"taxonomy":"product_cat","embeddable":true,"href":"https:\/\/obd-diag.fr\/en\/wp-json\/wp\/v2\/product_cat?post=392854"},{"taxonomy":"product_tag","embeddable":true,"href":"https:\/\/obd-diag.fr\/en\/wp-json\/wp\/v2\/product_tag?post=392854"}],"curies":[{"name":"wp","href":"https:\/\/api.w.org\/{rel}","templated":true}]}}