{"id":392858,"date":"2022-09-15T14:12:00","date_gmt":"2022-09-15T14:12:00","guid":{"rendered":"https:\/\/obd-diag.fr\/produit\/logiciel-can-clip-v187-fullpack-vmware-telechargement\/"},"modified":"2025-02-20T16:54:37","modified_gmt":"2025-02-20T16:54:37","slug":"logiciel-can-clip-v187-fullpack-vmware-telechargement","status":"publish","type":"product","link":"https:\/\/obd-diag.fr\/en\/product\/logiciel-can-clip-v187-fullpack-vmware-telechargement\/","title":{"rendered":"Logiciel Can Clip V187 FullPack (VMware) &#8211; T\u00c9L\u00c9CHARGEMENT"},"content":{"rendered":"<p>Si vous n&#8217;avez pas la sonde <a href=\"https:\/\/obd-diag.fr\/en\/product\/can-clip-v216-v212-v211-v207-pour-renault-obd2-diagnostic-canclip-v205-reprog-v191-extracteur-de-broches-v2-derniere-mise-a-jour-2029\/\">CAN CLIP<\/a> <a href=\"https:\/\/obd-diag.fr\/en\/product\/can-clip-v215-pour-renault-outil-de-diagnostic-pour-voiture-prise-obd2-an2131qc-an2136sc-diagys-complets-avec-extracteur-de-broches-et-reprog-v191\/\">we sell it here<\/a><\/p>\n<div id=\"ez-toc-container\" class=\"ez-toc-v2_0_73 counter-hierarchy ez-toc-counter ez-toc-grey ez-toc-container-direction\">\n<div class=\"ez-toc-title-container\">\n<p class=\"ez-toc-title\" style=\"cursor:inherit\">Summary<\/p>\n<span class=\"ez-toc-title-toggle\"><a href=\"#\" class=\"ez-toc-pull-right ez-toc-btn ez-toc-btn-xs ez-toc-btn-default ez-toc-toggle\" aria-label=\"Toggle Table of Contents\"><span class=\"ez-toc-js-icon-con\"><span class=\"\"><span class=\"eztoc-hide\" style=\"display:none;\">Toggle<\/span><span class=\"ez-toc-icon-toggle-span\"><svg style=\"fill: #999;color:#999\" xmlns=\"http:\/\/www.w3.org\/2000\/svg\" class=\"list-377408\" width=\"20px\" height=\"20px\" viewbox=\"0 0 24 24\" fill=\"none\"><path d=\"M6 6H4v2h2V6zm14 0H8v2h12V6zM4 11h2v2H4v-2zm16 0H8v2h12v-2zM4 16h2v2H4v-2zm16 0H8v2h12v-2z\" fill=\"currentColor\"><\/path><\/svg><svg style=\"fill: #999;color:#999\" class=\"arrow-unsorted-368013\" xmlns=\"http:\/\/www.w3.org\/2000\/svg\" width=\"10px\" height=\"10px\" viewbox=\"0 0 24 24\" version=\"1.2\" baseprofile=\"tiny\"><path d=\"M18.2 9.3l-6.2-6.3-6.2 6.3c-.2.2-.3.4-.3.7s.1.5.3.7c.2.2.4.3.7.3h11c.3 0 .5-.1.7-.3.2-.2.3-.5.3-.7s-.1-.5-.3-.7zM5.8 14.7l6.2 6.3 6.2-6.3c.2-.2.3-.5.3-.7s-.1-.5-.3-.7c-.2-.2-.4-.3-.7-.3h-11c-.3 0-.5.1-.7.3-.2.2-.3.5-.3.7s.1.5.3.7z\"\/><\/svg><\/span><\/span><\/span><\/a><\/span><\/div>\n<nav><ul class='ez-toc-list ez-toc-list-level-1' ><ul class='ez-toc-list-level-2' ><li class='ez-toc-heading-level-2'><a class=\"ez-toc-link ez-toc-heading-1\" href=\"https:\/\/obd-diag.fr\/en\/product\/logiciel-can-clip-v187-fullpack-vmware-telechargement\/#Logiciel_Machine_virtuelle_Can_Clip_V187_FullPack\" title=\"Software (Virtual machine) Can Clip V187 FullPack\">Software (Virtual machine) Can Clip V187 FullPack<\/a><\/li><\/ul><\/li><li class='ez-toc-page-1 ez-toc-heading-level-1'><a class=\"ez-toc-link ez-toc-heading-2\" href=\"https:\/\/obd-diag.fr\/en\/product\/logiciel-can-clip-v187-fullpack-vmware-telechargement\/#Can_Clip_un_logiciel_de_diagnostic_OBD_pour_les_vehicules_Renault\" title=\"Can Clip: OBD diagnostic software for Renault vehicles\">Can Clip: OBD diagnostic software for Renault vehicles<\/a><ul class='ez-toc-list-level-2' ><li class='ez-toc-heading-level-2'><a class=\"ez-toc-link ez-toc-heading-3\" href=\"https:\/\/obd-diag.fr\/en\/product\/logiciel-can-clip-v187-fullpack-vmware-telechargement\/#Introduction\" title=\"Introduction\">Introduction<\/a><\/li><li class='ez-toc-page-1 ez-toc-heading-level-2'><a class=\"ez-toc-link ez-toc-heading-4\" href=\"https:\/\/obd-diag.fr\/en\/product\/logiciel-can-clip-v187-fullpack-vmware-telechargement\/#Les_fonctionnalites_du_logiciel\" title=\"Software features\">Software features<\/a><\/li><li class='ez-toc-page-1 ez-toc-heading-level-2'><a class=\"ez-toc-link ez-toc-heading-5\" href=\"https:\/\/obd-diag.fr\/en\/product\/logiciel-can-clip-v187-fullpack-vmware-telechargement\/#Les_vehicules_pris_en_charge\" title=\"Supported vehicles\">Supported vehicles<\/a><\/li><\/ul><\/li><\/ul><\/nav><\/div>\n<h2><span class=\"ez-toc-section\" id=\"Logiciel_Machine_virtuelle_Can_Clip_V187_FullPack\"><\/span><strong>Software (Virtual machine) Can Clip V187 FullPack<\/strong><span class=\"ez-toc-section-end\"><\/span><\/h2>\n<p>Pre-installed and configured!<br \/>\n<strong>Includes:<\/strong> <a href=\"https:\/\/obd-diag.fr\/en\/product\/can-clip-v216-v212-v211-v207-pour-renault-obd2-diagnostic-canclip-v205-reprog-v191-extracteur-de-broches-v2-derniere-mise-a-jour-2029\/\">Can clip<\/a> v187, Dialogys v4.9, Renault <a href=\"https:\/\/obd-diag.fr\/en\/product\/renault-reprog-v1-91full-telechargement\/\">Reprog v191<\/a>, Pin extractor, Vin Search, manuels d&#8217;utilisation.<br \/>\nReinstallation files are included as well as registration tools.<br \/>\nCompatible <strong>Windows 8\/10\/11<\/strong><br \/>\n<strong>File size :<\/strong> 25 GB<\/p>\n<ul>\n<li>Remote installation included<\/li>\n<\/ul>\n<h1><span class=\"ez-toc-section\" id=\"Can_Clip_un_logiciel_de_diagnostic_OBD_pour_les_vehicules_Renault\"><\/span>Can Clip: OBD diagnostic software for Renault vehicles<span class=\"ez-toc-section-end\"><\/span><\/h1>\n<h2><span class=\"ez-toc-section\" id=\"Introduction\"><\/span>Introduction<span class=\"ez-toc-section-end\"><\/span><\/h2>\n<p><a href=\"https:\/\/obd-diag.fr\/en\/product\/can-clip-v216-v212-v211-v207-pour-renault-obd2-diagnostic-canclip-v205-reprog-v191-extracteur-de-broches-v2-derniere-mise-a-jour-2029\/\">Can Clip<\/a> is a <a href=\"https:\/\/obd-diag.fr\/en\/product\/pack-logiciels-vcds-telechargement\/\">logiciel de diagnostic<\/a> OBD sp\u00e9cialement con\u00e7u pour les v\u00e9hicules Renault. Ce logiciel permet aux m\u00e9caniciens et aux propri\u00e9taires de v\u00e9hicules de d\u00e9tecter et de diagnostiquer les probl\u00e8mes de leur voiture \u00e0 l&#8217;aide de l&#8217;interface de diagnostic OBD.<\/p>\n<h2><span class=\"ez-toc-section\" id=\"Les_fonctionnalites_du_logiciel\"><\/span>Software features<span class=\"ez-toc-section-end\"><\/span><\/h2>\n<p><a href=\"https:\/\/obd-diag.fr\/en\/product\/can-clip-v216-v212-v211-v207-pour-renault-obd2-diagnostic-canclip-v205-reprog-v191-extracteur-de-broches-v2-derniere-mise-a-jour-2029\/\">Can Clip<\/a> offre une large gamme de fonctionnalit\u00e9s pour diagnostiquer et r\u00e9parer les v\u00e9hicules Renault. Voici quelques-unes des fonctionnalit\u00e9s cl\u00e9s de <a href=\"https:\/\/obd-diag.fr\/en\/product\/can-clip-v216-v212-v211-v207-pour-renault-obd2-diagnostic-canclip-v205-reprog-v191-extracteur-de-broches-v2-derniere-mise-a-jour-2029\/\">Can Clip<\/a> :<\/p>\n<ul>\n<li>Lecture et effacement des codes d&#8217;erreur : <a href=\"https:\/\/obd-diag.fr\/en\/product\/can-clip-v216-v212-v211-v207-pour-renault-obd2-diagnostic-canclip-v205-reprog-v191-extracteur-de-broches-v2-derniere-mise-a-jour-2029\/\">Can Clip<\/a> permet de lire et d&#8217;effacer les codes d&#8217;erreur stock\u00e9s dans le syst\u00e8me de gestion du moteur (<a href=\"https:\/\/obd-diag.fr\/en\/product\/renolink-programmateur-ecu-v1-94-v1-87-cable-de-diagnostic-obd2-interface-pour-renault-dacia-codage-de-cle-airbag-reno-link-1-87\/\">ECU<\/a>) du v\u00e9hicule. Cela permet de d\u00e9tecter les probl\u00e8mes potentiels du v\u00e9hicule et de les r\u00e9soudre rapidement.<\/li>\n<li>Surveillance en temps r\u00e9el des param\u00e8tres du v\u00e9hicule : <a href=\"https:\/\/obd-diag.fr\/en\/product\/can-clip-v216-v212-v211-v207-pour-renault-obd2-diagnostic-canclip-v205-reprog-v191-extracteur-de-broches-v2-derniere-mise-a-jour-2029\/\">Can Clip<\/a> peut surveiller en temps r\u00e9el les diff\u00e9rents param\u00e8tres du v\u00e9hicule, tels que la temp\u00e9rature du moteur, la vitesse de rotation, la consommation de carburant, etc. Cela permet de d\u00e9tecter les probl\u00e8mes potentiels avant qu&#8217;ils ne deviennent critiques.<\/li>\n<li>Programmation de cl\u00e9s : <a href=\"https:\/\/obd-diag.fr\/en\/product\/can-clip-v216-v212-v211-v207-pour-renault-obd2-diagnostic-canclip-v205-reprog-v191-extracteur-de-broches-v2-derniere-mise-a-jour-2029\/\">Can Clip<\/a> permet \u00e9galement de programmer les cl\u00e9s pour les v\u00e9hicules Renault, ce qui est particuli\u00e8rement utile en cas de perte ou de vol de cl\u00e9s.<\/li>\n<li>R\u00e9initialisation des indicateurs de maintenance : <a href=\"https:\/\/obd-diag.fr\/en\/product\/can-clip-v216-v212-v211-v207-pour-renault-obd2-diagnostic-canclip-v205-reprog-v191-extracteur-de-broches-v2-derniere-mise-a-jour-2029\/\">Can Clip<\/a> permet de r\u00e9initialiser les indicateurs de maintenance pour les v\u00e9hicules Renault, tels que les intervalles de vidange d&#8217;huile, les intervalles de changement de pneus, etc.<\/li>\n<\/ul>\n<h2><span class=\"ez-toc-section\" id=\"Les_vehicules_pris_en_charge\"><\/span>Supported vehicles<span class=\"ez-toc-section-end\"><\/span><\/h2>\n<p><a href=\"https:\/\/obd-diag.fr\/en\/product\/can-clip-v216-v212-v211-v207-pour-renault-obd2-diagnostic-canclip-v205-reprog-v191-extracteur-de-broches-v2-derniere-mise-a-jour-2029\/\">Can Clip<\/a> is a <a href=\"https:\/\/obd-diag.fr\/en\/product\/pack-logiciels-vcds-telechargement\/\">logiciel de diagnostic<\/a> OBD d\u00e9di\u00e9 aux v\u00e9hicules Renault. Il prend en charge une large gamme de mod\u00e8les Renault, y compris les voitures, les camionnettes et les v\u00e9hicules utilitaires l\u00e9gers. Voici quelques-uns des mod\u00e8les pris en charge par <a href=\"https:\/\/obd-diag.fr\/en\/product\/can-clip-v216-v212-v211-v207-pour-renault-obd2-diagnostic-canclip-v205-reprog-v191-extracteur-de-broches-v2-derniere-mise-a-jour-2029\/\">Can Clip<\/a> :<\/p>\n<ul>\n<li>Clio<\/li>\n<li>Megane<\/li>\n<li>Scenic<\/li>\n<li>Lake<\/li>\n<li>Kangoo<\/li>\n<li>Twingo<\/li>\n<li>Space<\/li>\n<li>Traffic<\/li>\n<li>Master<\/li>\n<li>And other more recent Renault models.<\/li>\n<\/ul>\n<p><a href=\"https:\/\/obd-diag.fr\/en\/product\/can-clip-v215-pour-renault-outil-de-diagnostic-pour-voiture-prise-obd2-an2131qc-an2136sc-diagys-complets-avec-extracteur-de-broches-et-reprog-v191\/\">Can Clip<\/a> is also regularly updated to support new models and features.<\/p>\n<p>In conclusion, <a href=\"https:\/\/obd-diag.fr\/en\/product\/can-clip-v216-v212-v211-v207-pour-renault-obd2-diagnostic-canclip-v205-reprog-v191-extracteur-de-broches-v2-derniere-mise-a-jour-2029\/\">Can Clip<\/a> is a <a href=\"https:\/\/obd-diag.fr\/en\/product\/pack-logiciels-vcds-telechargement\/\">logiciel de diagnostic<\/a> OBD puissant et polyvalent pour les v\u00e9hicules Renault. Il offre une large gamme de fonctionnalit\u00e9s pour diagnostiquer et r\u00e9parer les probl\u00e8mes des v\u00e9hicules Renault et prend en charge une grande vari\u00e9t\u00e9 de mod\u00e8les de v\u00e9hicules Renault. Si vous \u00eates propri\u00e9taire d&#8217;un v\u00e9hicule Renault ou un m\u00e9canicien, <a href=\"https:\/\/obd-diag.fr\/en\/product\/can-clip-v216-v212-v211-v207-pour-renault-obd2-diagnostic-canclip-v205-reprog-v191-extracteur-de-broches-v2-derniere-mise-a-jour-2029\/\">Can Clip<\/a> est un outil de diagnostic essentiel pour votre atelier de r\u00e9paration automobile.<\/p>\n<p>You can find the best CANCLIP suitcase <a href=\"https:\/\/obd-diag.fr\/en\/product\/can-clip-v215-pour-renault-outil-de-diagnostic-pour-voiture-prise-obd2-an2131qc-an2136sc-diagys-complets-avec-extracteur-de-broches-et-reprog-v191\/\">here<\/a> sur notre <a href=\"https:\/\/obd-diag.fr\/en\/shop\/\">shop<\/a><\/p>","protected":false},"excerpt":{"rendered":"<p><img decoding=\"async\" class=\"size-medium wp-image-392536 aligncenter\" src=\"https:\/\/obd-diag.fr\/wp-content\/uploads\/2022\/08\/badges-de-confiance-obd-diag.com_-300x83.png\" alt=\"badges-de-confiance-obd-diag.com\" width=\"300\" height=\"83\" data-wp-pid=\"392536\" \/><\/p>\n<p style=\"text-align: center;\"><img decoding=\"async\" class=\"size-full wp-image-392537 aligncenter\" src=\"https:\/\/obd-diag.fr\/wp-content\/uploads\/2022\/08\/visas-icons-paypal.png\" alt=\"visas-icons-paypal\" width=\"200\" height=\"32\" data-wp-pid=\"392537\" \/><\/p>\n<p style=\"text-align: center;\">\ud83d\udcbb Aide et assistance \u00e0 l&#8217;installation incluses via Ultraviewer\ud83d\udc68\ud83c\udffc\u200d\ud83d\udcbb! <strong><del>Au lieu de 39.99\u20ac<\/del><\/strong><\/p>\n<details class=\"product-summary-details\">\n<summary><strong>Renault Can Clip V187 &#8211; Diagnostic pour Renault et Dacia (VMware)<\/strong><\/summary>\n<p>THE <strong>Renault Can Clip V187<\/strong> est un logiciel de diagnostic avanc\u00e9 con\u00e7u pour les v\u00e9hicules Renault et Dacia. Il permet d&#8217;effectuer des diagnostics complets des syst\u00e8mes \u00e9lectroniques embarqu\u00e9s via une machine virtuelle (VMware). Il s&#8217;agit d&#8217;une solution professionnelle pour les ateliers et techniciens.<\/p>\n<h3>Caract\u00e9ristiques principales :<\/h3>\n<ul>\n<li><strong>Diagnostic complet des syst\u00e8mes :<\/strong> Can Clip V187 permet d\u2019acc\u00e9der aux syst\u00e8mes ECU pour des diagnostics pr\u00e9cis : moteur, transmission automatique, ABS, ESP, airbags, climatisation, etc.<\/li>\n<li><strong>Lecture et effacement des codes d&#8217;erreur :<\/strong> Permet de lire et d&#8217;effacer les codes d&#8217;erreur stock\u00e9s dans les modules ECU, facilitant l&#8217;identification des pannes potentielles.<\/li>\n<li><strong>Surveillance en temps r\u00e9el :<\/strong> Acc\u00e8s aux donn\u00e9es en temps r\u00e9el, comme la temp\u00e9rature moteur, la vitesse, et d&#8217;autres param\u00e8tres critiques, pour d\u00e9tecter des anomalies avant qu&#8217;elles ne deviennent critiques.<\/li>\n<li><strong>Programmation de cl\u00e9s :<\/strong> Fonctionnalit\u00e9 avanc\u00e9e pour programmer de nouvelles cl\u00e9s en cas de perte ou de vol.<\/li>\n<li><strong>R\u00e9initialisation des intervalles de maintenance :<\/strong> Permet la remise \u00e0 z\u00e9ro des intervalles de vidange d&#8217;huile, changement de pneus, et autres rappels d&#8217;entretien.<\/li>\n<\/ul>\n<h3>Compatibility:<\/h3>\n<ul>\n<li>Supporte les v\u00e9hicules Renault et Dacia, y compris des mod\u00e8les populaires tels que Clio, M\u00e9gane, Scenic, Kangoo, Twingo, Trafic, Master, et bien d&#8217;autres.<\/li>\n<li>Fonctionne sur VMware avec Windows 8, 10, et 11 (32 et 64 bits).<\/li>\n<\/ul>\n<h3>Contenu du pack :<\/h3>\n<ul>\n<li>1x Machine virtuelle avec Renault Can Clip V187 pr\u00e9install\u00e9<\/li>\n<li>1x Logiciel Dialogys V4.92<\/li>\n<li>1x Manuel d&#8217;utilisation<\/li>\n<\/ul>\n<h3>Fonctionnalit\u00e9s suppl\u00e9mentaires :<\/h3>\n<ul>\n<li>Inclut Renault Reprog V191 pour les mises \u00e0 jour ECU.<\/li>\n<li>Fichiers de r\u00e9installation et outils d&#8217;enregistrement inclus.<\/li>\n<\/ul>\n<h3>Compatibilit\u00e9 des syst\u00e8mes :<\/h3>\n<p>Fonctionne avec VMware sur Windows 8, 10 et 11, n\u00e9cessitant un minimum de 25 Go d&#8217;espace disque.<\/p>\n<\/details>","protected":false},"featured_media":393000,"comment_status":"open","ping_status":"closed","template":"","meta":{"_acf_changed":false},"pwb-brand":[],"product_brand":[],"product_cat":[290],"product_tag":[],"class_list":{"0":"post-392858","1":"product","2":"type-product","3":"status-publish","4":"has-post-thumbnail","6":"product_cat-logiciels-obd","8":"first","9":"instock","10":"taxable","11":"shipping-taxable","12":"purchasable","13":"product-type-simple"},"acf":[],"brands":[],"_links":{"self":[{"href":"https:\/\/obd-diag.fr\/en\/wp-json\/wp\/v2\/product\/392858","targetHints":{"allow":["GET"]}}],"collection":[{"href":"https:\/\/obd-diag.fr\/en\/wp-json\/wp\/v2\/product"}],"about":[{"href":"https:\/\/obd-diag.fr\/en\/wp-json\/wp\/v2\/types\/product"}],"replies":[{"embeddable":true,"href":"https:\/\/obd-diag.fr\/en\/wp-json\/wp\/v2\/comments?post=392858"}],"wp:featuredmedia":[{"embeddable":true,"href":"https:\/\/obd-diag.fr\/en\/wp-json\/wp\/v2\/media\/393000"}],"wp:attachment":[{"href":"https:\/\/obd-diag.fr\/en\/wp-json\/wp\/v2\/media?parent=392858"}],"wp:term":[{"taxonomy":"pwb-brand","embeddable":true,"href":"https:\/\/obd-diag.fr\/en\/wp-json\/wp\/v2\/pwb-brand?post=392858"},{"taxonomy":"product_brand","embeddable":true,"href":"https:\/\/obd-diag.fr\/en\/wp-json\/wp\/v2\/product_brand?post=392858"},{"taxonomy":"product_cat","embeddable":true,"href":"https:\/\/obd-diag.fr\/en\/wp-json\/wp\/v2\/product_cat?post=392858"},{"taxonomy":"product_tag","embeddable":true,"href":"https:\/\/obd-diag.fr\/en\/wp-json\/wp\/v2\/product_tag?post=392858"}],"curies":[{"name":"wp","href":"https:\/\/api.w.org\/{rel}","templated":true}]}}