{"id":392860,"date":"2022-09-15T14:12:00","date_gmt":"2022-09-15T14:12:00","guid":{"rendered":"https:\/\/obd-diag.fr\/produit\/pack-damos-pour-winols-telechargement\/"},"modified":"2025-02-20T17:20:27","modified_gmt":"2025-02-20T17:20:27","slug":"pack-damos-pour-winols-telechargement","status":"publish","type":"product","link":"https:\/\/obd-diag.fr\/en\/product\/pack-damos-pour-winols-telechargement\/","title":{"rendered":"Pack Damos pour Winols &#8211; T\u00c9L\u00c9CHARGEMENT"},"content":{"rendered":"<h2><strong>Damos (ori) file pack for Winols software for download.<\/strong><\/h2>\n<p>Liste <a href=\"https:\/\/obd-diag.fr\/en\/product\/renolink-programmateur-ecu-v1-94-v1-87-cable-de-diagnostic-obd2-interface-pour-renault-dacia-codage-de-cle-airbag-reno-link-1-87\/\">ECU<\/a> pour v\u00e9hicule de 1995 \u00e0 2021<br \/>\n<strong>File size :<\/strong> 42 GB of compressed files (winrar)<br \/>\nIn total more than 250 GB of manufacturer files<\/p>","protected":false},"excerpt":{"rendered":"<p><img decoding=\"async\" class=\"size-medium wp-image-392536 aligncenter\" src=\"https:\/\/obd-diag.fr\/wp-content\/uploads\/2022\/08\/badges-de-confiance-obd-diag.com_-300x83.png\" alt=\"badges-de-confiance-obd-diag.com\" width=\"300\" height=\"83\" data-wp-pid=\"392536\" \/><\/p>\n<p style=\"text-align: center;\"><img decoding=\"async\" class=\"size-full wp-image-392537 aligncenter\" src=\"https:\/\/obd-diag.fr\/wp-content\/uploads\/2022\/08\/visas-icons-paypal.png\" alt=\"visas-icons-paypal\" width=\"200\" height=\"32\" data-wp-pid=\"392537\" \/><\/p>\n<p style=\"text-align: center;\">\ud83d\udcbb Aide et assistance \u00e0 l&#8217;installation incluses via Ultraviewer\ud83d\udc68\ud83c\udffc\u200d\ud83d\udcbb! <strong><del>Au lieu de 39.99\u20ac<\/del><\/strong><\/p>\n<details class=\"product-summary-details\">\n<summary><strong>Pack Damos pour WinOLS &#8211; Fichiers de Cartographie ECU<\/strong><\/summary>\n<p>THE <strong>Pack Damos pour WinOLS<\/strong> est une collection compl\u00e8te de fichiers de cartographie destin\u00e9s \u00e0 l&#8217;\u00e9dition et \u00e0 l&#8217;optimisation des param\u00e8tres ECU dans WinOLS. Utilis\u00e9 principalement par les professionnels du tuning, ce pack permet une modification pr\u00e9cise des param\u00e8tres de performance moteur gr\u00e2ce \u00e0 des cartes d\u00e9taill\u00e9es pour de nombreux v\u00e9hicules et ECU.<\/p>\n<h3>Caract\u00e9ristiques principales :<\/h3>\n<ul>\n<li><strong>Wide Compatibility:<\/strong> Ce pack couvre une large gamme de v\u00e9hicules, y compris Audi, Volkswagen, BMW, et Mercedes, ainsi que des applications pour moteurs diesel, essence et des v\u00e9hicules utilitaires.<\/li>\n<li><strong>Fichiers Damos (.dam, .a2l, .kp) :<\/strong> Ces fichiers permettent d\u2019acc\u00e9der aux cartes de gestion moteur pour ajuster des param\u00e8tres comme l\u2019injection, l\u2019avance \u00e0 l\u2019allumage, et d&#8217;autres aspects de la gestion des performances.<\/li>\n<li><strong>Support de WinOLS :<\/strong> Les fichiers sont compatibles avec toutes les versions de WinOLS et offrent un support pour les ECU Bosch EDC15, EDC16, EDC17, et d&#8217;autres syst\u00e8mes ECU couramment utilis\u00e9s dans l&#8217;industrie automobile.<\/li>\n<li><strong>Map packs pr\u00e9configur\u00e9s :<\/strong> Permet un acc\u00e8s facile aux cartes d\u00e9j\u00e0 pr\u00eates pour des modifications de niveau Stage 1 et Stage 2, acc\u00e9l\u00e9rant le processus de tuning.<\/li>\n<li><strong>Automatisation via scripting :<\/strong> Int\u00e8gre des fonctionnalit\u00e9s de scripts permettant l\u2019automatisation des modifications sur plusieurs cartes simultan\u00e9ment, optimisant ainsi le travail sur des projets de grande envergure.<\/li>\n<\/ul>\n<h3>Compatibility:<\/h3>\n<ul>\n<li>Fonctionne avec WinOLS et prend en charge les ECU des v\u00e9hicules europ\u00e9ens, asiatiques et am\u00e9ricains.<\/li>\n<li>Compatible avec Windows XP, 7, 8, et 10 (32 et 64 bits).<\/li>\n<\/ul>\n<h3>Contenu du pack :<\/h3>\n<ul>\n<li>1x Pack Damos (fichiers .dam, .a2l, .kp)<\/li>\n<\/ul>\n<h3>Fonctionnalit\u00e9s suppl\u00e9mentaires :<\/h3>\n<ul>\n<li>Acc\u00e8s aux param\u00e8tres de diagnostics, y compris les codes de d\u00e9fauts (DTC), pour un ajustement pr\u00e9cis des param\u00e8tres moteurs.<\/li>\n<li>Fichiers ferm\u00e9s (OLSX), uniquement utilisables avec les clients WinOLS enregistr\u00e9s.<\/li>\n<\/ul>\n<h3>Compatibilit\u00e9 des syst\u00e8mes :<\/h3>\n<p>Compatible avec Windows XP, 7, 8 et 10. N\u00e9cessite un minimum de 20 Go d\u2019espace disque pour l\u2019installation compl\u00e8te.<\/p>\n<\/details>","protected":false},"featured_media":392987,"comment_status":"open","ping_status":"closed","template":"","meta":{"_acf_changed":false},"pwb-brand":[],"product_brand":[],"product_cat":[290],"product_tag":[],"class_list":{"0":"post-392860","1":"product","2":"type-product","3":"status-publish","4":"has-post-thumbnail","6":"product_cat-logiciels-obd","8":"first","9":"instock","10":"taxable","11":"shipping-taxable","12":"purchasable","13":"product-type-simple"},"acf":[],"brands":[],"_links":{"self":[{"href":"https:\/\/obd-diag.fr\/en\/wp-json\/wp\/v2\/product\/392860","targetHints":{"allow":["GET"]}}],"collection":[{"href":"https:\/\/obd-diag.fr\/en\/wp-json\/wp\/v2\/product"}],"about":[{"href":"https:\/\/obd-diag.fr\/en\/wp-json\/wp\/v2\/types\/product"}],"replies":[{"embeddable":true,"href":"https:\/\/obd-diag.fr\/en\/wp-json\/wp\/v2\/comments?post=392860"}],"wp:featuredmedia":[{"embeddable":true,"href":"https:\/\/obd-diag.fr\/en\/wp-json\/wp\/v2\/media\/392987"}],"wp:attachment":[{"href":"https:\/\/obd-diag.fr\/en\/wp-json\/wp\/v2\/media?parent=392860"}],"wp:term":[{"taxonomy":"pwb-brand","embeddable":true,"href":"https:\/\/obd-diag.fr\/en\/wp-json\/wp\/v2\/pwb-brand?post=392860"},{"taxonomy":"product_brand","embeddable":true,"href":"https:\/\/obd-diag.fr\/en\/wp-json\/wp\/v2\/product_brand?post=392860"},{"taxonomy":"product_cat","embeddable":true,"href":"https:\/\/obd-diag.fr\/en\/wp-json\/wp\/v2\/product_cat?post=392860"},{"taxonomy":"product_tag","embeddable":true,"href":"https:\/\/obd-diag.fr\/en\/wp-json\/wp\/v2\/product_tag?post=392860"}],"curies":[{"name":"wp","href":"https:\/\/api.w.org\/{rel}","templated":true}]}}