{"id":393384,"date":"2022-11-25T00:52:20","date_gmt":"2022-11-25T00:52:20","guid":{"rendered":"https:\/\/obd-diag.fr\/produit\/meilleur-outil-de-diagnostic-de-voiture-svci-6154a-meilleur-lecteur-dorigine-meilleur-que-oki-5054a-6154a-pour-vag-prise-en-charge-uds-doip-can-protocole-fd-jusquen-2022\/"},"modified":"2025-02-20T16:55:04","modified_gmt":"2025-02-20T16:55:04","slug":"meilleur-outil-de-diagnostic-de-voiture-svci-6154a-meilleur-lecteur-dorigine-meilleur-que-oki-5054a-6154a-pour-vag-prise-en-charge-uds-doip-can-protocole-fd-jusquen-2022","status":"publish","type":"product","link":"https:\/\/obd-diag.fr\/en\/product\/meilleur-outil-de-diagnostic-de-voiture-svci-6154a-meilleur-lecteur-dorigine-meilleur-que-oki-5054a-6154a-pour-vag-prise-en-charge-uds-doip-can-protocole-fd-jusquen-2022\/","title":{"rendered":"SVCI 6154A \u2013 Best Diagnostic Tool for VAG, Support UDS Doip CAN FD Until 2022"},"content":{"rendered":"<h2><img fetchpriority=\"high\" decoding=\"async\" class=\"alignnone size-full wp-image-393215\" style=\"font-family: inherit; font-size: 24px; font-style: inherit; font-weight: inherit;\" src=\"https:\/\/obd-diag.fr\/wp-content\/uploads\/2022\/10\/obd-diag-description-produit.webp\" alt=\"Description du produit OBD diag interface et valise obd\" width=\"1500\" height=\"500\" data-wp-pid=\"393215\" title=\"\" srcset=\"https:\/\/obd-diag.fr\/wp-content\/uploads\/2022\/10\/obd-diag-description-produit.webp 1500w, https:\/\/obd-diag.fr\/wp-content\/uploads\/2022\/10\/obd-diag-description-produit-1000x333.webp 1000w, https:\/\/obd-diag.fr\/wp-content\/uploads\/2022\/10\/obd-diag-description-produit-1024x341.webp 1024w, https:\/\/obd-diag.fr\/wp-content\/uploads\/2022\/10\/obd-diag-description-produit-768x256.webp 768w\" sizes=\"(max-width: 1500px) 100vw, 1500px\" \/><\/h2>\n<h2>SVCI 6154A compatible with ODIS S and ODIS E<\/h2>\n<p><strong style=\"color: #f44e3b; font-size: 18px; font-family: 'Open Sans', Roboto, Arial, Helvetica, sans-serif, SimSun;\">Advantage:<\/strong><\/p>\n<div class=\"detailmodule_html\">\n<div class=\"detail-desc-decorate-richtext\">\n<div style=\"font-family: 'Open Sans', Roboto, Arial, Helvetica, sans-serif, SimSun; font-size: 14px; font-weight: 400; letter-spacing: normal; text-align: start; white-space: normal; color: #000000; background-color: #ffffff; margin: 0px; padding: 0px; box-sizing: content-box;\" align=\"start\">\n<div style=\"font-family: 'Open Sans', Roboto, Arial, Helvetica, sans-serif, SimSun; font-size: 14px; font-weight: 400; letter-spacing: normal; text-align: start; white-space: normal; color: #000000; background-color: #ffffff; margin: 0px; padding: 0px; box-sizing: content-box;\" align=\"start\">\n<div style=\"font-family: 'Open Sans', Roboto, Arial, Helvetica, sans-serif, SimSun; font-size: 14px; font-weight: 400; letter-spacing: normal; text-align: start; white-space: normal; color: #000000; background-color: #ffffff; margin: 0px; padding: 0px; box-sizing: content-box;\" align=\"start\">\n<div style=\"font-family: 'Open Sans', Roboto, Arial, Helvetica, sans-serif, SimSun; font-size: 14px; font-weight: 400; letter-spacing: normal; text-align: start; white-space: normal; color: #000000; background-color: #ffffff; margin: 0px; padding: 0px; box-sizing: content-box;\" align=\"start\"><span style=\"background-color: rgba(255,255,255,255); font-size: 16px;\">1: <a href=\"https:\/\/obd-diag.fr\/en\/product\/outil-de-diagnostic-automobile-professionnel-obdii-svci-2020-version-deverrouillee-mise-a-jour-svci-2019-2018-v2015-j2354-sans-limite\/\">SVCI<\/a> 6154A peut t\u00e9l\u00e9charger son gestionnaire de p\u00e9riph\u00e9riques \u00e0 partir du site web de l&#8217;usine, pas de logiciel.<br \/>\n2, il peut utiliser la version originale de l&#8217;ing\u00e9nieur <a href=\"https:\/\/obd-diag.fr\/en\/product\/odis-service-5-1-6\/\">ODIS<\/a> Or <a href=\"https:\/\/obd-diag.fr\/en\/product\/odis-service-5-1-6\/\">ODIS<\/a>, ou le logiciel du logiciel.<br \/>\n<\/span><\/div>\n<div style=\"font-family: 'Open Sans', Roboto, Arial, Helvetica, sans-serif, SimSun; font-size: 14px; font-weight: 400; letter-spacing: normal; text-align: start; white-space: normal; color: #000000; background-color: #ffffff; margin: 0px; padding: 0px; box-sizing: content-box;\" align=\"start\"><span style=\"background-color: rgba(255,255,255,255); font-size: 16px;\">3, it just works with original driver, does not work vxmanager<br \/>\n<\/span><\/div>\n<\/div>\n<\/div>\n<\/div>\n<div style=\"font-family: 'Open Sans', Roboto, Arial, Helvetica, sans-serif, SimSun; font-size: 14px; font-weight: 400; letter-spacing: normal; text-align: start; white-space: normal; color: #000000; background-color: #ffffff; margin: 0px; padding: 0px; box-sizing: content-box;\" align=\"start\"><span style=\"background-color: rgba(255,255,255,255); font-size: 16px;\">4, it can change a time device serial number<\/span><span style=\"font-size: 20px;\"><br \/>\n<\/span><\/div>\n<div style=\"font-family: 'Open Sans', Roboto, Arial, Helvetica, sans-serif, SimSun; font-size: 14px; font-weight: 400; letter-spacing: normal; text-align: start; white-space: normal; color: #000000; background-color: #ffffff; margin: 0px; padding: 0px; box-sizing: content-box;\" align=\"start\"><\/div>\n<div style=\"font-family: 'Open Sans', Roboto, Arial, Helvetica, sans-serif, SimSun; font-size: 14px; font-weight: 400; letter-spacing: normal; text-align: start; white-space: normal; color: #000000; background-color: #ffffff; margin: 0px; padding: 0px; box-sizing: content-box;\" align=\"start\"><span style=\"background-color: rgba(255,255,255,255); color: rgba(244,78,59,255); font-size: 18px; font-family: default;\"><strong>Description de la <a href=\"https:\/\/obd-diag.fr\/en\/product\/outil-de-diagnostic-automobile-professionnel-obdii-svci-2020-version-deverrouillee-mise-a-jour-svci-2019-2018-v2015-j2354-sans-limite\/\">SVCI<\/a> 6154A :<\/strong><\/span><\/div>\n<div style=\"font-family: 'Open Sans', Roboto, Arial, Helvetica, sans-serif, SimSun; font-size: 14px; font-weight: 400; letter-spacing: normal; text-align: start; white-space: normal; color: #222222; background-color: #ffffff; margin: 0px; padding: 0px; box-sizing: content-box;\" align=\"start\"><span style=\"font-size: 16px; font-family: default;\">6154 est la derni\u00e8re <a href=\"https:\/\/obd-diag.fr\/en\/product\/elm327-lecteur-de-code-obd2-wifi-v1-5-scanner-dianotique-automatique-pour-android-pc-ios-tous-les-protocoles-elm-327-1-5-2-1-bt-4-0\/\">diagnostic interface<\/a> et de programmation compl\u00e8te du syst\u00e8me, qui peut lire et effacer le code, le flux de donn\u00e9es dynamique, la programmation, le codage et les param\u00e8tres personnalis\u00e9s, y compris les syst\u00e8mes d&#8217;information de maintenance, les s\u00e9ances d&#8217;information techniques, sch\u00e9mas de circuits, dessins de composants, directives de diagnostic, etc.<\/span><\/div>\n<div style=\"font-family: 'Open Sans', Roboto, Arial, Helvetica, sans-serif, SimSun; font-size: 14px; font-weight: 400; letter-spacing: normal; text-align: start; white-space: normal; color: #222222; background-color: #ffffff; margin: 0px; padding: 0px; box-sizing: content-box;\" align=\"start\"><span style=\"color: rgba(244,78,59,255); font-size: 18px; font-family: default;\"><span style=\"color: rgba(244,78,59,255); font-size: 20px;\"><strong>Software:<\/strong><\/span><\/span><\/div>\n<ul>\n<li style=\"font-family: 'Open Sans', Roboto, Arial, Helvetica, sans-serif, SimSun; font-size: 14px; font-weight: 400; letter-spacing: normal; line-height: inherit; text-align: start; white-space: normal; color: #222222; background-color: #ffffff; box-sizing: border-box;\"><span style=\"font-size: 16px; font-family: verdana, geneva, sans-serif;\"><a href=\"https:\/\/obd-diag.fr\/en\/product\/odis-service-5-1-6\/\">ODIS Service<\/a> V9.1.0\/V7.2.1<\/span><\/li>\n<li style=\"font-family: 'Open Sans', Roboto, Arial, Helvetica, sans-serif, SimSun; font-size: 14px; font-weight: 400; letter-spacing: normal; line-height: inherit; text-align: start; white-space: normal; color: #222222; background-color: #ffffff; box-sizing: border-box;\"><span style=\"font-size: 16px; font-family: verdana, geneva, sans-serif;\"><a href=\"https:\/\/obd-diag.fr\/en\/product\/odis-service-5-1-6\/\">ODIS<\/a> Ing\u00e9nierie V12.1.1<\/span><\/li>\n<li style=\"font-family: 'Open Sans', Roboto, Arial, Helvetica, sans-serif, SimSun; font-size: 14px; font-weight: 400; letter-spacing: normal; line-height: inherit; text-align: start; white-space: normal; color: #222222; background-color: #ffffff; box-sizing: border-box;\"><span style=\"font-size: 16px; font-family: verdana, geneva, sans-serif;\"><a href=\"https:\/\/obd-diag.fr\/en\/product\/elsawin-6-0-virtualbox\/\">ELSAWIN<\/a> V6.0<\/span><\/li>\n<\/ul>\n<p style=\"font-family: 'Open Sans', Roboto, Arial, Helvetica, sans-serif, SimSun; font-size: 14px; font-weight: 400; letter-spacing: normal; line-height: inherit; text-align: start; white-space: normal; color: #222222; background-color: #ffffff; margin: 0px; padding: 0px; box-sizing: border-box;\" align=\"start\"><span style=\"font-size: 16px; font-family: verdana, geneva, sans-serif;\">(Contact me for SW download links after receiving the package)<\/span><\/p>\n<p style=\"font-family: 'Open Sans', Roboto, Arial, Helvetica, sans-serif, SimSun; font-size: 14px; font-weight: 400; letter-spacing: normal; line-height: inherit; text-align: start; white-space: normal; color: #222222; background-color: #ffffff; margin: 0px; padding: 0px; box-sizing: border-box;\" align=\"start\"><span style=\"background-color: rgba(255,255,255,255); color: rgba(244,78,59,255); font-size: 18px; font-family: default;\"><strong>Functions:<\/strong><\/span><\/p>\n<ul>\n<li style=\"font-family: 'Open Sans', Roboto, Arial, Helvetica, sans-serif, SimSun; font-size: 14px; font-weight: 400; letter-spacing: normal; text-align: start; white-space: normal; color: #222222; background-color: #ffffff; box-sizing: content-box;\"><span style=\"font-size: 16px; font-family: default;\">Les temps restants estim\u00e9s sont indiqu\u00e9s pour les op\u00e9rations \u00e9clair en <a href=\"https:\/\/obd-diag.fr\/en\/product\/renolink-programmateur-ecu-v1-94-v1-87-cable-de-diagnostic-obd2-interface-pour-renault-dacia-codage-de-cle-airbag-reno-link-1-87\/\">ECU<\/a>.<\/span><\/li>\n<li style=\"font-family: 'Open Sans', Roboto, Arial, Helvetica, sans-serif, SimSun; font-size: 14px; font-weight: 400; letter-spacing: normal; text-align: start; white-space: normal; color: #222222; background-color: #ffffff; box-sizing: content-box;\"><span style=\"font-size: 16px; font-family: default;\">Le protocole de Diagnostic contient les interruptions des sessions GFF, les valeurs de mesure \u00e9tendues, la vue am\u00e9lior\u00e9e de communication <a href=\"https:\/\/obd-diag.fr\/en\/product\/renolink-programmateur-ecu-v1-94-v1-87-cable-de-diagnostic-obd2-interface-pour-renault-dacia-codage-de-cle-airbag-reno-link-1-87\/\">ECU<\/a>, le mat\u00e9riel de diagnostic utilis\u00e9, le type de connexion du mat\u00e9riel de diagnostic, le syst\u00e8me d&#8217;exploitation, le correctif utilis\u00e9 et les demandes d&#8217;assistance<\/span><\/li>\n<li style=\"font-family: 'Open Sans', Roboto, Arial, Helvetica, sans-serif, SimSun; font-size: 14px; font-weight: 400; letter-spacing: normal; text-align: start; white-space: normal; color: #222222; background-color: #ffffff; box-sizing: content-box;\"><span style=\"font-size: 16px; font-family: default;\">The measured value display has been improved.<\/span><\/li>\n<li style=\"font-family: 'Open Sans', Roboto, Arial, Helvetica, sans-serif, SimSun; font-size: 14px; font-weight: 400; letter-spacing: normal; text-align: start; white-space: normal; color: #222222; background-color: #ffffff; box-sizing: content-box;\"><span style=\"font-size: 16px; font-family: default;\">Documents in GFF are displayed in separate windows.<\/span><\/li>\n<li style=\"font-family: 'Open Sans', Roboto, Arial, Helvetica, sans-serif, SimSun; font-size: 14px; font-weight: 400; letter-spacing: normal; text-align: start; white-space: normal; color: #222222; background-color: #ffffff; box-sizing: content-box;\"><span style=\"font-size: 16px; font-family: default;\">A message box will be displayed at the start of the test drive mode.<\/span><\/li>\n<li style=\"font-family: 'Open Sans', Roboto, Arial, Helvetica, sans-serif, SimSun; font-size: 14px; font-weight: 400; letter-spacing: normal; text-align: start; white-space: normal; color: #222222; background-color: #ffffff; box-sizing: content-box;\"><span style=\"font-size: 16px; font-family: default;\">GFF fixes can be integrated during diagnostic sessions.<\/span><\/li>\n<li style=\"font-family: 'Open Sans', Roboto, Arial, Helvetica, sans-serif, SimSun; font-size: 14px; font-weight: 400; letter-spacing: normal; text-align: start; white-space: normal; color: #222222; background-color: #ffffff; box-sizing: content-box;\"><span style=\"font-size: 16px; font-family: default;\">Danger messages have been revised.<\/span><\/li>\n<li style=\"font-family: 'Open Sans', Roboto, Arial, Helvetica, sans-serif, SimSun; font-size: 14px; font-weight: 400; letter-spacing: normal; text-align: start; white-space: normal; color: #222222; background-color: #ffffff; box-sizing: content-box;\"><span style=\"font-size: 16px; font-family: default;\">The termination of diagnostic sessions can be interrupted.<\/span><\/li>\n<li style=\"font-family: 'Open Sans', Roboto, Arial, Helvetica, sans-serif, SimSun; font-size: 14px; font-weight: 400; letter-spacing: normal; text-align: start; white-space: normal; color: #222222; background-color: #ffffff; box-sizing: content-box;\"><span style=\"font-size: 16px; font-family: default;\">Automatic deletion of auto-save diagnostic protocols after successful transmission.<\/span><\/li>\n<li style=\"font-family: 'Open Sans', Roboto, Arial, Helvetica, sans-serif, SimSun; font-size: 14px; font-weight: 400; letter-spacing: normal; text-align: start; white-space: normal; color: #222222; background-color: #ffffff; box-sizing: content-box;\"><span style=\"font-size: 16px; font-family: default;\">La s\u00e9lection du mat\u00e9riel de diagnostic <a href=\"https:\/\/obd-diag.fr\/en\/product\/xentry-passthru-version-03-2022-telechargement\/\">PassThru<\/a> a \u00e9t\u00e9 am\u00e9lior\u00e9e.<\/span><\/li>\n<li style=\"font-family: 'Open Sans', Roboto, Arial, Helvetica, sans-serif, SimSun; font-size: 14px; font-weight: 400; letter-spacing: normal; text-align: start; white-space: normal; color: #222222; background-color: #ffffff; box-sizing: content-box;\"><span style=\"font-size: 16px; font-family: default;\">Service software update has been stabilized.<\/span><\/li>\n<\/ul>\n<div style=\"font-family: 'Open Sans', Roboto, Arial, Helvetica, sans-serif, SimSun; font-size: 14px; font-weight: 400; letter-spacing: normal; text-align: start; white-space: normal; color: #222222; background-color: #ffffff; margin: 0px; padding: 0px; box-sizing: content-box;\" align=\"start\"><img decoding=\"async\" src=\"https:\/\/ae01.alicdn.com\/kf\/S6aa5a8a1d2884d32af7d7d2587565a0ad.jpg\" alt=\"\" title=\"\"><\/div>\n<div style=\"font-family: 'Open Sans', Roboto, Arial, Helvetica, sans-serif, SimSun; font-size: 14px; font-weight: 400; letter-spacing: normal; text-align: start; white-space: normal; color: #222222; background-color: #ffffff; margin: 0px; padding: 0px; box-sizing: content-box;\" align=\"start\"><img decoding=\"async\" src=\"https:\/\/ae01.alicdn.com\/kf\/Sc11e88c6474745b8abe5af814f4af8deG.jpg\" alt=\"\" title=\"\"><img decoding=\"async\" src=\"https:\/\/ae01.alicdn.com\/kf\/Sbc99fc87f9ea470cb550b1d27c0d019dP.jpg\" alt=\"\" title=\"\"><img decoding=\"async\" src=\"https:\/\/ae01.alicdn.com\/kf\/S20d9c1d34d5a4ee2ba171a58fc4b8c89Y.jpg\" alt=\"\" title=\"\"><img decoding=\"async\" src=\"https:\/\/ae01.alicdn.com\/kf\/S5717a0dedd1244958ba7eadb3b9e7d9bL.jpg\" alt=\"\" title=\"\"><\/div>\n<p><img decoding=\"async\" src=\"https:\/\/ae01.alicdn.com\/kf\/S350295b19b20409bb742ae1f2ce56a1dI.jpg\" alt=\"\" title=\"\"><img decoding=\"async\" src=\"https:\/\/ae01.alicdn.com\/kf\/S3339479773764c6885ad9ad2ba503176N.jpg\" alt=\"\" title=\"\"><img decoding=\"async\" src=\"https:\/\/ae01.alicdn.com\/kf\/Sa93e956e41c64f209c5e4b13eb17a462o.jpg\" alt=\"\" title=\"\"><\/p>\n<ul class=\"product-specs-list util-clearfix\">\n<li class=\"product-prop line-limit-length\"><span class=\"property-title\">Brand name:\u00a0<\/span><span class=\"property-desc line-limit-length\"><a href=\"https:\/\/obd-diag.fr\/en\/home\/\">OBD-DIAG<\/a><\/span><\/li>\n<li class=\"product-prop line-limit-length\"><span class=\"property-title\">Origin:\u00a0<\/span><span class=\"property-desc line-limit-length\">CN(Origin)<\/span><\/li>\n<li class=\"product-prop line-limit-length\"><span class=\"property-title\">External Testing Certification:\u00a0<\/span><span class=\"property-desc line-limit-length\">This<\/span><\/li>\n<li class=\"product-prop line-limit-length\"><span class=\"property-title\">Hardware version:\u00a0<\/span><span class=\"property-desc line-limit-length\"><a href=\"https:\/\/obd-diag.fr\/en\/product\/outil-de-diagnostic-automobile-professionnel-obdii-svci-2020-version-deverrouillee-mise-a-jour-svci-2019-2018-v2015-j2354-sans-limite\/\">SVCI<\/a> 6154A<\/span><\/li>\n<li class=\"product-prop line-limit-length\"><span class=\"property-title\">Special Features:\u00a0<\/span><span class=\"property-desc line-limit-length\">Wireless<\/span><\/li>\n<li class=\"product-prop line-limit-length\"><span class=\"property-title\">Software version:\u00a0<\/span><span class=\"property-desc line-limit-length\">V9.01\/7.2.1<\/span><\/li>\n<li class=\"product-prop line-limit-length\"><span class=\"property-title\">Model Name:\u00a0<\/span><span class=\"property-desc line-limit-length\"><a href=\"https:\/\/obd-diag.fr\/en\/product\/outil-de-diagnostic-automobile-professionnel-obdii-svci-2020-version-deverrouillee-mise-a-jour-svci-2019-2018-v2015-j2354-sans-limite\/\">SVCI<\/a> 6154A<\/span><\/li>\n<li class=\"product-prop line-limit-length\"><span class=\"property-title\">Item Type:\u00a0<\/span><span class=\"property-desc line-limit-length\">Car diagnostic cables and connectors<\/span><\/li>\n<li class=\"product-prop line-limit-length\"><span class=\"property-title\">Tension:\u00a0<\/span><span class=\"property-desc line-limit-length\">12V<\/span><\/li>\n<li class=\"product-prop line-limit-length\"><span class=\"property-title\">Language:\u00a0<\/span><span class=\"property-desc line-limit-length\">Greek,Polish,Slovenia,Russian,Dutch,Denish,Czech,Portuguese,Norwegian,Spanish,Swedish,English,Korea,German,Italian,Japanese,Hungarian,Finnish,French,Turkish,Thai<\/span><\/li>\n<li class=\"product-prop line-limit-length\"><span class=\"property-title\">Car Year Coverage:\u00a0<\/span><span class=\"property-desc line-limit-length\">1996 to 2022<\/span><\/li>\n<li class=\"product-prop line-limit-length\"><span class=\"property-title\">Protocol:\u00a0<\/span><span class=\"property-desc line-limit-length\">DOIP\/CAN FD\/UDS\/K-line\/CAN\/KWP2000<\/span><\/li>\n<li class=\"product-prop line-limit-length\"><span class=\"property-title\">Main Function:\u00a0<\/span><span class=\"property-desc line-limit-length\">Professional Diagnostic Tool For VAG All 9 Brands<\/span><\/li>\n<\/ul>\n<\/div>\n<\/div>","protected":false},"excerpt":{"rendered":"<p><img decoding=\"async\" class=\"size-medium wp-image-392536 aligncenter\" src=\"https:\/\/obd-diag.fr\/wp-content\/uploads\/2022\/08\/badges-de-confiance-obd-diag.com_-300x83.png\" alt=\"badges-de-confiance-obd-diag.com\" width=\"300\" height=\"83\" data-wp-pid=\"392536\" \/><\/p>\n<p style=\"text-align: center;\"><img decoding=\"async\" class=\"size-full wp-image-392537 aligncenter\" src=\"https:\/\/obd-diag.fr\/wp-content\/uploads\/2022\/08\/visas-icons-paypal.png\" alt=\"visas-icons-paypal\" width=\"200\" height=\"32\" data-wp-pid=\"392537\" \/><\/p>\n<p style=\"text-align: center;\">\ud83d\udcbb Aide et assistance \u00e0 l&#8217;installation incluses via Ultraviewer\ud83d\udc68\ud83c\udffc\u200d\ud83d\udcbb! <strong><del>Au lieu de 39.99\u20ac<\/del><\/strong><\/p>","protected":false},"featured_media":395902,"comment_status":"open","ping_status":"closed","template":"","meta":{"_acf_changed":false},"pwb-brand":[],"product_brand":[],"product_cat":[293,107,268,289,106],"product_tag":[],"class_list":{"0":"post-393384","1":"product","2":"type-product","3":"status-publish","4":"has-post-thumbnail","6":"product_cat-antidemarrage-immo","7":"product_cat-valises-audi","8":"product_cat-seat","9":"product_cat-valise-obd-diagnostic","10":"product_cat-valises-volkswagen","12":"first","13":"instock","14":"sale","15":"taxable","16":"shipping-taxable","17":"purchasable","18":"product-type-variable"},"acf":[],"brands":[],"_links":{"self":[{"href":"https:\/\/obd-diag.fr\/en\/wp-json\/wp\/v2\/product\/393384","targetHints":{"allow":["GET"]}}],"collection":[{"href":"https:\/\/obd-diag.fr\/en\/wp-json\/wp\/v2\/product"}],"about":[{"href":"https:\/\/obd-diag.fr\/en\/wp-json\/wp\/v2\/types\/product"}],"replies":[{"embeddable":true,"href":"https:\/\/obd-diag.fr\/en\/wp-json\/wp\/v2\/comments?post=393384"}],"wp:featuredmedia":[{"embeddable":true,"href":"https:\/\/obd-diag.fr\/en\/wp-json\/wp\/v2\/media\/395902"}],"wp:attachment":[{"href":"https:\/\/obd-diag.fr\/en\/wp-json\/wp\/v2\/media?parent=393384"}],"wp:term":[{"taxonomy":"pwb-brand","embeddable":true,"href":"https:\/\/obd-diag.fr\/en\/wp-json\/wp\/v2\/pwb-brand?post=393384"},{"taxonomy":"product_brand","embeddable":true,"href":"https:\/\/obd-diag.fr\/en\/wp-json\/wp\/v2\/product_brand?post=393384"},{"taxonomy":"product_cat","embeddable":true,"href":"https:\/\/obd-diag.fr\/en\/wp-json\/wp\/v2\/product_cat?post=393384"},{"taxonomy":"product_tag","embeddable":true,"href":"https:\/\/obd-diag.fr\/en\/wp-json\/wp\/v2\/product_tag?post=393384"}],"curies":[{"name":"wp","href":"https:\/\/api.w.org\/{rel}","templated":true}]}}