{"id":393440,"date":"2022-11-25T01:50:21","date_gmt":"2022-11-25T01:50:21","guid":{"rendered":"https:\/\/obd-diag.fr\/produit\/autel-km100-programmeur-de-cle-v200-generateur-de-cle-universel-mise-a-jour-gratuite-duree-de-vie-pk-im508-im608-immo\/"},"modified":"2025-05-11T09:36:16","modified_gmt":"2025-05-11T09:36:16","slug":"autel-km100-programmeur-de-cle-v200-generateur-de-cle-universel-mise-a-jour-gratuite-duree-de-vie-pk-im508-im608-immo","status":"publish","type":"product","link":"https:\/\/obd-diag.fr\/en\/product\/autel-km100-programmeur-de-cle-v200-generateur-de-cle-universel-mise-a-jour-gratuite-duree-de-vie-pk-im508-im608-immo\/","title":{"rendered":"Autel KM100 &#8211; Programmeur de Cl\u00e9 V200 &#8211; G\u00e9n\u00e9rateur de Cl\u00e9 Universel &#8211; Mise \u00e0 Jour Gratuite PK IM508 IM608 IMMO"},"content":{"rendered":"<h2><img fetchpriority=\"high\" decoding=\"async\" class=\"alignnone size-full wp-image-393215\" style=\"font-family: inherit; font-size: 24px; font-style: inherit; font-weight: inherit;\" src=\"https:\/\/obd-diag.fr\/wp-content\/uploads\/2022\/10\/obd-diag-description-produit.webp\" alt=\"Description du produit OBD diag interface et valise obd\" width=\"1500\" height=\"500\" data-wp-pid=\"393215\" title=\"\" srcset=\"https:\/\/obd-diag.fr\/wp-content\/uploads\/2022\/10\/obd-diag-description-produit.webp 1500w, https:\/\/obd-diag.fr\/wp-content\/uploads\/2022\/10\/obd-diag-description-produit-1000x333.webp 1000w, https:\/\/obd-diag.fr\/wp-content\/uploads\/2022\/10\/obd-diag-description-produit-1024x341.webp 1024w, https:\/\/obd-diag.fr\/wp-content\/uploads\/2022\/10\/obd-diag-description-produit-768x256.webp 768w\" sizes=\"(max-width: 1500px) 100vw, 1500px\" \/><\/h2>\n<h2>Autel KM100 Key Programmer V200 Universal Key Generator Free Update PK IM508 IM608 IMMO<\/h2>\n<div class=\"detailmodule_html\">\n<div class=\"detail-desc-decorate-richtext\">\n<div class=\"detailmodule_image\"><img decoding=\"async\" class=\"detail-desc-decorate-image\" src=\"https:\/\/ae01.alicdn.com\/kf\/S9ab12b7347784514a165b3ca8bcb3414p.jpg\" width=\"944\" height=\"708\" alt=\"\" title=\"\"><\/div>\n<div class=\"detailmodule_image\"><img decoding=\"async\" class=\"detail-desc-decorate-image\" src=\"https:\/\/ae01.alicdn.com\/kf\/S4d86c0275b2445b4979df3ea3029deafx.jpg\" width=\"944\" height=\"709\" alt=\"\" title=\"\"><\/div>\n<div class=\"detailmodule_text\">\n<p class=\"detail-desc-decorate-title\" style=\"font-family: OpenSans; font-size: 20px; font-weight: 900; line-height: 28px; white-space: pre-wrap; color: #000000; margin-bottom: 12px;\">Autel KM100 <a href=\"https:\/\/obd-diag.fr\/en\/product\/programmeur-de-cle-automobile-professionnel-v22-9-anglais-et-espagnol-prend-en-charge-plusieurs-cles-de-voiture-transpondeur-de-voiture-t-300\/\">programmeur de cl\u00e9<\/a> V200 g\u00e9n\u00e9rateur de cl\u00e9 universel mise \u00e0 jour gratuite dur\u00e9e de vie PK IM508 IM608 IMMO<\/p>\n<p class=\"detail-desc-decorate-content\" style=\"font-family: OpenSans; font-size: 14px; font-weight: 300; line-height: 20px; white-space: pre-wrap; color: #000000; margin-bottom: 12px;\">Sp\u00e9cialis\u00e9 dans la programmation de porte-cl\u00e9s automobile depuis des ann\u00e9es, 2022 plus r\u00e9cent <a href=\"https:\/\/obd-diag.fr\/en\/product\/programmeur-de-cle-automobile-professionnel-v22-9-anglais-et-espagnol-prend-en-charge-plusieurs-cles-de-voiture-transpondeur-de-voiture-t-300\/\">programmeur de cl\u00e9<\/a> Autel MaxiIM KM100, ce 5.5 pouce, \u00e9cran tactile Android avec Bluetooth VCI peut programmer la touche Autel I ~ comme un remplacement intelligent key pour 700 + v\u00e9hicules et offre un apprentissage des cl\u00e9s IMMO via OBD sur 90% v\u00e9hicules, y compris pour BMW, pour Volkswagen, pour Toyota, Pour Honda, et pour General Motors. Fonctionnalit\u00e9s innovantes suppl\u00e9mentaires telles que le renouvellement des cl\u00e9s et l&#8217;\u00e9dition du transpondeur de 20 protocoles pris en charge.<\/p>\n<\/div>\n<div class=\"detailmodule_image\"><img loading=\"lazy\" decoding=\"async\" class=\"detail-desc-decorate-image\" style=\"margin-bottom: 10px;\" src=\"https:\/\/ae01.alicdn.com\/kf\/Sdf8870c55fb64e329a406b763b7b6b3bx.jpg\" width=\"944\" height=\"708\" alt=\"\" title=\"\"><\/div>\n<div class=\"detailmodule_text\">\n<p class=\"detail-desc-decorate-title\" style=\"font-family: OpenSans; font-size: 20px; font-weight: 900; line-height: 28px; white-space: pre-wrap; color: #000000; margin-bottom: 12px;\">60s universal key generation<\/p>\n<p class=\"detail-desc-decorate-content\" style=\"font-family: OpenSans; font-size: 14px; font-weight: 300; line-height: 20px; white-space: pre-wrap; color: #000000; margin-bottom: 12px;\">As shown in the two images above, we can see that compared to others, Autel 2022 KM100 Key Fob Programming Tool has greatly simplified the key generation process for a better user experience. Only 1 Min, 4 steps, speed up from 50%, you can generate I~ key, helping you save more time and win more business.<\/p>\n<p>What&#039;s more important, this Autel KM100 car key immobilizer tool supports one tap to IMMO function just after key generation, while competitors need you return to the main screen again, and then manually select menu to perform IMMO function, which is undoubtedly the most annoying thing for a locksmith!<\/p>\n<p>Finally, our KM100 key scanner comes with 2 free universal smart blank keys in the package which support generating a wide range of universal keys with reliable quality to meet different customer needs. Autel I~KEY supports 37 appearance types (continuously increasing with updates), and is compatible with low frequency (315M\/433M) and high frequency (868M\/915M) two types.<\/p>\n<\/div>\n<div class=\"detailmodule_text\">\n<p class=\"detail-desc-decorate-title\" style=\"font-family: OpenSans; font-size: 20px; font-weight: 900; line-height: 28px; white-space: pre-wrap; color: #000000; margin-bottom: 12px;\">How to do key generation via Autel KM100?<\/p>\n<ul>\n<li class=\"detail-desc-decorate-content\" style=\"font-family: OpenSans; font-size: 14px; font-weight: 300; line-height: 20px; white-space: pre-wrap; color: #000000;\">Automatically scan VIN code to get vehicle information<\/li>\n<li class=\"detail-desc-decorate-content\" style=\"font-family: OpenSans; font-size: 14px; font-weight: 300; line-height: 20px; white-space: pre-wrap; color: #000000;\">Obtain model information by scanning the VIN barcode on the nameplate<\/li>\n<li class=\"detail-desc-decorate-content\" style=\"font-family: OpenSans; font-size: 14px; font-weight: 300; line-height: 20px; white-space: pre-wrap; color: #000000;\">Scan the license plate number to confirm the model, if you can&#039;t scan it, you need to enter it manually<\/li>\n<li class=\"detail-desc-decorate-content\" style=\"font-family: OpenSans; font-size: 14px; font-weight: 300; line-height: 20px; white-space: pre-wrap; color: #000000;\">PLC V200 Bluetooth senses the car, after generating the remote control, you can directly select the immo function to match the key, without needing to push the main interface to select the IMMO function, and then select the model again.<\/li>\n<\/ul>\n<\/div>\n<div class=\"detailmodule_image\"><img loading=\"lazy\" decoding=\"async\" class=\"detail-desc-decorate-image\" src=\"https:\/\/ae01.alicdn.com\/kf\/S987b35e1613d4c4eacdd936221f23a77q.jpg\" width=\"944\" height=\"707\" alt=\"\" title=\"\"><\/div>\n<div class=\"detailmodule_text\">\n<p class=\"detail-desc-decorate-title\" style=\"font-family: OpenSans; font-size: 20px; font-weight: 900; line-height: 28px; white-space: pre-wrap; color: #000000; margin-bottom: 12px;\">Key fob programming and IMMO learning<\/p>\n<p class=\"detail-desc-decorate-content\" style=\"font-family: OpenSans; font-size: 14px; font-weight: 300; line-height: 20px; white-space: pre-wrap; color: #000000; margin-bottom: 12px;\">Generation 60s Autel Universal ke-y, speed of 50%, Compatible with dual band (315M\/433M) and (868M\/915M);<\/p>\n<p>Program Autel I~KEY Universal Key as a smart key replacement for 700+ vehicles;<\/p>\n<p>Learning IMMO keys via OBD on 90% vehicles, for BMW, for Volkswagen, for Toyota, for Honda, for General Motors, etc.<\/p>\n<p>Chip read\/write\/clone of 20 protocols supported:<\/p>\n<p>Generation\/Simulation\/Conversion of transponders between ID63 and ID83.<br \/>\nFrequency detection.<br \/>\n10 + special functions.<\/p>\n<\/div>\n<div class=\"detailmodule_image\"><img loading=\"lazy\" decoding=\"async\" class=\"detail-desc-decorate-image\" src=\"https:\/\/ae01.alicdn.com\/kf\/Sc7e84d1cf095420ab00bc449db3f44ccC.jpg\" width=\"944\" height=\"708\" alt=\"\" title=\"\"><\/div>\n<div class=\"detailmodule_text\">\n<p class=\"detail-desc-decorate-title\" style=\"font-family: OpenSans; font-size: 20px; font-weight: 900; line-height: 28px; white-space: pre-wrap; color: #000000; margin-bottom: 12px;\">4 Quick Car Identification Methods<\/p>\n<p class=\"detail-desc-decorate-content\" style=\"font-family: OpenSans; font-size: 14px; font-weight: 300; line-height: 20px; white-space: pre-wrap; color: #000000; margin-bottom: 12px;\">Auto VIN, manual VIN entry, auto selection, manual selection.<\/p>\n<\/div>\n<div class=\"detailmodule_image\"><img loading=\"lazy\" decoding=\"async\" class=\"detail-desc-decorate-image\" src=\"https:\/\/ae01.alicdn.com\/kf\/Sfff50bbb731342168635ef2c5dcf9d54i.jpg\" width=\"944\" height=\"708\" alt=\"\" title=\"\"><\/div>\n<div class=\"detailmodule_text\">\n<p class=\"detail-desc-decorate-title\" style=\"font-family: OpenSans; font-size: 20px; font-weight: 900; line-height: 28px; white-space: pre-wrap; color: #000000; margin-bottom: 12px;\">Professional and comprehensive learning of IMMO keys Via OBD on 99% vehicles, meet all your needs!<\/p>\n<p>The IMMO application requires a data link with the IMMO electronic control system of the test vehicle for diagnostics via OBDII connection. The app retrieves the vehicle&#039;s IMMO information and performs IMMO related functions. For example:<\/p>\n<ol>\n<li class=\"detail-desc-decorate-content\" style=\"font-family: OpenSans; font-size: 14px; font-weight: 300; line-height: 20px; white-space: pre-wrap; color: #000000;\">Read pin;<\/li>\n<li class=\"detail-desc-decorate-content\" style=\"font-family: OpenSans; font-size: 14px; font-weight: 300; line-height: 20px; white-space: pre-wrap; color: #000000;\">Key learning;<\/li>\n<li class=\"detail-desc-decorate-content\" style=\"font-family: OpenSans; font-size: 14px; font-weight: 300; line-height: 20px; white-space: pre-wrap; color: #000000;\">Distance learning;<\/li>\n<li class=\"detail-desc-decorate-content\" style=\"font-family: OpenSans; font-size: 14px; font-weight: 300; line-height: 20px; white-space: pre-wrap; color: #000000;\">Remote control add;<\/li>\n<li class=\"detail-desc-decorate-content\" style=\"font-family: OpenSans; font-size: 14px; font-weight: 300; line-height: 20px; white-space: pre-wrap; color: #000000;\">All-key-lost;<\/li>\n<li class=\"detail-desc-decorate-content\" style=\"font-family: OpenSans; font-size: 14px; font-weight: 300; line-height: 20px; white-space: pre-wrap; color: #000000;\">Backup\/restore IMMO data;<\/li>\n<li class=\"detail-desc-decorate-content\" style=\"font-family: OpenSans; font-size: 14px; font-weight: 300; line-height: 20px; white-space: pre-wrap; color: #000000;\">IMMO ECU Reset\/Adaptation\/Refresh\/Coding;<\/li>\n<li class=\"detail-desc-decorate-content\" style=\"font-family: OpenSans; font-size: 14px; font-weight: 300; line-height: 20px; white-space: pre-wrap; color: #000000;\">And more\u2026Note:1. Industry leading coverage of IMMO learning via OBD for more than 90% models, including for BMW, for Volkswagen, for Toyota, for Honda, for General Motors, etc.<br \/>\n2. Welcome to send us your car VIN # to help you check compatibility first.<\/li>\n<\/ol>\n<\/div>\n<div class=\"detailmodule_image\"><img loading=\"lazy\" decoding=\"async\" class=\"detail-desc-decorate-image\" src=\"https:\/\/ae01.alicdn.com\/kf\/Sa1c8c98afe514b3f8a6897731358a72f1.jpg\" width=\"944\" height=\"508\" alt=\"\" title=\"\"><\/div>\n<div class=\"detailmodule_text\">\n<p class=\"detail-desc-decorate-title\" style=\"font-family: OpenSans; font-size: 20px; font-weight: 900; line-height: 28px; white-space: pre-wrap; color: #000000; margin-bottom: 12px;\">7 OBD and special functions, All-in-one tool solutions for auto keys!<\/p>\n<ul>\n<li class=\"detail-desc-decorate-content\" style=\"font-family: OpenSans; font-size: 14px; font-weight: 300; line-height: 20px; white-space: pre-wrap; color: #000000;\">Besides professional features like universal ke-y generation, IMMO full key learning, 2022 Autel MaxiIM KM100 also supports 10+ hot and special functions:<\/li>\n<li class=\"detail-desc-decorate-content\" style=\"font-family: OpenSans; font-size: 14px; font-weight: 300; line-height: 20px; white-space: pre-wrap; color: #000000;\">1. IMMO data processing: Load information about a vehicle&#039;s IMMO ECU to calculate a password and other IMMO information, which will be written into the vehicle&#039;s transponder, the processed transponder can be used to start the vehicle, in other words, you now have an additional ke-y available.<\/li>\n<li class=\"detail-desc-decorate-content\" style=\"font-family: OpenSans; font-size: 14px; font-weight: 300; line-height: 20px; white-space: pre-wrap; color: #000000;\">2. Key Unlock (Ke-y Renew): Allows you to renew a used smart key to unlock a new car, which is achieved by renewing the firmware of the used smart key via cable connection, work on 36 vehicle brands .<\/li>\n<li class=\"detail-desc-decorate-content\" style=\"font-family: OpenSans; font-size: 14px; font-weight: 300; line-height: 20px; white-space: pre-wrap; color: #000000;\">3. Toyota Smart Unlock: With this function, you can unlock other Toyota models with your Toyota Smart key. Original Toyota 4D 40\/80-bit and 8A 128-bit smart chips unlocking are supported.<\/li>\n<li class=\"detail-desc-decorate-content\" style=\"font-family: OpenSans; font-size: 14px; font-weight: 300; line-height: 20px; white-space: pre-wrap; color: #000000;\">4. Button setting: Assign the button functions of the Autel universal key.<\/li>\n<li class=\"detail-desc-decorate-content\" style=\"font-family: OpenSans; font-size: 14px; font-weight: 300; line-height: 20px; white-space: pre-wrap; color: #000000;\">5. Universal key information detection: Specially designed to read Autel universal key information, including serial number, key ID and IMMO version, etc.<\/li>\n<li class=\"detail-desc-decorate-content\" style=\"font-family: OpenSans; font-size: 14px; font-weight: 300; line-height: 20px; white-space: pre-wrap; color: #000000;\">6. Ignition Coil Detection: Enables the key tool to collect the data of IMMO protocol and vehicle transponder type, while old Autel IM508\/ IM608 models cannot support these special functions .<br \/>\nAnd more useful functions are waiting for you to unlock!<\/li>\n<\/ul>\n<\/div>\n<div class=\"detailmodule_image\"><img loading=\"lazy\" decoding=\"async\" class=\"detail-desc-decorate-image\" src=\"https:\/\/ae01.alicdn.com\/kf\/S7bbcd64e019c440993b869f00c20ebc3I.jpg\" width=\"944\" height=\"708\" alt=\"\" title=\"\"><\/div>\n<div class=\"detailmodule_text\">\n<p class=\"detail-desc-decorate-title\" style=\"font-family: OpenSans; font-size: 20px; font-weight: 900; line-height: 28px; white-space: pre-wrap; color: #000000; margin-bottom: 12px;\">Extended transponder functions<\/p>\n<ul>\n<li class=\"detail-desc-decorate-content\" style=\"font-family: OpenSans; font-size: 14px; font-weight: 300; line-height: 20px; white-space: pre-wrap; color: #000000;\">1. Transponder Reading: Access some basic key information, including chip type, IMMO type, transponder ID, lock status and code mode.<\/li>\n<li class=\"detail-desc-decorate-content\" style=\"font-family: OpenSans; font-size: 14px; font-weight: 300; line-height: 20px; white-space: pre-wrap; color: #000000;\">2. Transponder Cloning: Detect the transponder and vehicle information to decrypt a code that will be used to directly clone and generate a working transponder for your vehicle. The whole process avoids the difficulty of using the old OBD approach.<\/li>\n<li class=\"detail-desc-decorate-content\" style=\"font-family: OpenSans; font-size: 14px; font-weight: 300; line-height: 20px; white-space: pre-wrap; color: #000000;\">3. Transponder Editing: Read and edit transponder information such as its configurations and EEPROM data. Choose an IMMO type (accessible by the transponder reading function) and start editing according to your needs.<\/li>\n<li class=\"detail-desc-decorate-content\" style=\"font-family: OpenSans; font-size: 14px; font-weight: 300; line-height: 20px; white-space: pre-wrap; color: #000000;\">4. Transponder Generation: Generate a transponder suitable for different protocols or models using a blank transponder.<\/li>\n<li class=\"detail-desc-decorate-content\" style=\"font-family: OpenSans; font-size: 14px; font-weight: 300; line-height: 20px; white-space: pre-wrap; color: #000000;\">5. Transponder Simulation: Used to simulate the KM100 as a transponder using a variety of IMMO protocols. This feature is especially useful when your vehicle needs an emergency start or something else.<\/li>\n<li class=\"detail-desc-decorate-content\" style=\"font-family: OpenSans; font-size: 14px; font-weight: 300; line-height: 20px; white-space: pre-wrap; color: #000000;\">6.Conversion between Ford ID63 and ID83: Specially designed for conversion between two types of Ford transponder - ID63 and ID83. Please note: The KM100 supports different types of transponders for cloning and editing. Choose the corresponding cloning procedure according to your transponder identification (ID) number.<\/li>\n<\/ul>\n<\/div>\n<div class=\"detailmodule_image\"><img loading=\"lazy\" decoding=\"async\" class=\"detail-desc-decorate-image\" src=\"https:\/\/ae01.alicdn.com\/kf\/Sa25455a9a38342dc99109b8339f3f743x.jpg\" width=\"944\" height=\"508\" alt=\"\" title=\"\"><\/div>\n<div class=\"detailmodule_text\">\n<p class=\"detail-desc-decorate-title\" style=\"font-family: OpenSans; font-size: 20px; font-weight: 900; line-height: 28px; white-space: pre-wrap; color: #000000; margin-bottom: 12px;\">2pcs Smart Key Blank with OE Level Stable Quality<\/p>\n<ul>\n<li class=\"detail-desc-decorate-content\" style=\"font-family: OpenSans; font-size: 14px; font-weight: 300; line-height: 20px; white-space: pre-wrap; color: #000000;\">1. Stable OE Level Quality: Autel KM100 comes with 2pcs free universal smart blank keys in the package which can generate a wide range of universal keys with reliable quality to meet different customer needs.<\/li>\n<li class=\"detail-desc-decorate-content\" style=\"font-family: OpenSans; font-size: 14px; font-weight: 300; line-height: 20px; white-space: pre-wrap; color: #000000;\">2. Dual-band: supports 8 Autel IKEY series and 37 appearance types (continuously increasing with frequent updates), and is compatible with low frequency (315M\/433M) and high frequency (868M\/ 915M) two types.<\/li>\n<\/ul>\n<\/div>\n<div class=\"detailmodule_image\"><img loading=\"lazy\" decoding=\"async\" class=\"detail-desc-decorate-image\" src=\"https:\/\/ae01.alicdn.com\/kf\/Sefaf910a76f04453b64d1c5871c6b50fc.jpg\" width=\"944\" height=\"708\" alt=\"\" title=\"\"><\/div>\n<div class=\"detailmodule_text\">\n<p class=\"detail-desc-decorate-title\" style=\"font-family: OpenSans; font-size: 20px; font-weight: 900; line-height: 28px; white-space: pre-wrap; color: #000000; margin-bottom: 12px;\">Specification<\/p>\n<ul>\n<li class=\"detail-desc-decorate-content\" style=\"font-family: OpenSans; font-size: 14px; font-weight: 300; line-height: 20px; white-space: pre-wrap; color: #000000;\">Screen: 5.5 inch screen with 1280\u00d7720 resolution<\/li>\n<li class=\"detail-desc-decorate-content\" style=\"font-family: OpenSans; font-size: 14px; font-weight: 300; line-height: 20px; white-space: pre-wrap; color: #000000;\">Processor: Rockchip PX30 (4x ARM Cortex-A35 1.5GHz)<\/li>\n<li class=\"detail-desc-decorate-content\" style=\"font-family: OpenSans; font-size: 14px; font-weight: 300; line-height: 20px; white-space: pre-wrap; color: #000000;\">Operating system: Android TM9.0<\/li>\n<li class=\"detail-desc-decorate-content\" style=\"font-family: OpenSans; font-size: 14px; font-weight: 300; line-height: 20px; white-space: pre-wrap; color: #000000;\">Memory: 2GB RAM\/64GB onboard memory<\/li>\n<li class=\"detail-desc-decorate-content\" style=\"font-family: OpenSans; font-size: 14px; font-weight: 300; line-height: 20px; white-space: pre-wrap; color: #000000;\">Camera: 8 megapixels<\/li>\n<li class=\"detail-desc-decorate-content\" style=\"font-family: OpenSans; font-size: 14px; font-weight: 300; line-height: 20px; white-space: pre-wrap; color: #000000;\">Connection: Wi-Fi, Bluetooth 5.0, USB 2.0 type C<\/li>\n<li class=\"detail-desc-decorate-content\" style=\"font-family: OpenSans; font-size: 14px; font-weight: 300; line-height: 20px; white-space: pre-wrap; color: #000000;\">Battery: 4950mAh lithium polymer battery<\/li>\n<li class=\"detail-desc-decorate-content\" style=\"font-family: OpenSans; font-size: 14px; font-weight: 300; line-height: 20px; white-space: pre-wrap; color: #000000;\">VCI: V200<\/li>\n<li class=\"detail-desc-decorate-content\" style=\"font-family: OpenSans; font-size: 14px; font-weight: 300; line-height: 20px; white-space: pre-wrap; color: #000000;\">Input: 5V\/2A<\/li>\n<li class=\"detail-desc-decorate-content\" style=\"font-family: OpenSans; font-size: 14px; font-weight: 300; line-height: 20px; white-space: pre-wrap; color: #000000;\">Sensor: ambient light sensor<\/li>\n<li class=\"detail-desc-decorate-content\" style=\"font-family: OpenSans; font-size: 14px; font-weight: 300; line-height: 20px; white-space: pre-wrap; color: #000000;\">Microphone Audio Input\/Output: Supported<\/li>\n<li class=\"detail-desc-decorate-content\" style=\"font-family: OpenSans; font-size: 14px; font-weight: 300; line-height: 20px; white-space: pre-wrap; color: #000000;\">Speaker: supported<\/li>\n<li class=\"detail-desc-decorate-content\" style=\"font-family: OpenSans; font-size: 14px; font-weight: 300; line-height: 20px; white-space: pre-wrap; color: #000000;\">Temp\u00e9rature de fonctionnement: -10 \u00e0 <a href=\"https:\/\/obd-diag.fr\/en\/product\/autodata-v-3-45-vm\/\">45<\/a> \u00b0 c (14 \u00e0 113 \u00b0 f)<\/li>\n<li class=\"detail-desc-decorate-content\" style=\"font-family: OpenSans; font-size: 14px; font-weight: 300; line-height: 20px; white-space: pre-wrap; color: #000000;\">Storage Temperature: -20 to 60\u00b0C (-4 to 140\u00b0F)<\/li>\n<\/ul>\n<\/div>\n<div class=\"detailmodule_text\">\n<p class=\"detail-desc-decorate-title\" style=\"font-family: OpenSans; font-size: 20px; font-weight: 900; line-height: 28px; white-space: pre-wrap; color: #000000; margin-bottom: 12px;\">Package contents<\/p>\n<ul>\n<li class=\"detail-desc-decorate-content\" style=\"font-family: OpenSans; font-size: 14px; font-weight: 300; line-height: 20px; white-space: pre-wrap; color: #000000;\">1pc x KM-100 Universal Key Generator<\/li>\n<li class=\"detail-desc-decorate-content\" style=\"font-family: OpenSans; font-size: 14px; font-weight: 300; line-height: 20px; white-space: pre-wrap; color: #000000;\">1 x OBD adapter<\/li>\n<li class=\"detail-desc-decorate-content\" style=\"font-family: OpenSans; font-size: 14px; font-weight: 300; line-height: 20px; white-space: pre-wrap; color: #000000;\">2pcs x universal wrenches<\/li>\n<li class=\"detail-desc-decorate-content\" style=\"font-family: OpenSans; font-size: 14px; font-weight: 300; line-height: 20px; white-space: pre-wrap; color: #000000;\">1pc x Hard Shell Carrying Case<\/li>\n<\/ul>\n<\/div>\n<ul class=\"product-specs-list util-clearfix\">\n<li class=\"product-prop line-limit-length\"><span class=\"property-title\">Brand name:\u00a0<\/span><span class=\"property-desc line-limit-length\">Altar<\/span><\/li>\n<li class=\"product-prop line-limit-length\"><span class=\"property-title\">External Testing Certification:\u00a0<\/span><span class=\"property-desc line-limit-length\">THIS<\/span><\/li>\n<li class=\"product-prop line-limit-length\"><span class=\"property-title\">Item Length:\u00a0<\/span><span class=\"property-desc line-limit-length\">20cm<\/span><\/li>\n<li class=\"product-prop line-limit-length\"><span class=\"property-title\">Certification:\u00a0<\/span><span class=\"property-desc line-limit-length\">THIS<\/span><\/li>\n<li class=\"product-prop line-limit-length\"><span class=\"property-title\">Special Features:\u00a0<\/span><span class=\"property-desc line-limit-length\">Bluetooth, Wifi<\/span><\/li>\n<li class=\"product-prop line-limit-length\"><span class=\"property-title\">Item Width:\u00a0<\/span><span class=\"property-desc line-limit-length\">8.9cm<\/span><\/li>\n<li class=\"product-prop line-limit-length\"><span class=\"property-title\">Item Height:\u00a0<\/span><span class=\"property-desc line-limit-length\">2.2cm<\/span><\/li>\n<li class=\"product-prop line-limit-length\"><span class=\"property-title\">Item Type:\u00a0<\/span><span class=\"property-desc line-limit-length\">Auto Key Programmer<\/span><\/li>\n<li class=\"product-prop line-limit-length\"><span class=\"property-title\">Tension:\u00a0<\/span><span class=\"property-desc line-limit-length\">5V\/2A<\/span><\/li>\n<li class=\"product-prop line-limit-length\"><span class=\"property-title\">Electronic:\u00a0<\/span><span class=\"property-desc line-limit-length\">Yes<\/span><\/li>\n<\/ul>\n<\/div>\n<\/div>","protected":false},"excerpt":{"rendered":"<p><img loading=\"lazy\" decoding=\"async\" class=\"wp-image-401791 aligncenter\" src=\"https:\/\/obd-diag.fr\/wp-content\/uploads\/2024\/01\/guaranties-1.webp\" alt=\"\" width=\"444\" height=\"119\" \/><\/p>","protected":false},"featured_media":401846,"comment_status":"open","ping_status":"closed","template":"","meta":{"_acf_changed":false},"pwb-brand":[],"product_brand":[],"product_cat":[103,297],"product_tag":[],"class_list":{"0":"post-393440","1":"product","2":"type-product","3":"status-publish","4":"has-post-thumbnail","6":"product_cat-valise-multimarques","7":"product_cat-programmateur-de-cle","9":"first","10":"instock","11":"sale","12":"taxable","13":"shipping-taxable","14":"purchasable","15":"product-type-simple"},"acf":[],"brands":[],"_links":{"self":[{"href":"https:\/\/obd-diag.fr\/en\/wp-json\/wp\/v2\/product\/393440","targetHints":{"allow":["GET"]}}],"collection":[{"href":"https:\/\/obd-diag.fr\/en\/wp-json\/wp\/v2\/product"}],"about":[{"href":"https:\/\/obd-diag.fr\/en\/wp-json\/wp\/v2\/types\/product"}],"replies":[{"embeddable":true,"href":"https:\/\/obd-diag.fr\/en\/wp-json\/wp\/v2\/comments?post=393440"}],"wp:featuredmedia":[{"embeddable":true,"href":"https:\/\/obd-diag.fr\/en\/wp-json\/wp\/v2\/media\/401846"}],"wp:attachment":[{"href":"https:\/\/obd-diag.fr\/en\/wp-json\/wp\/v2\/media?parent=393440"}],"wp:term":[{"taxonomy":"pwb-brand","embeddable":true,"href":"https:\/\/obd-diag.fr\/en\/wp-json\/wp\/v2\/pwb-brand?post=393440"},{"taxonomy":"product_brand","embeddable":true,"href":"https:\/\/obd-diag.fr\/en\/wp-json\/wp\/v2\/product_brand?post=393440"},{"taxonomy":"product_cat","embeddable":true,"href":"https:\/\/obd-diag.fr\/en\/wp-json\/wp\/v2\/product_cat?post=393440"},{"taxonomy":"product_tag","embeddable":true,"href":"https:\/\/obd-diag.fr\/en\/wp-json\/wp\/v2\/product_tag?post=393440"}],"curies":[{"name":"wp","href":"https:\/\/api.w.org\/{rel}","templated":true}]}}