{"id":395652,"date":"2024-01-09T18:55:20","date_gmt":"2024-01-09T18:55:20","guid":{"rendered":"https:\/\/obd-diag.fr\/produit\/keeptrix-outil-de-reglage-automatique-de-la-puce-ecuopenport-2-0puce-complete-j2534connecteur-obd2mercedes-benzopen-port-20\/"},"modified":"2025-04-28T11:47:01","modified_gmt":"2025-04-28T11:47:01","slug":"keeptrix-outil-de-reglage-automatique-de-la-puce-ecuopenport-2-0puce-complete-j2534connecteur-obd2mercedes-benzopen-port-20","status":"publish","type":"product","link":"https:\/\/obd-diag.fr\/en\/product\/keeptrix-outil-de-reglage-automatique-de-la-puce-ecuopenport-2-0puce-complete-j2534connecteur-obd2mercedes-benzopen-port-20\/","title":{"rendered":"Keeptrix: Openport 2.0 &#8211; Puce J2534 Int\u00e9grale pour Mercedes-Benz"},"content":{"rendered":"<div class=\"product-specs-list-container\">\n<p>&nbsp;<\/p>\n<p><strong>D\u00e9tails techniques :\u00a0<\/strong><\/p>\n<ul class=\"product-specs-list util-clearfix\">\n<li class=\"product-prop line-limit-length\"><span class=\"property-title\">Software update:\u00a0<\/span><span class=\"property-desc line-limit-length\">Yes<\/span><\/li>\n<li class=\"product-prop line-limit-length\"><span class=\"property-title\">Software version:\u00a0<\/span><span class=\"property-desc line-limit-length\">Newly Openport 2.0<\/span><\/li>\n<li class=\"product-prop line-limit-length\"><span class=\"property-title\">Hardware version:\u00a0<\/span><span class=\"property-desc line-limit-length\">Openport 2.0<\/span><\/li>\n<li class=\"product-prop line-limit-length\"><span class=\"property-title\">Item Type:\u00a0<\/span><span class=\"property-desc line-limit-length\">Code readers and scanning tools<\/span><\/li>\n<li class=\"product-prop line-limit-length\"><span class=\"property-title\">Origin:\u00a0<\/span><span class=\"property-desc line-limit-length\">CN(Origin)<\/span><\/li>\n<li class=\"product-prop line-limit-length\"><span class=\"property-title\">Item Name:\u00a0<\/span><span class=\"property-desc line-limit-length\">OPENPROT 2.0 <a href=\"https:\/\/obd-diag.fr\/en\/product\/ista-dp-4-32-1-telechargement\/\">OBD2 Diagnostic<\/a> Wi<\/span><\/li>\n<li class=\"product-prop line-limit-length\"><span class=\"property-title\">Special Features:\u00a0<\/span><span class=\"property-desc line-limit-length\">OBD OBD2 Car Diagnostic Scanner Tool<\/span><\/li>\n<li class=\"product-prop line-limit-length\"><span class=\"property-title\">Support System:\u00a0<\/span><span class=\"property-desc line-limit-length\">Windows XP\/ Windows 7<\/span><\/li>\n<li class=\"product-prop line-limit-length\"><span class=\"property-title\">Support Car Model:\u00a0<\/span><span class=\"property-desc line-limit-length\">Support Car Model For Benz\/VW\/AUDI\/Ford\/Mazda\/JLR\/Toyota\/Mitsubishi\/Subaru<\/span><\/li>\n<li class=\"product-prop line-limit-length\"><span class=\"property-title\">Function:\u00a0<\/span><span class=\"property-desc line-limit-length\">Reflashing\/ECU Flash<\/span><\/li>\n<li class=\"product-prop line-limit-length\"><span class=\"property-title\">Shipping:\u00a0<\/span><span class=\"property-desc line-limit-length\">Fast And Within 3-5 workdays<\/span><\/li>\n<li class=\"product-prop line-limit-length\"><span class=\"property-title\">Living Test:\u00a0<\/span><span class=\"property-desc line-limit-length\">Excellance<\/span><\/li>\n<li class=\"product-prop line-limit-length\"><span class=\"property-title\">Warranty:\u00a0<\/span><span class=\"property-desc line-limit-length\">3 years<\/span><\/li>\n<\/ul>\n<\/div>\n<div id=\"ez-toc-container\" class=\"ez-toc-v2_0_73 counter-hierarchy ez-toc-counter ez-toc-grey ez-toc-container-direction\">\n<div class=\"ez-toc-title-container\">\n<p class=\"ez-toc-title\" style=\"cursor:inherit\">Summary<\/p>\n<span class=\"ez-toc-title-toggle\"><a href=\"#\" class=\"ez-toc-pull-right ez-toc-btn ez-toc-btn-xs ez-toc-btn-default ez-toc-toggle\" aria-label=\"Toggle Table of Contents\"><span class=\"ez-toc-js-icon-con\"><span class=\"\"><span class=\"eztoc-hide\" style=\"display:none;\">Toggle<\/span><span class=\"ez-toc-icon-toggle-span\"><svg style=\"fill: #999;color:#999\" xmlns=\"http:\/\/www.w3.org\/2000\/svg\" class=\"list-377408\" width=\"20px\" height=\"20px\" viewbox=\"0 0 24 24\" fill=\"none\"><path d=\"M6 6H4v2h2V6zm14 0H8v2h12V6zM4 11h2v2H4v-2zm16 0H8v2h12v-2zM4 16h2v2H4v-2zm16 0H8v2h12v-2z\" fill=\"currentColor\"><\/path><\/svg><svg style=\"fill: #999;color:#999\" class=\"arrow-unsorted-368013\" xmlns=\"http:\/\/www.w3.org\/2000\/svg\" width=\"10px\" height=\"10px\" viewbox=\"0 0 24 24\" version=\"1.2\" baseprofile=\"tiny\"><path d=\"M18.2 9.3l-6.2-6.3-6.2 6.3c-.2.2-.3.4-.3.7s.1.5.3.7c.2.2.4.3.7.3h11c.3 0 .5-.1.7-.3.2-.2.3-.5.3-.7s-.1-.5-.3-.7zM5.8 14.7l6.2 6.3 6.2-6.3c.2-.2.3-.5.3-.7s-.1-.5-.3-.7c-.2-.2-.4-.3-.7-.3h-11c-.3 0-.5.1-.7.3-.2.2-.3.5-.3.7s.1.5.3.7z\"\/><\/svg><\/span><\/span><\/span><\/a><\/span><\/div>\n<nav><ul class='ez-toc-list ez-toc-list-level-1' ><li class='ez-toc-page-1 ez-toc-heading-level-1'><a class=\"ez-toc-link ez-toc-heading-1\" href=\"https:\/\/obd-diag.fr\/en\/product\/keeptrix-outil-de-reglage-automatique-de-la-puce-ecuopenport-2-0puce-complete-j2534connecteur-obd2mercedes-benzopen-port-20\/#Keeptrix_Openport_20_%E2%80%93_Puce_J2534_Integrale_pour_Mercedes-Benz\" title=\"Keeptrix: Openport 2.0 &#8211; Puce J2534 Int\u00e9grale pour Mercedes-Benz\">Keeptrix: Openport 2.0 &#8211; Puce J2534 Int\u00e9grale pour Mercedes-Benz<\/a><ul class='ez-toc-list-level-2' ><li class='ez-toc-heading-level-2'><a class=\"ez-toc-link ez-toc-heading-2\" href=\"https:\/\/obd-diag.fr\/en\/product\/keeptrix-outil-de-reglage-automatique-de-la-puce-ecuopenport-2-0puce-complete-j2534connecteur-obd2mercedes-benzopen-port-20\/#Limportance_des_interfaces_J2534_dans_les_diagnostics_automobiles\" title=\"L&#8217;importance des interfaces J2534 dans les diagnostics automobiles\">L&#8217;importance des interfaces J2534 dans les diagnostics automobiles<\/a><\/li><li class='ez-toc-page-1 ez-toc-heading-level-2'><a class=\"ez-toc-link ez-toc-heading-3\" href=\"https:\/\/obd-diag.fr\/en\/product\/keeptrix-outil-de-reglage-automatique-de-la-puce-ecuopenport-2-0puce-complete-j2534connecteur-obd2mercedes-benzopen-port-20\/#Points_forts_de_linterface_Openport_20\" title=\"Points forts de l&#8217;interface Openport 2.0\">Points forts de l&#8217;interface Openport 2.0<\/a><\/li><li class='ez-toc-page-1 ez-toc-heading-level-2'><a class=\"ez-toc-link ez-toc-heading-4\" href=\"https:\/\/obd-diag.fr\/en\/product\/keeptrix-outil-de-reglage-automatique-de-la-puce-ecuopenport-2-0puce-complete-j2534connecteur-obd2mercedes-benzopen-port-20\/#Openport_20_et_Mercedes-Benz_une_compatibilite_optimale\" title=\"Openport 2.0 et Mercedes-Benz : une compatibilit\u00e9 optimale\">Openport 2.0 et Mercedes-Benz : une compatibilit\u00e9 optimale<\/a><\/li><li class='ez-toc-page-1 ez-toc-heading-level-2'><a class=\"ez-toc-link ez-toc-heading-5\" href=\"https:\/\/obd-diag.fr\/en\/product\/keeptrix-outil-de-reglage-automatique-de-la-puce-ecuopenport-2-0puce-complete-j2534connecteur-obd2mercedes-benzopen-port-20\/#Utilisations_principales_et_cas_dusage_de_lOpenport_20\" title=\"Utilisations principales et cas d&#8217;usage de l&#8217;Openport 2.0\">Utilisations principales et cas d&#8217;usage de l&#8217;Openport 2.0<\/a><\/li><li class='ez-toc-page-1 ez-toc-heading-level-2'><a class=\"ez-toc-link ez-toc-heading-6\" href=\"https:\/\/obd-diag.fr\/en\/product\/keeptrix-outil-de-reglage-automatique-de-la-puce-ecuopenport-2-0puce-complete-j2534connecteur-obd2mercedes-benzopen-port-20\/#Avantages_par_rapport_a_dautres_interfaces_de_diagnostic\" title=\"Avantages par rapport \u00e0 d&#8217;autres interfaces de diagnostic\">Avantages par rapport \u00e0 d&#8217;autres interfaces de diagnostic<\/a><\/li><li class='ez-toc-page-1 ez-toc-heading-level-2'><a class=\"ez-toc-link ez-toc-heading-7\" href=\"https:\/\/obd-diag.fr\/en\/product\/keeptrix-outil-de-reglage-automatique-de-la-puce-ecuopenport-2-0puce-complete-j2534connecteur-obd2mercedes-benzopen-port-20\/#Conseils_pour_lachat_et_lutilisation_de_lOpenport_20\" title=\"Conseils pour l&#8217;achat et l&#8217;utilisation de l&#8217;Openport 2.0\">Conseils pour l&#8217;achat et l&#8217;utilisation de l&#8217;Openport 2.0<\/a><\/li><li class='ez-toc-page-1 ez-toc-heading-level-2'><a class=\"ez-toc-link ez-toc-heading-8\" href=\"https:\/\/obd-diag.fr\/en\/product\/keeptrix-outil-de-reglage-automatique-de-la-puce-ecuopenport-2-0puce-complete-j2534connecteur-obd2mercedes-benzopen-port-20\/#Optimisations_futures_et_possibilites_avec_lOpenport_20\" title=\"Optimisations futures et possibilit\u00e9s avec l&#8217;Openport 2.0\">Optimisations futures et possibilit\u00e9s avec l&#8217;Openport 2.0<\/a><\/li><li class='ez-toc-page-1 ez-toc-heading-level-2'><a class=\"ez-toc-link ez-toc-heading-9\" href=\"https:\/\/obd-diag.fr\/en\/product\/keeptrix-outil-de-reglage-automatique-de-la-puce-ecuopenport-2-0puce-complete-j2534connecteur-obd2mercedes-benzopen-port-20\/#Conclusion\" title=\"Conclusion\">Conclusion<\/a><\/li><\/ul><\/li><\/ul><\/nav><\/div>\n<h1><span class=\"ez-toc-section\" id=\"Keeptrix_Openport_20_%E2%80%93_Puce_J2534_Integrale_pour_Mercedes-Benz\"><\/span>Keeptrix: Openport 2.0 &#8211; Puce J2534 Int\u00e9grale pour Mercedes-Benz<span class=\"ez-toc-section-end\"><\/span><\/h1>\n<p>D\u00e9couvrez pourquoi l\u2019<strong><a href=\"https:\/\/obd-diag.fr\/en\/product\/elm327-lecteur-de-code-obd2-wifi-v1-5-scanner-dianotique-automatique-pour-android-pc-ios-tous-les-protocoles-elm-327-1-5-2-1-bt-4-0\/\">diagnostic interface<\/a> avanc\u00e9e<\/strong> Openport 2.0 est une solution incontournable pour les propri\u00e9taires et professionnels travaillant sur les v\u00e9hicules Mercedes-Benz. Gr\u00e2ce \u00e0 sa compatibilit\u00e9 avec les standards modernes comme le <strong><a href=\"https:\/\/obd-diag.fr\/en\/product\/meilleur-mini-vci-obd2-cable-de-diagnostic-automobile-connecteur-dinterface-pour-toyota-tis-techstream-mini-vci-j2534-ftdi-ft232rl\/\">J2534<\/a><\/strong>, cet outil simplifie vos interventions et optimise vos diagnostics.<\/p>\n<h2><span class=\"ez-toc-section\" id=\"Limportance_des_interfaces_J2534_dans_les_diagnostics_automobiles\"><\/span>L&#8217;importance des interfaces J2534 dans les diagnostics automobiles<span class=\"ez-toc-section-end\"><\/span><\/h2>\n<p>Le protocole <strong><a href=\"https:\/\/obd-diag.fr\/en\/product\/meilleur-mini-vci-obd2-cable-de-diagnostic-automobile-connecteur-dinterface-pour-toyota-tis-techstream-mini-vci-j2534-ftdi-ft232rl\/\">J2534<\/a><\/strong> a transform\u00e9 les diagnostics automobiles en standardisant la communication entre les v\u00e9hicules et les logiciels de diagnostic. Initialement destin\u00e9 \u00e0 faciliter les reprogrammations de <a href=\"https:\/\/obd-diag.fr\/en\/product\/renolink-programmateur-ecu-v1-94-v1-87-cable-de-diagnostic-obd2-interface-pour-renault-dacia-codage-de-cle-airbag-reno-link-1-87\/\">ECU<\/a>, ce protocole permet d\u00e9sormais une <u>compatibilit\u00e9 \u00e9tendue<\/u> avec divers syst\u00e8mes embarqu\u00e9s.<\/p>\n<p>Gr\u00e2ce \u00e0 cette technologie, les techniciens peuvent acc\u00e9der aux donn\u00e9es des v\u00e9hicules, recalibrer des modules ou r\u00e9aliser des programmations avec une remarquable simplicit\u00e9. Parmi ses nombreux avantages :<\/p>\n<ul>\n<li><strong>Interop\u00e9rabilit\u00e9<\/strong> avec de nombreux logiciels OEM.<\/li>\n<li>Prise en charge des protocoles CAN, K-Line et plus.<\/li>\n<li>Capacit\u00e9 \u00e0 reflasher <a href=\"https:\/\/obd-diag.fr\/en\/product\/meilleur-programmateur-pcmmaster-v1-20-ecu-prenant-en-charge-67-modeles-pour-mg1-md1-edc16-edc17c60-outil-de-diagramme-de-correction-de-somme-de-controle\/\">les ECU<\/a>, rendant le diagnostic plus pr\u00e9cis.<\/li>\n<\/ul>\n<p>Les interfaces telles que l\u2019Openport 2.0 exploitent ce standard pour offrir des solutions abordables et efficaces, notamment pour les v\u00e9hicules complexes comme ceux de Mercedes-Benz.<\/p>\n<h2><span class=\"ez-toc-section\" id=\"Points_forts_de_linterface_Openport_20\"><\/span>Points forts de l&#8217;interface Openport 2.0<span class=\"ez-toc-section-end\"><\/span><\/h2>\n<p>L\u2019<strong>Openport 2.0<\/strong> est un outil puissant pour les diagnostics modernes, offrant des fonctionnalit\u00e9s uniques :<\/p>\n<ul>\n<li><u>Wide Compatibility<\/u> avec les v\u00e9hicules OBDII, notamment les Mercedes-Benz de 2003 et au-del\u00e0.<\/li>\n<li>Processeur 32 bits \u00e0 <strong>72 MHz<\/strong> pour des performances \u00e9lev\u00e9es.<\/li>\n<li>Support des protocoles CAN 2.0, ISO15765, ISO9141 et KWP2000.<\/li>\n<li>Datalogging autonome sur carte microSD.<\/li>\n<li>Mise \u00e0 jour logicielle sur le terrain pour une \u00e9volution continue.<\/li>\n<\/ul>\n<p>Son <strong>interface conviviale<\/strong> et ses fonctionnalit\u00e9s avanc\u00e9es en font un choix id\u00e9al pour les techniciens souhaitant un diagnostic efficient sans mat\u00e9riel complexe ni co\u00fbteux.<\/p>\n<h2><span class=\"ez-toc-section\" id=\"Openport_20_et_Mercedes-Benz_une_compatibilite_optimale\"><\/span>Openport 2.0 et Mercedes-Benz : une compatibilit\u00e9 optimale<span class=\"ez-toc-section-end\"><\/span><\/h2>\n<p>L&#8217;Openport 2.0 se distingue par une <u>int\u00e9gration fluide<\/u> avec les logiciels utilis\u00e9s pour les diagnostics Mercedes-Benz, tels que :<\/p>\n<ul>\n<li><strong><a href=\"https:\/\/obd-diag.fr\/en\/product\/xentry-passthru-version-03-2022-telechargement\/\">Xentry Passthru<\/a><\/strong>, pour des diagnostics approfondis et des fonctionnalit\u00e9s avanc\u00e9es.<\/li>\n<li><strong>Vediamo<\/strong> And <strong>DTS Monaco<\/strong>, pour des recalibrages et des programmations sp\u00e9cifiques.<\/li>\n<\/ul>\n<p>Cette interface permet de couvrir une large gamme de besoins, allant de la simple lecture de codes erreurs au recalibrage complexe des modules. Par ailleurs, elle est compatible avec les mod\u00e8les r\u00e9cents comme les Mercedes-Benz post-2018, qui n\u00e9cessitent des solutions fiables.<\/p>\n<h2><span class=\"ez-toc-section\" id=\"Utilisations_principales_et_cas_dusage_de_lOpenport_20\"><\/span>Utilisations principales et cas d&#8217;usage de l&#8217;Openport 2.0<span class=\"ez-toc-section-end\"><\/span><\/h2>\n<p>L\u2019Openport 2.0 excelle dans de nombreux domaines :<\/p>\n<ul>\n<li>Diagnostic pr\u00e9cis des unit\u00e9s de contr\u00f4le \u00e9lectroniques (<a href=\"https:\/\/obd-diag.fr\/en\/product\/renolink-programmateur-ecu-v1-94-v1-87-cable-de-diagnostic-obd2-interface-pour-renault-dacia-codage-de-cle-airbag-reno-link-1-87\/\">ECU<\/a>).<\/li>\n<li>Reprogrammation et mise \u00e0 jour des logiciels des modules.<\/li>\n<li>Recalibrage des capteurs et actuateurs pour garantir des performances optimales.<\/li>\n<li>Analyse des syst\u00e8mes avanc\u00e9s, tels que la gestion du moteur et de la transmission.<\/li>\n<\/ul>\n<p>Ces cas pratiques en font un outil indispensable pour les m\u00e9caniciens et les experts en \u00e9lectronique automobile.<\/p>\n<h2><span class=\"ez-toc-section\" id=\"Avantages_par_rapport_a_dautres_interfaces_de_diagnostic\"><\/span>Avantages par rapport \u00e0 d&#8217;autres interfaces de diagnostic<span class=\"ez-toc-section-end\"><\/span><\/h2>\n<p>Comparons l\u2019Openport 2.0 avec d\u2019autres interfaces :<\/p>\n<table>\n<tr>\n<th>Crit\u00e8res<\/th>\n<th>Openport 2.0<\/th>\n<th>Autres solutions <a href=\"https:\/\/obd-diag.fr\/en\/product\/meilleur-mini-vci-obd2-cable-de-diagnostic-automobile-connecteur-dinterface-pour-toyota-tis-techstream-mini-vci-j2534-ftdi-ft232rl\/\">J2534<\/a><\/th>\n<\/tr>\n<tr>\n<td>Price<\/td>\n<td>Affordable<\/td>\n<td>Co\u00fbt souvent \u00e9lev\u00e9<\/td>\n<\/tr>\n<tr>\n<td>Compatibilit\u00e9 Mercedes-Benz<\/td>\n<td>Excellent<\/td>\n<td>Variable<\/td>\n<\/tr>\n<tr>\n<td>Mises \u00e0 jour logicielles<\/td>\n<td>Faciles et r\u00e9guli\u00e8res<\/td>\n<td>Parfois limit\u00e9es<\/td>\n<\/tr>\n<\/table>\n<p>Avec sa <u>rentabilit\u00e9<\/u> et sa fiabilit\u00e9, l\u2019Openport 2.0 est une alternative avantageuse pour les professionnels et les amateurs avertis.<\/p>\n<h2><span class=\"ez-toc-section\" id=\"Conseils_pour_lachat_et_lutilisation_de_lOpenport_20\"><\/span>Conseils pour l&#8217;achat et l&#8217;utilisation de l&#8217;Openport 2.0<span class=\"ez-toc-section-end\"><\/span><\/h2>\n<p>L\u2019achat de l\u2019Openport 2.0 doit se faire aupr\u00e8s de sources fiables pour \u00e9viter les clones peu performants. Nous recommandons :<\/p>\n<ul>\n<li>De v\u00e9rifier la compatibilit\u00e9 avec vos logiciels de diagnostic.<\/li>\n<li>D\u2019acheter chez des revendeurs officiels ou des plateformes r\u00e9put\u00e9es.<\/li>\n<\/ul>\n<p>Pour obtenir une interface certifi\u00e9e, rendez-vous sur <a href=\"https:\/\/obd-diag.fr\/en\/product\/keeptrix-outil-de-reglage-automatique-de-la-puce-ecuopenport-2-0puce-complete-j2534connecteur-obd2mercedes-benzopen-port-20\/\">openport<\/a> et suivez les instructions d&#8217;installation pour une utilisation optimale.<\/p>\n<h2><span class=\"ez-toc-section\" id=\"Optimisations_futures_et_possibilites_avec_lOpenport_20\"><\/span>Optimisations futures et possibilit\u00e9s avec l&#8217;Openport 2.0<span class=\"ez-toc-section-end\"><\/span><\/h2>\n<p>L\u2019avenir de l\u2019Openport 2.0 semble prometteur gr\u00e2ce aux mises \u00e0 jour r\u00e9guli\u00e8res et aux nouvelles fonctionnalit\u00e9s pr\u00e9vues, telles que :<\/p>\n<ul>\n<li>Support accru pour les v\u00e9hicules 24V.<\/li>\n<li>Introduction de nouveaux protocoles pour une compatibilit\u00e9 renforc\u00e9e.<\/li>\n<li>Am\u00e9lioration des int\u00e9grations avec les logiciels OEM.<\/li>\n<\/ul>\n<p>Ces innovations garantiront que l\u2019Openport 2.0 reste un outil fiable et \u00e0 la pointe des technologies de diagnostic.<\/p>\n<h2><span class=\"ez-toc-section\" id=\"Conclusion\"><\/span>Conclusion<span class=\"ez-toc-section-end\"><\/span><\/h2>\n<p>L\u2019Openport 2.0 est bien plus qu\u2019une simple <a href=\"https:\/\/obd-diag.fr\/en\/product\/elm327-lecteur-de-code-obd2-wifi-v1-5-scanner-dianotique-automatique-pour-android-pc-ios-tous-les-protocoles-elm-327-1-5-2-1-bt-4-0\/\">diagnostic interface<\/a> : c\u2019est une solution compl\u00e8te pour maximiser l\u2019efficacit\u00e9 et la pr\u00e9cision des interventions sur les Mercedes-Benz. Avec ses fonctionnalit\u00e9s avanc\u00e9es, sa compatibilit\u00e9 \u00e9tendue et son co\u00fbt abordable, cet outil est un incontournable pour tout professionnel ou passionn\u00e9 de diagnostic automobile.<\/p>","protected":false},"excerpt":{"rendered":"<p><img decoding=\"async\" class=\"size-medium wp-image-392536 aligncenter\" src=\"https:\/\/obd-diag.fr\/wp-content\/uploads\/2022\/08\/badges-de-confiance-obd-diag.com_-300x83.png\" alt=\"badges-de-confiance-obd-diag.com\" width=\"300\" height=\"83\" data-wp-pid=\"392536\" \/><\/p>\n<p style=\"text-align: center;\"><img decoding=\"async\" class=\"size-full wp-image-392537 aligncenter\" src=\"https:\/\/obd-diag.fr\/wp-content\/uploads\/2022\/08\/visas-icons-paypal.png\" alt=\"visas-icons-paypal\" width=\"200\" height=\"32\" data-wp-pid=\"392537\" \/><\/p>\n<p style=\"text-align: center;\">\ud83d\udcbb Aide et assistance \u00e0 l&#8217;installation incluses via Ultraviewer\ud83d\udc68\ud83c\udffc\u200d\ud83d\udcbb! <strong><del>Au lieu de 39.99\u20ac<\/del><\/strong><\/p>\n<details class=\"product-summary-details\">\n<summary><strong>Openport Keeptrix J2534 &#8211; Outil de Diagnostic et Reprogrammation ECU<\/strong><\/summary>\n<p>THE <strong>C\u00e2ble Openport Keeptrix J2534<\/strong> est un outil de diagnostic professionnel compatible avec une large gamme de v\u00e9hicules, con\u00e7u pour la reprogrammation de l&#8217;ECU et la gestion des syst\u00e8mes \u00e9lectroniques complexes. Ce c\u00e2ble prend en charge les protocoles J2534, permettant une communication fluide avec les logiciels de diagnostic et de reprogrammation ECU.<\/p>\n<h3>Caract\u00e9ristiques principales :<\/h3>\n<ul>\n<li><strong>Reprogrammation ECU :<\/strong> Permet de reprogrammer et de flasher les unit\u00e9s de contr\u00f4le moteur (ECU) pour une large gamme de v\u00e9hicules, y compris Mercedes-Benz, BMW, Subaru, et Mitsubishi.<\/li>\n<li><strong>Support J2534 :<\/strong> Conforme aux standards J2534-1 et J2534-2, ce qui permet de l&#8217;utiliser avec de nombreux logiciels OEM pour effectuer des diagnostics avanc\u00e9s, des mises \u00e0 jour et des reprogrammations.<\/li>\n<li><strong>Compatibilit\u00e9 multi-logiciels :<\/strong> Fonctionne avec des logiciels tels que **Xentry**, **Techstream**, **EcuFlash**, **VAG ODIS**, et bien d&#8217;autres pour la gestion des diagnostics et des mises \u00e0 jour de modules.<\/li>\n<li><strong>Enregistreur de donn\u00e9es int\u00e9gr\u00e9 :<\/strong> Gr\u00e2ce \u00e0 la prise MicroSD, ce c\u00e2ble peut fonctionner comme un enregistreur de donn\u00e9es autonome, sans n\u00e9cessiter une connexion permanente \u00e0 un ordinateur.<\/li>\n<li><strong>Multi-protocoles :<\/strong> Supporte la communication via OBD-II et peut \u00eatre utilis\u00e9 pour diagnostiquer et reprogrammer diff\u00e9rents syst\u00e8mes de v\u00e9hicules, incluant la gestion moteur, les syst\u00e8mes ABS, et les unit\u00e9s de transmission.<\/li>\n<\/ul>\n<h3>Compatibility:<\/h3>\n<ul>\n<li>Compatible avec les v\u00e9hicules OBD-II et les standards J2534.<\/li>\n<li>Fonctionne avec une large gamme de v\u00e9hicules, notamment **Mercedes-Benz**, **BMW**, **Subaru**, et **Mitsubishi**.<\/li>\n<li>Supporte les logiciels OEM pour la reprogrammation et les diagnostics, y compris **EcuFlash**, **Techstream**, et **Xentry**.<\/li>\n<\/ul>\n<h3>Contenu du pack :<\/h3>\n<ul>\n<li>1x C\u00e2ble Openport Keeptrix J2534<\/li>\n<li>1x Manuel d&#8217;installation<\/li>\n<li>1x Garantie de 3 ans<\/li>\n<\/ul>\n<h3>Fonctionnalit\u00e9s suppl\u00e9mentaires :<\/h3>\n<ul>\n<li>Prise en charge des logiciels de diagnostic avanc\u00e9s, avec des mises \u00e0 jour logicielles gratuites.<\/li>\n<li>Capable de fonctionner de mani\u00e8re autonome en tant qu&#8217;enregistreur de donn\u00e9es via une carte MicroSD.<\/li>\n<\/ul>\n<\/details>","protected":false},"featured_media":395920,"comment_status":"open","ping_status":"closed","template":"","meta":{"_acf_changed":false},"pwb-brand":[],"product_brand":[],"product_cat":[266],"product_tag":[],"class_list":{"0":"post-395652","1":"product","2":"type-product","3":"status-publish","4":"has-post-thumbnail","6":"product_cat-mercedes-benz","8":"first","9":"instock","10":"sale","11":"taxable","12":"shipping-taxable","13":"purchasable","14":"product-type-variable"},"acf":[],"brands":[],"_links":{"self":[{"href":"https:\/\/obd-diag.fr\/en\/wp-json\/wp\/v2\/product\/395652","targetHints":{"allow":["GET"]}}],"collection":[{"href":"https:\/\/obd-diag.fr\/en\/wp-json\/wp\/v2\/product"}],"about":[{"href":"https:\/\/obd-diag.fr\/en\/wp-json\/wp\/v2\/types\/product"}],"replies":[{"embeddable":true,"href":"https:\/\/obd-diag.fr\/en\/wp-json\/wp\/v2\/comments?post=395652"}],"wp:featuredmedia":[{"embeddable":true,"href":"https:\/\/obd-diag.fr\/en\/wp-json\/wp\/v2\/media\/395920"}],"wp:attachment":[{"href":"https:\/\/obd-diag.fr\/en\/wp-json\/wp\/v2\/media?parent=395652"}],"wp:term":[{"taxonomy":"pwb-brand","embeddable":true,"href":"https:\/\/obd-diag.fr\/en\/wp-json\/wp\/v2\/pwb-brand?post=395652"},{"taxonomy":"product_brand","embeddable":true,"href":"https:\/\/obd-diag.fr\/en\/wp-json\/wp\/v2\/product_brand?post=395652"},{"taxonomy":"product_cat","embeddable":true,"href":"https:\/\/obd-diag.fr\/en\/wp-json\/wp\/v2\/product_cat?post=395652"},{"taxonomy":"product_tag","embeddable":true,"href":"https:\/\/obd-diag.fr\/en\/wp-json\/wp\/v2\/product_tag?post=395652"}],"curies":[{"name":"wp","href":"https:\/\/api.w.org\/{rel}","templated":true}]}}