{"id":395707,"date":"2024-01-09T19:15:06","date_gmt":"2024-01-09T19:15:06","guid":{"rendered":"https:\/\/obd-diag.fr\/produit\/logiciel-renolink-v2-09-pour-renault-obd2-cristal-de-lairbag-cle-de-licence-activation-eps-immo-dacia-pk-renolink-v2-06-1-99\/"},"modified":"2025-02-20T17:31:32","modified_gmt":"2025-02-20T17:31:32","slug":"logiciel-renolink-v2-09-pour-renault-obd2-cristal-de-lairbag-cle-de-licence-activation-eps-immo-dacia-pk-renolink-v2-06-1-99","status":"publish","type":"product","link":"https:\/\/obd-diag.fr\/en\/product\/logiciel-renolink-v2-09-pour-renault-obd2-cristal-de-lairbag-cle-de-licence-activation-eps-immo-dacia-pk-renolink-v2-06-1-99\/","title":{"rendered":"Logiciel Renolink V2.09 pour Renault, OBD2, Cristal de l&#8217;airbag, cl\u00e9 de licence, activation EPS Immo, Dacia PK Renolink V2.06 1.99"},"content":{"rendered":"<div>\n<p>&nbsp;<\/p>\n<\/div>\n<div>\n<div id=\"ez-toc-container\" class=\"ez-toc-v2_0_73 counter-hierarchy ez-toc-counter ez-toc-grey ez-toc-container-direction\">\n<div class=\"ez-toc-title-container\">\n<p class=\"ez-toc-title\" style=\"cursor:inherit\">Summary<\/p>\n<span class=\"ez-toc-title-toggle\"><a href=\"#\" class=\"ez-toc-pull-right ez-toc-btn ez-toc-btn-xs ez-toc-btn-default ez-toc-toggle\" aria-label=\"Toggle Table of Contents\"><span class=\"ez-toc-js-icon-con\"><span class=\"\"><span class=\"eztoc-hide\" style=\"display:none;\">Toggle<\/span><span class=\"ez-toc-icon-toggle-span\"><svg style=\"fill: #999;color:#999\" xmlns=\"http:\/\/www.w3.org\/2000\/svg\" class=\"list-377408\" width=\"20px\" height=\"20px\" viewbox=\"0 0 24 24\" fill=\"none\"><path d=\"M6 6H4v2h2V6zm14 0H8v2h12V6zM4 11h2v2H4v-2zm16 0H8v2h12v-2zM4 16h2v2H4v-2zm16 0H8v2h12v-2z\" fill=\"currentColor\"><\/path><\/svg><svg style=\"fill: #999;color:#999\" class=\"arrow-unsorted-368013\" xmlns=\"http:\/\/www.w3.org\/2000\/svg\" width=\"10px\" height=\"10px\" viewbox=\"0 0 24 24\" version=\"1.2\" baseprofile=\"tiny\"><path d=\"M18.2 9.3l-6.2-6.3-6.2 6.3c-.2.2-.3.4-.3.7s.1.5.3.7c.2.2.4.3.7.3h11c.3 0 .5-.1.7-.3.2-.2.3-.5.3-.7s-.1-.5-.3-.7zM5.8 14.7l6.2 6.3 6.2-6.3c.2-.2.3-.5.3-.7s-.1-.5-.3-.7c-.2-.2-.4-.3-.7-.3h-11c-.3 0-.5.1-.7.3-.2.2-.3.5-.3.7s.1.5.3.7z\"\/><\/svg><\/span><\/span><\/span><\/a><\/span><\/div>\n<nav><ul class='ez-toc-list ez-toc-list-level-1' ><li class='ez-toc-page-1 ez-toc-heading-level-3'><a class=\"ez-toc-link ez-toc-heading-1\" href=\"https:\/\/obd-diag.fr\/en\/product\/logiciel-renolink-v2-09-pour-renault-obd2-cristal-de-lairbag-cle-de-licence-activation-eps-immo-dacia-pk-renolink-v2-06-1-99\/#Renolink_V209_pour_Renault_%E2%80%93_Outil_de_Diagnostic_et_de_Reinitialisation_OBD2\" title=\"Renolink V2.09 pour Renault &#8211; Outil de Diagnostic et de R\u00e9initialisation OBD2\">Renolink V2.09 pour Renault &#8211; Outil de Diagnostic et de R\u00e9initialisation OBD2<\/a><ul class='ez-toc-list-level-4' ><li class='ez-toc-heading-level-4'><a class=\"ez-toc-link ez-toc-heading-2\" href=\"https:\/\/obd-diag.fr\/en\/product\/logiciel-renolink-v2-09-pour-renault-obd2-cristal-de-lairbag-cle-de-licence-activation-eps-immo-dacia-pk-renolink-v2-06-1-99\/#Description_du_Produit\" title=\"Description du Produit :\">Description du Produit :<\/a><\/li><li class='ez-toc-page-1 ez-toc-heading-level-4'><a class=\"ez-toc-link ez-toc-heading-3\" href=\"https:\/\/obd-diag.fr\/en\/product\/logiciel-renolink-v2-09-pour-renault-obd2-cristal-de-lairbag-cle-de-licence-activation-eps-immo-dacia-pk-renolink-v2-06-1-99\/#Caracteristiques_Principales\" title=\"Main Features :\">Main Features :<\/a><\/li><li class='ez-toc-page-1 ez-toc-heading-level-4'><a class=\"ez-toc-link ez-toc-heading-4\" href=\"https:\/\/obd-diag.fr\/en\/product\/logiciel-renolink-v2-09-pour-renault-obd2-cristal-de-lairbag-cle-de-licence-activation-eps-immo-dacia-pk-renolink-v2-06-1-99\/#Remarques_Importantes\" title=\"Remarques Importantes :\">Remarques Importantes :<\/a><\/li><li class='ez-toc-page-1 ez-toc-heading-level-4'><a class=\"ez-toc-link ez-toc-heading-5\" href=\"https:\/\/obd-diag.fr\/en\/product\/logiciel-renolink-v2-09-pour-renault-obd2-cristal-de-lairbag-cle-de-licence-activation-eps-immo-dacia-pk-renolink-v2-06-1-99\/#Fonctions_Specifiques_de_Renolink_V209\" title=\"Fonctions Sp\u00e9cifiques de Renolink V2.09 :\">Fonctions Sp\u00e9cifiques de Renolink V2.09 :<\/a><\/li><li class='ez-toc-page-1 ez-toc-heading-level-4'><a class=\"ez-toc-link ez-toc-heading-6\" href=\"https:\/\/obd-diag.fr\/en\/product\/logiciel-renolink-v2-09-pour-renault-obd2-cristal-de-lairbag-cle-de-licence-activation-eps-immo-dacia-pk-renolink-v2-06-1-99\/#Exemples_de_Fonctionnalites_Additionnelles\" title=\"Exemples de Fonctionnalit\u00e9s Additionnelles :\">Exemples de Fonctionnalit\u00e9s Additionnelles :<\/a><\/li><li class='ez-toc-page-1 ez-toc-heading-level-4'><a class=\"ez-toc-link ez-toc-heading-7\" href=\"https:\/\/obd-diag.fr\/en\/product\/logiciel-renolink-v2-09-pour-renault-obd2-cristal-de-lairbag-cle-de-licence-activation-eps-immo-dacia-pk-renolink-v2-06-1-99\/#Quelques_Exemples_de_Caracteristiques_Supplementaires_Disponibles_dans_le_Logiciel_via_le_Connecteur_OBD2\" title=\"Quelques Exemples de Caract\u00e9ristiques Suppl\u00e9mentaires (Disponibles dans le Logiciel via le Connecteur OBD2) :\">Quelques Exemples de Caract\u00e9ristiques Suppl\u00e9mentaires (Disponibles dans le Logiciel via le Connecteur OBD2) :<\/a><\/li><\/ul><\/li><\/ul><\/nav><\/div>\n<h3><span class=\"ez-toc-section\" id=\"Renolink_V209_pour_Renault_%E2%80%93_Outil_de_Diagnostic_et_de_Reinitialisation_OBD2\"><\/span><strong>Renolink V2.09 pour Renault &#8211; Outil de Diagnostic et de R\u00e9initialisation OBD2<\/strong><span class=\"ez-toc-section-end\"><\/span><\/h3>\n<h4><span class=\"ez-toc-section\" id=\"Description_du_Produit\"><\/span><strong>Description du Produit :<\/strong><span class=\"ez-toc-section-end\"><\/span><\/h4>\n<p><a href=\"https:\/\/obd-diag.fr\/en\/product\/renolink-programmateur-ecu-v1-94-v1-87-cable-de-diagnostic-obd2-interface-pour-renault-dacia-codage-de-cle-airbag-reno-link-1-87\/\">Renolink<\/a> V2.09 est la derni\u00e8re version de 2023 du logiciel innovant pour les v\u00e9hicules Renault, y compris Dacia. Ce logiciel avanc\u00e9 offre des fonctionnalit\u00e9s de diagnostic OBD2, de r\u00e9initialisation d&#8217;airbag, d&#8217;activation de licence et plus encore, le rendant essentiel pour tout atelier automobile.<\/p>\n<h4><span class=\"ez-toc-section\" id=\"Caracteristiques_Principales\"><\/span><strong>Main Features :<\/strong><span class=\"ez-toc-section-end\"><\/span><\/h4>\n<ul>\n<li><strong>Compatibility:<\/strong> Sp\u00e9cialement con\u00e7u pour les mod\u00e8les Renault et Dacia.<\/li>\n<li><strong>Fonctionnalit\u00e9s :<\/strong> R\u00e9initialisation d&#8217;airbag, activation de licence, programmation EPS, et immobilisation.<\/li>\n<li><strong>Versions :<\/strong> Inclut <a href=\"https:\/\/obd-diag.fr\/en\/product\/renolink-programmateur-ecu-v1-94-v1-87-cable-de-diagnostic-obd2-interface-pour-renault-dacia-codage-de-cle-airbag-reno-link-1-87\/\">Renolink<\/a> V2.09, compatible avec les versions pr\u00e9c\u00e9dentes (V2.06, 1.99).<\/li>\n<\/ul>\n<h4><span class=\"ez-toc-section\" id=\"Remarques_Importantes\"><\/span><strong>Remarques Importantes :<\/strong><span class=\"ez-toc-section-end\"><\/span><\/h4>\n<ul>\n<li><strong>Mat\u00e9riel Compatible :<\/strong> Utilisation exclusive avec le mat\u00e9riel d&#8217;origine (OBD-LINK \/ <a href=\"https:\/\/obd-diag.fr\/en\/product\/renolink-programmateur-ecu-v1-94-v1-87-cable-de-diagnostic-obd2-interface-pour-renault-dacia-codage-de-cle-airbag-reno-link-1-87\/\">Renolink<\/a> \/ VGATE).<\/li>\n<li><strong>Compatibilit\u00e9 Informatique :<\/strong> Veuillez v\u00e9rifier la compatibilit\u00e9 du logiciel avec votre ordinateur avant l&#8217;achat.<\/li>\n<li><strong>Achat et Activation :<\/strong> La licence doit \u00eatre activ\u00e9e apr\u00e8s l&#8217;achat, et le support client est disponible pour toute assistance.<\/li>\n<\/ul>\n<h4><span class=\"ez-toc-section\" id=\"Fonctions_Specifiques_de_Renolink_V209\"><\/span><strong>Fonctions Sp\u00e9cifiques de Renolink V2.09 :<\/strong><span class=\"ez-toc-section-end\"><\/span><\/h4>\n<ul>\n<li><strong>Virginisation UCH C1A :<\/strong> Pour Clio 5, Logan 3, Megane 4 ph2.<\/li>\n<li><strong>Lecture Dflash pour HFM Clio4 :<\/strong> Disponible \u00e0 partir de la version V2.03.<\/li>\n<li><strong>Clair Immo dans HFM _ T4 :<\/strong> Pour Duster ph3, Arka-na.<\/li>\n<li><strong>Clear Crash Airbag :<\/strong> Prise en charge de nombreux mod\u00e8les, y compris Dacia Logan3, Renault Clio5.<\/li>\n<li><strong>Lecture\/\u00c9criture EEPROM :<\/strong> Fonctionnalit\u00e9s \u00e9tendues pour divers composants.<\/li>\n<li><strong>Virginisation EPS et ECM :<\/strong> Support \u00e9tendu pour plusieurs mod\u00e8les de v\u00e9hicules.<\/li>\n<li><strong>Programmation de Cl\u00e9s :<\/strong> Pour les nouveaux mod\u00e8les Dacia et Renault.<\/li>\n<\/ul>\n<h4><span class=\"ez-toc-section\" id=\"Exemples_de_Fonctionnalites_Additionnelles\"><\/span><strong>Exemples de Fonctionnalit\u00e9s Additionnelles :<\/strong><span class=\"ez-toc-section-end\"><\/span><\/h4>\n<ul>\n<li><strong>D\u00e9codage Direction Assist\u00e9e :<\/strong> Pour Renault Megane 4 et Clio 5.<\/li>\n<li><strong>Modification KM Dash :<\/strong> Pour Espace 4 et autres mod\u00e8les.<\/li>\n<li><strong>Apprentissage de Cl\u00e9 :<\/strong> Pour divers mod\u00e8les, y compris Duster ph3 et Twingo 3.<\/li>\n<\/ul>\n<h4><span class=\"ez-toc-section\" id=\"Quelques_Exemples_de_Caracteristiques_Supplementaires_Disponibles_dans_le_Logiciel_via_le_Connecteur_OBD2\"><\/span><strong>Quelques Exemples de Caract\u00e9ristiques Suppl\u00e9mentaires (Disponibles dans le Logiciel via le Connecteur OBD2) :<\/strong><span class=\"ez-toc-section-end\"><\/span><\/h4>\n<ul>\n<li><strong>Virginiseur UCH C1A :<\/strong> Pour Clio 5, Logan 3, Megane 4 ph2.<\/li>\n<li><strong>Lecture Dflash pour HFM Clio4 :<\/strong> \u00c0 partir de la version V2.03.<\/li>\n<li><strong>Clear Immo dans HFM _ T4 :<\/strong> Pour Duster ph3, Arka-na.<\/li>\n<li><strong>Clear Crash Airbag :<\/strong> Dans la version V2.02 pour divers mod\u00e8les Renault et Dacia.<\/li>\n<li><strong>Carte Laguna 3 \/ Megane 3 :<\/strong> En mode prot\u00e9g\u00e9.<\/li>\n<li><strong>KM Dash Espace 4 Can :<\/strong> Ainsi que de nombreuses autres modifications de kilom\u00e9trage.<\/li>\n<li><strong>D\u00e9codage Direction Assist\u00e9e (DAE) :<\/strong> Pour Renault Megane 4, Megane 4 ph2 et Clio 5.<\/li>\n<li><strong>Cl\u00e9 d&#8217;Apprentissage UC T4 _ VS :<\/strong> Pour Duster ph3, Twingo 3, Trafic 3 (2017 +).<\/li>\n<li><strong>Activation de Lecture ISK et Pin :<\/strong> Pour Clio 4 et Captur apr\u00e8s 2016 (avec cl\u00e9 de carte valide).<\/li>\n<li><strong>Fonction Synchro avec HFM pour UCH T4 :<\/strong> Utile pour Clio 4 et Captur 1 lors du changement de l&#8217;UCH.<\/li>\n<\/ul>\n<p align=\"start\"><img decoding=\"async\" src=\"https:\/\/ae01.alicdn.com\/kf\/S629c6f3eb6b5491fba6341a2dd3e1e92F.jpg\" alt=\"\" title=\"\"><\/p>\n<div>\n<div>\n<div align=\"start\">\n<div align=\"start\">\n<p>\uff01\uff01\uff01<span id=\"tl_13\">Si votre mat\u00e9riel n&#8217;est pas obdlink et <a href=\"https:\/\/obd-diag.fr\/en\/product\/renolink-programmateur-ecu-v1-94-v1-87-cable-de-diagnostic-obd2-interface-pour-renault-dacia-codage-de-cle-airbag-reno-link-1-87\/\">renolink<\/a> original, il ne pourra pas fonctionner avec le logiciel activ\u00e9. Rien \u00e0 voir avec notre logiciel. Une fois l&#8217;activation termin\u00e9e, la commande sera compl\u00e9t\u00e9e; si vous pouvez accepter cette condition, vous pouvez payer; si vous ne pouvez pas l&#8217;accepter, veuillez laisser<\/span><\/p>\n<\/div>\n<\/div>\n<\/div>\n<\/div>\n<p><img decoding=\"async\" src=\"https:\/\/ae01.alicdn.com\/kf\/S4651948b9c1745cea3792e2a55f929f4a.jpg\" alt=\"\" title=\"\"><\/p>\n<p align=\"start\"><img decoding=\"async\" src=\"https:\/\/ae01.alicdn.com\/kf\/S7b7da438e783417a8c329e2d7dd8121dK.jpg\" alt=\"\" title=\"\"><img decoding=\"async\" src=\"https:\/\/ae01.alicdn.com\/kf\/Saed8ec7b7ca145109b6c143ccfa1af16h.jpg\" alt=\"\" title=\"\"><img decoding=\"async\" src=\"https:\/\/ae01.alicdn.com\/kf\/Se15dea18268443dda78e49cff67be261l.jpg\" alt=\"\" title=\"\"><img decoding=\"async\" src=\"https:\/\/ae01.alicdn.com\/kf\/S916d3e6ad365438da58cf6f04993d16bY.jpg\" alt=\"\" title=\"\"><img decoding=\"async\" src=\"https:\/\/ae01.alicdn.com\/kf\/Sec99222fe13d4e469bbb2ab8037111beQ.jpg\" alt=\"\" title=\"\"><img decoding=\"async\" src=\"https:\/\/ae01.alicdn.com\/kf\/Sfa95f1935f9548dba97e036e5f55b247T.jpg\" alt=\"\" title=\"\"><\/p>\n<\/div>","protected":false},"excerpt":{"rendered":"<p><img decoding=\"async\" class=\"size-medium wp-image-392536 aligncenter\" src=\"https:\/\/obd-diag.fr\/wp-content\/uploads\/2022\/08\/badges-de-confiance-obd-diag.com_-300x83.png\" alt=\"badges-de-confiance-obd-diag.com\" width=\"300\" height=\"83\" data-wp-pid=\"392536\" \/><\/p>\n<p style=\"text-align: center;\"><img decoding=\"async\" class=\"size-full wp-image-392537 aligncenter\" src=\"https:\/\/obd-diag.fr\/wp-content\/uploads\/2022\/08\/visas-icons-paypal.png\" alt=\"visas-icons-paypal\" width=\"200\" height=\"32\" data-wp-pid=\"392537\" \/><\/p>\n<p style=\"text-align: center;\">\ud83d\udcbb Aide et assistance \u00e0 l&#8217;installation incluses via Ultraviewer\ud83d\udc68\ud83c\udffc\u200d\ud83d\udcbb! <strong><del>Au lieu de 39.99\u20ac<\/del><\/strong><\/p>","protected":false},"featured_media":395978,"comment_status":"open","ping_status":"closed","template":"","meta":{"_acf_changed":false},"pwb-brand":[],"product_brand":[],"product_cat":[290,104],"product_tag":[],"class_list":{"0":"post-395707","1":"product","2":"type-product","3":"status-publish","4":"has-post-thumbnail","6":"product_cat-logiciels-obd","7":"product_cat-valises-obd-renault","9":"first","10":"instock","11":"sale","12":"taxable","13":"shipping-taxable","14":"purchasable","15":"product-type-variable"},"acf":[],"brands":[],"_links":{"self":[{"href":"https:\/\/obd-diag.fr\/en\/wp-json\/wp\/v2\/product\/395707","targetHints":{"allow":["GET"]}}],"collection":[{"href":"https:\/\/obd-diag.fr\/en\/wp-json\/wp\/v2\/product"}],"about":[{"href":"https:\/\/obd-diag.fr\/en\/wp-json\/wp\/v2\/types\/product"}],"replies":[{"embeddable":true,"href":"https:\/\/obd-diag.fr\/en\/wp-json\/wp\/v2\/comments?post=395707"}],"wp:featuredmedia":[{"embeddable":true,"href":"https:\/\/obd-diag.fr\/en\/wp-json\/wp\/v2\/media\/395978"}],"wp:attachment":[{"href":"https:\/\/obd-diag.fr\/en\/wp-json\/wp\/v2\/media?parent=395707"}],"wp:term":[{"taxonomy":"pwb-brand","embeddable":true,"href":"https:\/\/obd-diag.fr\/en\/wp-json\/wp\/v2\/pwb-brand?post=395707"},{"taxonomy":"product_brand","embeddable":true,"href":"https:\/\/obd-diag.fr\/en\/wp-json\/wp\/v2\/product_brand?post=395707"},{"taxonomy":"product_cat","embeddable":true,"href":"https:\/\/obd-diag.fr\/en\/wp-json\/wp\/v2\/product_cat?post=395707"},{"taxonomy":"product_tag","embeddable":true,"href":"https:\/\/obd-diag.fr\/en\/wp-json\/wp\/v2\/product_tag?post=395707"}],"curies":[{"name":"wp","href":"https:\/\/api.w.org\/{rel}","templated":true}]}}