{"id":399292,"date":"2024-08-30T06:13:16","date_gmt":"2024-08-30T06:13:16","guid":{"rendered":"https:\/\/obd-diag.fr\/?post_type=product&#038;p=399292"},"modified":"2025-04-07T14:50:04","modified_gmt":"2025-04-07T14:50:04","slug":"cable-e-sys-enet-bmw","status":"publish","type":"product","link":"https:\/\/obd-diag.fr\/en\/product\/cable-e-sys-enet-bmw\/","title":{"rendered":"C\u00e2ble pour l&#8217;interface BMW ENET E-SYS (Ethernet vers OBD)"},"content":{"rendered":"<p style=\"font-weight: 400;\">C\u00e2ble ENET OBD OBDII s\u00e9rie F Codage Ethernet OBD C\u00e2ble ENET RJ45<\/p>\n<p style=\"font-weight: 400;\">C\u00e2ble OBD ENET (OBD vers Ethernet) pour le codage\/Programmation\/Diagnostic Pour utilisation avec les logiciels <a href=\"https:\/\/obd-diag.fr\/en\/product\/ista-dp-4-32-1-telechargement\/\">ISTA<\/a> D\/P, E-Sys.<\/p>\n<p style=\"font-weight: 400;\">Les c\u00e2bles Ethernet prennent en charge toutes les s\u00e9ries F, les nouvelles s\u00e9ries 1, 3, 5 et 5 S\u00e9rie, S\u00e9rie 7, GT, X3, Ligne de programmation cach\u00e9e haut de gamme.<\/p>\n<p style=\"font-weight: 400;\"><b><strong>Compatibilit\u00e9 S\u00e9rie :<\/strong><\/b><\/p>\n<p style=\"font-weight: 400;\">&#8211; 1 s\u00e9rie: F20, F21, F44, F45, F46<\/p>\n<p style=\"font-weight: 400;\">&#8211; 2 s\u00e9ries: F22, F23<\/p>\n<p style=\"font-weight: 400;\">&#8211; 3 s\u00e9ries: F30, F31, F34, F80 (M3)<\/p>\n<p style=\"font-weight: 400;\">&#8211; 4 s\u00e9ries: F32, F33, F35, F36, F82, F83 (M4)<\/p>\n<p style=\"font-weight: 400;\">&#8211; 5 s\u00e9ries: F07, F10, F11, F18<\/p>\n<p style=\"font-weight: 400;\">&#8211; 6 s\u00e9ries: F06, F12, F13<\/p>\n<p style=\"font-weight: 400;\">&#8211; 7s\u00e9ries: F01, F02, F03, F04<\/p>\n<p style=\"font-weight: 400;\">&#8211; Xseries: F15, F16, F25, F26, F48 &#8211; s\u00e9ries: I01 (i3), I12 (i8)<\/p>\n<p style=\"font-weight: 400;\">&#8211; Mini: F55, F56 &#8211; RollsRoyce: RR01, RR02, RR03, RR04, RR05 &#8211; Plus &#8230;<\/p>\n<p style=\"font-weight: 400;\"><b><strong>FONCTIONS DU PRODUIT\u00a0:\u00a0<\/strong><\/b><\/p>\n<p style=\"font-weight: 400;\">Verrouiller la confirmation du son de d\u00e9verrouillage<\/p>\n<p style=\"font-weight: 400;\">Possibilit\u00e9 d\u2019utiliser le menu de navigation, y compris regarder un dvd lors de la conduite (pour la s\u00e9curit\u00e9 de la conduite. Laissez le pilote lat\u00e9ral utiliser le menu de navigation)<\/p>\n<p style=\"font-weight: 400;\">Affichage de la sortie du moteur et du compteur de couple.<\/p>\n<p style=\"font-weight: 400;\">Annulez le retard de d\u00e9marrage de l&#8217;\u00e9cran de confirmation.<\/p>\n<p style=\"font-weight: 400;\">Activation de la fonction de reconnaissance vocale<\/p>\n<p style=\"font-weight: 400;\">Trois types de sonneries de t\u00e9l\u00e9phone personnalisable.<\/p>\n<p style=\"font-weight: 400;\">R\u00e9glage du processus de la mont\u00e9e des vitres.<\/p>\n<p style=\"font-weight: 400;\">Affichage num\u00e9rique de la vitesse.<\/p>\n<p style=\"font-weight: 400;\">M\u00e9moire du r\u00e9glage de la climatisation.<\/p>\n<p style=\"font-weight: 400;\">Boutons de hayon \u00e9lectrique \u00e0 pilier et t\u00e9l\u00e9commande une cl\u00e9 pour fermer le hayon \u00e9lectrique. Terminer l&#8217;op\u00e9ration inverse \u00e0 tout moment (\u00e9teindre 15 minutes pour r\u00e9initialisation)<\/p>\n<p style=\"font-weight: 400;\">R\u00e9glage des changements de vitesse (palette volant)<\/p>\n<p style=\"font-weight: 400;\">Modification du passage petit \u00e9cran au grand \u00e9cran.<\/p>\n<p style=\"font-weight: 400;\">Affichage ldc vertical et horizontal<\/p>\n<p style=\"font-weight: 400;\">D\u00e9sactivation de l&#8217;affichage de l&#8217;\u00e9tat de la ceinture de s\u00e9curit\u00e9-si\u00e8ge passager<\/p>\n<p style=\"font-weight: 400;\">D\u00e9sactivation de l&#8217;affichage de l&#8217;\u00e9tat de la ceinture de s\u00e9curit\u00e9-si\u00e8ge du conducteur<\/p>\n<p style=\"font-weight: 400;\">D\u00e9sactiver la ceinture de s\u00e9curit\u00e9 rappel erreur ! Dispositif-si\u00e8ge passager<\/p>\n<p style=\"font-weight: 400;\">D\u00e9sactivation de la ceinture de s\u00e9curit\u00e9 rappel-position de conduite<\/p>\n<p style=\"font-weight: 400;\">D\u00e9sactivation messages vocaux pour si\u00e8ge passager et conducteur pour personnes handicap\u00e9s<\/p>\n<p style=\"font-weight: 400;\">Contr\u00f4le automatique des feux de route du v\u00e9hicule d&#8217;intersection.<\/p>\n<p style=\"font-weight: 400;\">D\u00e9sactivation de la fonction de d\u00e9marrage-arr\u00eat du moteur activ\u00e9 par d\u00e9faut<\/p>\n<p style=\"font-weight: 400;\">Synchronisations de l&#8217;heure gps<\/p>\n<p style=\"font-weight: 400;\">Ds show s1-s7 s\u00e9lection<\/p>\n<p style=\"font-weight: 400;\">Programmes de bo\u00eete de vitesses sport actif +<\/p>\n<p style=\"font-weight: 400;\">R\u00e9glages du microphone<\/p>\n<p style=\"font-weight: 400;\">D\u00e9blocage automatique de la fonction \u00ab moteur \u00e9t\u00e9int \u00bb<\/p>\n<p style=\"font-weight: 400;\">Applications Internet<\/p>\n<p style=\"font-weight: 400;\">R\u00e9glage accoudoir USB lecture vid\u00e9o<\/p>\n<p style=\"font-weight: 400;\">R\u00e9glage distance maximale de la vue pour cam\u00e9ra avant et arri\u00e8re.<\/p>\n<p style=\"font-weight: 400;\">R\u00e9glage de la vitesse maximale pour d\u00e9sactiver la vue de la cam\u00e9ra arri\u00e8re.<\/p>\n<p style=\"font-weight: 400;\">Et pleins d\u2019autres fonctions possibles\u2026<\/p>\n<div id=\"ez-toc-container\" class=\"ez-toc-v2_0_73 counter-hierarchy ez-toc-counter ez-toc-grey ez-toc-container-direction\">\n<div class=\"ez-toc-title-container\">\n<p class=\"ez-toc-title\" style=\"cursor:inherit\">Summary<\/p>\n<span class=\"ez-toc-title-toggle\"><a href=\"#\" class=\"ez-toc-pull-right ez-toc-btn ez-toc-btn-xs ez-toc-btn-default ez-toc-toggle\" aria-label=\"Toggle Table of Contents\"><span class=\"ez-toc-js-icon-con\"><span class=\"\"><span class=\"eztoc-hide\" style=\"display:none;\">Toggle<\/span><span class=\"ez-toc-icon-toggle-span\"><svg style=\"fill: #999;color:#999\" xmlns=\"http:\/\/www.w3.org\/2000\/svg\" class=\"list-377408\" width=\"20px\" height=\"20px\" viewbox=\"0 0 24 24\" fill=\"none\"><path d=\"M6 6H4v2h2V6zm14 0H8v2h12V6zM4 11h2v2H4v-2zm16 0H8v2h12v-2zM4 16h2v2H4v-2zm16 0H8v2h12v-2z\" fill=\"currentColor\"><\/path><\/svg><svg style=\"fill: #999;color:#999\" class=\"arrow-unsorted-368013\" xmlns=\"http:\/\/www.w3.org\/2000\/svg\" width=\"10px\" height=\"10px\" viewbox=\"0 0 24 24\" version=\"1.2\" baseprofile=\"tiny\"><path d=\"M18.2 9.3l-6.2-6.3-6.2 6.3c-.2.2-.3.4-.3.7s.1.5.3.7c.2.2.4.3.7.3h11c.3 0 .5-.1.7-.3.2-.2.3-.5.3-.7s-.1-.5-.3-.7zM5.8 14.7l6.2 6.3 6.2-6.3c.2-.2.3-.5.3-.7s-.1-.5-.3-.7c-.2-.2-.4-.3-.7-.3h-11c-.3 0-.5.1-.7.3-.2.2-.3.5-.3.7s.1.5.3.7z\"\/><\/svg><\/span><\/span><\/span><\/a><\/span><\/div>\n<nav><ul class='ez-toc-list ez-toc-list-level-1' ><li class='ez-toc-page-1 ez-toc-heading-level-1'><a class=\"ez-toc-link ez-toc-heading-1\" href=\"https:\/\/obd-diag.fr\/en\/product\/cable-e-sys-enet-bmw\/#Cable_E-SYS_ENET_BMW\" title=\"C\u00e2ble E-SYS ENET BMW\">C\u00e2ble E-SYS ENET BMW<\/a><ul class='ez-toc-list-level-2' ><li class='ez-toc-heading-level-2'><a class=\"ez-toc-link ez-toc-heading-2\" href=\"https:\/\/obd-diag.fr\/en\/product\/cable-e-sys-enet-bmw\/#Quest-ce_quun_cable_ENET_pour_BMW\" title=\"Qu&#8217;est-ce qu&#8217;un c\u00e2ble ENET pour BMW ?\">Qu&#8217;est-ce qu&#8217;un c\u00e2ble ENET pour BMW ?<\/a><\/li><li class='ez-toc-page-1 ez-toc-heading-level-2'><a class=\"ez-toc-link ez-toc-heading-3\" href=\"https:\/\/obd-diag.fr\/en\/product\/cable-e-sys-enet-bmw\/#Fonctionnalites_principales_et_applications\" title=\"Fonctionnalit\u00e9s principales et applications\">Fonctionnalit\u00e9s principales et applications<\/a><\/li><li class='ez-toc-page-1 ez-toc-heading-level-2'><a class=\"ez-toc-link ez-toc-heading-4\" href=\"https:\/\/obd-diag.fr\/en\/product\/cable-e-sys-enet-bmw\/#Compatibilite_avec_les_modeles_BMW\" title=\"Compatibilit\u00e9 avec les mod\u00e8les BMW\">Compatibilit\u00e9 avec les mod\u00e8les BMW<\/a><\/li><li class='ez-toc-page-1 ez-toc-heading-level-2'><a class=\"ez-toc-link ez-toc-heading-5\" href=\"https:\/\/obd-diag.fr\/en\/product\/cable-e-sys-enet-bmw\/#Comment_utiliser_efficacement_un_cable_ENET\" title=\"Comment utiliser efficacement un c\u00e2ble ENET ?\">Comment utiliser efficacement un c\u00e2ble ENET ?<\/a><\/li><li class='ez-toc-page-1 ez-toc-heading-level-2'><a class=\"ez-toc-link ez-toc-heading-6\" href=\"https:\/\/obd-diag.fr\/en\/product\/cable-e-sys-enet-bmw\/#Avantages_de_lutilisation_dun_cable_ENET\" title=\"Avantages de l&#8217;utilisation d&#8217;un c\u00e2ble ENET\">Avantages de l&#8217;utilisation d&#8217;un c\u00e2ble ENET<\/a><\/li><li class='ez-toc-page-1 ez-toc-heading-level-2'><a class=\"ez-toc-link ez-toc-heading-7\" href=\"https:\/\/obd-diag.fr\/en\/product\/cable-e-sys-enet-bmw\/#Considerations_techniques_et_precautions\" title=\"Consid\u00e9rations techniques et pr\u00e9cautions\">Consid\u00e9rations techniques et pr\u00e9cautions<\/a><\/li><li class='ez-toc-page-1 ez-toc-heading-level-2'><a class=\"ez-toc-link ez-toc-heading-8\" href=\"https:\/\/obd-diag.fr\/en\/product\/cable-e-sys-enet-bmw\/#Ou_se_procurer_un_cable_E-SYS_ENET_de_qualite\" title=\"O\u00f9 se procurer un c\u00e2ble E-SYS ENET de qualit\u00e9 ?\">O\u00f9 se procurer un c\u00e2ble E-SYS ENET de qualit\u00e9 ?<\/a><\/li><li class='ez-toc-page-1 ez-toc-heading-level-2'><a class=\"ez-toc-link ez-toc-heading-9\" href=\"https:\/\/obd-diag.fr\/en\/product\/cable-e-sys-enet-bmw\/#Tableau_comparatif_des_specifications\" title=\"Tableau comparatif des sp\u00e9cifications\">Tableau comparatif des sp\u00e9cifications<\/a><\/li><li class='ez-toc-page-1 ez-toc-heading-level-2'><a class=\"ez-toc-link ez-toc-heading-10\" href=\"https:\/\/obd-diag.fr\/en\/product\/cable-e-sys-enet-bmw\/#Conclusion\" title=\"Conclusion\">Conclusion<\/a><\/li><\/ul><\/li><\/ul><\/nav><\/div>\n<h1><span class=\"ez-toc-section\" id=\"Cable_E-SYS_ENET_BMW\"><\/span>C\u00e2ble E-SYS ENET BMW<span class=\"ez-toc-section-end\"><\/span><\/h1>\n<p>D\u00e9couvrez comment ce <strong>c\u00e2ble r\u00e9volutionnaire<\/strong> permet de <u>personnaliser<\/u> and of <u>diagnostiquer<\/u> les voitures BMW. Explorez ses applications, ses avantages et comment l&#8217;utiliser efficacement.<\/p>\n<h2><span class=\"ez-toc-section\" id=\"Quest-ce_quun_cable_ENET_pour_BMW\"><\/span>Qu&#8217;est-ce qu&#8217;un c\u00e2ble ENET pour BMW ?<span class=\"ez-toc-section-end\"><\/span><\/h2>\n<p>THE <strong>c\u00e2ble ENET<\/strong> est un outil de connexion entre votre v\u00e9hicule BMW et un ordinateur, permettant des op\u00e9rations de diagnostic, de codage et de <u>programming<\/u>. Il est \u00e9quip\u00e9 d&#8217;un connecteur OBD2 standard et d&#8217;une prise RJ45 Ethernet. Sa principale fonction est de permettre la communication avec les modules \u00e9lectroniques (ECUs) des BMW modernes, notamment pour <u>modifier les param\u00e8tres<\/u> ou effectuer des r\u00e9parations \u00e9lectroniques.<\/p>\n<h2><span class=\"ez-toc-section\" id=\"Fonctionnalites_principales_et_applications\"><\/span>Fonctionnalit\u00e9s principales et applications<span class=\"ez-toc-section-end\"><\/span><\/h2>\n<ul>\n<li><strong>Lecture et effacement<\/strong> des codes d&#8217;erreur.<\/li>\n<li><u>Activation<\/u> de fonctionnalit\u00e9s cach\u00e9es (p. ex. : fermeture automatique des fen\u00eatres via t\u00e9l\u00e9commande).<\/li>\n<li>Personnalisation des param\u00e8tres de confort, comme l&#8217;intensit\u00e9 des phares DRL.<\/li>\n<li>Programmation et <u>codage des modules<\/u> pour am\u00e9liorer les performances.<\/li>\n<li>Enregistrement de nouvelles batteries et synchronisation EWS.<\/li>\n<li>Tests de sortie et adaptations pour divers syst\u00e8mes.<\/li>\n<\/ul>\n<h2><span class=\"ez-toc-section\" id=\"Compatibilite_avec_les_modeles_BMW\"><\/span>Compatibilit\u00e9 avec les mod\u00e8les BMW<span class=\"ez-toc-section-end\"><\/span><\/h2>\n<p>Le c\u00e2ble ENET est compatible avec les v\u00e9hicules des s\u00e9ries <strong>F<\/strong>, <strong>G<\/strong> And <strong>I<\/strong>, couvrant les mod\u00e8les produits \u00e0 partir de 2010 pour la s\u00e9rie F et de 2016 pour la s\u00e9rie G. Voici un aper\u00e7u des mod\u00e8les :<\/p>\n<ul>\n<li>S\u00e9rie 1 : F20\/F21, F40<\/li>\n<li>S\u00e9rie 3 : F30\/F31, G20\/G21<\/li>\n<li>SUV (X3, X5, etc.) : F25, G01, G05<\/li>\n<li>BMW i3 et i8<\/li>\n<\/ul>\n<p>Le c\u00e2ble fonctionne \u00e9galement avec divers logiciels, notamment <strong>E-SYS<\/strong>, <a href=\"https:\/\/obd-diag.fr\/en\/product\/ista-dp-4-32-1-telechargement\/\">ISTA<\/a>, And <a href=\"https:\/\/obd-diag.fr\/en\/product\/bmw-inpa-v-5-0-6-telechargement\/\">INPA<\/a>, offrant une grande flexibilit\u00e9 pour r\u00e9pondre aux besoins sp\u00e9cifiques des utilisateurs.<\/p>\n<h2><span class=\"ez-toc-section\" id=\"Comment_utiliser_efficacement_un_cable_ENET\"><\/span>Comment utiliser efficacement un c\u00e2ble ENET ?<span class=\"ez-toc-section-end\"><\/span><\/h2>\n<p>Pour utiliser un c\u00e2ble ENET avec E-SYS, suivez ces \u00e9tapes :<\/p>\n<ol>\n<li><u>Installez les logiciels n\u00e9cessaires<\/u> : T\u00e9l\u00e9chargez et installez E-SYS et les fichiers PSDzData.<\/li>\n<li><u>Configurez votre ordinateur<\/u> : Acc\u00e9dez aux param\u00e8tres r\u00e9seau et configurez une adresse IP statique (ex. : 169.254.1.1).<\/li>\n<li>Connectez le c\u00e2ble au port <a href=\"https:\/\/obd-diag.fr\/en\/product\/elm327-lecteur-de-code-obd2-wifi-v1-5-scanner-dianotique-automatique-pour-android-pc-ios-tous-les-protocoles-elm-327-1-5-2-1-bt-4-0\/\">OBD2 de<\/a> la voiture et \u00e0 votre ordinateur.<\/li>\n<li>Lancez le logiciel et suivez les instructions pour diagnostiquer ou coder les modules.<\/li>\n<\/ol>\n<h2><span class=\"ez-toc-section\" id=\"Avantages_de_lutilisation_dun_cable_ENET\"><\/span>Avantages de l&#8217;utilisation d&#8217;un c\u00e2ble ENET<span class=\"ez-toc-section-end\"><\/span><\/h2>\n<p>Voici les principaux <strong>b\u00e9n\u00e9fices<\/strong> :<\/p>\n<ul>\n<li><u>Personnalisation<\/u> facile des fonctionnalit\u00e9s du v\u00e9hicule.<\/li>\n<li>Am\u00e9lioration des diagnostics gr\u00e2ce \u00e0 des outils avanc\u00e9s.<\/li>\n<li>C\u00e2ble accessible aussi bien aux amateurs qu\u2019aux professionnels.<\/li>\n<\/ul>\n<h2><span class=\"ez-toc-section\" id=\"Considerations_techniques_et_precautions\"><\/span>Consid\u00e9rations techniques et pr\u00e9cautions<span class=\"ez-toc-section-end\"><\/span><\/h2>\n<p>Avant utilisation, assurez-vous de :<\/p>\n<ul>\n<li>Disposer des versions correctes de logiciels comme E-SYS ou <a href=\"https:\/\/obd-diag.fr\/en\/product\/ista-dp-4-32-1-telechargement\/\">ISTA<\/a>.<\/li>\n<li>Suivre un guide d\u2019utilisation ou une formation pour \u00e9viter les erreurs de codage.<\/li>\n<li>Effectuer une sauvegarde des param\u00e8tres d\u2019origine du v\u00e9hicule.<\/li>\n<\/ul>\n<h2><span class=\"ez-toc-section\" id=\"Ou_se_procurer_un_cable_E-SYS_ENET_de_qualite\"><\/span>O\u00f9 se procurer un c\u00e2ble E-SYS ENET de qualit\u00e9 ?<span class=\"ez-toc-section-end\"><\/span><\/h2>\n<p>Pour acheter un c\u00e2ble fiable, privil\u00e9giez des vendeurs sp\u00e9cialis\u00e9s comme <a href=\"https:\/\/obd-diag.fr\/en\/product\/cable-e-sys-enet-bmw\/\" target=\"_blank\" rel=\"noopener\">C\u00e2ble E-SYS ENET BMW<\/a>. Veillez \u00e0 v\u00e9rifier les points suivants :<\/p>\n<ul>\n<li>Qualit\u00e9 de fabrication (c\u00e2ble blind\u00e9 et connecteurs robustes).<\/li>\n<li>Compatibilit\u00e9 av\u00e9r\u00e9e avec votre mod\u00e8le BMW et les logiciels utilis\u00e9s.<\/li>\n<li>R\u00e9trocompatibilit\u00e9 avec les anciennes g\u00e9n\u00e9rations de v\u00e9hicules.<\/li>\n<\/ul>\n<h2><span class=\"ez-toc-section\" id=\"Tableau_comparatif_des_specifications\"><\/span>Tableau comparatif des sp\u00e9cifications<span class=\"ez-toc-section-end\"><\/span><\/h2>\n<table border=\"1\">\n<tbody>\n<tr>\n<th>Crit\u00e8re<\/th>\n<th>Features<\/th>\n<\/tr>\n<tr>\n<td>Longueur<\/td>\n<td>2 m\u00e8tres<\/td>\n<\/tr>\n<tr>\n<td>Connecteurs<\/td>\n<td>OBD2 et RJ45 Ethernet<\/td>\n<\/tr>\n<tr>\n<td>Compatibility<\/td>\n<td>F-series, G-series, I-series<\/td>\n<\/tr>\n<tr>\n<td>Couleur<\/td>\n<td>Jaune \/ Noir<\/td>\n<\/tr>\n<\/tbody>\n<\/table>\n<h2><span class=\"ez-toc-section\" id=\"Conclusion\"><\/span>Conclusion<span class=\"ez-toc-section-end\"><\/span><\/h2>\n<p>THE <strong>c\u00e2ble E-SYS ENET<\/strong> repr\u00e9sente un outil indispensable pour tous les propri\u00e9taires de BMW souhaitant <u>optimiser<\/u> les performances et personnaliser leur v\u00e9hicule. Gr\u00e2ce \u00e0 sa compatibilit\u00e9 \u00e9tendue et ses multiples fonctionnalit\u00e9s, il s\u2019adresse autant aux amateurs qu\u2019aux professionnels. Investissez dans ce c\u00e2ble pour tirer le meilleur parti de votre BMW.<\/p>","protected":false},"excerpt":{"rendered":"<p><img decoding=\"async\" class=\"size-medium wp-image-392536 aligncenter\" src=\"https:\/\/obd-diag.fr\/wp-content\/uploads\/2022\/08\/badges-de-confiance-obd-diag.com_-300x83.png\" alt=\"badges-de-confiance-obd-diag.com\" width=\"300\" height=\"83\" data-wp-pid=\"392536\" \/><\/p>\n<p style=\"text-align: center;\"><img decoding=\"async\" class=\"size-full wp-image-392537 aligncenter\" src=\"https:\/\/obd-diag.fr\/wp-content\/uploads\/2022\/08\/visas-icons-paypal.png\" alt=\"visas-icons-paypal\" width=\"200\" height=\"32\" data-wp-pid=\"392537\" \/><\/p>\n<p style=\"text-align: center;\">\ud83d\udcbb Aide et assistance \u00e0 l&#8217;installation incluses via Ultraviewer\ud83d\udc68\ud83c\udffc\u200d\ud83d\udcbb! <strong><del>Au lieu de 39.99\u20ac<\/del><\/strong><\/p>\n<details class=\"product-summary-details\">\n<summary><strong>C\u00e2ble ENET &#8211; Interface Ethernet vers OBD2 pour BMW<\/strong><\/summary>\n<p>THE <strong>C\u00e2ble ENET<\/strong> permet de r\u00e9aliser des diagnostics, du codage et de la programmation pour les v\u00e9hicules BMW et MINI, principalement des s\u00e9ries F et G. Cet outil est indispensable pour acc\u00e9der aux fonctionnalit\u00e9s avanc\u00e9es de votre BMW via des logiciels de codage tels que E-SYS et ISTA.<\/p>\n<h3>Caract\u00e9ristiques principales :<\/h3>\n<ul>\n<li><strong>Compatibility:<\/strong> Compatible avec les s\u00e9ries F, G, et I de BMW, y compris les s\u00e9ries 1, 3, 5, 7, X3, et plus. Non compatible avec les s\u00e9ries E (utilisez plut\u00f4t un c\u00e2ble K+DCAN pour ces mod\u00e8les).<\/li>\n<li><strong>Logiciels support\u00e9s :<\/strong> Fonctionne avec E-SYS pour le codage et ISTA\/D et ISTA\/P pour les diagnostics et la programmation avanc\u00e9e.<\/li>\n<li><strong>Programmation personnalis\u00e9e :<\/strong> Activez des fonctionnalit\u00e9s cach\u00e9es comme la mont\u00e9e automatique des vitres, la d\u00e9sactivation du start\/stop, ou encore l&#8217;affichage num\u00e9rique de la vitesse.<\/li>\n<li><strong>Mat\u00e9riaux de qualit\u00e9 :<\/strong> Le c\u00e2ble est fabriqu\u00e9 avec des composants de haute qualit\u00e9, assurant une transmission de signal optimale et durable.<\/li>\n<\/ul>\n<h3>Package contents:<\/h3>\n<ul>\n<li>1x C\u00e2ble ENET (Ethernet vers OBD2)<\/li>\n<li>Guide d&#8217;installation disponible en ligne<\/li>\n<\/ul>\n<h3>Compatibility:<\/h3>\n<p>Compatible avec BMW F-Series, G-Series, et I-Series (voir la liste compl\u00e8te des mod\u00e8les compatibles ci-dessous).<\/p>\n<p><strong>Prix :<\/strong> <del>35\u20ac<\/del> <strong>15,99\u20ac<\/strong><\/p>\n<\/details>\n<p><strong>C\u00e2ble ENET (syst\u00e8me de programmation pour v\u00e9hicule BMW)<\/strong><\/p>\n<p>Compatible \u00e0 partir de la s\u00e9rie F (s\u00e9rie 1, 3 ,5 , 7, GT, X3)<\/p>\n<p>Compatible avec les logiciels E-SYS et ISTA D\/P<\/p>\n<p>Non compatible s\u00e9rie E<\/p>\n<p>Logiciel\u00a0<strong>E-SYS<\/strong>\u00a0compris en cadeau (lien t\u00e9l\u00e9chargement)<\/p>\n<p><strong>Attention l&#8217;installation \u00e0 distance est en option.<\/strong><\/p>\n<p><strong>Veuillez nous contacter pour les tarifs d&#8217;installation Ista ou Inpa.<\/strong><\/p>","protected":false},"featured_media":399293,"comment_status":"open","ping_status":"closed","template":"","meta":{"_acf_changed":false},"pwb-brand":[],"product_brand":[],"product_cat":[108],"product_tag":[],"class_list":{"0":"post-399292","1":"product","2":"type-product","3":"status-publish","4":"has-post-thumbnail","6":"product_cat-valises-bmw","8":"first","9":"instock","10":"sale","11":"taxable","12":"shipping-taxable","13":"purchasable","14":"product-type-simple"},"acf":[],"brands":[],"_links":{"self":[{"href":"https:\/\/obd-diag.fr\/en\/wp-json\/wp\/v2\/product\/399292","targetHints":{"allow":["GET"]}}],"collection":[{"href":"https:\/\/obd-diag.fr\/en\/wp-json\/wp\/v2\/product"}],"about":[{"href":"https:\/\/obd-diag.fr\/en\/wp-json\/wp\/v2\/types\/product"}],"replies":[{"embeddable":true,"href":"https:\/\/obd-diag.fr\/en\/wp-json\/wp\/v2\/comments?post=399292"}],"wp:featuredmedia":[{"embeddable":true,"href":"https:\/\/obd-diag.fr\/en\/wp-json\/wp\/v2\/media\/399293"}],"wp:attachment":[{"href":"https:\/\/obd-diag.fr\/en\/wp-json\/wp\/v2\/media?parent=399292"}],"wp:term":[{"taxonomy":"pwb-brand","embeddable":true,"href":"https:\/\/obd-diag.fr\/en\/wp-json\/wp\/v2\/pwb-brand?post=399292"},{"taxonomy":"product_brand","embeddable":true,"href":"https:\/\/obd-diag.fr\/en\/wp-json\/wp\/v2\/product_brand?post=399292"},{"taxonomy":"product_cat","embeddable":true,"href":"https:\/\/obd-diag.fr\/en\/wp-json\/wp\/v2\/product_cat?post=399292"},{"taxonomy":"product_tag","embeddable":true,"href":"https:\/\/obd-diag.fr\/en\/wp-json\/wp\/v2\/product_tag?post=399292"}],"curies":[{"name":"wp","href":"https:\/\/api.w.org\/{rel}","templated":true}]}}