{"id":399296,"date":"2024-08-30T06:29:03","date_gmt":"2024-08-30T06:29:03","guid":{"rendered":"https:\/\/obd-diag.fr\/?post_type=product&#038;p=399296"},"modified":"2025-02-20T17:40:44","modified_gmt":"2025-02-20T17:40:44","slug":"bmw-icom-next-a-actia-nouveau","status":"publish","type":"product","link":"https:\/\/obd-diag.fr\/en\/product\/bmw-icom-next-a-actia-nouveau\/","title":{"rendered":"BMW ICOM NEXT A \/ ACTIA (Nouveau)"},"content":{"rendered":"<p>BMW ICOM NEXT A est\u00a0<strong>l&#8217;outil de diagnostic de derni\u00e8re g\u00e9n\u00e9ration<\/strong>\u00a0con\u00e7ue pour fonctionner avec les\u00a0<strong>BMW\/MINI\/Rolls-Royce<\/strong>\u00a0\u00e0 l&#8217;aide d&#8217;une connexion OBDII celui-ci fonctionne avec le logiciel <a href=\"https:\/\/obd-diag.fr\/en\/product\/ista-dp-4-32-1-telechargement\/\">ISTA\/D<\/a> And <a href=\"https:\/\/obd-diag.fr\/en\/product\/ista-dp-4-32-1-telechargement\/\">ISTA\/P<\/a>.<\/p>\n<p>Il est compatible avec ISPI Next et BMW OSS (Online Service System).<\/p>\n<p>Cet appareil se connectera \u00e0 votre ordinateur, ISSS ou ISID avec le connecteur r\u00e9seau inclus ou via WIFI.<\/p>\n<p>Pour les v\u00e9hicules qui utilisent le connecteur MOST, une unit\u00e9 ICOM Next B sera n\u00e9cessaire, et ICOM Next C est utilis\u00e9 pour les v\u00e9hicules avec le connecteur 20 broches.<\/p>\n<p><strong>Aper\u00e7u de l&#8217;outil de diagnostic ICOM NEXT A<\/strong><\/p>\n<ul>\n<li>Fonctionnellement compatible avec ICOM A2<\/li>\n<li>Conception m\u00e9canique similaire ICOM A2 R\u00e9tro compatible avec les adaptateurs moto (ICOM D, E)<\/li>\n<li>BMW ICOM NEXT \u00e0 des fonctionnalit\u00e9s et des performances am\u00e9lior\u00e9es gr\u00e2ce \u00e0 la LAN d&#8217;atelier Gbit, r\u00e9trocompatible<\/li>\n<li>Pr\u00e9paration pour Gbit LAN sur v\u00e9hicule OBD<\/li>\n<li>L&#8217;adaptation mat\u00e9rielle d&#8217;ICOM Next sera n\u00e9cessaire pour la future interface de voiture Gbit, entra\u00eenera des co\u00fbts d&#8217;adaptation.<\/li>\n<li>Temps de d\u00e9marrage plus rapide et d\u00e9bit \u00e9lev\u00e9 Gr\u00e2ce \u00e0 un SoC ARM hautes performances et basse consommation Manipulation am\u00e9lior\u00e9e : c\u00e2ble OBD plus flexible, etc.<\/li>\n<li>Le chef des travaux ICOM NEXT a combin\u00e9 LAN et Wi-Fi avec le logiciel original <a href=\"https:\/\/obd-diag.fr\/en\/product\/ista-dp-4-32-1-telechargement\/\">ISTA<\/a> P\/D OSS disponible en ligne. BMW ICOM NEXT A, contrairement aux anciens-mod\u00e8les d&#8217;interfaces, a pris en charge 2020, Gigabit Ethernet (s\u00e9rie Gxx), WIFI.<\/li>\n<\/ul>\n<p><strong>Multi-langue\u00a0<\/strong>: Fran\u00e7ais, Anglais, N\u00e9erlandais, Allemand, Italien, Japonais, Cor\u00e9en, Polonais, Portugais, Russe, Espagnol, Su\u00e9dois, Tha\u00ef, Turc, Tch\u00e8que, Indon\u00e9sien, Grec, Chinois traditionnel, Chinois simplifi\u00e9<\/p>\n<p><strong>Le pack contient :\u00a0<\/strong><\/p>\n<p>1 c\u00e2ble USB<\/p>\n<p>1 interface ACTIA ref. AR10008059<\/p>\n<p>1 c\u00e2ble r\u00e9seau jaune<\/p>\n<p>1 c\u00e2ble OBD qui se branche entre la voiture et l&#8217;interface.<\/p>","protected":false},"excerpt":{"rendered":"<p><img decoding=\"async\" class=\"size-medium wp-image-392536 aligncenter\" src=\"https:\/\/obd-diag.fr\/wp-content\/uploads\/2022\/08\/badges-de-confiance-obd-diag.com_-300x83.png\" alt=\"badges-de-confiance-obd-diag.com\" width=\"300\" height=\"83\" data-wp-pid=\"392536\" \/><\/p>\n<p style=\"text-align: center;\"><img decoding=\"async\" class=\"size-full wp-image-392537 aligncenter\" src=\"https:\/\/obd-diag.fr\/wp-content\/uploads\/2022\/08\/visas-icons-paypal.png\" alt=\"visas-icons-paypal\" width=\"200\" height=\"32\" data-wp-pid=\"392537\" \/><\/p>\n<p style=\"text-align: center;\">\ud83d\udcbb Aide et assistance \u00e0 l&#8217;installation incluses via Ultraviewer\ud83d\udc68\ud83c\udffc\u200d\ud83d\udcbb! <strong><del>Au lieu de 39.99\u20ac<\/del><\/strong><\/p>\n<p>Cette NOUVELLE interface de diagnostic ICOM est con\u00e7ue pour fonctionner avec les\u00a0<strong>BMW\/MINI\/Rolls-Royce<\/strong>\u00a0\u00e0 l&#8217;aide d&#8217;une connexion OBDII et fonctionne avec le logiciel ISTA\/D et ISTA\/P.<\/p>\n<p>Vous le recevez avec une disque dur SSD qui contient tout les logiciels, une fois re\u00e7u il ne vous reste plus qu&#8217;a int\u00e9grer le disque dur \u00e0 votre pc pour \u00eatre pr\u00eat \u00e0 utiliser l&#8217;outil<\/p>","protected":false},"featured_media":399297,"comment_status":"open","ping_status":"closed","template":"","meta":{"_acf_changed":false},"pwb-brand":[],"product_brand":[],"product_cat":[108],"product_tag":[],"class_list":{"0":"post-399296","1":"product","2":"type-product","3":"status-publish","4":"has-post-thumbnail","6":"product_cat-valises-bmw","8":"first","9":"instock","10":"sale","11":"taxable","12":"shipping-taxable","13":"purchasable","14":"product-type-simple"},"acf":[],"brands":[],"_links":{"self":[{"href":"https:\/\/obd-diag.fr\/en\/wp-json\/wp\/v2\/product\/399296","targetHints":{"allow":["GET"]}}],"collection":[{"href":"https:\/\/obd-diag.fr\/en\/wp-json\/wp\/v2\/product"}],"about":[{"href":"https:\/\/obd-diag.fr\/en\/wp-json\/wp\/v2\/types\/product"}],"replies":[{"embeddable":true,"href":"https:\/\/obd-diag.fr\/en\/wp-json\/wp\/v2\/comments?post=399296"}],"wp:featuredmedia":[{"embeddable":true,"href":"https:\/\/obd-diag.fr\/en\/wp-json\/wp\/v2\/media\/399297"}],"wp:attachment":[{"href":"https:\/\/obd-diag.fr\/en\/wp-json\/wp\/v2\/media?parent=399296"}],"wp:term":[{"taxonomy":"pwb-brand","embeddable":true,"href":"https:\/\/obd-diag.fr\/en\/wp-json\/wp\/v2\/pwb-brand?post=399296"},{"taxonomy":"product_brand","embeddable":true,"href":"https:\/\/obd-diag.fr\/en\/wp-json\/wp\/v2\/product_brand?post=399296"},{"taxonomy":"product_cat","embeddable":true,"href":"https:\/\/obd-diag.fr\/en\/wp-json\/wp\/v2\/product_cat?post=399296"},{"taxonomy":"product_tag","embeddable":true,"href":"https:\/\/obd-diag.fr\/en\/wp-json\/wp\/v2\/product_tag?post=399296"}],"curies":[{"name":"wp","href":"https:\/\/api.w.org\/{rel}","templated":true}]}}