{"id":399323,"date":"2024-08-30T09:11:22","date_gmt":"2024-08-30T09:11:22","guid":{"rendered":"https:\/\/obd-diag.fr\/?post_type=product&#038;p=399323"},"modified":"2025-04-07T14:38:01","modified_gmt":"2025-04-07T14:38:01","slug":"renault-com-bluetooth","status":"publish","type":"product","link":"https:\/\/obd-diag.fr\/en\/product\/renault-com-bluetooth\/","title":{"rendered":"RENAULT-COM Diag ODB Bluetooth pour v\u00e9hicules Renault"},"content":{"rendered":"<p style=\"font-weight: 400;\"><b><strong>Caract\u00e9ristiques et fonctions du RENAULT-COM\u00a0:<\/strong><\/b><\/p>\n<p style=\"font-weight: 400;\"><b><strong>Interface Bluetooth enti\u00e8rement multiplex\u00e9e<\/strong><\/b><b><strong>\u00a0<\/strong><\/b><\/p>\n<p style=\"font-weight: 400;\"><b><strong>Reconnaissance automatique <a href=\"https:\/\/obd-diag.fr\/en\/product\/renolink-programmateur-ecu-v1-94-v1-87-cable-de-diagnostic-obd2-interface-pour-renault-dacia-codage-de-cle-airbag-reno-link-1-87\/\">ECU<\/a><\/strong><\/b><b><strong>\u00a0<\/strong><\/b><\/p>\n<p style=\"font-weight: 400;\"><b><strong>Scan du v\u00e9hicule<\/strong><\/b><b><strong>\u00a0<\/strong><\/b><\/p>\n<p style=\"font-weight: 400;\"><b><strong>Identification <a href=\"https:\/\/obd-diag.fr\/en\/product\/renolink-programmateur-ecu-v1-94-v1-87-cable-de-diagnostic-obd2-interface-pour-renault-dacia-codage-de-cle-airbag-reno-link-1-87\/\">ECU<\/a> : trouve tous <a href=\"https:\/\/obd-diag.fr\/en\/product\/meilleur-programmateur-pcmmaster-v1-20-ecu-prenant-en-charge-67-modeles-pour-mg1-md1-edc16-edc17c60-outil-de-diagramme-de-correction-de-somme-de-controle\/\">les ECU<\/a> disponibles dans la voiture en appuyant sur le bouton unique.<\/strong><\/b><b><strong>\u00a0<\/strong><\/b><\/p>\n<p style=\"font-weight: 400;\"><b><strong>Bluetooth-connectivit\u00e9 sans fil \u00e0 votre ordinateur portable ou tablette Windows<\/strong><\/b><b><strong>\u00a0<\/strong><\/b><\/p>\n<p style=\"font-weight: 400;\"><b><strong>Lecture du code d&#8217;erreur (DTC)<\/strong><\/b><b><strong>\u00a0<\/strong><\/b><\/p>\n<p style=\"font-weight: 400;\"><b><strong>Effacement du code d&#8217;erreur, avec la possibilit\u00e9 de stocker l&#8217;historique du v\u00e9hicule DTC pour toujours<\/strong><\/b><b><strong>\u00a0<\/strong><\/b><\/p>\n<p style=\"font-weight: 400;\"><b><strong>Enregistrement de donn\u00e9es en direct, enti\u00e8rement dynamique avec graphisme de jusqu&#8217;\u00e0 6 flux de donn\u00e9es \u00e0 la fois, enregistrement et autres manipulations<\/strong><\/b><b><strong>\u00a0<\/strong><\/b><\/p>\n<p style=\"font-weight: 400;\"><b><strong>Protocole de Diagnostic d&#8217;impression<\/strong><\/b><b><strong>\u00a0<\/strong><\/b><\/p>\n<p style=\"font-weight: 400;\"><b><strong>Tests d&#8217;actionneur, composants de test via un acc\u00e8s direct \u00e0 l&#8217;ecu<\/strong><\/b><b><strong>\u00a0<\/strong><\/b><\/p>\n<p style=\"font-weight: 400;\"><b><strong>Fonctions sp\u00e9ciales-effectuer une programmation\/codage comme :<\/strong><\/b><b><strong>\u00a0<\/strong><\/b><\/p>\n<p style=\"font-weight: 400;\"><b><strong>&#8211; Programmation de cl\u00e9s<\/strong><\/b><b><strong>\u00a0<\/strong><\/b><\/p>\n<p style=\"font-weight: 400;\"><b><strong>&#8211; R\u00e9initialisation du Service entretien<\/strong><\/b><b><strong>\u00a0<\/strong><\/b><\/p>\n<p style=\"font-weight: 400;\"><b><strong>&#8211; R\u00e9g\u00e9n\u00e9ration DPF (filtre \u00e0 particules Diesel)<\/strong><\/b><b><strong>\u00a0<\/strong><\/b><\/p>\n<p style=\"font-weight: 400;\"><b><strong>&#8211; EGR (Recirculation des gaz d&#8217;\u00e9chappement) auto-test<\/strong><\/b><b><strong>\u00a0<\/strong><\/b><\/p>\n<p style=\"font-weight: 400;\"><b><strong>&#8211; Programmation d&#8217;airbag<\/strong><\/b><b><strong>\u00a0<\/strong><\/b><\/p>\n<p style=\"font-weight: 400;\"><b><strong>&#8211; Programmation d&#8217;injecteur<\/strong><\/b><b><strong>\u00a0<\/strong><\/b><\/p>\n<p style=\"font-weight: 400;\"><b><strong>&#8211; Direction Assist\u00e9e d&#8217;\u00e9talonnage<\/strong><\/b><b><strong>\u00a0<\/strong><\/b><\/p>\n<p style=\"font-weight: 400;\"><b><strong>&#8211; Etc..<\/strong><\/b><\/p>\n<p style=\"font-weight: 400;\"><b><strong>Garantie 1 an\u00a0<\/strong><\/b><\/p>\n<div id=\"ez-toc-container\" class=\"ez-toc-v2_0_73 counter-hierarchy ez-toc-counter ez-toc-grey ez-toc-container-direction\">\n<div class=\"ez-toc-title-container\">\n<p class=\"ez-toc-title\" style=\"cursor:inherit\">Summary<\/p>\n<span class=\"ez-toc-title-toggle\"><a href=\"#\" class=\"ez-toc-pull-right ez-toc-btn ez-toc-btn-xs ez-toc-btn-default ez-toc-toggle\" aria-label=\"Toggle Table of Contents\"><span class=\"ez-toc-js-icon-con\"><span class=\"\"><span class=\"eztoc-hide\" style=\"display:none;\">Toggle<\/span><span class=\"ez-toc-icon-toggle-span\"><svg style=\"fill: #999;color:#999\" xmlns=\"http:\/\/www.w3.org\/2000\/svg\" class=\"list-377408\" width=\"20px\" height=\"20px\" viewbox=\"0 0 24 24\" fill=\"none\"><path d=\"M6 6H4v2h2V6zm14 0H8v2h12V6zM4 11h2v2H4v-2zm16 0H8v2h12v-2zM4 16h2v2H4v-2zm16 0H8v2h12v-2z\" fill=\"currentColor\"><\/path><\/svg><svg style=\"fill: #999;color:#999\" class=\"arrow-unsorted-368013\" xmlns=\"http:\/\/www.w3.org\/2000\/svg\" width=\"10px\" height=\"10px\" viewbox=\"0 0 24 24\" version=\"1.2\" baseprofile=\"tiny\"><path d=\"M18.2 9.3l-6.2-6.3-6.2 6.3c-.2.2-.3.4-.3.7s.1.5.3.7c.2.2.4.3.7.3h11c.3 0 .5-.1.7-.3.2-.2.3-.5.3-.7s-.1-.5-.3-.7zM5.8 14.7l6.2 6.3 6.2-6.3c.2-.2.3-.5.3-.7s-.1-.5-.3-.7c-.2-.2-.4-.3-.7-.3h-11c-.3 0-.5.1-.7.3-.2.2-.3.5-.3.7s.1.5.3.7z\"\/><\/svg><\/span><\/span><\/span><\/a><\/span><\/div>\n<nav><ul class='ez-toc-list ez-toc-list-level-1' ><li class='ez-toc-page-1 ez-toc-heading-level-1'><a class=\"ez-toc-link ez-toc-heading-1\" href=\"https:\/\/obd-diag.fr\/en\/product\/renault-com-bluetooth\/#Renault-COM_Bluetooth_Tout_ce_quil_faut_savoir\" title=\"Renault-COM Bluetooth : Tout ce qu&#8217;il faut savoir\">Renault-COM Bluetooth : Tout ce qu&#8217;il faut savoir<\/a><ul class='ez-toc-list-level-2' ><li class='ez-toc-heading-level-2'><a class=\"ez-toc-link ez-toc-heading-2\" href=\"https:\/\/obd-diag.fr\/en\/product\/renault-com-bluetooth\/#Quest-ce_que_le_Renault-COM_Bluetooth\" title=\"Qu&#8217;est-ce que le Renault-COM Bluetooth ?\">Qu&#8217;est-ce que le Renault-COM Bluetooth ?<\/a><\/li><li class='ez-toc-page-1 ez-toc-heading-level-2'><a class=\"ez-toc-link ez-toc-heading-3\" href=\"https:\/\/obd-diag.fr\/en\/product\/renault-com-bluetooth\/#Les_fonctionnalites_principales_de_cet_outil_de_diagnostic\" title=\"Les fonctionnalit\u00e9s principales de cet outil de diagnostic\">Les fonctionnalit\u00e9s principales de cet outil de diagnostic<\/a><\/li><li class='ez-toc-page-1 ez-toc-heading-level-2'><a class=\"ez-toc-link ez-toc-heading-4\" href=\"https:\/\/obd-diag.fr\/en\/product\/renault-com-bluetooth\/#Avantages_de_lutilisation_du_Renault-COM_Bluetooth\" title=\"Avantages de l&#8217;utilisation du Renault-COM Bluetooth\">Avantages de l&#8217;utilisation du Renault-COM Bluetooth<\/a><\/li><li class='ez-toc-page-1 ez-toc-heading-level-2'><a class=\"ez-toc-link ez-toc-heading-5\" href=\"https:\/\/obd-diag.fr\/en\/product\/renault-com-bluetooth\/#Comment_configurer_et_utiliser_le_Renault-COM_Bluetooth\" title=\"Comment configurer et utiliser le Renault-COM Bluetooth\">Comment configurer et utiliser le Renault-COM Bluetooth<\/a><\/li><li class='ez-toc-page-1 ez-toc-heading-level-2'><a class=\"ez-toc-link ez-toc-heading-6\" href=\"https:\/\/obd-diag.fr\/en\/product\/renault-com-bluetooth\/#Comparaison_avec_dautres_solutions_de_diagnostic_pour_Renault\" title=\"Comparaison avec d&#8217;autres solutions de diagnostic pour Renault\">Comparaison avec d&#8217;autres solutions de diagnostic pour Renault<\/a><\/li><li class='ez-toc-page-1 ez-toc-heading-level-2'><a class=\"ez-toc-link ez-toc-heading-7\" href=\"https:\/\/obd-diag.fr\/en\/product\/renault-com-bluetooth\/#Cas_pratiques_Resolution_de_problemes_courants\" title=\"Cas pratiques : R\u00e9solution de probl\u00e8mes courants\">Cas pratiques : R\u00e9solution de probl\u00e8mes courants<\/a><\/li><li class='ez-toc-page-1 ez-toc-heading-level-2'><a class=\"ez-toc-link ez-toc-heading-8\" href=\"https:\/\/obd-diag.fr\/en\/product\/renault-com-bluetooth\/#Ou_acheter_le_Renault-COM_Bluetooth_et_a_quoi_sattendre\" title=\"O\u00f9 acheter le Renault-COM Bluetooth et \u00e0 quoi s\u2019attendre ?\">O\u00f9 acheter le Renault-COM Bluetooth et \u00e0 quoi s\u2019attendre ?<\/a><\/li><li class='ez-toc-page-1 ez-toc-heading-level-2'><a class=\"ez-toc-link ez-toc-heading-9\" href=\"https:\/\/obd-diag.fr\/en\/product\/renault-com-bluetooth\/#Foire_aux_questions_sur_le_Renault-COM_Bluetooth\" title=\"Foire aux questions sur le Renault-COM Bluetooth\">Foire aux questions sur le Renault-COM Bluetooth<\/a><\/li><li class='ez-toc-page-1 ez-toc-heading-level-2'><a class=\"ez-toc-link ez-toc-heading-10\" href=\"https:\/\/obd-diag.fr\/en\/product\/renault-com-bluetooth\/#Conclusion\" title=\"Conclusion\">Conclusion<\/a><\/li><\/ul><\/li><\/ul><\/nav><\/div>\n<h1><span class=\"ez-toc-section\" id=\"Renault-COM_Bluetooth_Tout_ce_quil_faut_savoir\"><\/span>Renault-COM Bluetooth : Tout ce qu&#8217;il faut savoir<span class=\"ez-toc-section-end\"><\/span><\/h1>\n<p>Dans cet article, nous explorerons en profondeur le <strong>Renault-COM Bluetooth<\/strong>, un outil de diagnostic r\u00e9volutionnaire con\u00e7u pour les v\u00e9hicules Renault. Polyvalent, rapide et connect\u00e9, il s&#8217;agit de l&#8217;outil id\u00e9al pour analyser et r\u00e9soudre les probl\u00e8mes de votre v\u00e9hicule. D\u00e9couvrez ses <u>fonctionnalit\u00e9s<\/u>, ses avantages, son fonctionnement et bien plus encore.<\/p>\n<h2><span class=\"ez-toc-section\" id=\"Quest-ce_que_le_Renault-COM_Bluetooth\"><\/span>Qu&#8217;est-ce que le Renault-COM Bluetooth ?<span class=\"ez-toc-section-end\"><\/span><\/h2>\n<p>THE <strong>Renault-COM Bluetooth<\/strong> is a <u>outil de diagnostic professionnel<\/u>, con\u00e7u pour acc\u00e9der aux unit\u00e9s de contr\u00f4le \u00e9lectronique (<a href=\"https:\/\/obd-diag.fr\/en\/product\/renolink-programmateur-ecu-v1-94-v1-87-cable-de-diagnostic-obd2-interface-pour-renault-dacia-codage-de-cle-airbag-reno-link-1-87\/\">ECU<\/a>) des v\u00e9hicules Renault. Compatible avec les mod\u00e8les de 1995 \u00e0 2015, il offre une connectivit\u00e9 sans fil Bluetooth pour une utilisation avec des ordinateurs ou tablettes Windows (XP \u00e0 Windows 11). Il se distingue par une interface multiplex\u00e9e qui facilite la reconnaissance automatique des <a href=\"https:\/\/obd-diag.fr\/en\/product\/renolink-programmateur-ecu-v1-94-v1-87-cable-de-diagnostic-obd2-interface-pour-renault-dacia-codage-de-cle-airbag-reno-link-1-87\/\">ECU<\/a> et garantit une grande fiabilit\u00e9 dans les diagnostics.<\/p>\n<ul>\n<li>Compatibilit\u00e9 avec les syst\u00e8mes d&#8217;exploitation Windows XP, 7, 8, 10 et 11.<\/li>\n<li>Connectivit\u00e9 Bluetooth pour une utilisation sans fil.<\/li>\n<li>Prise en charge multilingue, notamment en fran\u00e7ais.<\/li>\n<\/ul>\n<p>Le Renault-COM se positionne comme une alternative performante et plus simple \u00e0 utiliser que l&#8217;\u00e9quipement original <u><a href=\"https:\/\/obd-diag.fr\/en\/product\/can-clip-v216-v212-v211-v207-pour-renault-obd2-diagnostic-canclip-v205-reprog-v191-extracteur-de-broches-v2-derniere-mise-a-jour-2029\/\">Renault CAN Clip<\/a><\/u>.<\/p>\n<h2><span class=\"ez-toc-section\" id=\"Les_fonctionnalites_principales_de_cet_outil_de_diagnostic\"><\/span>Les fonctionnalit\u00e9s principales de cet outil de diagnostic<span class=\"ez-toc-section-end\"><\/span><\/h2>\n<p>Le Renault-COM Bluetooth offre un \u00e9ventail complet de fonctionnalit\u00e9s pour effectuer des diagnostics et des programmations de niveau concessionnaire :<\/p>\n<ul>\n<li><strong>Lecture et suppression des codes d&#8217;erreur (DTC)<\/strong> avec historique des d\u00e9fauts conserv\u00e9s.<\/li>\n<li><u>Tests d&#8217;actionneurs<\/u> permettant de v\u00e9rifier directement les composants via l&#8217;acc\u00e8s <a href=\"https:\/\/obd-diag.fr\/en\/product\/renolink-programmateur-ecu-v1-94-v1-87-cable-de-diagnostic-obd2-interface-pour-renault-dacia-codage-de-cle-airbag-reno-link-1-87\/\">ECU<\/a>.<\/li>\n<li>Programmation d&#8217;injecteurs, de cl\u00e9s ou de l&#8217;airbag.<\/li>\n<li>R\u00e9initialisation des services, du filtre \u00e0 particules (DPF) ou des gaz d&#8217;\u00e9chappement (EGR).<\/li>\n<li>Enregistrement et affichage des donn\u00e9es en direct avec graphiques (jusqu&#8217;\u00e0 6 flux en simultan\u00e9).<\/li>\n<\/ul>\n<p>S&#8217;ajoutent des fonctions avanc\u00e9es comme le calibrage de la direction assist\u00e9e et l&#8217;identification automatique de tous <a href=\"https:\/\/obd-diag.fr\/en\/product\/meilleur-programmateur-pcmmaster-v1-20-ecu-prenant-en-charge-67-modeles-pour-mg1-md1-edc16-edc17c60-outil-de-diagramme-de-correction-de-somme-de-controle\/\">les ECU<\/a> pr\u00e9sents dans le v\u00e9hicule.<\/p>\n<h2><span class=\"ez-toc-section\" id=\"Avantages_de_lutilisation_du_Renault-COM_Bluetooth\"><\/span>Avantages de l&#8217;utilisation du Renault-COM Bluetooth<span class=\"ez-toc-section-end\"><\/span><\/h2>\n<p>Utiliser le Renault-COM Bluetooth offre de nombreux avantages :<\/p>\n<ul>\n<li><strong>Convivialit\u00e9 et simplicit\u00e9<\/strong> gr\u00e2ce \u00e0 la connectivit\u00e9 Bluetooth et une interface intuitive.<\/li>\n<li><u>Rapidit\u00e9<\/u> dans l&#8217;identification et le diagnostic des probl\u00e8mes.<\/li>\n<li>Alternative \u00e9conomique par rapport \u00e0 des outils de diagnostic plus complexes comme le CAN Clip.<\/li>\n<li>Compatibilit\u00e9 multilingue assurant une utilisation simplifi\u00e9e pour divers utilisateurs.<\/li>\n<li>Portable et pratique avec un format compact et des mises \u00e0 jour r\u00e9guli\u00e8res du logiciel inclus.<\/li>\n<\/ul>\n<h2><span class=\"ez-toc-section\" id=\"Comment_configurer_et_utiliser_le_Renault-COM_Bluetooth\"><\/span>Comment configurer et utiliser le Renault-COM Bluetooth<span class=\"ez-toc-section-end\"><\/span><\/h2>\n<p>Voici les \u00e9tapes pour configurer et utiliser efficacement le Renault-COM Bluetooth :<\/p>\n<ol>\n<li>Connectez le module \u00e0 l&#8217;OBD2 du v\u00e9hicule avec le contact allum\u00e9.<\/li>\n<li>Activez le Bluetooth de votre ordinateur ou tablette Windows.<\/li>\n<li>Appairez l&#8217;outil avec le code de s\u00e9curit\u00e9 par d\u00e9faut (<strong>1234<\/strong>).<\/li>\n<li>Installez le logiciel <u>SuperScan<\/u> fourni et d\u00e9sactivez les r\u00e9seaux Wi-Fi pour un fonctionnement optimal.<\/li>\n<li>Lancez un scan complet des <a href=\"https:\/\/obd-diag.fr\/en\/product\/renolink-programmateur-ecu-v1-94-v1-87-cable-de-diagnostic-obd2-interface-pour-renault-dacia-codage-de-cle-airbag-reno-link-1-87\/\">ECU<\/a> pour d\u00e9tecter les modules disponibles.<\/li>\n<\/ol>\n<p>Pour r\u00e9soudre les \u00e9ventuelles difficult\u00e9s, comme des erreurs de reconnaissance, v\u00e9rifiez les param\u00e8tres Bluetooth ou installez une version mise \u00e0 jour de .NET Framework.<\/p>\n<h2><span class=\"ez-toc-section\" id=\"Comparaison_avec_dautres_solutions_de_diagnostic_pour_Renault\"><\/span>Comparaison avec d&#8217;autres solutions de diagnostic pour Renault<span class=\"ez-toc-section-end\"><\/span><\/h2>\n<table border=\"1\">\n<tr>\n<th>Features<\/th>\n<th>Renault-COM Bluetooth<\/th>\n<th><a href=\"https:\/\/obd-diag.fr\/en\/product\/can-clip-v216-v212-v211-v207-pour-renault-obd2-diagnostic-canclip-v205-reprog-v191-extracteur-de-broches-v2-derniere-mise-a-jour-2029\/\">Renault CAN Clip<\/a><\/th>\n<\/tr>\n<tr>\n<td>Price<\/td>\n<td>Environ 80 \u20ac<\/td>\n<td>Plus de 500 \u20ac<\/td>\n<\/tr>\n<tr>\n<td>Connectivity<\/td>\n<td>Bluetooth<\/td>\n<td>C\u00e2ble USB requis<\/td>\n<\/tr>\n<tr>\n<td>Ease of use<\/td>\n<td>Intuitive<\/td>\n<td>Complexe, n\u00e9cessite une formation<\/td>\n<\/tr>\n<tr>\n<td>Compatibility<\/td>\n<td>1995 \u00e0 2015<\/td>\n<td>1996 \u00e0 actuelle<\/td>\n<\/tr>\n<\/table>\n<p>Le Renault-COM s&#8217;av\u00e8re ainsi plus abordable et accessible, tout en r\u00e9pondant aux attentes de diagnostics fr\u00e9quents.<\/p>\n<h2><span class=\"ez-toc-section\" id=\"Cas_pratiques_Resolution_de_problemes_courants\"><\/span>Cas pratiques : R\u00e9solution de probl\u00e8mes courants<span class=\"ez-toc-section-end\"><\/span><\/h2>\n<p>Voici des exemples o\u00f9 le Renault-COM Bluetooth apporte des solutions imm\u00e9diates :<\/p>\n<ul>\n<li>Effacement d&#8217;un t\u00e9moin moteur apr\u00e8s remplacement d&#8217;une pi\u00e8ce.<\/li>\n<li>R\u00e9initialisation du service de vidange pour \u00e9viter des alertes inutiles.<\/li>\n<li>Programmation d&#8217;injecteurs apr\u00e8s une r\u00e9paration moteur.<\/li>\n<li>Diagnostic et suppression des erreurs relatives \u00e0 l&#8217;airbag\/SRS apr\u00e8s un incident mineur.<\/li>\n<\/ul>\n<h2><span class=\"ez-toc-section\" id=\"Ou_acheter_le_Renault-COM_Bluetooth_et_a_quoi_sattendre\"><\/span>O\u00f9 acheter le Renault-COM Bluetooth et \u00e0 quoi s\u2019attendre ?<span class=\"ez-toc-section-end\"><\/span><\/h2>\n<p>Vous pouvez acheter le Renault-COM Bluetooth aupr\u00e8s de revendeurs sp\u00e9cialis\u00e9s ou sur des plateformes en ligne r\u00e9put\u00e9es comme <a href=\"https:\/\/obd-diag.fr\/en\/home\/\">OBD-Diag<\/a> et autres sites certifi\u00e9s. Le prix moyen est d&#8217;environ 80 \u20ac. Pour garantir l&#8217;authenticit\u00e9, privil\u00e9giez les d\u00e9tails comme le num\u00e9ro de s\u00e9rie et \u00e9vitez les offres excessivement bon march\u00e9.<\/p>\n<p>Pour en savoir plus ou commander directement, consultez ce lien : <a href=\"https:\/\/obd-diag.fr\/en\/product\/renault-com-bluetooth\/\" target=\"_blank\">RENAULT-COM BLUETOOTH<\/a>.<\/p>\n<h2><span class=\"ez-toc-section\" id=\"Foire_aux_questions_sur_le_Renault-COM_Bluetooth\"><\/span>Foire aux questions sur le Renault-COM Bluetooth<span class=\"ez-toc-section-end\"><\/span><\/h2>\n<p><strong>Q:<\/strong> Quels mod\u00e8les Renault sont compatibles ?<\/p>\n<p><strong>R :<\/strong> Tous les mod\u00e8les Renault entre 1995 et 2015.<\/p>\n<p><strong>Q:<\/strong> Le Renault-COM fonctionne-t-il sous Mac OS ?<\/p>\n<p><strong>R :<\/strong> Oui, mais uniquement via des logiciels d&#8217;\u00e9mulation comme Wine.<\/p>\n<p><strong>Q:<\/strong> Le logiciel est-il mis \u00e0 jour r\u00e9guli\u00e8rement ?<\/p>\n<p><strong>R :<\/strong> Oui, avec des mises \u00e0 jour gratuites pour am\u00e9liorer les fonctionnalit\u00e9s et la compatibilit\u00e9.<\/p>\n<h2><span class=\"ez-toc-section\" id=\"Conclusion\"><\/span>Conclusion<span class=\"ez-toc-section-end\"><\/span><\/h2>\n<p>Le Renault-COM Bluetooth est un outil incontournable pour tout propri\u00e9taire ou professionnel souhaitant effectuer des diagnostics rapides et pr\u00e9cis sur les v\u00e9hicules Renault. Il combine <u>efficacit\u00e9<\/u>, convivialit\u00e9 et \u00e9conomie, en surpassant de nombreuses alternatives plus co\u00fbteuses. Gr\u00e2ce \u00e0 sa simplicit\u00e9 et ses fonctions avanc\u00e9es, il offre une solution compl\u00e8te pour maintenir votre voiture en parfait \u00e9tat.<\/p>","protected":false},"excerpt":{"rendered":"<p><img decoding=\"async\" class=\"size-medium wp-image-392536 aligncenter\" src=\"https:\/\/obd-diag.fr\/wp-content\/uploads\/2022\/08\/badges-de-confiance-obd-diag.com_-300x83.png\" alt=\"badges-de-confiance-obd-diag.com\" width=\"300\" height=\"83\" data-wp-pid=\"392536\" \/><\/p>\n<p style=\"text-align: center;\"><img decoding=\"async\" class=\"size-full wp-image-392537 aligncenter\" src=\"https:\/\/obd-diag.fr\/wp-content\/uploads\/2022\/08\/visas-icons-paypal.png\" alt=\"visas-icons-paypal\" width=\"200\" height=\"32\" data-wp-pid=\"392537\" \/><\/p>\n<p style=\"text-align: center;\">\ud83d\udcbb Aide et assistance \u00e0 l&#8217;installation incluses via Ultraviewer\ud83d\udc68\ud83c\udffc\u200d\ud83d\udcbb! <strong><del>Au lieu de 39.99\u20ac<\/del><\/strong><\/p>\n<p><strong>Valise diagnostic (g\u00e9n\u00e9rique) pour v\u00e9hicule de la marque Renault<\/strong><\/p>\n<p><strong>Compatibilit\u00e9 v\u00e9hicule : 1995 jusqu&#8217;\u00e0 2015<\/strong><\/p>\n<p>Connexion bluetooth<\/p>\n<p>Compatible with Windows XP\/7\/8\/10\/11<\/p>\n<p>Multilingues dont le Fran\u00e7ais<\/p>","protected":false},"featured_media":399324,"comment_status":"open","ping_status":"closed","template":"","meta":{"_acf_changed":false},"pwb-brand":[],"product_brand":[],"product_cat":[104],"product_tag":[],"class_list":{"0":"post-399323","1":"product","2":"type-product","3":"status-publish","4":"has-post-thumbnail","6":"product_cat-valises-obd-renault","8":"first","9":"instock","10":"sale","11":"taxable","12":"shipping-taxable","13":"purchasable","14":"product-type-simple"},"acf":[],"brands":[],"_links":{"self":[{"href":"https:\/\/obd-diag.fr\/en\/wp-json\/wp\/v2\/product\/399323","targetHints":{"allow":["GET"]}}],"collection":[{"href":"https:\/\/obd-diag.fr\/en\/wp-json\/wp\/v2\/product"}],"about":[{"href":"https:\/\/obd-diag.fr\/en\/wp-json\/wp\/v2\/types\/product"}],"replies":[{"embeddable":true,"href":"https:\/\/obd-diag.fr\/en\/wp-json\/wp\/v2\/comments?post=399323"}],"wp:featuredmedia":[{"embeddable":true,"href":"https:\/\/obd-diag.fr\/en\/wp-json\/wp\/v2\/media\/399324"}],"wp:attachment":[{"href":"https:\/\/obd-diag.fr\/en\/wp-json\/wp\/v2\/media?parent=399323"}],"wp:term":[{"taxonomy":"pwb-brand","embeddable":true,"href":"https:\/\/obd-diag.fr\/en\/wp-json\/wp\/v2\/pwb-brand?post=399323"},{"taxonomy":"product_brand","embeddable":true,"href":"https:\/\/obd-diag.fr\/en\/wp-json\/wp\/v2\/product_brand?post=399323"},{"taxonomy":"product_cat","embeddable":true,"href":"https:\/\/obd-diag.fr\/en\/wp-json\/wp\/v2\/product_cat?post=399323"},{"taxonomy":"product_tag","embeddable":true,"href":"https:\/\/obd-diag.fr\/en\/wp-json\/wp\/v2\/product_tag?post=399323"}],"curies":[{"name":"wp","href":"https:\/\/api.w.org\/{rel}","templated":true}]}}